{"id":9783,"date":"2018-09-12T21:15:28","date_gmt":"2018-09-12T19:15:28","guid":{"rendered":"http:\/\/www.lassebacklund.fi\/?page_id=9783"},"modified":"2019-03-20T17:22:44","modified_gmt":"2019-03-20T15:22:44","slug":"forteckning-over-nagra-soldater-som-bodde-i-dagsmark-under-tiden-1629-1816","status":"publish","type":"page","link":"https:\/\/www.lassebacklund.fi\/?page_id=9783","title":{"rendered":"Soldater fr\u00e5n Dagsmark under tiden 1629-1816."},"content":{"rendered":"<p><span style=\"color: #000080;\">Denna f\u00f6rteckning har gjorts av Eva Gr\u00f6nlund \u00e5r 2018. Eva bor i Vasa men \u00e4r f\u00f6dd och uppvuxen p\u00e5 Sunnantillv\u00e4gen i Dagsmark.<\/span><\/p>\n<h5><strong>F\u00f6rteckning \u00f6ver n\u00e5gra soldater som bodde i Dagsmark under tiden 1629-1816.<\/strong><\/h5>\n<p>Sedan \u00e5r 1620 finns roteringsl\u00e4ngder, d\u00e4r m\u00e4n \u00f6ver 15 \u00e5r skulle vara antecknade. Var tionde skrevs ut till krigstj\u00e4nst.<\/p>\n<p><strong>Roteringsl\u00e4ngd \u00e5r 1629, \u00d6sterbottens regemente, Dagsmark<\/strong><\/p>\n<p>-Henrik Tomasson 36 \u00e5r, f\u00f6dd 1593 (senare Storkull)<\/p>\n<p>-Tomas J\u00f6nsson 50 \u00e5r f\u00f6dd 1579, bonde, fader(senare Storkull)<\/p>\n<p>-Olaf J\u00f6nsson 70 \u00e5r f\u00f6dd 1559, bror till Tomas J\u00f6nsson (senare Storkull)<\/p>\n<p>-Markus Tomasson 20 \u00e5r, f\u00f6dd 1609, son till Tomas J\u00f6nsson<\/p>\n<p>&#8211;<span style=\"text-decoration: underline;\">Hindrik Tomasson 25 \u00e5r, f\u00f6dd 1604, son till Tomas J\u00f6nsson<\/span><\/p>\n<p>-Olaf M\u00e5ngsson 45 \u00e5r, f\u00f6dd 1584 (senare Klemets)<\/p>\n<p>-Henrik Persson 55 \u00e5r f\u00f6dd 1574 (senare L\u00e5ng)<\/p>\n<p>Hindrik Tomasson som var f\u00f6dd 1604 kan vara just den som togs ut till soldat, eftersom hans namn \u00e4r understreckat i roteringsl\u00e4ngden. Han blev sedan bonde p\u00e5 1 mantal skattehemman p\u00e5 Korck. Hans hustru hette Margareta och hon fortsatte att driva hemmanet n\u00e5gra \u00e5r efter 1650 d\u00e5 Henrik hade d\u00f6tt.<\/p>\n<p>Den som togs ut till knekt skulle helst vara 18-30 \u00e5r. De \u00e4ldres uppgift var att utrusta soldaten med kl\u00e4der och l\u00f6n d\u00e5 han var ute i krig.<\/p>\n<p>\u00c5r 1688 inf\u00f6rdes den karolinska enhetsuniformen i \u00d6sterbottens regemente.<\/p>\n<div class=\"mceTemp\">\n<figure id=\"attachment_9788\" aria-describedby=\"caption-attachment-9788\" style=\"width: 226px\" class=\"wp-caption aligncenter\"><img loading=\"lazy\" decoding=\"async\" class=\" wp-image-9788\" src=\"http:\/\/www.lassebacklund.fi\/wp-content\/uploads\/2018\/09\/1-1.jpg\" alt=\"Infanteriets enhetsuniforms modell enligt 1687 \u00e5rs reglemente.\" width=\"226\" height=\"462\" srcset=\"https:\/\/www.lassebacklund.fi\/wp-content\/uploads\/2018\/09\/1-1.jpg 154w, https:\/\/www.lassebacklund.fi\/wp-content\/uploads\/2018\/09\/1-1-147x300.jpg 147w\" sizes=\"auto, (max-width: 226px) 100vw, 226px\" \/><figcaption id=\"caption-attachment-9788\" class=\"wp-caption-text\">Infanteriets enhetsuniforms modell enligt 1687 \u00e5rs reglemente.<\/figcaption><\/figure>\n<p>Vill du se flera uniformer, klicka d\u00e5<span style=\"text-decoration: underline;\"> <strong><a href=\"http:\/\/www.hhogman.se\/uniformer_armen_16.htm\">H\u00c4R!<\/a><\/strong><\/span><\/p>\n<p>Fr\u00e5n 1682 uppmanades varje landskap att st\u00e4lla minst ett infanteriregemente till kungens f\u00f6rfogande. Det skulle best\u00e5 av 1200 man f\u00f6rdelade p\u00e5 8 kompanier om vardera 150 man. Hemmanen indelades i \u201drotar\u201d som bestod av 3-5 hemman. Fr\u00e5n varje rote skulle det rekryteras en soldat. En soldat skulle ha ett eget familjenamn och detta fick han genast d\u00e5 han hade blivit antagen som ordinarie soldat.<\/p>\n<p>\u00d6sterbotten blev av kungen befriat fr\u00e5n knekth\u00e5llningen och skulle i st\u00e4llet frivilligt v\u00e4rva soldater och p\u00e5 s\u00e5 s\u00e4tt fylla kvoten med soldater till \u00d6sterbottens regemente.<\/p>\n<p>Allm\u00e4n v\u00e4rnplikt tr\u00e4dde i Finland i kraft enligt v\u00e4rnpliktslagen \u00e5r 1878. Vill du l\u00e4sa mera om v\u00e4rnplikten och den finska milit\u00e4ren under den ryska tiden, skall du klicka <a href=\"http:\/\/www.lassebacklund.fi\/?page_id=4677\"><span style=\"text-decoration: underline;\"><span style=\"color: #000080;\"><strong>H\u00c4R!<\/strong><\/span><\/span><\/a><\/p>\n<p>&nbsp;<\/p>\n<h3>Soldater med anknytning till Dagsmark.<\/h3>\n<p><b>Nr 1.<\/b> <b>Matts Henriksson Ekstr\u00f6m <\/b>f\u00f6dd B\u00e5sk, korpral<strong>,<\/strong> f\u00f6ddes \u00e5r 1692 i Dagsmark. Hans far var Henrik Henriksson B\u00e5sk som var bonde i Dagsmark \u00e5r 1723 och \u00e4nnu 1740. Modern hette Valborg J\u00f6ransdotter f. 1679, d. 1758. Matts blev i unga \u00e5r borttagen av ryssen och vistades en tid i Ryssland. Senare tj\u00e4nstgjorde han i Viborgska infanteriregementet i 6\u00bd \u00e5r. Han \u00e5terv\u00e4nde till Dagsmark och gifte sig med Sara Jakobsdotter. De fick ett barn, dottern Maria och familjen levde p\u00e5 B\u00e5sk hemman och senare p\u00e5 byns mark. Matts levde ett l\u00e5ngt liv. Han blev 93 \u00e5r och begravdes 6.3.1785. Dottern Maria var ogift och hade inga barn. Vill du l\u00e4sa mera om denne Matts Henriksson Ekstr\u00f6m, s\u00e5 skall du klicka <a href=\"http:\/\/www.lassebacklund.fi\/?page_id=7234\"><span style=\"text-decoration: underline;\"><span style=\"color: #000080;\"><strong>H\u00c4R!<\/strong><\/span><\/span><\/a><\/p>\n<p>Nr 2. <strong>Jakob Hindersson Mejer, <\/strong>soldat, f\u00f6dd i \u00d6sterbotten 1725<strong>, <\/strong>var rotesoldat i Dagsmark 1749.<\/p>\n<p>Nr 3. <strong>Erik Mejer, <\/strong>soldat och vice korpral f\u00f6dd i \u00d6sterbotten 1735 h\u00f6rde till \u00d6sterberg och N\u00e4rpes kompani. Han antogs som soldat i december 1755. Erik var i Pommern (1757-1762) och fick avsked med pension till underh\u00e5ll 1789 efter att ha tj\u00e4nat 33 \u00e5r. Han var gift med Brita Simonsdotter Storkull som var f\u00f6dd 1737 i Dagsmark. Paret hade 9 barn. Familjen bodde en tid i B\u00f6tom och sedan p\u00e5 Klemets hemman i Dagsmark. Erik dog 1811 och hustrun Brita dog 1821 i B\u00f6tom.<\/p>\n<p>Nr 4. <strong>Petter M\u00e5rtensson Wira <\/strong>f\u00f6dd \u00e5r 1725. Det \u00e4r oklart var han var f\u00f6dd. Han blev inskriven som andre trumslagare i N\u00e4rpes kompani 28.8.1742. Wira deltog i slag under Lilla ofreden 1741-43 och i Pommerska kriget 1757-62. Han blev d\u00f6md f\u00f6r snatteri &#8221;uti sitt quarter i Trippsiestadt&#8221; till 6 par sp\u00f6 av garnisonskrigsr\u00e4tten i Stralsund 23.1.1762 (Straffrullor, 55032). Han fick avsked7.1775 och hade d\u00e5 tj\u00e4nat kronan i 33 \u00e5r. \u00c5r 1777 beviljades han pension p\u00e5 2 riksdaler och 12 skilling.<\/p>\n<p>Petter var gift med Anna M\u00e5rtensdotter f.1722, d. 1807 och paret Wira bodde i Lappfj\u00e4rd omkring \u00e5r 1762-1778. Petter och Anna hade tre d\u00f6ttrar som n\u00e5dde vuxen \u00e5lder. Dottern Maria Pettersdotter f. 1741 gifte sig med Matts Henriksson B\u00e5sk f. 1746 i Dagsmark. Petter och hustrun Anna flyttade ocks\u00e5 till B\u00e5sk hemman omkring 1778. Petter dog av \u00e5lderdom i Dagsmark 20.1.1797.<\/p>\n<div class=\"mceTemp\">\n<figure id=\"attachment_9789\" aria-describedby=\"caption-attachment-9789\" style=\"width: 1387px\" class=\"wp-caption aligncenter\"><img loading=\"lazy\" decoding=\"async\" class=\"size-full wp-image-9789\" src=\"http:\/\/www.lassebacklund.fi\/wp-content\/uploads\/2018\/09\/2-1.jpg\" alt=\"Mitt i bild en trumslagare i Oravais historiska f\u00f6rening \u00e5r 2018. P\u00e5 1700- talet skulle trumslagaren utrustas med 2 svarta halsdukar, 2 bl\u00e5a kl\u00e4desrockar, 2 gula v\u00e4star, 2 gula \u201db\u00f6xor\u201d och 2 hattar. \" width=\"1387\" height=\"780\" srcset=\"https:\/\/www.lassebacklund.fi\/wp-content\/uploads\/2018\/09\/2-1.jpg 1387w, https:\/\/www.lassebacklund.fi\/wp-content\/uploads\/2018\/09\/2-1-300x169.jpg 300w, https:\/\/www.lassebacklund.fi\/wp-content\/uploads\/2018\/09\/2-1-768x432.jpg 768w, https:\/\/www.lassebacklund.fi\/wp-content\/uploads\/2018\/09\/2-1-1024x576.jpg 1024w\" sizes=\"auto, (max-width: 1387px) 100vw, 1387px\" \/><figcaption id=\"caption-attachment-9789\" class=\"wp-caption-text\">Mitt i bild en trumslagare i Oravais historiska f\u00f6rening \u00e5r 2018. P\u00e5 1700-talet skulle trumslagaren utrustas med 2 svarta halsdukar, 2 bl\u00e5a kl\u00e4desrockar, 2 gula v\u00e4star, 2 gula \u201db\u00f6xor\u201d och 2 hattar.<\/figcaption><\/figure>\n<p>Petter Wira och hustrun Anna hade ocks\u00e5 en dotter som hette Anna som var f\u00f6dd 1753 i Lappfj\u00e4rd. Hon gifte sig med Matts Henriksson fr\u00e5n K\u00e4rjenkoski. De bosatte sig i Lappfj\u00e4rd och blev torpare p\u00e5 Hoxell och fick flera barn. Anna Pettersdotter Wira var farmors farmor \u00e5t Karl Henrik Mitts f\u00f6dd 1879 i Lappfj\u00e4rd. Detta f\u00f6rklarar varf\u00f6r han i Dagsmark kallades f\u00f6r \u201dWiras Kal-Hindrik\u201d. Som \u00e4nkling gifte sig Wiras Kal-Hindrik med \u00e4nkan Tilda Rosenberg (Lilltmoss-Tilda) i Dagsmark \u00e5r 1926 och flyttade till B\u00e5sk i Kias kroken.<\/p>\n<p>Nr 5. <strong>Erik Andersson Starck<\/strong>, friskytt, inhyses, torpare f. 1764 i N\u00e4rpes, d. 24.12.1820 p\u00e5 B\u00e5sk i Dagsmark. Han var gift med trumslagaren Petter Wiras yngsta dotter, Margareta Pettersdotter Wira f. 1764 i Dagsmark. De bodde i Dagsmark, p\u00e5 Ahlkulla i Lappfj\u00e4rd och sedan p\u00e5 nytt i Dagsmark. Deras dotter Anna Margareta f. 1799 gifte sig med handelsbetj\u00e4nten Matts Brunk i Kristinestad och dottern Brita Lena f. 1805 bosatte sig i Lappfj\u00e4rd och gifte sig med Erik Michel Carlson f. 1792 i B\u00f6tom.<\/p>\n<p><b>Nr 6. Eric Henricsson St\u00e5, <\/b>soldat, f\u00f6ddes 1777 i Lappfj\u00e4rd. Han blev torpare p\u00e5 Lillsj\u00f6 hemman i Dagsmark. Hans far var Henrik Mattsson Nordstr\u00f6m \u2013 Lillvik f. 1735 i Kristinestad och mor Maja Mattsdotter Lillvik f. 1754 i Lappfj\u00e4rd. Erik Henriksson St\u00e5 var gift med Anna Mattsdotter Lillsj\u00f6 fr\u00e5n Dagsmark f. 1774. Paret \u00e4r antecknade som borta eller d\u00f6da \u00e5r 1810 och deras barn blev d\u00e5 omh\u00e4ndertagna av \u00e4nkan och barnens mormor Beata Johansdotter i Lillsj\u00f6. Dottern Anna Greta f. 1800 flyttade som 17-\u00e5ring till B\u00f6tom och gifte sig sedan p\u00e5 Ala-Hannula. Sonen Erik Henrik gifte sig med Brita Lena Utfolk fr\u00e5n Uttermossa och flyttade fr\u00e5n Lillsj\u00f6 1839. Det yngsta barnet, dottern Maja Eriksdotter f. 1806 gifte sig med Erik Andersson Gr\u00f6ndahl f.1807 p\u00e5 B\u00e5sk i Dagsmark. Maja och Erik har m\u00e5nga \u00e4ttlingar i Dagsmark.<\/p>\n<p>Nr 7. <strong>Anders Br\u00e5dd, <\/strong>soldat f. i \u00c5bo l\u00e4n 1729. Hans hustru hette Maria Mattsdotter och paret hade tv\u00e5 d\u00f6ttrar; Chatarina och Brita. Anders Br\u00e5dd tj\u00e4nade som soldat i 3 \u00e5r, var frisk och duglig. Anders h\u00f6rde till Storkull rotan och bodde med familjen i Dagsmark. De flyttade tillbaka till \u00c5bo l\u00e4n efter 1758.<\/p>\n<p>Nr 8. <strong>Johan Johansson Hammarberg, <\/strong>soldat, f. 1741 i Lappfj\u00e4rds socken i \u00d6sterbotten, d.1809. Han var gift med Anna Andersdotter L\u00e5ng f. 1737 i Dagsmark, d. 1805. Johan Hammarberg ersatte soldaten Anders Br\u00e5dd. Han blev antagen som soldat 22.7.1770 och tj\u00e4nade till \u00e5r 1789 d\u00e5 han \u00e5terv\u00e4nde fr\u00e5n fronten. Han led av ett fel i v\u00e4nster fot. Han bodde p\u00e5 Storkull rotan i Dagsmark. Johans och Annas son Erik Hammarberg blev ocks\u00e5 soldat.<\/p>\n<p>Nr 9. <strong>Erik Johansson Hammarberg, <\/strong>soldat och torpare, 1.8.1767 i Lappfj\u00e4rd. Han var son till Johan Hammarberg och Anna Andersdotter L\u00e5ng. Erik bodde p\u00e5 L\u00e5ng i Dagsmark. Han var i sitt f\u00f6rsta \u00e4ktenskap gift med Margareta Andersdotter L\u00e5ng f. 1767 och i sitt andra \u00e4ktenskap med Anna Andersdotter f. 16.05.1786 i Siir\u00e5, d. 17.12.1872. Erik Johansson Hammarberg har m\u00e5nga \u00e4ttlingar i Dagsmark och Lappfj\u00e4rd.<\/p>\n<div class=\"mceTemp\">\n<figure id=\"attachment_9790\" aria-describedby=\"caption-attachment-9790\" style=\"width: 827px\" class=\"wp-caption aligncenter\"><img loading=\"lazy\" decoding=\"async\" class=\"size-full wp-image-9790\" src=\"http:\/\/www.lassebacklund.fi\/wp-content\/uploads\/2018\/09\/3-1.jpg\" alt=\"Soldattorp i Oravais.\" width=\"827\" height=\"465\" srcset=\"https:\/\/www.lassebacklund.fi\/wp-content\/uploads\/2018\/09\/3-1.jpg 827w, https:\/\/www.lassebacklund.fi\/wp-content\/uploads\/2018\/09\/3-1-300x169.jpg 300w, https:\/\/www.lassebacklund.fi\/wp-content\/uploads\/2018\/09\/3-1-768x432.jpg 768w\" sizes=\"auto, (max-width: 827px) 100vw, 827px\" \/><figcaption id=\"caption-attachment-9790\" class=\"wp-caption-text\">Soldattorp i Oravais.<\/figcaption><\/figure>\n<p>Nr 10. <strong>Tomas Tomasson Hoffman, <\/strong>soldat f\u00f6dd i \u00d6sterbotten 1762. Han blev antagen som soldat 26.9.1782. \u00c5r 1787 vistades han i Gamla Stor\u00e5 by d\u00e4r han gifte sig med Catharina (Kajsa) Andersdotter L\u00e5ng som var f\u00f6dd 1764 i Dagsmark. \u00c5r 1795 bodde paret i Dagsmark d\u00e4r Tomas var rotesoldat p\u00e5 Storkull rotan. Han finns upptagen i m\u00f6nstringsuppgifterna n\u00e4r regementet samlades p\u00e5 Ladug\u00e5rdssl\u00e4tten invid Vasa och N\u00e4rpes kompani. M\u00f6nstringen skedde den 27 juni 1795 av \u00f6verste Adolph Aminoff. Samma \u00e5r blev Tomas kommenderad till \u00c5bo. Han tj\u00e4nstgjorde n\u00e5got \u00f6ver 6 \u00e5r och han dog till f\u00f6ljd av r\u00f6tfeber 1796, 33 \u00e5r gammal. Paret fick tv\u00e5 s\u00f6ner som avled i sp\u00e4d \u00e5lder. Kajsa gifte sedan om sig med J\u00f6ran J\u00f6ransson <em>\u201dJ\u00f6ranas\u201d, <\/em> 1770 som hade kommit fr\u00e5n Karkku och arbetade som smed och var torpare i Dagsmark.<\/p>\n<p>Nr 11. <strong>Johan Henrik Tillman<\/strong> 1780 i \u00d6sterbotten. Han antogs som volont\u00e4r vid N\u00e4rpes kompani \u00e5r 1793. Han kom till Storkull rotan 25.3.1797 efter Tomas Tomasson. \u00c5r 1802 befordrades han till underofficer vid Lifkompaniet med \u201dtv\u00e4nne rotel\u00f6ner\u201d. \u00c5r 1805 var han med om en arbetskommendering p\u00e5 4 m\u00e5nader p\u00e5 Kumo Elfs str\u00f6mrensning.<\/p>\n<p>Nr 12. <strong>Matts Strandman,<\/strong> soldat, murm\u00e4stare f. 1708, d. 1776 i Lappfj\u00e4rd. Han Var gift med Maria Strandman. Deras barn var f\u00f6dda i Dagsmark, Lappfj\u00e4rd och B\u00f6tom.<\/p>\n<p>Nr 13. <strong>Johan Kvick, <\/strong>soldat, var gift med Maria Mickelsdotter f. 1709, d. 1778. Deras son hette Matts Johansson f. 1746.<\/p>\n<p>Nr 14. <strong>Olof Schultin, Br\u00e5dd, s<\/strong>oldat vigdes 15.8.1758 med Anna Henriksdotter som var fr\u00e5n Dagsmark. Deras barn var Johannes Olofsson f. 1759, d. 1759 och Margareta Olofsdotter f. 1761.<\/p>\n<p>Nr 15. <strong>Isak Falk,<\/strong> rotesoldat kom fr\u00e5n Sverige och var f\u00f6dd 1767. Han var placerad vid Klemets rotan 30.3. 1789 -27.6. 1795. Erik hade varit i Pommern och han erh\u00f6ll avsked vid generalm\u00f6nstringen 27.3.1789. Enligt f\u00e4ltsk\u00e4rs attest var han skadad i v\u00e4nster fot av yxhugg och oduglig till vidare krigstj\u00e4nst. Han flyttade senare till B\u00f6tom och vidare till N\u00e4rpes.<\/p>\n<p>Nr 16. <strong>Josef Hjort<\/strong>, soldat f.1766 i \u00d6sterbotten. Han blev antagen till soldat 4 april 1791 och eftertr\u00e4dde Isak Falk p\u00e5 Klemets rotan \u00e5r 1796. Han blev kommenderad till \u00c5bo. Josef flyttade senare till B\u00f6tom och 1815 till Lappfj\u00e4rd. En av Josefs s\u00f6ner hette Jakob och han blev ocks\u00e5 soldat. Hans efternamn var Hjort eller Lund. Jakobs son hette Johan Viktor Jakobsson Hjort eller Lund (f. 1841) som bodde med hustrun Maria Katarina och 8 barn p\u00e5 Klemets i Dagsmark.<\/p>\n<p>Barnen hette Edla, Henrik Erland, Matilda, Frans, Oskar, Hilma, Emil Gideon och Karl Otto. S\u00f6nerna Henrik Erland och Frans Viktor gjorde sig k\u00e4nda genom livlig inblandning i olika brott s\u00e5som st\u00f6lder, fylleri, misshandel, slagsm\u00e5l \u00a0och d\u00f6mdes till f\u00e4ngelsedomar. Sonen Oskar kallades \u201dJot-Oskar\u201d. Han bodde med sin familj i Lillsj\u00f6 i n\u00e4rheten av det omr\u00e5de som kallas f\u00f6r Kalax bakom Berg\u00e5sen.<\/p>\n<p>Sonen Emil Gideon f. 1884 gifte sig med Edla Carolina L\u00e5ng och de fick 8 barn. De kallades f\u00f6r \u201dHaga\u201d. Dottern Edla gifte sig med Erik Skrivars fr\u00e5n Uttermossa, dottern Matilda gifte i Lappfj\u00e4rd, dottern Hilma dog som liten och sonen Karl Otto bodde med hustru Maria i Dagsmark.<\/p>\n<p>Nr 17. <strong>Matts Eriksson Fr\u00e4mling<\/strong> fr\u00e5n \u00c5bo l\u00e4n, f\u00f6dd 1778, var transporterad till Klemets rotan 1807.<\/p>\n<p>Nr 18. <strong>Thomas Thomasson Gammal<\/strong> f\u00f6dd 1773 kom fr\u00e5n Carleby socken. Han var transporterad till B\u00e5sk\/L\u00e5ng\/Finne 1807.<\/p>\n<p>Nr 19. <strong>Gustav Forsten<\/strong>, soldat av \u00d6sterbottens regemente och N\u00e4rpes kompani mellan \u00e5ren 1775-1779. Han var f\u00f6dd i Stockholm 1756 och dog i Lappfj\u00e4rd 1827. Han gifte sig med Brita Hansdotter L\u00e5ng f. 1755 fr\u00e5n Dagsmark. Familjen bodde p\u00e5 L\u00e5ng i Dagsmark 1784. Gustaf Forst\u00e9n blev sedan klockare i Sideby under \u00e5ren 1791-1804. D\u00e4refter flyttade familjen till Lappfj\u00e4rd d\u00e4r han fortsatte arbeta som klockare. Gustav arbetade ocks\u00e5 med f\u00f6rebyggande h\u00e4lsov\u00e5rd genom att utf\u00f6ra vaccinationer mot smittkoppor. F\u00f6r sin insats premierades han \u201df\u00f6r nit vid vaccinationens bedrivande\u201d.<\/p>\n<div class=\"mceTemp\">\n<figure id=\"attachment_9791\" aria-describedby=\"caption-attachment-9791\" style=\"width: 357px\" class=\"wp-caption aligncenter\"><img loading=\"lazy\" decoding=\"async\" class=\"size-full wp-image-9791\" src=\"http:\/\/www.lassebacklund.fi\/wp-content\/uploads\/2018\/09\/4-1.jpg\" alt=\"Kungliga Vasa Regemente och Kungliga \u00d6sterbottens regemente.\" width=\"357\" height=\"517\" srcset=\"https:\/\/www.lassebacklund.fi\/wp-content\/uploads\/2018\/09\/4-1.jpg 357w, https:\/\/www.lassebacklund.fi\/wp-content\/uploads\/2018\/09\/4-1-207x300.jpg 207w\" sizes=\"auto, (max-width: 357px) 100vw, 357px\" \/><figcaption id=\"caption-attachment-9791\" class=\"wp-caption-text\">Kungliga Vasa Regemente och Kungliga \u00d6sterbottens regemente.<\/figcaption><\/figure>\n<p>Nr 20. <strong>Anders Vinter<\/strong>, soldat (Anders Jakobsson Wackuri), hustru Chatarina och dotter Margareta bodde i Kornb\u00e4ck i Dagsmark \u00e5r 1802-1816. Anders \u00e4r antecknad som \u201dsedan sista f\u00e4ltt\u00e5get borta\u201d. Endast hustrun Caisa som var f\u00f6dd i Siikais och deras barn finns antecknade i Dagsmark \u00e5r 1808.<\/p>\n<p>Nr 21. <strong>Carl Henrik Thesl\u00f6f <\/strong>var f\u00f6dd i Saarij\u00e4rvi 1736. Han var major vid \u00f6sterbottniska infanteriregementet, N\u00e4rpes kompani och han tj\u00e4nade kungliga kronan i 33 \u00e5r. Fr\u00e5n 1750 och under flera \u00e5r fram\u00e5t var han kommenderad till Sveaborgs f\u00e4stnings byggande. Under \u00e5ren 1757-1762 var han kommenderad till Pommern. Han deltog i m\u00e5nga slag, bl.a. Slaget i Demmin 1757, slaget vid Seidenick 1758 och Eggesin 1759 samt slogs med 100 man och tv\u00e4nne kanoner under eget bef\u00e4l emot Shillingska Husarregementet uti 8 timmar vid slaget i Neukalden 1762. Han bodde med sonen Henrik i tv\u00e5 \u00e5r i Sahakoski i Dagsmark \u00e5ren 1802-1804. Han flyttade till f\u00f6rarebost\u00e4llet N\u00e4\u00e4s i N\u00e4mpn\u00e4s \u00e5r 1804.<\/p>\n<p>Nr 22. <strong>Henrik Thesl\u00f6f, <\/strong>l\u00f6jtnant vid \u00d6sterbottens infanteriregemente, f\u00f6dd 1784 i Nykarleby. Henrik var son till Carl Henrik Thesl\u00f6f. \u00c5r 1802 blev han uttagen som volont\u00e4r vid N\u00e4rpes kompani av kungliga \u00d6sterbottens regemente. Han kommenderades till Ikalis \u00e5r 1804 p\u00e5 str\u00f6mrensningsarbete och till Kuhmo Elf p\u00e5 fortsatt arbetskommendering 1807. Henrik var skriven med fadern p\u00e5 Sahakoski i Dagsmark \u00e5ren 1802-1804. Han flyttade till N\u00e4\u00e4s i N\u00e4mpn\u00e4s \u00e5r 1804. Han gifte sig med Maria Caisa Juthman f. 1792 i Storkyro.<\/p>\n<p>Nr 23. <strong>Jakob Katt<\/strong>, senare <strong>Hoffman<\/strong> soldat<strong>, <\/strong>var f\u00f6dd 1783 p\u00e5 Honganniemi i Stor\u00e5. Han var son till korpralen Karl Benjamin S\u00f6derberg f\u00f6dd 1758 i Bj\u00f6rneborgs l\u00e4n och Maria Johansdotter f.1750. Familjen S\u00f6derberg bodde senare p\u00e5 Myllyniemi soldattorp i Stor\u00e5. Fadern Karl Benjamin dog 1808. Jakob var skriven som soldat p\u00e5 Sahakoski i Dagsmarksby \u00e5r 1796-1802. D\u00e4r bodde ocks\u00e5 hans bror Carl Fredrik S\u00f6derberg. Jakob antogs som soldat 11 mars 1803. \u00c5r 1807 &#8211; 1811 bodde Jakob Katt, brodern Carl Fredrik och pigan Elisabet och p\u00e5 Storkull i Dagsmark. Jakob h\u00f6rde d\u00e5 till \u00d6sterbottens infanteriregemente. P\u00e5 beg\u00e4ran fick han byta efternamn fr\u00e5n Katt till Hoffman. \u00c5r 1812 flyttade Jakob Hoffman till H\u00e4rk\u00e4aho i Stor\u00e5. Med dejan Walborg Pettersdotter f.1782 fick han dottern Maria Hoffman f. 1811 och sonen Jakob Hoffman f. 1814. Det har inte g\u00e5tt att sp\u00e5ra Jakob Hoffman (Katt) efter 1814.<\/p>\n<p>Jakobs bror Carl Fredrik S\u00f6derberg f\u00f6dd 1778 i Stor\u00e5 bosatte sig i Dagsmark tillsammans med hustrun Lisa Henriksdotter f. 1780 i Stor\u00e5. Carl Fredrik arbetade som skr\u00e4ddare och var torpare p\u00e5 Lillkull. En av parets d\u00f6ttrar, Eva Agata, gifte sig med Johan Henrik Tomasson Sorvari fr\u00e5n Stor\u00e5 och de har m\u00e5nga \u00e4ttlingar i Dagsmark och Korsb\u00e4ck. Vill du l\u00e4sa mera om dessa S\u00f6derbergare, s\u00e5 skall du klicka <a href=\"http:\/\/www.lassebacklund.fi\/?page_id=9502\"><span style=\"text-decoration: underline;\"><span style=\"color: #000080;\"><strong>H\u00c4R!<\/strong><\/span><\/span><\/a><\/p>\n<p>Nr 24. <strong>Anders Nyman, <\/strong>soldat och korpral 1754 i V\u00f6r\u00e5. Han blev antagen till Kungliga \u00d6sterbottens Regemente och Lif Compagnie 2 mars 1774. Han var ostraffad och han ersatte Daniel Nyman som hade d\u00f6tt p\u00e5 Sveaborg 11.5.1773. \u00c5r 1790 kommenderades Anders Nyman till \u00c5bo. Han flyttade fr\u00e5n V\u00f6r\u00e5 med sin familj till Sahakoski i Kornb\u00e4ck \u00e5r 1799. Han var gift med Maria Mattsdotter f. 1756 i Miemoisby. Tillsammans hade de 9 barn. Det finns m\u00e5nga \u00e4ttlingar till Anders Nyman i Dagsmark, bland andra <a href=\"http:\/\/www.lassebacklund.fi\/?page_id=2213\">\u201dRebeck-Kalle\u201d,<\/a> <a href=\"http:\/\/www.lassebacklund.fi\/?page_id=2098\">&#8221;Rebeck-Josip&#8221;<\/a> och <a href=\"http:\/\/www.lassebacklund.fi\/?page_id=2422\">&#8221;Rebeck-Viktor&#8221;<\/a> som var barnbarnsbarn till Anders.<\/p>\n<p>Nr 25. <strong>Johan Mickelsson Borgstr\u00f6m, <\/strong>soldat f.1717, d. 1792 p\u00e5 L\u00e5ng i Dagsmark. Han antogs som soldat \u00e5r 1737 till \u00d6sterbottens regemente, N\u00e4rpes Compagnie. Efter 32 \u00e5r och 6 m\u00e5nader i tj\u00e4nst fick han avsked 1770. Han var gift med Caisa Johansotter f. 1714, d. 1786 i Dagsmark. Dottern Brita f. 1738, d. 1804,var gift med Anders Mickelsson Korck f. 1743 fr\u00e5n Dagsmark. Paret bodde p\u00e5 L\u00e5ng och fick 9 barn. Tv\u00e5 av d\u00f6ttrarna gifte sig med soldater; Kajsa med Tomas Hoffman och Margareta med Erik Hammarberg. Dottern Maria f. 1741 gifte sig med Henrik Henriksson B\u00e5sk. Dottern Catharina f.1744 gifte sig p\u00e5 Sjuls i H\u00e4rkmeri.<\/p>\n<div class=\"mceTemp\">\n<figure id=\"attachment_9793\" aria-describedby=\"caption-attachment-9793\" style=\"width: 1090px\" class=\"wp-caption aligncenter\"><img loading=\"lazy\" decoding=\"async\" class=\" wp-image-9793\" src=\"http:\/\/www.lassebacklund.fi\/wp-content\/uploads\/2018\/09\/5.jpg\" alt=\"Oravais slagf\u00e4lt i augusti 2018.\" width=\"1090\" height=\"395\" srcset=\"https:\/\/www.lassebacklund.fi\/wp-content\/uploads\/2018\/09\/5.jpg 673w, https:\/\/www.lassebacklund.fi\/wp-content\/uploads\/2018\/09\/5-300x109.jpg 300w\" sizes=\"auto, (max-width: 1090px) 100vw, 1090px\" \/><figcaption id=\"caption-attachment-9793\" class=\"wp-caption-text\">Oravais slagf\u00e4lt i augusti 2018.<\/figcaption><\/figure>\n<p>Soldaternas kl\u00e4der skulle p\u00e5 1600-1800 talet vara f\u00e4rggranna s\u00e5 att soldaterna skulle synas i krutr\u00f6ken p\u00e5 slagf\u00e4ltet.<\/p>\n<h3><strong>Anteckningar om Dagsmark 1808 -1809.<\/strong><\/h3>\n<p>Dagsmark omn\u00e4mns i den civile tj\u00e4nstemannen C. H. Asps anteckningar om h\u00e4ndelsen under kriget 1808 -1809. Han h\u00f6rde till Bj\u00f6rneborgs regemente. Utgivna med tillagda noter av J. O. J. RANCKEN som skrev om D\u00f6beln till 50-\u00e5rsminnet av finska kriget \u00e5r 1860.<\/p>\n<p>Asp skriver att Rusth\u00e5llsbataljonen (under Fr. Furuhjelm) gick fr\u00e5n\u00a0Lappfj\u00e4rd utmed Tavastskogsv\u00e4gen till Dagsmarkby den 14.8.1808.\u00a0 Han beskriver att Dagsmark ligger p\u00e5 v\u00e4gen \u00e5t Stor\u00e5 (Isojoki) som bebos av finsk befolkning och att Dagsmark ligger uppf\u00f6r Lappfj\u00e4rds \u00e5 som var det nordligaste vattendrag, \u201dd\u00e4r utan k\u00e4nd plantering kr\u00e4ftor h\u00e4r p\u00e5 vestra\u00a0kusten finnas\u201d.<\/p>\n<p>Tydligen var det \u00a0kr\u00e4ftor p\u00e5 menyn d\u00e5 i augusti eftersom Asp den 15.8.1808 efter en resa till Kristinestad skriver \u201d\u00c5terrest; kommit till Dagsmark, d\u00e4r v\u00e5r bataljon \u00e4nnu l\u00e5g qvar. Vi bes\u00f6kte f\u00e4ltvakten. \u00c5ts\u00a0kr\u00e4ftor\u201d.<\/p>\n<\/div>\n<\/div>\n<\/div>\n<\/div>\n<\/div>\n","protected":false},"excerpt":{"rendered":"<p>Denna f\u00f6rteckning har gjorts av Eva Gr\u00f6nlund \u00e5r 2018. Eva bor i Vasa men \u00e4r f\u00f6dd och uppvuxen p\u00e5 Sunnantillv\u00e4gen i Dagsmark. F\u00f6rteckning \u00f6ver n\u00e5gra soldater som bodde i Dagsmark under tiden 1629-1816. Sedan \u00e5r 1620 finns roteringsl\u00e4ngder, d\u00e4r m\u00e4n <a class=\"more-link\" href=\"https:\/\/www.lassebacklund.fi\/?page_id=9783\">Forts\u00e4tt l\u00e4sa <span class=\"screen-reader-text\">  Soldater fr\u00e5n Dagsmark under tiden 1629-1816.<\/span><span class=\"meta-nav\">&rarr;<\/span><\/a><\/p>\n","protected":false},"author":1,"featured_media":0,"parent":17,"menu_order":16,"comment_status":"closed","ping_status":"closed","template":"","meta":{"footnotes":""},"class_list":["post-9783","page","type-page","status-publish","hentry"],"_links":{"self":[{"href":"https:\/\/www.lassebacklund.fi\/index.php?rest_route=\/wp\/v2\/pages\/9783","targetHints":{"allow":["GET"]}}],"collection":[{"href":"https:\/\/www.lassebacklund.fi\/index.php?rest_route=\/wp\/v2\/pages"}],"about":[{"href":"https:\/\/www.lassebacklund.fi\/index.php?rest_route=\/wp\/v2\/types\/page"}],"author":[{"embeddable":true,"href":"https:\/\/www.lassebacklund.fi\/index.php?rest_route=\/wp\/v2\/users\/1"}],"replies":[{"embeddable":true,"href":"https:\/\/www.lassebacklund.fi\/index.php?rest_route=%2Fwp%2Fv2%2Fcomments&post=9783"}],"version-history":[{"count":14,"href":"https:\/\/www.lassebacklund.fi\/index.php?rest_route=\/wp\/v2\/pages\/9783\/revisions"}],"predecessor-version":[{"id":9803,"href":"https:\/\/www.lassebacklund.fi\/index.php?rest_route=\/wp\/v2\/pages\/9783\/revisions\/9803"}],"up":[{"embeddable":true,"href":"https:\/\/www.lassebacklund.fi\/index.php?rest_route=\/wp\/v2\/pages\/17"}],"wp:attachment":[{"href":"https:\/\/www.lassebacklund.fi\/index.php?rest_route=%2Fwp%2Fv2%2Fmedia&parent=9783"}],"curies":[{"name":"wp","href":"https:\/\/api.w.org\/{rel}","templated":true}]}}