{"id":9642,"date":"2018-08-28T21:40:51","date_gmt":"2018-08-28T19:40:51","guid":{"rendered":"http:\/\/www.lassebacklund.fi\/?page_id=9642"},"modified":"2018-08-28T21:40:51","modified_gmt":"2018-08-28T19:40:51","slug":"sandra-fyller-50-ar","status":"publish","type":"page","link":"https:\/\/www.lassebacklund.fi\/?page_id=9642","title":{"rendered":"&#8221;Sandra&#8221; fyller 50 \u00e5r."},"content":{"rendered":"<p><span style=\"color: #000080;\">Notis i Syd-\u00d6sterbotten l\u00f6rdagen 9.9.1944:<\/span><\/p>\n<p>Femtio \u00e5r fyller i morgon s\u00f6ndag l\u00e4rarinnan Alexandra Rosengren i Lappfj\u00e4rd. F\u00f6dd och uppvuxen i Dagsmark har hon ocks\u00e5 utf\u00f6rt sin l\u00e4rarinneverksamhet huvudsakligen i hembyn. S\u00e5som helt ung gjorde hon sina f\u00f6rsta l\u00e4rosp\u00e5n inom den kyrkliga sm\u00e5barnsskolan, dels i Dagsmark, dels i Lappfj\u00e4rds kyrkoby. Efter f\u00f6rv\u00e4rvad kompetens vid l\u00e4gre folkskoll\u00e4rarinneseminariet i Vasa erh\u00f6ll Alexandra Rosengren anst\u00e4llning vid Dagsmark l\u00e4gre folkskola h\u00f6sten 1918, vilken tj\u00e4nst hon fortfarande har.<\/p>\n<p>Ut\u00f6ver l\u00e4rarinneverksamheten har Alexandra Rosengren \u00e4gnat tid och intresse \u00e5t andra kulturella str\u00e4vanden, fr\u00e4mst inom ungdomsf\u00f6reningen och Marthaf\u00f6reningen i hembyn. Sedan n\u00e5gra \u00e5r tillbaka \u00e4r hon j\u00e4mte familjen bosatt i Tr\u00e4skvik by.<\/p>\n<p>Det \u00e4r en hurtig och glad 50-\u00e5ring, som i morgon passerar milstolpen. Helst s\u00e4kert g\u00e5r m\u00e5nga v\u00e4nners tankar d\u00e5 till jubilaren i Tr\u00e4skvik.<\/p>\n","protected":false},"excerpt":{"rendered":"<p>Notis i Syd-\u00d6sterbotten l\u00f6rdagen 9.9.1944: Femtio \u00e5r fyller i morgon s\u00f6ndag l\u00e4rarinnan Alexandra Rosengren i Lappfj\u00e4rd. F\u00f6dd och uppvuxen i Dagsmark har hon ocks\u00e5 utf\u00f6rt sin l\u00e4rarinneverksamhet huvudsakligen i hembyn. S\u00e5som helt ung gjorde hon sina f\u00f6rsta l\u00e4rosp\u00e5n inom den <a class=\"more-link\" href=\"https:\/\/www.lassebacklund.fi\/?page_id=9642\">Forts\u00e4tt l\u00e4sa <span class=\"screen-reader-text\">  &#8221;Sandra&#8221; fyller 50 \u00e5r.<\/span><span class=\"meta-nav\">&rarr;<\/span><\/a><\/p>\n","protected":false},"author":1,"featured_media":0,"parent":1864,"menu_order":0,"comment_status":"closed","ping_status":"closed","template":"","meta":{"footnotes":""},"class_list":["post-9642","page","type-page","status-publish","hentry"],"_links":{"self":[{"href":"https:\/\/www.lassebacklund.fi\/index.php?rest_route=\/wp\/v2\/pages\/9642","targetHints":{"allow":["GET"]}}],"collection":[{"href":"https:\/\/www.lassebacklund.fi\/index.php?rest_route=\/wp\/v2\/pages"}],"about":[{"href":"https:\/\/www.lassebacklund.fi\/index.php?rest_route=\/wp\/v2\/types\/page"}],"author":[{"embeddable":true,"href":"https:\/\/www.lassebacklund.fi\/index.php?rest_route=\/wp\/v2\/users\/1"}],"replies":[{"embeddable":true,"href":"https:\/\/www.lassebacklund.fi\/index.php?rest_route=%2Fwp%2Fv2%2Fcomments&post=9642"}],"version-history":[{"count":1,"href":"https:\/\/www.lassebacklund.fi\/index.php?rest_route=\/wp\/v2\/pages\/9642\/revisions"}],"predecessor-version":[{"id":9643,"href":"https:\/\/www.lassebacklund.fi\/index.php?rest_route=\/wp\/v2\/pages\/9642\/revisions\/9643"}],"up":[{"embeddable":true,"href":"https:\/\/www.lassebacklund.fi\/index.php?rest_route=\/wp\/v2\/pages\/1864"}],"wp:attachment":[{"href":"https:\/\/www.lassebacklund.fi\/index.php?rest_route=%2Fwp%2Fv2%2Fmedia&parent=9642"}],"curies":[{"name":"wp","href":"https:\/\/api.w.org\/{rel}","templated":true}]}}