{"id":9639,"date":"2018-08-28T16:56:24","date_gmt":"2018-08-28T14:56:24","guid":{"rendered":"http:\/\/www.lassebacklund.fi\/?page_id=9639"},"modified":"2018-08-30T21:38:33","modified_gmt":"2018-08-30T19:38:33","slug":"eskil-backlunds-jordfastning","status":"publish","type":"page","link":"https:\/\/www.lassebacklund.fi\/?page_id=9639","title":{"rendered":"Eskil Backlunds d\u00f6d och jordf\u00e4stning."},"content":{"rendered":"<p><span style=\"color: #000080;\">Syd-\u00d6sterbotten tisdagen 29.8.1944, nekrolog skriven av signaturen \u201dkamrat\u201d:<\/span><\/p>\n<p><strong>Till Eskil Backlunds minne.<\/strong><\/p>\n<p>Senaste fredag spreds sorgebudskapet om Eskil Backlunds bortg\u00e5ng. Med honom har Dagsmark f\u00f6rlorat en av sina b\u00e4sta s\u00f6ner. Eskil Backlund efterl\u00e4mnar sig ett tomrum, han var alltid en glad och v\u00e4ns\u00e4ll natur med en lugn och trygg humor, som skaffat honom m\u00e5nga v\u00e4nner. Inom idrottskretsar k\u00e4nde man honom v\u00e4l, han var aktiv idrottsman samt en av de ledande i hembyns idrottsklubb. Under vinterkriget var han med mot ryssarnas stormanlopp p\u00e5 Karelska n\u00e4set och likas\u00e5 var han med nu under de f\u00f6rsta h\u00e5rda m\u00e5naderna under det nu p\u00e5g\u00e5ende kriget, varunder han \u00e5drog sig den sjukdom som nu \u00e4ndat hans liv.<\/p>\n<p>Saknaden av Eskil Backlund \u00e4r stor ocks\u00e5 inom ungdomsf\u00f6reningen, d\u00e4r han nedlagt sina b\u00e4sta krafter, bland annat som ordf\u00f6rande.<\/p>\n<p>Saknad och f\u00f6rst\u00e4mning har d\u00e4rf\u00f6r hans d\u00f6d v\u00e4ckt bland kamrater och v\u00e4nner, men hans minne skall p\u00e5minna om hans g\u00e4rning och pliktuppfyllelse.<\/p>\n<p><span style=\"color: #000080;\">Artikel i Syd-\u00d6sterbotten 2.9.1944:<\/span><\/p>\n<p>I torsdags jordf\u00e4stes i Lappfj\u00e4rd stoftet av bondsonen, undersergeanten Eskil Evald Backlund fr\u00e5n Dagsmark. Ett stort antal personer hade slutit upp f\u00f6r att f\u00f6lja en aktad och h\u00f6gt v\u00e4rderad f\u00f6rsamlingsmedlem till den sista vilan i hembygdens vigda mull.<\/p>\n<p>Jordf\u00e4stningsakten inleddes med psalms\u00e5ng, varvid de tre f\u00f6rsta verserna av psalmen 92 sj\u00f6ngs. Pastor A. G. Stjernberg h\u00f6ll likpredikan och utgick fr\u00e5n textorden i Filipperbrevet 1:21. Sedan l\u00e4ste prosten Stjernberg n\u00e5gra bibelord, v\u00e4lsignade han stiftet, b\u00f6nerna l\u00e4stes och en psalmvers sj\u00f6ngs. Under det graven igenmyllades sj\u00f6ngs psalmen 573 av sorgemenigheten, varp\u00e5 blomstersmyckningen av gravkullen vidtog med att de anh\u00f6riga bringade sin sista h\u00e4lsning till en k\u00e4r anf\u00f6rvant, som i f\u00f6rtid brutits ned av en l\u00e5ngvarig t\u00e4rande sjukdom vid uppfyllandet av sin plikt vid fronten.<\/p>\n<p>Kommend\u00f6rens f\u00f6r Vasa skyddsk\u00e5rsdistrikt, Lappfj\u00e4rds skyddsk\u00e5r och Lotta Sv\u00e4rdf\u00f6reningarnas kransar bars fram av lokalchef Selim Bj\u00f6rses, ingenj\u00f6r Nils Molander och lottan Helmi \u00c5djers, varvid den f\u00f6rstn\u00e4mnde i ett kort tal hyllades den avlidnes minne och fosterl\u00e4ndska g\u00e4rning. Vidare nedlades kransar fr\u00e5n Dagsmark Lotta Sv\u00e4rd och skyddsk\u00e5rsavdelning genom Edit Agn\u00e4s. Dagsmark Idrottsklubb smyckade den bortg\u00e5ngnes gravkulle med en vacker krans, som ett sista tack till en av klubbens mest verksamma medlemmar. Kransen bars fram av Frans Storkull. Dagsmark ungdomsf\u00f6rening hyllade sin m\u00e5ng\u00e5rige ordf\u00f6randes minne med en blomsterpj\u00e4s, som nedlades av Rudi Granlund.<\/p>\n<p>Dagsmark ungdomsf\u00f6rening har med anledning av Eskil Backlunds fr\u00e5nf\u00e4lle stiftat en minnes- och hyllningsfond, till vilken ett flertal personer hade gjort inbetalningar. Jordf\u00e4stningen avslutades med psalms\u00e5ng.<\/p>\n","protected":false},"excerpt":{"rendered":"<p>Syd-\u00d6sterbotten tisdagen 29.8.1944, nekrolog skriven av signaturen \u201dkamrat\u201d: Till Eskil Backlunds minne. Senaste fredag spreds sorgebudskapet om Eskil Backlunds bortg\u00e5ng. Med honom har Dagsmark f\u00f6rlorat en av sina b\u00e4sta s\u00f6ner. Eskil Backlund efterl\u00e4mnar sig ett tomrum, han var alltid en <a class=\"more-link\" href=\"https:\/\/www.lassebacklund.fi\/?page_id=9639\">Forts\u00e4tt l\u00e4sa <span class=\"screen-reader-text\">  Eskil Backlunds d\u00f6d och jordf\u00e4stning.<\/span><span class=\"meta-nav\">&rarr;<\/span><\/a><\/p>\n","protected":false},"author":1,"featured_media":0,"parent":2422,"menu_order":0,"comment_status":"closed","ping_status":"closed","template":"","meta":{"footnotes":""},"class_list":["post-9639","page","type-page","status-publish","hentry"],"_links":{"self":[{"href":"https:\/\/www.lassebacklund.fi\/index.php?rest_route=\/wp\/v2\/pages\/9639","targetHints":{"allow":["GET"]}}],"collection":[{"href":"https:\/\/www.lassebacklund.fi\/index.php?rest_route=\/wp\/v2\/pages"}],"about":[{"href":"https:\/\/www.lassebacklund.fi\/index.php?rest_route=\/wp\/v2\/types\/page"}],"author":[{"embeddable":true,"href":"https:\/\/www.lassebacklund.fi\/index.php?rest_route=\/wp\/v2\/users\/1"}],"replies":[{"embeddable":true,"href":"https:\/\/www.lassebacklund.fi\/index.php?rest_route=%2Fwp%2Fv2%2Fcomments&post=9639"}],"version-history":[{"count":3,"href":"https:\/\/www.lassebacklund.fi\/index.php?rest_route=\/wp\/v2\/pages\/9639\/revisions"}],"predecessor-version":[{"id":9647,"href":"https:\/\/www.lassebacklund.fi\/index.php?rest_route=\/wp\/v2\/pages\/9639\/revisions\/9647"}],"up":[{"embeddable":true,"href":"https:\/\/www.lassebacklund.fi\/index.php?rest_route=\/wp\/v2\/pages\/2422"}],"wp:attachment":[{"href":"https:\/\/www.lassebacklund.fi\/index.php?rest_route=%2Fwp%2Fv2%2Fmedia&parent=9639"}],"curies":[{"name":"wp","href":"https:\/\/api.w.org\/{rel}","templated":true}]}}