{"id":9628,"date":"2018-08-23T10:05:54","date_gmt":"2018-08-23T08:05:54","guid":{"rendered":"http:\/\/www.lassebacklund.fi\/?page_id=9628"},"modified":"2018-08-23T10:05:54","modified_gmt":"2018-08-23T08:05:54","slug":"johan-lillkull-60-ar","status":"publish","type":"page","link":"https:\/\/www.lassebacklund.fi\/?page_id=9628","title":{"rendered":"Johan Lillkull 60 \u00e5r."},"content":{"rendered":"<p><span style=\"color: #000080;\">Artikel i tidningen Syd-\u00d6sterbotten 15.1.1944:<\/span><\/p>\n<p>60 \u00e5r fyller i morgon 16 januari 1944 bonden Johan Sigfrid Lillkull i Dagsmark. Jubilaren \u00e4r en i det kommunala livet v\u00e4lbetrodd och bepr\u00f6vad kraft. Sedan 1939 \u00e4r han Lappfj\u00e4rds kommunalfullm\u00e4ktiges ordf\u00f6rande och han har \u00e4ven tidigare i flera repriser tillh\u00f6rt fullm\u00e4ktige.<\/p>\n<p>I ynglinga\u00e5ren greps han som m\u00e5ngen annan syd\u00f6sterbottning av amerikafebern och \u00e5ren 1905-1912 vistades han i de obegr\u00e4nsade m\u00f6jligheternas land.<\/p>\n<p>M\u00e5nga \u00e5r de kommunala f\u00f6rtroendeuppdrag av skiftande natur som anf\u00f6rtrotts honom och st\u00e4dse har han p\u00e5 ett ber\u00f6mv\u00e4rt s\u00e4tt skilt sig fr\u00e5n de mest kr\u00e4vande arbetsuppgifter. Varmt f\u00e4st vid sin hembygd har han ivrat f\u00f6r dess utveckling i s\u00e5v\u00e4l ekonomiskt som kulturellt avseende. Han \u00e4r s\u00e5lunda en av stiftarna av Dagsmark andelskassa och han har suttit som styrelseledamot alltsedan dess grundande.<\/p>\n<p>Han \u00e4r vidare ledamot i skoln\u00e4mnden och bekl\u00e4der sedan 12 \u00e5r posten som ordf\u00f6rande och ekonom i sin hembys folkskoldirektion. Tidigare har han \u00e4ven tillh\u00f6rt statsskatte- och taxeringsn\u00e4mnden.<\/p>\n<p>Som medlem i politiska och kommunala valn\u00e4mnder och som ordf\u00f6rande i kolonisationsn\u00e4mnden har han varit tvungen att ta st\u00e4llning till ett flertal f\u00f6r hemkommunen viktiga fr\u00e5gor och avg\u00f6randen och med sakkunskap och f\u00f6rst\u00e5else handhar han nu under krigstiden posten som ordf\u00f6rande i h\u00e4stutskrivningsn\u00e4mnden. Till den l\u00e5nga raden av kommunala f\u00f6rtroendeuppdrag kan \u00e4nnu fogas att han \u00e4r godeman vid lantm\u00e4terif\u00f6rr\u00e4ttningar och n\u00e4mndeman sedan 1943.<\/p>\n<p>Johan Lillkull kan nu p\u00e5 sin h\u00f6gtidsdag blicka tillbaka p\u00e5 m\u00e5nga \u00e5r fyllda av arbete och osj\u00e4lvisk str\u00e4van i det allm\u00e4nnas tj\u00e4nst. I det uppsving p\u00e5 m\u00e5nga omr\u00e5den som kan sp\u00e5ras i hans hemkommun under de senaste \u00e5ren, har han s\u00e4kert en stor del.<\/p>\n","protected":false},"excerpt":{"rendered":"<p>Artikel i tidningen Syd-\u00d6sterbotten 15.1.1944: 60 \u00e5r fyller i morgon 16 januari 1944 bonden Johan Sigfrid Lillkull i Dagsmark. Jubilaren \u00e4r en i det kommunala livet v\u00e4lbetrodd och bepr\u00f6vad kraft. Sedan 1939 \u00e4r han Lappfj\u00e4rds kommunalfullm\u00e4ktiges ordf\u00f6rande och han har <a class=\"more-link\" href=\"https:\/\/www.lassebacklund.fi\/?page_id=9628\">Forts\u00e4tt l\u00e4sa <span class=\"screen-reader-text\">  Johan Lillkull 60 \u00e5r.<\/span><span class=\"meta-nav\">&rarr;<\/span><\/a><\/p>\n","protected":false},"author":1,"featured_media":0,"parent":2266,"menu_order":0,"comment_status":"closed","ping_status":"closed","template":"","meta":{"footnotes":""},"class_list":["post-9628","page","type-page","status-publish","hentry"],"_links":{"self":[{"href":"https:\/\/www.lassebacklund.fi\/index.php?rest_route=\/wp\/v2\/pages\/9628","targetHints":{"allow":["GET"]}}],"collection":[{"href":"https:\/\/www.lassebacklund.fi\/index.php?rest_route=\/wp\/v2\/pages"}],"about":[{"href":"https:\/\/www.lassebacklund.fi\/index.php?rest_route=\/wp\/v2\/types\/page"}],"author":[{"embeddable":true,"href":"https:\/\/www.lassebacklund.fi\/index.php?rest_route=\/wp\/v2\/users\/1"}],"replies":[{"embeddable":true,"href":"https:\/\/www.lassebacklund.fi\/index.php?rest_route=%2Fwp%2Fv2%2Fcomments&post=9628"}],"version-history":[{"count":1,"href":"https:\/\/www.lassebacklund.fi\/index.php?rest_route=\/wp\/v2\/pages\/9628\/revisions"}],"predecessor-version":[{"id":9629,"href":"https:\/\/www.lassebacklund.fi\/index.php?rest_route=\/wp\/v2\/pages\/9628\/revisions\/9629"}],"up":[{"embeddable":true,"href":"https:\/\/www.lassebacklund.fi\/index.php?rest_route=\/wp\/v2\/pages\/2266"}],"wp:attachment":[{"href":"https:\/\/www.lassebacklund.fi\/index.php?rest_route=%2Fwp%2Fv2%2Fmedia&parent=9628"}],"curies":[{"name":"wp","href":"https:\/\/api.w.org\/{rel}","templated":true}]}}