{"id":9599,"date":"2018-08-21T21:28:35","date_gmt":"2018-08-21T19:28:35","guid":{"rendered":"http:\/\/www.lassebacklund.fi\/?page_id=9599"},"modified":"2024-04-25T10:22:44","modified_gmt":"2024-04-25T07:22:44","slug":"selims-foton-fran-1962","status":"publish","type":"page","link":"https:\/\/www.lassebacklund.fi\/?page_id=9599","title":{"rendered":"Selims foton fr\u00e5n 1962."},"content":{"rendered":"<div class=\"mceTemp\">\n<figure id=\"attachment_9592\" aria-describedby=\"caption-attachment-9592\" style=\"width: 1163px\" class=\"wp-caption aligncenter\"><img loading=\"lazy\" decoding=\"async\" class=\"size-full wp-image-9592\" src=\"http:\/\/www.lassebacklund.fi\/wp-content\/uploads\/2018\/08\/ota295_foto_0689.jpg\" alt=\"Sju par folkdansare och fyra spelm\u00e4n p\u00e5 idrottsplan i Lappfj\u00e4rd. Fr\u00e5n v\u00e4nster Venzel och Elin Smith, Lars och Gunvor Lillhannus, Nils och Ann-Lis Bj\u00f6rklund, Eric och Irma Stens, Magnus och Gunnevi \u00c5strand, Ole (skymd) och Greta \u00c5hlqvist och Helge och Maj-Britt Holm. Spelm\u00e4nnen \u00e4r Torsten P\u00e4rus, Torsten Nyholm (skymd), Valter Enlund och Otto Fr\u00f6berg.\" width=\"1163\" height=\"630\" srcset=\"https:\/\/www.lassebacklund.fi\/wp-content\/uploads\/2018\/08\/ota295_foto_0689.jpg 1163w, https:\/\/www.lassebacklund.fi\/wp-content\/uploads\/2018\/08\/ota295_foto_0689-300x163.jpg 300w, https:\/\/www.lassebacklund.fi\/wp-content\/uploads\/2018\/08\/ota295_foto_0689-768x416.jpg 768w, https:\/\/www.lassebacklund.fi\/wp-content\/uploads\/2018\/08\/ota295_foto_0689-1024x555.jpg 1024w\" sizes=\"auto, (max-width: 1163px) 100vw, 1163px\" \/><figcaption id=\"caption-attachment-9592\" class=\"wp-caption-text\">Sju par folkdansare och fyra spelm\u00e4n p\u00e5 idrottsplan i Lappfj\u00e4rd. Fr\u00e5n v\u00e4nster Venzel och Elin Smith, Lars och Gunvor Lillhannus, Nils och Ann-Lis Bj\u00f6rklund, Eric och Irma Stens, Magnus och Gunnevi \u00c5strand, Ole (skymd) och Greta \u00c5hlqvist och Helge och Maj-Britt Holm. Spelm\u00e4nnen \u00e4r Torsten P\u00e4rus, Torsten Nyholm (skymd), Valter Enlund och Otto Fr\u00f6berg.<\/figcaption><\/figure>\n<div class=\"mceTemp\">\n<figure id=\"attachment_9596\" aria-describedby=\"caption-attachment-9596\" style=\"width: 2107px\" class=\"wp-caption aligncenter\"><img loading=\"lazy\" decoding=\"async\" class=\"size-full wp-image-9596\" src=\"http:\/\/www.lassebacklund.fi\/wp-content\/uploads\/2018\/08\/Premierade-Lappfj\u00e4rdsbor.jpg\" alt=\"I juni 1962 premierades flera Lappfj\u00e4rdsbor med &quot;Finlands svenska landskommuners f\u00f6rbunds utm\u00e4rkelsetecken&quot;. Fr\u00e5n v\u00e4nster l\u00e4raren Einar Lind fr\u00e5n Dagsmark, Elna Bergman, Linnea Lind, Selim Bj\u00f6rses, Astrid Ellfolk, Valdemar Rosengren, Anna Kalls\u00e9n, Artur Enkulla och Thorolf Dreijer. \" width=\"2107\" height=\"1399\" srcset=\"https:\/\/www.lassebacklund.fi\/wp-content\/uploads\/2018\/08\/Premierade-Lappfj\u00e4rdsbor.jpg 2107w, https:\/\/www.lassebacklund.fi\/wp-content\/uploads\/2018\/08\/Premierade-Lappfj\u00e4rdsbor-300x199.jpg 300w, https:\/\/www.lassebacklund.fi\/wp-content\/uploads\/2018\/08\/Premierade-Lappfj\u00e4rdsbor-768x510.jpg 768w, https:\/\/www.lassebacklund.fi\/wp-content\/uploads\/2018\/08\/Premierade-Lappfj\u00e4rdsbor-1024x680.jpg 1024w\" sizes=\"auto, (max-width: 2107px) 100vw, 2107px\" \/><figcaption id=\"caption-attachment-9596\" class=\"wp-caption-text\">I juni 1962 premierades flera Lappfj\u00e4rdsbor med &#8221;Finlands svenska landskommuners f\u00f6rbunds utm\u00e4rkelsetecken&#8221;. Fr\u00e5n v\u00e4nster l\u00e4raren Einar Lind fr\u00e5n Dagsmark, Elna Bergman, Linnea Lind, Selim Bj\u00f6rses, Astrid Ellfolk, Valdemar Rosengren, Anna Kalls\u00e9n, Artur Enkulla och Thorolf Dreijer.<\/figcaption><\/figure>\n<div class=\"mceTemp\">\n<figure id=\"attachment_9591\" aria-describedby=\"caption-attachment-9591\" style=\"width: 983px\" class=\"wp-caption aligncenter\"><img loading=\"lazy\" decoding=\"async\" class=\"size-full wp-image-9591\" src=\"http:\/\/www.lassebacklund.fi\/wp-content\/uploads\/2018\/08\/Folk-p\u00e5-nyabroen.jpg\" alt=\"Islossningen i Lappfj\u00e4rds \u00e5 har alltid varit dramatiska och folk samlades 1962 p\u00e5 Nybron f\u00f6r att se hur ismassorna tar sig ut till havet.\" width=\"983\" height=\"617\" srcset=\"https:\/\/www.lassebacklund.fi\/wp-content\/uploads\/2018\/08\/Folk-p\u00e5-nyabroen.jpg 983w, https:\/\/www.lassebacklund.fi\/wp-content\/uploads\/2018\/08\/Folk-p\u00e5-nyabroen-300x188.jpg 300w, https:\/\/www.lassebacklund.fi\/wp-content\/uploads\/2018\/08\/Folk-p\u00e5-nyabroen-768x482.jpg 768w\" sizes=\"auto, (max-width: 983px) 100vw, 983px\" \/><figcaption id=\"caption-attachment-9591\" class=\"wp-caption-text\">Islossningarna i Lappfj\u00e4rds \u00e5 har alltid varit dramatiska och folk samlades 1962 p\u00e5 Nybron f\u00f6r att se hur ismassorna tar sig ut till havet.<\/figcaption><\/figure>\n<div class=\"mceTemp\">\n<figure id=\"attachment_9593\" aria-describedby=\"caption-attachment-9593\" style=\"width: 1200px\" class=\"wp-caption aligncenter\"><img loading=\"lazy\" decoding=\"async\" class=\"size-full wp-image-9593\" src=\"http:\/\/www.lassebacklund.fi\/wp-content\/uploads\/2018\/08\/ota295_foto_0690.jpg\" alt=\"Foto fr\u00e5n Nybron norrut vid islossningen 1962.\" width=\"1200\" height=\"805\" srcset=\"https:\/\/www.lassebacklund.fi\/wp-content\/uploads\/2018\/08\/ota295_foto_0690.jpg 1200w, https:\/\/www.lassebacklund.fi\/wp-content\/uploads\/2018\/08\/ota295_foto_0690-300x201.jpg 300w, https:\/\/www.lassebacklund.fi\/wp-content\/uploads\/2018\/08\/ota295_foto_0690-768x515.jpg 768w, https:\/\/www.lassebacklund.fi\/wp-content\/uploads\/2018\/08\/ota295_foto_0690-1024x687.jpg 1024w\" sizes=\"auto, (max-width: 1200px) 100vw, 1200px\" \/><figcaption id=\"caption-attachment-9593\" class=\"wp-caption-text\">Foto fr\u00e5n Nybron norrut vid islossningen 1962.<\/figcaption><\/figure>\n<div class=\"mceTemp\">\n<figure id=\"attachment_9594\" aria-describedby=\"caption-attachment-9594\" style=\"width: 1200px\" class=\"wp-caption aligncenter\"><img loading=\"lazy\" decoding=\"async\" class=\"size-full wp-image-9594\" src=\"http:\/\/www.lassebacklund.fi\/wp-content\/uploads\/2018\/08\/ota295_foto_0691.jpg\" alt=\"Stensund helt \u00f6versv\u00e4mmat vid islossningen 1962. P\u00e5 andra sidan \u00e5n till v\u00e4nster syns norra folkskolan med uthus, den vita g\u00e5rden \u00e4r Nils Finnstr\u00f6ms, sedan \u00c5lgars rian och till h\u00f6ger syns uthusraden vid HAB-banken.\" width=\"1200\" height=\"808\" srcset=\"https:\/\/www.lassebacklund.fi\/wp-content\/uploads\/2018\/08\/ota295_foto_0691.jpg 1200w, https:\/\/www.lassebacklund.fi\/wp-content\/uploads\/2018\/08\/ota295_foto_0691-300x202.jpg 300w, https:\/\/www.lassebacklund.fi\/wp-content\/uploads\/2018\/08\/ota295_foto_0691-768x517.jpg 768w, https:\/\/www.lassebacklund.fi\/wp-content\/uploads\/2018\/08\/ota295_foto_0691-1024x689.jpg 1024w\" sizes=\"auto, (max-width: 1200px) 100vw, 1200px\" \/><figcaption id=\"caption-attachment-9594\" class=\"wp-caption-text\">Stensund helt \u00f6versv\u00e4mmat vid islossningen 1962. P\u00e5 andra sidan \u00e5n till v\u00e4nster syns norra folkskolan med uthus, den vita g\u00e5rden \u00e4r Nils Finnstr\u00f6ms, sedan \u00c5lgars rian och till h\u00f6ger syns uthusraden vid HAB-banken.<\/figcaption><\/figure>\n<div class=\"mceTemp\">\n<figure id=\"attachment_9595\" aria-describedby=\"caption-attachment-9595\" style=\"width: 1200px\" class=\"wp-caption aligncenter\"><img loading=\"lazy\" decoding=\"async\" class=\"size-full wp-image-9595\" src=\"http:\/\/www.lassebacklund.fi\/wp-content\/uploads\/2018\/08\/ota295_foto_0692.jpg\" alt=\"\u00d6versv\u00e4mning i Lappfj\u00e4rds centrum 1962. \u00c5ke Lindahls g\u00e5rd, Sandgrunds s\u00e5g och m\u00e5nga andra byggnader var helt omringade av vattenmassorna.\" width=\"1200\" height=\"801\" srcset=\"https:\/\/www.lassebacklund.fi\/wp-content\/uploads\/2018\/08\/ota295_foto_0692.jpg 1200w, https:\/\/www.lassebacklund.fi\/wp-content\/uploads\/2018\/08\/ota295_foto_0692-300x200.jpg 300w, https:\/\/www.lassebacklund.fi\/wp-content\/uploads\/2018\/08\/ota295_foto_0692-768x513.jpg 768w, https:\/\/www.lassebacklund.fi\/wp-content\/uploads\/2018\/08\/ota295_foto_0692-1024x684.jpg 1024w\" sizes=\"auto, (max-width: 1200px) 100vw, 1200px\" \/><figcaption id=\"caption-attachment-9595\" class=\"wp-caption-text\">\u00d6versv\u00e4mning i Lappfj\u00e4rds centrum 1962. \u00c5ke Lindahls g\u00e5rd, Sandgrunds s\u00e5g och m\u00e5nga andra byggnader var helt omringade av vattenmassorna.<\/figcaption><\/figure>\n<div class=\"mceTemp\">\n<figure id=\"attachment_9598\" aria-describedby=\"caption-attachment-9598\" style=\"width: 986px\" class=\"wp-caption aligncenter\"><img loading=\"lazy\" decoding=\"async\" class=\"size-full wp-image-9598\" src=\"http:\/\/www.lassebacklund.fi\/wp-content\/uploads\/2018\/08\/Stens-Eriks-v\u00e4xthus.jpg\" alt=\"Stens Eriks g\u00e5rd och v\u00e4xthus n\u00e4ra Nybroforsen var verkligt hotade vid islossningen 1962. Byggnaderna stod tidigare bakom det aff\u00e4rshus som Eric byggde och som nu renoverats till bost\u00e4der.\" width=\"986\" height=\"623\" srcset=\"https:\/\/www.lassebacklund.fi\/wp-content\/uploads\/2018\/08\/Stens-Eriks-v\u00e4xthus.jpg 986w, https:\/\/www.lassebacklund.fi\/wp-content\/uploads\/2018\/08\/Stens-Eriks-v\u00e4xthus-300x190.jpg 300w, https:\/\/www.lassebacklund.fi\/wp-content\/uploads\/2018\/08\/Stens-Eriks-v\u00e4xthus-768x485.jpg 768w\" sizes=\"auto, (max-width: 986px) 100vw, 986px\" \/><figcaption id=\"caption-attachment-9598\" class=\"wp-caption-text\">Stens Eriks g\u00e5rd och v\u00e4xthus n\u00e4ra Nybroforsen var verkligt hotade vid islossningen 1962. Byggnaderna stod tidigare bakom det aff\u00e4rshus som Eric byggde och som nu renoverats till bost\u00e4der.<\/figcaption><\/figure>\n<div class=\"mceTemp\">\n<figure id=\"attachment_9597\" aria-describedby=\"caption-attachment-9597\" style=\"width: 993px\" class=\"wp-caption aligncenter\"><img loading=\"lazy\" decoding=\"async\" class=\"size-full wp-image-9597\" src=\"http:\/\/www.lassebacklund.fi\/wp-content\/uploads\/2018\/08\/Sk\u00e5despel-p\u00e5-nybroen.jpg\" alt=\"Lappfj\u00e4rdsborna beundrar naturens sk\u00e5despel fr\u00e5n Nybroen 1962. \" width=\"993\" height=\"499\" srcset=\"https:\/\/www.lassebacklund.fi\/wp-content\/uploads\/2018\/08\/Sk\u00e5despel-p\u00e5-nybroen.jpg 993w, https:\/\/www.lassebacklund.fi\/wp-content\/uploads\/2018\/08\/Sk\u00e5despel-p\u00e5-nybroen-300x151.jpg 300w, https:\/\/www.lassebacklund.fi\/wp-content\/uploads\/2018\/08\/Sk\u00e5despel-p\u00e5-nybroen-768x386.jpg 768w\" sizes=\"auto, (max-width: 993px) 100vw, 993px\" \/><figcaption id=\"caption-attachment-9597\" class=\"wp-caption-text\">Lappfj\u00e4rdsborna beundrar naturens sk\u00e5despel fr\u00e5n Nybroen 1962.<\/figcaption><\/figure>\n<p><span style=\"font-size: 15px; font-weight: 300;\">Mera foton av Selim Bj\u00f6rses hittar du genom att klicka<\/span><a href=\"https:\/\/www.lassebacklund.fi\/?page_id=9624\"><span style=\"color: #000080;\"><strong> H\u00c4R!<\/strong><\/span><\/a><\/p>\n<\/div>\n<\/div>\n<\/div>\n<\/div>\n<\/div>\n<\/div>\n<\/div>\n<\/div>\n","protected":false},"excerpt":{"rendered":"<p>Mera foton av Selim Bj\u00f6rses hittar du genom att klicka H\u00c4R!<\/p>\n","protected":false},"author":1,"featured_media":0,"parent":4555,"menu_order":1962,"comment_status":"closed","ping_status":"closed","template":"","meta":{"footnotes":""},"class_list":["post-9599","page","type-page","status-publish","hentry"],"_links":{"self":[{"href":"https:\/\/www.lassebacklund.fi\/index.php?rest_route=\/wp\/v2\/pages\/9599","targetHints":{"allow":["GET"]}}],"collection":[{"href":"https:\/\/www.lassebacklund.fi\/index.php?rest_route=\/wp\/v2\/pages"}],"about":[{"href":"https:\/\/www.lassebacklund.fi\/index.php?rest_route=\/wp\/v2\/types\/page"}],"author":[{"embeddable":true,"href":"https:\/\/www.lassebacklund.fi\/index.php?rest_route=\/wp\/v2\/users\/1"}],"replies":[{"embeddable":true,"href":"https:\/\/www.lassebacklund.fi\/index.php?rest_route=%2Fwp%2Fv2%2Fcomments&post=9599"}],"version-history":[{"count":3,"href":"https:\/\/www.lassebacklund.fi\/index.php?rest_route=\/wp\/v2\/pages\/9599\/revisions"}],"predecessor-version":[{"id":22782,"href":"https:\/\/www.lassebacklund.fi\/index.php?rest_route=\/wp\/v2\/pages\/9599\/revisions\/22782"}],"up":[{"embeddable":true,"href":"https:\/\/www.lassebacklund.fi\/index.php?rest_route=\/wp\/v2\/pages\/4555"}],"wp:attachment":[{"href":"https:\/\/www.lassebacklund.fi\/index.php?rest_route=%2Fwp%2Fv2%2Fmedia&parent=9599"}],"curies":[{"name":"wp","href":"https:\/\/api.w.org\/{rel}","templated":true}]}}