{"id":9547,"date":"2018-08-10T10:37:03","date_gmt":"2018-08-10T08:37:03","guid":{"rendered":"http:\/\/www.lassebacklund.fi\/?page_id=9547"},"modified":"2019-09-06T09:48:08","modified_gmt":"2019-09-06T06:48:08","slug":"tidningsartiklar-fran-ar-1895","status":"publish","type":"page","link":"https:\/\/www.lassebacklund.fi\/?page_id=9547","title":{"rendered":"Tidningsartiklar fr\u00e5n \u00e5r 1895."},"content":{"rendered":"<p><span style=\"color: #000080;\">Wasa-Posten 12.1.1895, brev fr\u00e5n Lappfj\u00e4rd:<\/span><\/p>\n<p><strong>V\u00e4derleken.<\/strong> \u00c4ntligen blev det d\u00e5 sl\u00e4df\u00f6re sista dagen av det g\u00e5ngna \u00e5ret. Dittills hade v\u00e4derleken varit s\u00e5 obest\u00e4ndig och nyckfull man g\u00e4rna kan t\u00e4nka sig. Ena dagen 15 grader kallt, andra dagen regn och t\u00f6v\u00e4der. Till juldagen kom dock s\u00e5 pass mycket sn\u00f6, att kyrkobes\u00f6kande fick \u00e5ka med sl\u00e4de och klingande bj\u00e4llror. Det var dock en, om ock klen tr\u00f6st efter det skarpa, bullrande k\u00e4rrf\u00f6ret, som \u00e4ven med god k\u00e4rra l\u00e5tit en f\u00f6rnimma, att m\u00e4nniskan \u00e4nnu besitter den forna skolgossens \u00f6mma ledamot. Den hittills bara vintern har gjort det bekymmersamt nog f\u00f6r m\u00e5ngen lantman, som ej f\u00f6rsett sitt lider med ved och sin lada med h\u00f6. Och nu sedan sl\u00e4df\u00f6ret kommit, blir det nog br\u00e5ttom att hinna verkst\u00e4lla de f\u00f6rsummade k\u00f6rslorna.<\/p>\n<p><strong>Aff\u00e4rer.<\/strong> \u00c4ven v\u00e5r ort har i kommersiellt h\u00e4nseende under de senaste tiderna visat synnerlig pigghet. Att dock n\u00e4ringslagen, som ger en r\u00e4tt att i dag vara skomakare och i morgon vara p\u00e5 v\u00e4g att bli kommerser\u00e5d, fr\u00e5n konservativt h\u00e5ll ses med oblida \u00f6gon, torde ej f\u00f6rv\u00e5na. Den bransch, som inom aff\u00e4rsv\u00e4rlden tycks vara mest lockande \u00e4r lanthandeln. Fr\u00e5n Amerika \u00e5terv\u00e4ndande emigranter sl\u00e5r sig med f\u00f6rk\u00e4rlek h\u00e4rp\u00e5. En ol\u00e4genhet, som m\u00e5ngen g\u00e5ng kan vara r\u00e4tt f\u00f6rtretlig, \u00e4r den gynnande \u201dinv\u00e4ndiga\u201d handeln. Dess ut\u00f6vare kan stundom f\u00f6r lika god handel, ha lokalen f\u00f6rsedd med disk, fack, v\u00e5gsk\u00e5lar m.m. som en till kronan betalande och endast d\u00e4rf\u00f6r, att han inte har direkt utg\u00e5ng till allm\u00e4n v\u00e4g, vara fritagen fr\u00e5n kronoutskylder.<\/p>\n<p><strong>Lappfj\u00e4rd mejeriaktiebolags mejeri<\/strong>, som oaktat det enda i sitt slag i kommunen visat mera nedsl\u00e5ende \u00e5rsdividender, har f\u00e5tt en farlig konkurrent i en av del\u00e4garna. \u00c4ven i Dagsmark by har ett kall-mejeri blivit inr\u00e4ttat. Kallmejerierna med sitt billiga anl\u00e4ggningskapital tycks s\u00e5lunda vilja g\u00f6ra \u00e5ngmejerierna platsen bestridig, till fromma f\u00f6r sm\u00f6rets kvalit\u00e9 vill vi dock ingalunda p\u00e5st\u00e5.<\/p>\n<p><strong>Allmogen<\/strong> som f\u00f6r n\u00e5gra \u00e5r sedan k\u00f6pte sitt \u201dbagarbr\u00f6d\u201d fr\u00e5n staden, erbjuds nu s\u00e5dant av tv\u00e5 bagerier i kyrkobyn och ett tredje i Dagsmark, som t\u00e4vlar om kundernas slantar.<\/p>\n<p><span style=\"color: #000080;\">I Wasa Tidning 14.2.1895<\/span> finns en notis &#8221;att landthandlanden Josef Eriksson Lillkull, fr\u00e5n Lappfj\u00e4rds socken uti sin egande handelsl\u00e4genhet \u00e5 bonden Ivar Karlsson L\u00e5ngs egande L\u00e5ng hemman i Dagsmark by af Lappfj\u00e4rd socken f\u00e5r s\u00e4lja mindre giftiga \u00e4mnen&#8221;.<\/p>\n<p><span style=\"color: #000080;\">Wasa Tidning 23.5.1895, artikel skriven av signaturen L.:<\/span><\/p>\n<p><strong>V\u00e5ren<\/strong> har intr\u00e4tt med v\u00e4rme och torka, vintern har f\u00f6r l\u00e4nge sedan farit sin kos, allting ter sig nu i sin sommarskrud, l\u00f6vtr\u00e4den st\u00e5r med fullt l\u00f6v och h\u00e4ggarna blommar.<\/p>\n<p><strong>V\u00e5rs\u00e5dden<\/strong> \u00e4r slutf\u00f6rd och potatiss\u00e4ttningen torde inom denna vecka bli slutf\u00f6rd, r\u00e5gbroddarna ser vackra och lovande ut men lite regn skulle ocks\u00e5 f\u00f6r den vara av stort v\u00e4rde. \u00c4ngarna lider v\u00e4rst av den ih\u00e5llande torkan, i synnerhet gamla lindor, som tycks ha sv\u00e5rt att kl\u00e4da sig i gr\u00f6nt, utan bibeh\u00e5ller fortfarande den f\u00f6r \u00e5rstiden opassande vita f\u00e4rgen. Nya och frodiga lindor visar d\u00e4remot en god b\u00f6rjan till h\u00f6v\u00e4xt.<\/p>\n<p><strong>H\u00f6bristen<\/strong> har varit k\u00e4nda \u00e4ven h\u00e4r denna v\u00e5r och outh\u00e4rdliga har sp\u00e5m\u00e4nnens sp\u00e5domar om l\u00e5ng v\u00e5r varit f\u00f6r alla h\u00f6beh\u00f6vande, d\u00e5 d\u00e4remot de icke beh\u00f6vande eller de som kunnat avyttra n\u00e5got lispund, \u00e5h\u00f6rt dylikt tal med stor tillfredsst\u00e4llelse. Och s\u00e5 kommer den tidiga och vackra v\u00e5ren och kullsl\u00e5r alla gamla m\u00e4rken och sp\u00e5mannens utsagor. Nog \u00e4r det ju b\u00e4st att f\u00f6rst se och sedan profetera.<\/p>\n<p><strong>Olycksh\u00e4ndelse<\/strong> har genom eldsv\u00e5da drabbat bonden Josef Riab\u00e4ck i det att dennes v\u00e4lbyggda g\u00e5rd med alla uthus, undantagande en spannm\u00e5lsbod och ribyggnaden, den 17 dennes totalt nedbrann. Endast lite s\u00e4ngkl\u00e4der och en symaskin kunde r\u00e4ddas, allt annat gick till aska, ett svinkreatur blev ocks\u00e5 innebr\u00e4nt. G\u00e5rden var f\u00f6rs\u00e4krad i B\u00f6tom brandstodsf\u00f6rening, men endast till l\u00e5gt belopp, skadan s\u00e4gs stiga till 9,000 mark. Sv\u00e5rt var det \u00e4ven f\u00f6r den tj\u00e4nsteflicka p\u00e5 st\u00e4llet, som miste allt vad hon hade i kl\u00e4der. Endast f\u00f6ga hann hon f\u00e5 b\u00e4rgat, f\u00f6r hon var p\u00e5 \u00e5kern med det \u00f6vriga g\u00e5rdsfolket n\u00e4r olyckan intr\u00e4ffade. Elden skall f\u00f6rst ha b\u00f6rjat i ladug\u00e5rden, d\u00e4r en vattenv\u00e4rmare fanns inr\u00e4ttad.<\/p>\n<p>F\u00f6r n\u00e5gon vecka sedan nedbrann \u00e4ven bysmedjan i Dagsmark, som var f\u00f6rs\u00e4krad i Lappfj\u00e4rds bolag. Allt detta talar f\u00f6r ett ordnat brandv\u00e4sende p\u00e5 landet och anskaffandet av flera och stora sprutor. Skulle en eldsv\u00e5da i denna torra tid intr\u00e4ffa h\u00e4r mitt i byn, d\u00e4r ett tjugotal g\u00e5rdar \u00e4r sammantr\u00e4ngda om varandra med rior och badstugor samt byns dyraste hus, folkskolan i centrum, s\u00e5 skulle h\u00e4r bli en \u00f6del\u00e4ggelse, som inte s\u00e5 snart kunde botas. Men likv\u00e4l \u00e4r st\u00f6rsta delen av byn emot anskaffande av en eller flera st\u00f6rre sprutor och s\u00e4ger endast: \u201dvi har rett oss f\u00f6rr, nog g\u00e5r det \u00e4ven h\u00e4refter\u201d.<\/p>\n<p>En h\u00e4ndelse av eget slag intr\u00e4ffade i g\u00e5r p\u00e5 morgonen. N\u00e4r en torparhustru kom tillbaka fr\u00e5n skogen, dit hon f\u00f6rt sina kor, s\u00e5g hon uppe i en talltopp ett bl\u00e4nkande f\u00f6rem\u00e5l. Den var l\u00e5ngt ifr\u00e5n landsv\u00e4gen n\u00e4r hon s\u00e5g det och hon blev lite r\u00e4dd men s\u00e5 t\u00e4nkte hon: \u201dva e fol f\u00e4nnin, no ska ja sia kva e je\u201d.<\/p>\n<p>Hon gick d\u00e4rf\u00f6r till st\u00e4llet och fann till sin stora gl\u00e4dje, att det var en vacker n\u00e4sduk av silke i lysande f\u00e4rger, som bl\u00e4nkte i tr\u00e4dtoppen. Men nu g\u00e4llde det att f\u00e5 den nedskaffad och med hj\u00e4lp av tv\u00e5 l\u00e5nga st\u00e4nger lyckades hon med det. Vem som dit praktiserat n\u00e4sduken \u00e4r tillsvidare en hemlighet, somliga p\u00e5st\u00e5r att n\u00e5gon f\u00e5gel haft den med sig fr\u00e5n det ovann\u00e4mnda brandst\u00e4llet, d\u00e4r ett och annat hann utkastas men lika troligt kan det enligt andra mening vara, att n\u00e5gon irrande luftballong nedsl\u00e4ppt den med n\u00e5gon inneh\u00e5ll i sig till ett m\u00e4rke om sig, men vem kan s\u00e5ga n\u00e5got i visshet h\u00e4rom.<\/p>\n<p>I dag har vi 36 Celsius v\u00e4rme.<\/p>\n<p><span style=\"color: #000080;\"><strong>Svenska \u00d6sterbotten 28.5.1895:<\/strong><\/span><\/p>\n<p><strong>Dagsmark.<\/strong> Tv\u00e5 eldsv\u00e5dor har nyligen intr\u00e4ffat h\u00e4rst\u00e4des. Vid den f\u00f6rra nedbrann bysmedjan, vid den senare en v\u00e4lbyggd g\u00e5rd med de flesta uthus, det hela v\u00e4rt n\u00e4rmare niotusen mark.<\/p>\n<p>Med anledning h\u00e4rav yttrar en brevskrivare i Wasa Tidning:<\/p>\n<p>Allt detta talar f\u00f6r ett ordnat brandv\u00e4sende p\u00e5 landet och anskaffandet af flera och stora sprutor. Skulle en eldsv\u00e5da i denna torra tid intr\u00e4ffa h\u00e4r i mitten af byn, d\u00e4r ett tjugotal g\u00e5rdar \u00e4ro sammantr\u00e4ngda om hvarandra med rior och badstugor samt byns dyraste hus, folkskolan, i centrum, s\u00e5 skulle h\u00e4r bli en \u00f6del\u00e4ggelse, som icke s\u00e5 snart kunde botas. Men likv\u00e4l \u00e4r st\u00f6rsta delen af byn emot anskaffandet af en eller flera st\u00f6rre sprutor och s\u00e4ger endast: \u0084vi har rett oss f\u00f6rr, nog g\u00e5r det \u00e4fven h\u00e4refter.\u201d<\/p>\n<p><span style=\"color: #000080;\">Svenska \u00d6sterbotten 31.5.1895, notiser skrivna av l\u00e4rare Wadstr\u00f6m:<\/span><\/p>\n<p><strong>L\u00e4sestugorna<\/strong>, som de senaste \u00e5ren varit utd\u00f6ende h\u00e4rst\u00e4des, har \u00e5ter uppr\u00e4ttats under ett livligt intresse fr\u00e5n allm\u00e4nhetens sida. Ett flertal v\u00e4lvilliga och f\u00f6r den svenska folkbildningen nit\u00e4lskande personer i Kristinestad l\u00e4mnar regelbundet tidningar, tidskrifter och b\u00f6cker till orten, som sedan f\u00f6rdelas till sju s\u00e4rskilda l\u00e4sestugor inom Lappfj\u00e4rds kommun. D\u00e5 \u00e4ven ortens st\u00e5ndspersoner l\u00e4mnar sina tidningar till disposition \u00e4r den dagliga pressen ganska manstarkt representerad vid v\u00e5ra l\u00e4sestugor, bland annat:<\/p>\n<h6>Nya Pressen, dagupplagan, 5 ex.<\/h6>\n<h6>Nya Pressen, veckoupplagan, 2 ex.<\/h6>\n<h6>Hufvudstadsbladet, 2 ex.<\/h6>\n<h6>Wasa Tidning, 5, ex.<\/h6>\n<h6>Vasabladet, 2 ex.<\/h6>\n<h6>L\u00f6rdagskv\u00e4llen, 2 ex.<\/h6>\n<h6>\u00c5bo Tidning, 2 ex.<\/h6>\n<h6>Svenska \u00d6sterbotten, 1 ex.<\/h6>\n<p>&nbsp;<\/p>\n<p>I de byar d\u00e4r l\u00e4sestugorna \u00e4r placerade i folkskolorna, \u00e4r d\u00e4r f\u00f6rlagda l\u00e5nebibliotek tillg\u00e4ngliga, d\u00e5 l\u00e4sestugorna bes\u00f6ks. Uti kyrkobyns folkskola har mag. Hannelius flitigt h\u00e5llit f\u00f6redrag i allm\u00e4nt nyttiga \u00e4mnen. P\u00e5 orten \u00e4r \u00e4ven en syf\u00f6rening i verksamhet, vilken \u00e4mnar verkst\u00e4lla ett lotteri, vid det lantbruksm\u00f6te som kommer att ordnas i kommunen. F\u00f6reningen arbetar n\u00e4rmast f\u00f6r anskaffande av l\u00e4rob\u00f6cker \u00e5t medell\u00f6sa skolbarn.<\/p>\n<p><strong>P\u00e5 kyrkost\u00e4mman<\/strong> behandlades f\u00f6r n\u00e5gon tid sedan kyrkor\u00e5dets f\u00f6rslag ang\u00e5ende kyrkans m\u00e5lning inv\u00e4ndigt under denna sommar. F\u00f6rslaget avb\u00f6jdes dock och man enades om att de disponibla medlen, som f\u00f6reslagits f\u00f6r kyrkans m\u00e5lning, tillsvidare skulle f\u00f6rr\u00e4ntas och i st\u00e4llet framdeles anv\u00e4ndas f\u00f6r bekostande av koppartak p\u00e5 kyrkan, vilket \u00e4r v\u00e4lbet\u00e4nkt emedan det nuvarande taket \u00e4r mindre h\u00e5llbart och kr\u00e4ver d\u00e4rf\u00f6r ofta kostbara reparationer.<\/p>\n<p><strong>V\u00e5rplanteringen<\/strong>, som nu \u00e4r slutf\u00f6rd har f\u00f6rsigg\u00e5tt under det h\u00e4rligaste v\u00e4der. Emellertid torde v\u00e5rs\u00e4den v\u00e4sentligen h\u00e4mnas i sin utveckling till f\u00f6ljd av den ih\u00e5llande torkan. Senaste l\u00f6rdag f\u00f6ll ett stilla regn, som dock var alldeles otillr\u00e4ckligt.<\/p>\n<p><strong>Sp\u00f6rsm\u00e5l,<\/strong> som nu inom kommunen livligt g\u00f6r sig g\u00e4llande, \u00e4r anskaffande av brandsprutor och brandsegel. I slutet av f\u00f6rra \u00e5ret f\u00f6retogs fr\u00e5gan f\u00f6rsta g\u00e5ngen till \u00e5tg\u00e4rd och sedan dess har \u00e4rendet i besv\u00e4rsv\u00e4g cirkulerat mellan guvern\u00f6rs\u00e4mbetet och kommunen. Att d\u00f6ma av det intresse som saken egnas torde det \u00e4nnu dr\u00f6ja ganska l\u00e4nge innan den \u00e4r utagerad. Allm\u00e4nt \u00e4r man dock ense om nyttan och behovet av dylika redskap men tvisten g\u00e4ller egentligen brandredskapens placerande p\u00e5 l\u00e4mpliga st\u00e4llen.<\/p>\n<p><strong>Huvudbyr\u00e5n f\u00f6r Hamburger penningelotteriet<\/strong> utvecklar en rastl\u00f6s verksamhet. Med varje post ankommer en massa brev till enskilda personer, vilka i livliga f\u00e4rger skildrar f\u00f6rdelarna och m\u00f6jligheten av att genom en ringa avgift vinna en lycka bringande summa. \u00c4ven den i den mest undanskymda skogsbygd boende torparen och inhysingen uppvaktas med skrivelser av antydd beskaffenhet. Dock har vi inte erfarit att n\u00e5gon \u00e4nnu skulle ha nappat p\u00e5 kroken.<\/p>\n<p><strong>Utvandringen,<\/strong> som f\u00f6r \u00e5tskilliga \u00e5r sedan var s\u00e5 livlig, tyckes nu fortfarande vara l\u00e4mnad i gl\u00f6mska. F\u00f6r n\u00e5gra m\u00e5nader sedan avreste fr\u00e5n Dagsmark by tvenne personer till s\u00f6dra Afrika. Uti fr\u00e5n dem ankomna brev klagas \u00e4ven \u00f6ver d\u00e4rst\u00e4des r\u00e5dande d\u00e5liga tider och arbetskraft.<\/p>\n<p><span style=\"color: #000080;\">Svenska \u00d6sterbotten 6.8.1895:<\/span><\/p>\n<p>H\u00f6b\u00e4rgningen p\u00e5g\u00e5r, men h\u00e4mmas av det regniga v\u00e4dret. Avkastningen blir i allm\u00e4nhet medelgod med undantag av torrare \u00e4ngar, som v\u00e4sentligen lidit av den tidigare r\u00e5dande torkan. I Dagsmark storsj\u00f6tr\u00e4sk, varifr\u00e5n under vanliga f\u00f6rh\u00e5llanden erh\u00e5lls en riklig sk\u00f6rd, har vattnet nu \u00f6kats i s\u00e5dan m\u00e4ngd, att b\u00e4rgningen sker med stor m\u00f6da. Fr\u00e5n den av lantm\u00e4taren Gr\u00f6ndahl \u00e5r 1854 efter verkst\u00e4lld avfattning uppr\u00e4ttade kartan, samt d\u00e4rp\u00e5 skedd utr\u00e4kning, inh\u00e4mtas att ifr\u00e5ga varande Storsj\u00f6 tr\u00e4sk vid ber\u00f6rda tillf\u00e4lle, inom de gr\u00e4nser det dittills av intressenterna h\u00e4vdats, bestod av 637 tunnland \u00e4ng, 29 tunnland \u00e4ngsmark och 31 tunnland inom tr\u00e4skets omr\u00e5de varande skogsmark och till \u00e4ng otj\u00e4nlig mark. Hela tr\u00e4skets arealvidd utgjorde s\u00e5lunda vid sagda tid omkring 694 tunnland och avkastningen pr\u00f6vades uppg\u00e5 till i medeltal 43,200 lispund. F\u00f6r n\u00e4rvarande b\u00e4rgas \u00e5rligen ifr\u00e5n tr\u00e4sket \u00f6ver 100,000 lispund, varav omkring 400 kor erh\u00e5ller sin f\u00f6da.<\/p>\n<p><span style=\"color: #000080;\">(<strong>tunnland<\/strong> var en gammal m\u00e5ttenhet, som var ungef\u00e4r ett halvt hektar. M\u00e5ttenheten <strong>lispund<\/strong> avskaffades p\u00e5 1850-talet men i folkmun anv\u00e4ndes det l\u00e5ngt senare och det torde motsvara 8,5 kg)<\/span><\/p>\n<p><span style=\"color: #000080;\">Vasabladets bilaga 27.8.1895.<\/span> D\u00e4r finns upptagna alla de v\u00e4rnpliktiga som inkallats till aktiv tj\u00e4nst i Vasa l\u00e4n. Tj\u00e4nstg\u00f6ringen b\u00f6rjar den 1 november och r\u00e4cker i 2 \u00e5r f\u00f6r de som har g\u00e5tt folkskola och i 3 \u00e5r f\u00f6r de som inte alls g\u00e5tt i folkskola. Fr\u00e5n Dagsmark inkallades endast arbetaren Klemets Erik Anders Josefsson med lott nr 5 och med 2 \u00e5rs tj\u00e4nstg\u00f6ringstid i Wasa skarpskyttebataljon i Nikolajstad. Erik Anders Klemets bytte sedan namn till Rosengren och flyttade vid storskiftet fr\u00e5n &#8221;lokalstomten&#8221; upp till \u00c5backan.<\/p>\n<p>Wasa Nyheter 21.12.1895. En folkh\u00f6gskola kommer att f\u00f6rl\u00e4ggas till Syd\u00f6sterbotten och det finns flera alternativa placeringsorter<\/p>\n<p>Vid best\u00e4mmandet av plats f\u00f6r den tillt\u00e4nkta folkh\u00f6gskolan, torde de enskilda kommunernas offervillighet f\u00f6r skolan komma att ha ett avg\u00f6rande inflytande. En livlig opinion talar emellertid f\u00f6r Tj\u00f6ck och medgivas m\u00e5ste, att orten inte saknar sina f\u00f6rtj\u00e4nster. Utom det, att densamma \u00e4r bel\u00e4gen i n\u00e4rheten av Kristinestad och l\u00e4mpliga elevkvarter i den t\u00e4tt bebyggda byn l\u00e4tt kunde erh\u00e5llas, finnes \u00e4ven en annan omst\u00e4ndighet, som talar f\u00f6r skolans f\u00f6rl\u00e4ggande till ber\u00f6rda st\u00e4lle. F\u00f6rra karakt\u00e4rsbyggnaden vid Tj\u00f6ckfors br\u00e4nneri kunde nu f\u00f6r billigt pris erh\u00e5llas och med mindre f\u00f6r\u00e4ndringar omdanas till folkh\u00f6gskola. Byggnaden, som ursprungligen kostat omkr. femtontusen mark, st\u00e5r nu j\u00e4mte uthus till salu f\u00f6r cirka tv\u00e5tusen mark. Om inte n\u00e5gon annan kommun genom rikliga uppoffringar drar skolan till sig, vore Tj\u00f6ck by av Kristinestads landsf\u00f6rsamling ingalunda n\u00e5gon ol\u00e4mplig plats f\u00f6r densamma.<\/p>\n<p><span style=\"color: #000080;\">Wasa Tidning 31.12.1895:<\/span><\/p>\n<p>Folkskolorna i Lappfj\u00e4rd har avslutat sina h\u00f6stterminer, och julfesterna som de sista veckorna k\u00e4mpade en h\u00e5rd kamp med m\u00e5ngen elevs l\u00e4xl\u00e4sning, har fr\u00f6jdat barnen och julgranen och \u201dbocken\u201d har avb\u00f6rdat sig sina skatter. Barnens gl\u00e4dje \u00f6ver julferierna torde ocks\u00e5 delas av l\u00e4rarna, inte endast i avseende av beh\u00f6vlig vila, utan ocks\u00e5 p\u00e5 grund av det h\u00f6ga antal elever, som har bes\u00f6kt skolorna.<\/p>\n<p>Lappfj\u00e4rds kyrkobys folkskola har s\u00e5lunda bes\u00f6kts av 82 elever, Dagsmarks skola av 47, H\u00e4rkmeri bys av 40 och M\u00f6rtmark finska av 37 elever. I grannkommunerna har Sideby haft 29, \u00d6mossa 47 och Kristinestads landsf\u00f6rsamlings skola i Tj\u00f6ck 48 elever.<\/p>\n","protected":false},"excerpt":{"rendered":"<p>Wasa-Posten 12.1.1895, brev fr\u00e5n Lappfj\u00e4rd: V\u00e4derleken. \u00c4ntligen blev det d\u00e5 sl\u00e4df\u00f6re sista dagen av det g\u00e5ngna \u00e5ret. Dittills hade v\u00e4derleken varit s\u00e5 obest\u00e4ndig och nyckfull man g\u00e4rna kan t\u00e4nka sig. Ena dagen 15 grader kallt, andra dagen regn och t\u00f6v\u00e4der. <a class=\"more-link\" href=\"https:\/\/www.lassebacklund.fi\/?page_id=9547\">Forts\u00e4tt l\u00e4sa <span class=\"screen-reader-text\">  Tidningsartiklar fr\u00e5n \u00e5r 1895.<\/span><span class=\"meta-nav\">&rarr;<\/span><\/a><\/p>\n","protected":false},"author":1,"featured_media":0,"parent":8548,"menu_order":1895,"comment_status":"closed","ping_status":"closed","template":"","meta":{"footnotes":""},"class_list":["post-9547","page","type-page","status-publish","hentry"],"_links":{"self":[{"href":"https:\/\/www.lassebacklund.fi\/index.php?rest_route=\/wp\/v2\/pages\/9547","targetHints":{"allow":["GET"]}}],"collection":[{"href":"https:\/\/www.lassebacklund.fi\/index.php?rest_route=\/wp\/v2\/pages"}],"about":[{"href":"https:\/\/www.lassebacklund.fi\/index.php?rest_route=\/wp\/v2\/types\/page"}],"author":[{"embeddable":true,"href":"https:\/\/www.lassebacklund.fi\/index.php?rest_route=\/wp\/v2\/users\/1"}],"replies":[{"embeddable":true,"href":"https:\/\/www.lassebacklund.fi\/index.php?rest_route=%2Fwp%2Fv2%2Fcomments&post=9547"}],"version-history":[{"count":11,"href":"https:\/\/www.lassebacklund.fi\/index.php?rest_route=\/wp\/v2\/pages\/9547\/revisions"}],"predecessor-version":[{"id":14055,"href":"https:\/\/www.lassebacklund.fi\/index.php?rest_route=\/wp\/v2\/pages\/9547\/revisions\/14055"}],"up":[{"embeddable":true,"href":"https:\/\/www.lassebacklund.fi\/index.php?rest_route=\/wp\/v2\/pages\/8548"}],"wp:attachment":[{"href":"https:\/\/www.lassebacklund.fi\/index.php?rest_route=%2Fwp%2Fv2%2Fmedia&parent=9547"}],"curies":[{"name":"wp","href":"https:\/\/api.w.org\/{rel}","templated":true}]}}