{"id":9542,"date":"2018-08-08T23:04:24","date_gmt":"2018-08-08T21:04:24","guid":{"rendered":"http:\/\/www.lassebacklund.fi\/?page_id=9542"},"modified":"2018-12-23T15:06:47","modified_gmt":"2018-12-23T14:06:47","slug":"tidningsartiklar-fran-1922","status":"publish","type":"page","link":"https:\/\/www.lassebacklund.fi\/?page_id=9542","title":{"rendered":"Tidningsartiklar fr\u00e5n 1922."},"content":{"rendered":"<p><span style=\"color: #000080;\">Syd-\u00d6sterbotten 4.1.1922:<\/span><\/p>\n<p>Folkm\u00e4ngdsf\u00f6r\u00e4ndringar \u00e5r 1921 i Lappfj\u00e4rd. F\u00f6dda 89 mk 79 kk = 168, varav o\u00e4kta 5 mk 5kk = 10. D\u00f6da 62 mk 57 kk = 119, varav i Amerika 8 mk. Inflyttade 28 mk 36 kk = 64. Utflyttade 42 mk 60 kk \u2013 102. Ing\u00e5ngna \u00e4ktenskap 41, uppl\u00f6sta 36, varav genom mannens d\u00f6d 22 och genom hustruns 14. Av de avlidna var 11 \u00f6ver 80 \u00e5r, n\u00e4mligen 9 kv och 2 m\u00e4n. \u00c4ldsta mannen var 82 \u00e5r och \u00e4ldsta kvinnan 89 \u00e5r. M\u00e4nnens antal har \u00f6kats med 13 och kvinnornas minskats med 2, hela folkm\u00e4ngden \u00e4r 7,444 personer, 3,805 m\u00e4n och 3,639 kvinnor. I Sideby bodde det 3 566 och i N\u00e4rpes 9215 personer.<\/p>\n<p><span style=\"margin: 0px; color: #000080; font-family: 'Helvetica','sans-serif';\">Syd-\u00d6sterbotten 28.1.1922:<\/span><\/p>\n<p><span style=\"margin: 0px; color: black; font-family: 'Helvetica','sans-serif';\">Ett st\u00f6rre l\u00f6nnbr\u00e4nneri, som var i full g\u00e5ng, f\u00f6rst\u00f6rdes av Dagsmarks skyddsk\u00e5r natten mot den 26 dennes i Lappfj\u00e4rdsbors skog ovanom Dagsmark by i n\u00e4rheten av prostbost\u00e4llets skog. Kockarna avl\u00e4gsnade sig skyndsamt, d\u00e5 skyddsk\u00e5risterna n\u00e4rmade sig, och lyckades undkomma i m\u00f6rkret. De torde ha varit finnar. Omkring 300 liter f\u00e4rdig deg j\u00e4mte andra br\u00e4nneritillbeh\u00f6r f\u00f6rst\u00f6rdes. Av allt att d\u00f6ma hade br\u00e4nneriet samma dag f\u00f6rts till st\u00e4llet med h\u00e4st. Varan, som br\u00e4nnarna antagligen haft f\u00f6r avsikt att avyttra vid kommande marknad i Kristinestad, blev dock denna g\u00e5ng f\u00f6rbrukad p\u00e5 detta s\u00e4tt. Ett vackert f\u00f6red\u00f6me av Dagsmark skyddsk\u00e5r, som borde efterf\u00f6ljas av andra.<\/span><\/p>\n<p><span style=\"color: #000080;\">Syd-\u00d6sterbotten 4.2.1922:<\/span><\/p>\n<p><strong>M\u00e4rkliga fornfynd. En boplats fr\u00e5n sten\u00e5ldern funnen?<\/strong><\/p>\n<p>Under nyodlingsarbeten p\u00e5 den s.k. L\u00e5ng\u00e4ngsbacken i Korsb\u00e4ck by i Dagsmark har man under senaste \u00e5r upphittat n\u00e5gra mycket m\u00e4rkliga stenredskap, vilka nyligen avs\u00e4nts till nationalmuseet i Helsingfors. Bland fynden m\u00e5 n\u00e4mnas: n\u00e5gra slipstenar, p\u00e5 vilka stenredskap blivit slipade. Den st\u00f6rsta av dem har kvadratisk form med 50 cm sida och tv\u00e5 slipytor, av vilka den ena visar kretsformig n\u00f6tning, beroende d\u00e4rp\u00e5, att det stenredskap, som slipats f\u00f6rts med handen i en krets mot slipstenen. Den andra slipytan \u00e4r tr\u00e5gformigt urgr\u00f6pt genom att stenredskapet f\u00f6rts av och an. De \u00f6vriga avs\u00e4nda f\u00f6rem\u00e5len voro 8 stycken antagligen naturstenar, en r\u00e4tt vacker pilspets av kvarts, 2 stenmejslar och 2 brynen. D\u00e5 alla dessa f\u00f6rem\u00e5l blivit hittade n\u00e4ra varandra, torde de h\u00e4rstamma fr\u00e5n en boplats under sten\u00e5ldern, kanske ett fiskl\u00e4ge, ty enligt vad markens beskaffenhet utvisar har en vik av havet g\u00e5tt upp till n\u00e4rheten av fyndplatsen. P\u00e5 motsatta sidan om n\u00e4mnda plats, omkring en och en halv km \u00f6ver den forna havsviken finns forngravar med ungef\u00e4r 2 m genomsk\u00e4rning, vilket allt bestyrker antagandet att man h\u00e4r funnit en boplats fr\u00e5n \u00e4ldsta tider. Det vore \u00f6nskv\u00e4rt, att platsen ifr\u00e5ga blev f\u00f6rem\u00e5l f\u00f6r arkeologisk unders\u00f6kning. Kanske den i n\u00e5gon m\u00e5n skall bringa ljus \u00f6ver sten\u00e5lderns folk i v\u00e5rt land.<\/p>\n<p><span style=\"margin: 0px; color: #000080; font-family: 'Helvetica','sans-serif';\">Syd-\u00d6sterbotten 22.2.1922: <\/span><\/p>\n<p><span style=\"margin: 0px; color: black; font-family: 'Helvetica','sans-serif';\"><span style=\"color: #000080;\">I b\u00f6rjan p\u00e5 1922 gavs det ett f\u00f6rslag till riksdagen att religionsundervisningen i skolorna skulle avskaffas och i st\u00e4llet det bli n\u00e5gon typ av moralundervisning. I s\u00e5 gott som samtliga byar ordnades det protestm\u00f6tet mot detta f\u00f6rslag.<\/span> <\/span><\/p>\n<p><span style=\"margin: 0px; color: black; font-family: 'Helvetica','sans-serif';\">\u00a0<\/span><span style=\"margin: 0px; color: black; font-family: 'Helvetica','sans-serif';\">Vid ett talrikt bes\u00f6kt m\u00f6te i Dagsmark den 19 februari besl\u00f6ts att inl\u00e4mna till herrar riksdagsm\u00e4n en s\u00e5lydande protest: Vi m\u00e5ste p\u00e5 det best\u00e4mdaste mots\u00e4tta oss den p\u00e5t\u00e4nkta obligatoriska moralundervisningen vilken icke har sin grund i Guds ord. Vi anse att en s\u00e5dan undervisning kommer att medf\u00f6ra ober\u00e4kneliga f\u00f6ljder f\u00f6r v\u00e5rt folk. Den h\u00f6gsta och renaste moralen st\u00e5r att finnas i Guds ords k\u00e4lla. Och anser vi att endast denna sedel\u00e4ra vid sidan av de \u00f6vriga kristendoms sanningarna forts\u00e4ttningsvis bibeh\u00e5lles och undervisas i v\u00e5ra skolor.<\/span><\/p>\n<p><span style=\"margin: 0px; color: black; font-family: 'Helvetica','sans-serif';\">\u00a0<\/span><span style=\"margin: 0px; color: black; font-family: 'Helvetica','sans-serif';\">Dagsmark den 20 febr, 1922. Av m\u00f6tet befullm\u00e4ktigade: Erland B\u00e5sk, bonde; J. H. Storkull, handlande; Viktor Nyroos, bonde; Henrik Klemets, bonde; Erik Rosenback, handlande; Erik Rosengren, medlem av kommunalfullm\u00e4ktige; Josef Backlund, medlem av kommunalfullm\u00e4ktige; Viktor Eklund, n\u00e4mndeman; Viktor S\u00f6derkvist, skr\u00e4ddare.<\/span><\/p>\n<p><span style=\"margin: 0px; color: black; font-family: 'Helvetica','sans-serif';\">\u00a0<\/span><span style=\"margin: 0px; color: #000080; font-family: 'Helvetica','sans-serif';\">Syd-\u00d6sterbotten 1.4.1922:<\/span><\/p>\n<p><span style=\"margin: 0px; font-family: 'Helvetica','sans-serif';\"><span style=\"color: #000000;\">Stadsfullm\u00e4ktige i Kristinestad planerar att bygga en ny samskola av sten och har fr\u00e5gat av de svenska grannkommunerna om de \u00e4r villiga att tillsammans satsa en tredjedel av kostnaderna. Staden har beslutat att sj\u00e4lva satsa tv\u00e5 tredjedelar.<\/span><\/span><\/p>\n<p><span style=\"margin: 0px; font-family: 'Helvetica','sans-serif';\"><span style=\"color: #000000;\">Samtliga kommuners fullm\u00e4ktige har beslutat att g\u00e5 med, allts\u00e5 N\u00e4rpes, \u00d6vermark, Tj\u00f6ck, Lappfj\u00e4rd och Sideby. En kommitt\u00e9 har valts f\u00f6r att f\u00f6ra \u00e4rendet vidare, fr\u00e5n N\u00e4rpes Aug. T\u00e5g, fr\u00e5n Tj\u00f6ck Michael Mangs, fr\u00e5n \u00d6vermark Johan Franz\u00e9n, fr\u00e5n Sideby Hemming Hanses och fr\u00e5n Lappfj\u00e4rd Johan Starcke med handlanden Henrik Ingves som suppleant.<\/span><\/span><\/p>\n<p><span style=\"margin: 0px; color: #000080; font-family: 'Helvetica','sans-serif';\">Syd-\u00d6sterbotten 5.7.1922.<\/span><\/p>\n<h5><strong><span style=\"margin: 0px; font-family: 'Helvetica','sans-serif';\"><span style=\"color: #000000;\">Korsn\u00e4s.<\/span><\/span><\/strong><\/h5>\n<p><span style=\"margin: 0px; font-family: 'Helvetica','sans-serif';\"><span style=\"color: #000000;\">\u201dEn obarmh\u00e4rtig l\u00e4nsman\u201d kallar en meddelare l\u00e4nsmannen i Korsn\u00e4s med anledning av att han, j\u00e4mte sina poliser, strax f\u00f6re midsommar f\u00f6rst\u00f6rde 4 l\u00f6nnbr\u00e4nnerier och p\u00e5 samma g\u00e5ng midsommargl\u00e4djen f\u00f6r en hel hop m\u00e4nniskor.<\/span><\/span><\/p>\n<p><span style=\"margin: 0px; color: #000080; font-family: 'Helvetica','sans-serif';\">(den h\u00e4r omtalade l\u00e4nsmannen var Torsten Wadstr\u00f6m (1893-1925) fr\u00e5n Dagsmark. Han var son till folkskoll\u00e4raren J. J. Wadstr\u00f6m, f\u00f6re flytten till Korsn\u00e4s var han skyddsk\u00e5rschef i Dagsmark)<\/span><\/p>\n<p><span style=\"margin: 0px; color: #000080; font-family: 'Helvetica','sans-serif';\">Syd-\u00d6sterbotten 22.7.1922:<\/span><\/p>\n<p><strong><span style=\"margin: 0px; font-family: 'Helvetica','sans-serif';\"><span style=\"color: #000000;\">Skyddsk\u00e5rens t\u00e4vlingar.<\/span><\/span><\/strong><\/p>\n<p><span style=\"margin: 0px; font-family: 'Helvetica','sans-serif';\"><span style=\"color: #000000;\">Skyddsk\u00e5ren i Kristinestad hade ordnat en 2-dagars t\u00e4vling i skytte och idrott ute p\u00e5 Kumlet. Noteras kan att Valdemar Rosengren fr\u00e5n Dagsmark vann b\u00e5de pistolskyttet och 3-kampen.<\/span><\/span><\/p>\n<p><span style=\"margin: 0px; color: #000080; font-family: 'Helvetica','sans-serif'; font-size: 12pt;\">Syd-\u00d6sterbottens referat fr\u00e5n kommunalfullm\u00e4ktiges m\u00f6te, 29.7.1922.<\/span><\/p>\n<p><span style=\"margin: 0px; color: black; font-family: 'Helvetica','sans-serif'; font-size: 12pt;\">F\u00f6redrogs likaledes en skrivelse fr\u00e5n Dagsmark byam\u00e4n, varuti de anh\u00f6ll om att fullm\u00e4ktige ville vidta \u00e5tg\u00e4rder f\u00f6r att kringvandrande v\u00e4gdrivare icke allt f\u00f6r l\u00e4tt f\u00e5 fotf\u00e4ste inom kommunen. Efter f\u00f6rd diskussion besl\u00f6ts, att tills\u00e4lta en kommitt\u00e9, som i f\u00f6rsta hand skulle uppg\u00f6ra en f\u00f6rteckning \u00f6ver alla personer, som ej h\u00f6ra till kommunen F\u00f6rteckningen inl\u00e4mnas till fullm\u00e4ktige, granskning i detta syfte att f\u00e5 mantalsl\u00e4ngderna klara \u00e4vensom att f\u00e5 personer, vilka i l\u00e4ngre tid vistats utom kommunen att uttaga sina flyttningsbevis i laga ordning. <\/span><\/p>\n<p><span style=\"margin: 0px; color: black; font-family: 'Helvetica','sans-serif'; font-size: 12pt;\">I kommitt\u00e9n invaldes l\u00e4raren A. E. Appel, kommunaln. ordf. Viktor Rosenstedt, b\u00f6nderna Erland B\u00e5sk, K. H. Isuls, H. A. Ojala, Johannes Berg och poliskonstapel K. J. Nyqvist.<\/span><\/p>\n<p>Kommunall\u00e4karen hade anh\u00e5llit om att l\u00e4karbostaden skulle flyttas till Gerhaddas g\u00e5rd men ett enh\u00e4lligt fullm\u00e4ktige ans\u00e5g att l\u00e4karbostaden b\u00f6r finnas d\u00e4r den nu \u00e4r, bredvid apoteket.<\/p>\n<p><span style=\"margin: 0px; color: #000080; font-family: 'Helvetica','sans-serif';\">Syd-\u00d6sterbotten 19.8.1922, klippt ur Vasabladet.<\/span><\/p>\n<p><strong><span style=\"margin: 0px; font-family: 'Helvetica','sans-serif';\"><span style=\"color: #000000;\">B\u00f6tom nykterhetsn\u00e4mnd f\u00f6rst\u00f6r l\u00f6nnbr\u00e4nneri.<\/span><\/span><\/strong><\/p>\n<p><span style=\"margin: 0px; font-family: 'Helvetica','sans-serif';\"><span style=\"color: #000000;\">\u00a0<\/span><\/span><span style=\"margin: 0px; font-family: 'Helvetica','sans-serif';\"><span style=\"color: #000000;\">Fyra poliskonstaplar, representerande B\u00f6tom nykterhetsn\u00e4mnd har f\u00f6rst\u00f6rt ett l\u00f6nnbr\u00e4nneri i Dagsmark, som fanns invid Juho L\u00e4hdesm\u00e4kis f\u00e4hus. Omkring 50 \u2013 60 liter drank och 2 liter f\u00e4rdig vara \u00f6verkoms. Br\u00e4nneriets har varit i g\u00e5ng en l\u00e4ngre tid.<\/span><\/span><\/p>\n<p><span style=\"margin: 0px; line-height: 115%; font-family: 'Helvetica','sans-serif'; font-size: 11pt;\"><span style=\"color: #000000;\">Senare samma natt fann konstaplarna i en viss Uusitalos bostad n\u00e5gra delar av en br\u00e4nningsapparat.<\/span><\/span><\/p>\n<p>&nbsp;<\/p>\n","protected":false},"excerpt":{"rendered":"<p>Syd-\u00d6sterbotten 4.1.1922: Folkm\u00e4ngdsf\u00f6r\u00e4ndringar \u00e5r 1921 i Lappfj\u00e4rd. F\u00f6dda 89 mk 79 kk = 168, varav o\u00e4kta 5 mk 5kk = 10. D\u00f6da 62 mk 57 kk = 119, varav i Amerika 8 mk. Inflyttade 28 mk 36 kk = 64. <a class=\"more-link\" href=\"https:\/\/www.lassebacklund.fi\/?page_id=9542\">Forts\u00e4tt l\u00e4sa <span class=\"screen-reader-text\">  Tidningsartiklar fr\u00e5n 1922.<\/span><span class=\"meta-nav\">&rarr;<\/span><\/a><\/p>\n","protected":false},"author":1,"featured_media":0,"parent":7430,"menu_order":1922,"comment_status":"closed","ping_status":"closed","template":"","meta":{"footnotes":""},"class_list":["post-9542","page","type-page","status-publish","hentry"],"_links":{"self":[{"href":"https:\/\/www.lassebacklund.fi\/index.php?rest_route=\/wp\/v2\/pages\/9542","targetHints":{"allow":["GET"]}}],"collection":[{"href":"https:\/\/www.lassebacklund.fi\/index.php?rest_route=\/wp\/v2\/pages"}],"about":[{"href":"https:\/\/www.lassebacklund.fi\/index.php?rest_route=\/wp\/v2\/types\/page"}],"author":[{"embeddable":true,"href":"https:\/\/www.lassebacklund.fi\/index.php?rest_route=\/wp\/v2\/users\/1"}],"replies":[{"embeddable":true,"href":"https:\/\/www.lassebacklund.fi\/index.php?rest_route=%2Fwp%2Fv2%2Fcomments&post=9542"}],"version-history":[{"count":12,"href":"https:\/\/www.lassebacklund.fi\/index.php?rest_route=\/wp\/v2\/pages\/9542\/revisions"}],"predecessor-version":[{"id":10800,"href":"https:\/\/www.lassebacklund.fi\/index.php?rest_route=\/wp\/v2\/pages\/9542\/revisions\/10800"}],"up":[{"embeddable":true,"href":"https:\/\/www.lassebacklund.fi\/index.php?rest_route=\/wp\/v2\/pages\/7430"}],"wp:attachment":[{"href":"https:\/\/www.lassebacklund.fi\/index.php?rest_route=%2Fwp%2Fv2%2Fmedia&parent=9542"}],"curies":[{"name":"wp","href":"https:\/\/api.w.org\/{rel}","templated":true}]}}