{"id":9502,"date":"2018-07-30T15:16:46","date_gmt":"2018-07-30T13:16:46","guid":{"rendered":"http:\/\/www.lassebacklund.fi\/?page_id=9502"},"modified":"2019-11-10T14:01:29","modified_gmt":"2019-11-10T12:01:29","slug":"soderbergs-slakt","status":"publish","type":"page","link":"https:\/\/www.lassebacklund.fi\/?page_id=9502","title":{"rendered":"S\u00f6derbergs sl\u00e4kt."},"content":{"rendered":"<p>Den parcell som Erik Rosenback \u00e5r 1916 k\u00f6pte av Erik Anders Roseng\u00e5rd gavs namnet S\u00f6derberg. Namnet kommer troligtvis av den soldat- och skr\u00e4ddarsl\u00e4kt S\u00f6derberg som verkade som torpare h\u00e4r p\u00e5 1800-talet. Det \u00e4r sv\u00e5rt att exakt placera det gamla S\u00f6derbergs torpet men s\u00e4kerligen var det i n\u00e4rheten av Egil Rosenbacks g\u00e5rd. D\u00e5 Erik \u00e5r 1916 f\u00f6rv\u00e4rvade markomr\u00e5det S\u00f6derberg fanns det dock inga byggnader d\u00e4r.<\/p>\n<h3>Sl\u00e4kthistoria.<\/h3>\n<p>Karl <span style=\"text-decoration: underline;\">Benjamin<\/span> Engqvist, senare S\u00f6derberg f\u00f6ddes i Bj\u00f6rneborgs l\u00e4n 1758. Han skulle ha varit son till en linv\u00e4vare J\u00f6ran Engqvist.\u00a0Benjamin var gift med Maria Jakobsdotter (f. 1752) och de fick bland annat s\u00f6nerna Carl Fredrik Benjaminsson S\u00f6derberg (1778-1840) och en som hette Jakob. Vill du l\u00e4sa mera denne Jakob, skall du klicka <a href=\"http:\/\/www.lassebacklund.fi\/?page_id=9783\"><span style=\"text-decoration: underline;\"><span style=\"color: #000080; text-decoration: underline;\"><strong>H\u00c4R<\/strong><\/span><\/span><\/a>, rulla sedan ned till nr 23.<\/p>\n<p>Carl Fredrik S\u00f6derberg (1778-1840) var skr\u00e4ddare och han gifte sig 1801 med Lisa Henriksdotter (1780-1862)\u00a0fr\u00e5n Lammikoski i Stor\u00e5 och de flyttade sedan till Dagsmark.<\/p>\n<p>Carl Fredrik och Lisa fick bland annat dottern Eva Agata S\u00f6derberg (1818-1888) och hon gifte sig med Johan Henrik Thomasson Sorvari eller Kortesniemi (1804-1881) fr\u00e5n Stor\u00e5. De blev torpare p\u00e5 Lillkull hemman p\u00e5 Brobackan och de bytte d\u00e5 namn till Lillkull. Carl Fredrik och Lisa fick ocks\u00e5 dottern Kajsa Sofia S\u00f6derberg (1813-1867) som har efterl\u00e4mnat ett stort antal sl\u00e4ktingar i Dagsmark.<\/p>\n<p>De h\u00e4r torparna Johan Henrik och Eva Agata Lillkull fick tre barn:<\/p>\n<h5><strong>1. Anna Kajsa<\/strong><\/h5>\n<p>(1839-1905) gift med Gustaf Eriksson L\u00e5ng (1836-1919). De var b\u00f6nder p\u00e5 L\u00e5ng hemman och bodde n\u00e4ra &#8221;Westeras korsningen&#8221;. Gustaf var bror till den Josef L\u00e5ng som var bonde p\u00e5 \u00c5ddin och som tog &#8221;\u00c5dd-Ivar&#8221; till fosterson.<\/p>\n<p>Anna Kajsa och Gustaf fick endast en son som\u00a0blev vuxen, n\u00e4mligen Viktor &#8221;K\u00e5rk-Viktor&#8221;\u00a0L\u00e5ng (1866-1853) som sedan bytte namn till Eklund och han har m\u00e5nga \u00e4ttlingar.<\/p>\n<h5><strong>2. Vilhelmina<\/strong><\/h5>\n<p>(1849-1927) gift med Karl Josefsson Korsb\u00e4ck (1850-1917). De var b\u00f6nder i Korsb\u00e4ck och fick m\u00e5nga barn:<\/p>\n<p>-Karl Henrik Liljeblad (1874-1927) gift med Vilhelmina Korsb\u00e4ck (1876-1929).<\/p>\n<p>-Adelina (1878-1959) som gifte sig med Henrik Lindroos (1879-1951), bosatta i Kvarn\u00e5.<\/p>\n<p>-Viktor Sten (1880-1974) gift med Amanda Rosenback (1888-1959).<\/p>\n<p>-Johannes Stenlund (1883-1942) gift med Vilhelmina Knus (1886-1972).<\/p>\n<p>-Ida (1885-1964) gift med Viktor Bergqvist (1884-1940) b\u00f6nder i Korsb\u00e4ck<\/p>\n<p>-Amanda (1888-1974) gift med <a href=\"http:\/\/www.lassebacklund.fi\/?page_id=3179\">Erik Anders Englund <\/a>(1880-1948), b\u00f6nder i Palon.<\/p>\n<p>-Erland (1891-1935) gift 2 g\u00e5nger, far bland annat till Karl Korsb\u00e4ck som var gift med Elsi Bj\u00f6rklund, fr\u00e5n <a href=\"http:\/\/www.lassebacklund.fi\/?page_id=569\">Antas\u00a0p\u00e5 Sebasbackan.<\/a><\/p>\n<p>-Emil (1893-1952) gift och bosatt i N\u00e4rpes.<\/p>\n<h5><strong>3. Henrik Johan Lillkull<\/strong><\/h5>\n<p>senare Sj\u00f6gren (1857-1907), gift 2 g\u00e5nger, flera barn som for till Amerika. Bosatt p\u00e5 Sj\u00f6gren i Kvarn\u00e5. Endast dottern Hilda (1890-1969) var bosatt i Dagsmark, hon var gift med Viktor &#8221;Mattas-Viktor&#8221; Grans (1890-1973) bosatta p\u00e5 Sebasbackan.<\/p>\n","protected":false},"excerpt":{"rendered":"<p>Den parcell som Erik Rosenback \u00e5r 1916 k\u00f6pte av Erik Anders Roseng\u00e5rd gavs namnet S\u00f6derberg. Namnet kommer troligtvis av den soldat- och skr\u00e4ddarsl\u00e4kt S\u00f6derberg som verkade som torpare h\u00e4r p\u00e5 1800-talet. Det \u00e4r sv\u00e5rt att exakt placera det gamla S\u00f6derbergs <a class=\"more-link\" href=\"https:\/\/www.lassebacklund.fi\/?page_id=9502\">Forts\u00e4tt l\u00e4sa <span class=\"screen-reader-text\">  S\u00f6derbergs sl\u00e4kt.<\/span><span class=\"meta-nav\">&rarr;<\/span><\/a><\/p>\n","protected":false},"author":1,"featured_media":0,"parent":6534,"menu_order":0,"comment_status":"closed","ping_status":"closed","template":"","meta":{"footnotes":""},"class_list":["post-9502","page","type-page","status-publish","hentry"],"_links":{"self":[{"href":"https:\/\/www.lassebacklund.fi\/index.php?rest_route=\/wp\/v2\/pages\/9502","targetHints":{"allow":["GET"]}}],"collection":[{"href":"https:\/\/www.lassebacklund.fi\/index.php?rest_route=\/wp\/v2\/pages"}],"about":[{"href":"https:\/\/www.lassebacklund.fi\/index.php?rest_route=\/wp\/v2\/types\/page"}],"author":[{"embeddable":true,"href":"https:\/\/www.lassebacklund.fi\/index.php?rest_route=\/wp\/v2\/users\/1"}],"replies":[{"embeddable":true,"href":"https:\/\/www.lassebacklund.fi\/index.php?rest_route=%2Fwp%2Fv2%2Fcomments&post=9502"}],"version-history":[{"count":12,"href":"https:\/\/www.lassebacklund.fi\/index.php?rest_route=\/wp\/v2\/pages\/9502\/revisions"}],"predecessor-version":[{"id":14855,"href":"https:\/\/www.lassebacklund.fi\/index.php?rest_route=\/wp\/v2\/pages\/9502\/revisions\/14855"}],"up":[{"embeddable":true,"href":"https:\/\/www.lassebacklund.fi\/index.php?rest_route=\/wp\/v2\/pages\/6534"}],"wp:attachment":[{"href":"https:\/\/www.lassebacklund.fi\/index.php?rest_route=%2Fwp%2Fv2%2Fmedia&parent=9502"}],"curies":[{"name":"wp","href":"https:\/\/api.w.org\/{rel}","templated":true}]}}