{"id":9489,"date":"2018-07-29T12:32:11","date_gmt":"2018-07-29T10:32:11","guid":{"rendered":"http:\/\/www.lassebacklund.fi\/?page_id=9489"},"modified":"2018-07-29T14:56:02","modified_gmt":"2018-07-29T12:56:02","slug":"telefonkatalogen-1911","status":"publish","type":"page","link":"https:\/\/www.lassebacklund.fi\/?page_id=9489","title":{"rendered":"Telefonkatalogen 1911."},"content":{"rendered":"<p><span style=\"font-family: 'Helvetica','sans-serif';\"><span style=\"color: #000000; font-size: medium;\">\u00c5r 1911 gav Kristinestads Telefon Ab ut en telefonkatalog, och i b\u00f6rjan av den finns en utredning p\u00e5 de olika telefonn\u00e4ten i nejden. Bolaget sj\u00e4lv hade ett n\u00e4t som str\u00e4ckte sig \u00f6ver Wasa, Kask\u00f6, N\u00e4rpes, Pjelax, Yttermark, \u00d6fvermark och P\u00f6rtom. Ut\u00f6ver det egna n\u00e4tet hade de samtrafik ordnad med Strand Telefonf\u00f6rening som \u00e4gde en ledning upp mot Korsn\u00e4s, Frans Henriksons ledning till Bj\u00f6rneborg, J. Eriksson ledning genom H\u00e4rkmeri till Sideby och ett par ledningar till som gick till Kauhajoki och Teuva.<\/span><\/span><\/p>\n<p><span style=\"font-family: 'Helvetica','sans-serif';\"><span style=\"color: #000000; font-size: medium;\">Kristinestads Telefon hade ocks\u00e5 samarbete med J. J. Rantam\u00e4ki &amp; C:o, som hade centraler i Dagsmark, Wanhakyl\u00e4, Kodesj\u00e4rvi, Wesij\u00e4rvi och Isojoki. Fr\u00e5n Isojoki kunde man ringa vidare till Honkajoki och till Karvia.<\/span><\/span><\/p>\n<p><span style=\"font-family: 'Helvetica','sans-serif';\"><span style=\"color: #000000; font-size: medium;\">Abonnenterna var indelade i tv\u00e5 grupper. F\u00f6retagare, \u00e4mbetsinnehavare och r\u00f6relseidkare h\u00f6rde till den dyrare kategorin, som skulle betala 60 mark i \u00e5rsavgift medan privatpersoner slapp undan med 35 mark.<\/span><\/span><\/p>\n<p><span style=\"font-family: 'Helvetica','sans-serif';\"><span style=\"color: #000000; font-size: medium;\">Samtalen fick r\u00e4cka i perioder om 4 minuter och l\u00e4ngsta samtalstiden var 2 perioder. Samtalen debiterades\u00a0den som ringde upp och det n\u00e4mns speciellt att \u00e4ven om det var n\u00e5gon annan \u00e4n den tillt\u00e4nkta samtalsmottagaren som svarade i andra \u00e4ndan, s\u00e5 skulle det betalas f\u00f6r det. Och s\u00e5 p\u00e5minde de om att ge en slutsignal, n\u00e4r samtalet var avslutat.<\/span><\/span><\/p>\n<p><span style=\"font-family: 'Helvetica','sans-serif';\"><span style=\"color: #000000; font-size: medium;\">I Dagsmark fanns det telefoner endast hos folkskoll\u00e4rare Wadstr\u00f6m med nummer 1, jordbrukaren Pellas W. med nummer 2, s\u00e5gegaren V. Nylund som hade nummer5, handlanden J. H. Storkull som hade nummer 6 och Dagsmark Andelshandel som hade nummer 7. Centralen i Dagsmark sk\u00f6ttes av Maija Greta Grans.<\/span><\/span><\/p>\n<figure id=\"attachment_9491\" aria-describedby=\"caption-attachment-9491\" style=\"width: 1512px\" class=\"wp-caption aligncenter\"><img loading=\"lazy\" decoding=\"async\" class=\"size-full wp-image-9491\" src=\"http:\/\/www.lassebacklund.fi\/wp-content\/uploads\/2018\/07\/P\u00e4rmbild-av-katalog-1911.jpg\" alt=\"Telefonkatalogen fr\u00e5n \u00e5r 1911, som finns p\u00e5 stadens museum Carlsro.\" width=\"1512\" height=\"2016\" srcset=\"https:\/\/www.lassebacklund.fi\/wp-content\/uploads\/2018\/07\/P\u00e4rmbild-av-katalog-1911.jpg 1512w, https:\/\/www.lassebacklund.fi\/wp-content\/uploads\/2018\/07\/P\u00e4rmbild-av-katalog-1911-225x300.jpg 225w, https:\/\/www.lassebacklund.fi\/wp-content\/uploads\/2018\/07\/P\u00e4rmbild-av-katalog-1911-768x1024.jpg 768w\" sizes=\"auto, (max-width: 1512px) 100vw, 1512px\" \/><figcaption id=\"caption-attachment-9491\" class=\"wp-caption-text\">Telefonkatalogen fr\u00e5n \u00e5r 1911, som finns p\u00e5 stadens museum Carlsro.<\/figcaption><\/figure>\n","protected":false},"excerpt":{"rendered":"<p>\u00c5r 1911 gav Kristinestads Telefon Ab ut en telefonkatalog, och i b\u00f6rjan av den finns en utredning p\u00e5 de olika telefonn\u00e4ten i nejden. Bolaget sj\u00e4lv hade ett n\u00e4t som str\u00e4ckte sig \u00f6ver Wasa, Kask\u00f6, N\u00e4rpes, Pjelax, Yttermark, \u00d6fvermark och P\u00f6rtom. <a class=\"more-link\" href=\"https:\/\/www.lassebacklund.fi\/?page_id=9489\">Forts\u00e4tt l\u00e4sa <span class=\"screen-reader-text\">  Telefonkatalogen 1911.<\/span><span class=\"meta-nav\">&rarr;<\/span><\/a><\/p>\n","protected":false},"author":1,"featured_media":0,"parent":3542,"menu_order":0,"comment_status":"closed","ping_status":"closed","template":"","meta":{"footnotes":""},"class_list":["post-9489","page","type-page","status-publish","hentry"],"_links":{"self":[{"href":"https:\/\/www.lassebacklund.fi\/index.php?rest_route=\/wp\/v2\/pages\/9489","targetHints":{"allow":["GET"]}}],"collection":[{"href":"https:\/\/www.lassebacklund.fi\/index.php?rest_route=\/wp\/v2\/pages"}],"about":[{"href":"https:\/\/www.lassebacklund.fi\/index.php?rest_route=\/wp\/v2\/types\/page"}],"author":[{"embeddable":true,"href":"https:\/\/www.lassebacklund.fi\/index.php?rest_route=\/wp\/v2\/users\/1"}],"replies":[{"embeddable":true,"href":"https:\/\/www.lassebacklund.fi\/index.php?rest_route=%2Fwp%2Fv2%2Fcomments&post=9489"}],"version-history":[{"count":3,"href":"https:\/\/www.lassebacklund.fi\/index.php?rest_route=\/wp\/v2\/pages\/9489\/revisions"}],"predecessor-version":[{"id":9494,"href":"https:\/\/www.lassebacklund.fi\/index.php?rest_route=\/wp\/v2\/pages\/9489\/revisions\/9494"}],"up":[{"embeddable":true,"href":"https:\/\/www.lassebacklund.fi\/index.php?rest_route=\/wp\/v2\/pages\/3542"}],"wp:attachment":[{"href":"https:\/\/www.lassebacklund.fi\/index.php?rest_route=%2Fwp%2Fv2%2Fmedia&parent=9489"}],"curies":[{"name":"wp","href":"https:\/\/api.w.org\/{rel}","templated":true}]}}