{"id":932,"date":"2016-09-26T22:23:11","date_gmt":"2016-09-26T20:23:11","guid":{"rendered":"http:\/\/www.lassebacklund.fi\/?page_id=932"},"modified":"2025-12-21T23:13:34","modified_gmt":"2025-12-21T21:13:34","slug":"kark-antas-gard-pa-korsbackvagen-378","status":"publish","type":"page","link":"https:\/\/www.lassebacklund.fi\/?page_id=932","title":{"rendered":"Nyg\u00e5rd Anselms g\u00e5rd p\u00e5 Korsb\u00e4ckv\u00e4gen 378"},"content":{"rendered":"<figure id=\"attachment_926\" aria-describedby=\"caption-attachment-926\" style=\"width: 1262px\" class=\"wp-caption aligncenter\"><img loading=\"lazy\" decoding=\"async\" class=\"size-full wp-image-926\" src=\"http:\/\/www.lassebacklund.fi\/wp-content\/uploads\/2016\/09\/1-21.jpg\" alt=\"H\u00e4r K\u00e5rk-Antas g\u00e5rden uppe i Korsb\u00e4ck. St\u00e4llet hette tidigare Kytt\u00e5kersbackan men efter att Erland Hammarberg med sin familj flyttade fr\u00e5n Storliden till grannskapet, s\u00e5 b\u00f6rjade st\u00e4llet kallas f\u00f6r Stolidbackan.\" width=\"1262\" height=\"946\" srcset=\"https:\/\/www.lassebacklund.fi\/wp-content\/uploads\/2016\/09\/1-21.jpg 1262w, https:\/\/www.lassebacklund.fi\/wp-content\/uploads\/2016\/09\/1-21-300x225.jpg 300w, https:\/\/www.lassebacklund.fi\/wp-content\/uploads\/2016\/09\/1-21-768x576.jpg 768w, https:\/\/www.lassebacklund.fi\/wp-content\/uploads\/2016\/09\/1-21-1024x768.jpg 1024w\" sizes=\"auto, (max-width: 1262px) 100vw, 1262px\" \/><figcaption id=\"caption-attachment-926\" class=\"wp-caption-text\">&#8221;K\u00e5rk Antas&#8221; gamla g\u00e5rd fr\u00e5n Brobackan som flyttades upp till Korsb\u00e4ck p\u00e5 1920-talet. St\u00e4llet kallades tidigare Kytt\u00e5kersbackan men efter att Erland Hammarberg med sin familj flyttade fr\u00e5n Storliden till grannskapet, s\u00e5 b\u00f6rjade omr\u00e5det kallas f\u00f6r Stolidbackan.<\/figcaption><\/figure>\n<p><strong><span style=\"color: #000080;\">Sammanst\u00e4llt av Lasse Backlund 2013, med hj\u00e4lp av Elgot Nyg\u00e5rd. Uppdaterad i september 2016 och i september 2017.<\/span><\/strong><\/p>\n<p><strong><span style=\"color: #000080;\">Vill du l\u00e4sa mera om hur det gick till d\u00e5 familjen flyttade fr\u00e5n K\u00e5rkbackan, via Norrviken i Lappfj\u00e4rd till Korsb\u00e4ck, s\u00e5 skall du klicka <a href=\"http:\/\/www.lassebacklund.fi\/?page_id=5755\"><span style=\"text-decoration: underline;\">H\u00c4R!<\/span><\/a><\/span><\/strong><\/p>\n<p>Den h\u00e4r g\u00e5rden som i dag st\u00e5r p\u00e5 adressen Korsb\u00e4ckv\u00e4gen 378 nere i backen i b\u00f6rjan av Korsb\u00e4ck byggdes i mitten p\u00e5 1800-talet p\u00e5 den tomt som i dag har adressen Korsb\u00e4ckv\u00e4gen 7 nere i Dagsmark. Omr\u00e5det kallades i tiden f\u00f6r K\u00e5rkbackan. P\u00e5 denna tomt mittemot fotbollsplanen st\u00e5r i dag ett potatislager. Efter storskiftet, n\u00e5gon g\u00e5ng p\u00e5 1920-talet flyttades g\u00e5rden till sin nuvarande plats.<\/p>\n<figure id=\"attachment_927\" aria-describedby=\"caption-attachment-927\" style=\"width: 1024px\" class=\"wp-caption aligncenter\"><img loading=\"lazy\" decoding=\"async\" class=\"size-full wp-image-927\" src=\"http:\/\/www.lassebacklund.fi\/wp-content\/uploads\/2016\/09\/2-21.jpg\" alt=\"S\u00e5 h\u00e4r ser g\u00e5rden ut fr\u00e5n Lillsj\u00f6h\u00e5llet. N\u00e4r g\u00e5rden flyttades till detta st\u00e4lle runt 1910 s\u00e5 l\u00e5g den vackra Lillsj\u00f6n nedanf\u00f6r g\u00e5rden och p\u00e5 andra sidan sj\u00f6n syntes L\u00e5ng\u00e4ngen.\" width=\"1024\" height=\"768\" srcset=\"https:\/\/www.lassebacklund.fi\/wp-content\/uploads\/2016\/09\/2-21.jpg 1024w, https:\/\/www.lassebacklund.fi\/wp-content\/uploads\/2016\/09\/2-21-300x225.jpg 300w, https:\/\/www.lassebacklund.fi\/wp-content\/uploads\/2016\/09\/2-21-768x576.jpg 768w\" sizes=\"auto, (max-width: 1024px) 100vw, 1024px\" \/><figcaption id=\"caption-attachment-927\" class=\"wp-caption-text\">S\u00e5 h\u00e4r ser g\u00e5rden ut fr\u00e5n Lillsj\u00f6h\u00e5llet. N\u00e4r g\u00e5rden flyttades till detta st\u00e4lle p\u00e5 1920-talet s\u00e5 l\u00e5g den vackra Lillsj\u00f6n nedanf\u00f6r g\u00e5rden och p\u00e5 andra sidan sj\u00f6n syntes L\u00e5ng\u00e4ngen. I denna g\u00e5rd bodde Anselm Nyg\u00e5rd och han gifte sig 1930 med Fanny Klemets, som f\u00f6ljande \u00e5r dog. Anselm gifte sedan om sig med Martta och de bodde h\u00e4r tills de dog. Efter deras d\u00f6d har ingen bott i g\u00e5rden.<\/figcaption><\/figure>\n<p>G\u00e5rden hade uppf\u00f6rts p\u00e5 det gamla st\u00e4llet av Anders Eriksson L\u00e5ng (1804-1859), allm\u00e4nt kallad f\u00f6r \u201dK\u00e5rk Ant\u201d i mitten p\u00e5 1800-talet. Anders eller K\u00e5rk Ant var son till Erik Johansson L\u00e5ng (1765-1827) och de bodde i tiderna p\u00e5 L\u00e5ng hemmanet, som fanns nedanf\u00f6r nuvarande skolbyggnad p\u00e5 Sebasbackan. Erik och hans s\u00f6ner flyttade i b\u00f6rjan p\u00e5 1800-talet boplatsen till Brobackan, i Storbro\u00e4ndan som vi i dag kallas f\u00f6r Westeras korsningen.<\/p>\n<p>Erik Johansson L\u00e5ng fick flera barn, f\u00f6rutom Anders fick han ocks\u00e5 sonen Johan, som var <a href=\"https:\/\/www.lassebacklund.fi\/?page_id=15809\">farfar \u00e5t &#8221;K\u00e5rk Erk J\u00e5han<\/a>&#8221;. Han fick ocks\u00e5 sonen Erik d.y., som var farfar \u00e5t <a href=\"https:\/\/www.lassebacklund.fi\/?page_id=18966\">K\u00e5rk Viktor Eklund<\/a>. Erik d.y. fick ocks\u00e5 en son Josef, som blev <a href=\"https:\/\/www.lassebacklund.fi\/?page_id=676\">bonde p\u00e5 \u00c5dd-hemmanet.<\/a> Josef som var barnl\u00f6s, tog sin systers son till fosterson. Han hette Ivar och var f\u00f6dd i K\u00e4rjenkoski, och denne Ivar blev med tiderna bonde p\u00e5 \u00c5dd eller Westerback.<\/p>\n<p>K\u00e5rk Ant hade en halvbror som hette Gustav L\u00e5ngfors, (f. 1827) som kallades f\u00f6r <a href=\"https:\/\/www.lassebacklund.fi\/?page_id=1368\">Mokkelin<\/a>.<\/p>\n<p>\u201dK\u00e5rk Antas\u201d sonson <u>Josef<\/u> Henrik, Josefsson Klemets, senare Nyg\u00e5rd (1869-1945) flyttade g\u00e5rden tillsammans med sin far Josef Andersson L\u00e5ng (f.1844) som kallades &#8221;K\u00e5rk Antas Josip&#8221; och dennes hustru Henrika \u201dRiika\u201d Klemets (1841-1932). De flyttade g\u00e5rden fr\u00e5n K\u00e5rkbackan upp till Kytt\u00e5kersbackan eller Stolidbackan i Korsb\u00e4ck.<\/p>\n<figure id=\"attachment_929\" aria-describedby=\"caption-attachment-929\" style=\"width: 768px\" class=\"wp-caption alignnone\"><img loading=\"lazy\" decoding=\"async\" class=\"size-full wp-image-929\" src=\"http:\/\/www.lassebacklund.fi\/wp-content\/uploads\/2016\/09\/K\u00e5rk-Antas-portr\u00e4ttet.jpg\" alt=\"P\u00e5 fotot Josef Andersson Nyg\u00e5rd (f. 1844) och hans hustru Henrika (1841-1932). \" width=\"768\" height=\"647\" srcset=\"https:\/\/www.lassebacklund.fi\/wp-content\/uploads\/2016\/09\/K\u00e5rk-Antas-portr\u00e4ttet.jpg 768w, https:\/\/www.lassebacklund.fi\/wp-content\/uploads\/2016\/09\/K\u00e5rk-Antas-portr\u00e4ttet-300x253.jpg 300w\" sizes=\"auto, (max-width: 768px) 100vw, 768px\" \/><figcaption id=\"caption-attachment-929\" class=\"wp-caption-text\">&#8221;K\u00e5rk Antas Josip&#8221;, allts\u00e5 Josef Andersson Nyg\u00e5rd (1844-1921) och hans hustru Henrika (1841-1932).<\/figcaption><\/figure>\n<p>Det var allts\u00e5 Josef Henrik, Josefsson L\u00e5ng som antog sl\u00e4ktnamnet Nyg\u00e5rd och han var gift med Vilhelmina, Johansdotter Klemets (1870-1944). Denna Vilhelmina var dotter till Johan Henrik Klemets och Anna Greta, f. Lillsj\u00f6 och var allts\u00e5 syster till <a href=\"http:\/\/www.lassebacklund.fi\/?page_id=433\">Viktor Norrg\u00e5rd <\/a>och <a href=\"http:\/\/www.lassebacklund.fi\/?page_id=6118\">Johan Sandlund<\/a>. Hon var f\u00f6dd d\u00e4r Sandlundas \u00a0p\u00e5 A-Sidon, som kallades f\u00f6r \u00a0<a href=\"http:\/\/www.lassebacklund.fi\/?page_id=6118\">\u201dJ\u00f6ranas\u201d<\/a> och som nu \u00e4gs av familjen Norrvik.<\/p>\n<p><span style=\"color: #000080;\">Vill du l\u00e4sa mera om hur det gick till d\u00e5 familjen flyttade fr\u00e5n K\u00e5rkbackan, via Norrviken till Korsb\u00e4ck, s\u00e5 skall du klicka <a href=\"http:\/\/www.lassebacklund.fi\/?page_id=5755\"><span style=\"text-decoration: underline;\"><strong>H\u00c4R!<\/strong><\/span><\/a><\/span><\/p>\n<figure id=\"attachment_928\" aria-describedby=\"caption-attachment-928\" style=\"width: 678px\" class=\"wp-caption alignnone\"><img loading=\"lazy\" decoding=\"async\" class=\"size-full wp-image-928\" src=\"http:\/\/www.lassebacklund.fi\/wp-content\/uploads\/2016\/09\/D\u00e4r-Brobergas-utan-namn.jpg\" alt=\"H\u00e4r sitter Vilhelmina och Josef Nyg\u00e5rd med Jenny Sundblom bakom sig. Till h\u00f6ger st\u00e5r Erland och Amanda Lindqvist. Bakp\u00e5 fotot fr\u00e5n b\u00f6rjan p\u00e5 20-talet s\u00e5 st\u00e5r det &quot;D\u00e4r Brobergas&quot;..\" width=\"678\" height=\"769\" srcset=\"https:\/\/www.lassebacklund.fi\/wp-content\/uploads\/2016\/09\/D\u00e4r-Brobergas-utan-namn.jpg 678w, https:\/\/www.lassebacklund.fi\/wp-content\/uploads\/2016\/09\/D\u00e4r-Brobergas-utan-namn-264x300.jpg 264w\" sizes=\"auto, (max-width: 678px) 100vw, 678px\" \/><figcaption id=\"caption-attachment-928\" class=\"wp-caption-text\">H\u00e4r sitter Vilhelmina och Josef Nyg\u00e5rd med Jenny Sundblom bakom sig. Till h\u00f6ger st\u00e5r Erland och Amanda Lindqvist. Bakp\u00e5 fotot fr\u00e5n b\u00f6rjan p\u00e5 20-talet s\u00e5 st\u00e5r det &#8221;D\u00e4r Brobergas&#8221;.<\/figcaption><\/figure>\n<h3><\/h3>\n<h3>Josef och Vilhelmina Nyg\u00e5rd fick tre barn:<\/h3>\n<p>&#8211;<strong>Anselm<\/strong> (1906-1977) som \u00e5r 1930 gifte sig med Fanny Klemets fr\u00e5n Dagsmark (1910-1931) och som efter Fannys d\u00f6d gifte sig f\u00f6r andra g\u00e5ngen med Martta Sillanp\u00e4\u00e4 fr\u00e5n Sideby (1913-2004) och de tog \u00f6ver hemg\u00e5rden. Anselm dog 1977 och \u00e4nkan Martta bodde i huset fram till sin d\u00f6d 2004. G\u00e5rden \u00e4r i dag obebodd.<\/p>\n<p>&#8211;<strong><u>Frans<\/u> Emil<\/strong> (1900-1967) var gift med Selma (f. R\u00f6nnblad 1898 \u2013 1988) och bodde 300 \u00f6sterut fr\u00e5n Anselms g\u00e5rd.<\/p>\n<p>&#8211;<strong><u>Amanda<\/u> Vilhelmina<\/strong>(1894-1957) var gift med Johan <u>Ivar<\/u> Berg (1894-1982) och de bodde i Uttermossa och var jordbrukare d\u00e4r.<\/p>\n<figure id=\"attachment_931\" aria-describedby=\"caption-attachment-931\" style=\"width: 1485px\" class=\"wp-caption aligncenter\"><img loading=\"lazy\" decoding=\"async\" class=\"size-full wp-image-931\" src=\"http:\/\/www.lassebacklund.fi\/wp-content\/uploads\/2016\/09\/Nyg\u00e5rdas-i-Tresk.jpg\" alt=\"H\u00e4r p\u00e5 storskifteskartan s\u00e5 ser vi att Anselm Nyg\u00e5rd fick hemmanet Bergroth nr 1:12 och hans bror Frans fick Nyg\u00e5rd nr 1:13. Hemmanet gr\u00e4nsade till Lillsj\u00f6n, som numera \u00e4r utdikad och torrlagd.\" width=\"1485\" height=\"900\" srcset=\"https:\/\/www.lassebacklund.fi\/wp-content\/uploads\/2016\/09\/Nyg\u00e5rdas-i-Tresk.jpg 1485w, https:\/\/www.lassebacklund.fi\/wp-content\/uploads\/2016\/09\/Nyg\u00e5rdas-i-Tresk-300x182.jpg 300w, https:\/\/www.lassebacklund.fi\/wp-content\/uploads\/2016\/09\/Nyg\u00e5rdas-i-Tresk-768x465.jpg 768w, https:\/\/www.lassebacklund.fi\/wp-content\/uploads\/2016\/09\/Nyg\u00e5rdas-i-Tresk-1024x621.jpg 1024w\" sizes=\"auto, (max-width: 1485px) 100vw, 1485px\" \/><figcaption id=\"caption-attachment-931\" class=\"wp-caption-text\">H\u00e4r p\u00e5 storskifteskartan s\u00e5 ser vi att Anselm Nyg\u00e5rd fick hemmanet Bergroth nr 1:12 och hans bror Frans fick Nyg\u00e5rd nr 1:13. Hemmanet gr\u00e4nsade till Lillsj\u00f6n, som numera \u00e4r utdikad och torrlagd.<\/figcaption><\/figure>\n<p>&nbsp;<\/p>\n","protected":false},"excerpt":{"rendered":"<p>Sammanst\u00e4llt av Lasse Backlund 2013, med hj\u00e4lp av Elgot Nyg\u00e5rd. Uppdaterad i september 2016 och i september 2017. Vill du l\u00e4sa mera om hur det gick till d\u00e5 familjen flyttade fr\u00e5n K\u00e5rkbackan, via Norrviken i Lappfj\u00e4rd till Korsb\u00e4ck, s\u00e5 skall <a class=\"more-link\" href=\"https:\/\/www.lassebacklund.fi\/?page_id=932\">Forts\u00e4tt l\u00e4sa <span class=\"screen-reader-text\">  Nyg\u00e5rd Anselms g\u00e5rd p\u00e5 Korsb\u00e4ckv\u00e4gen 378<\/span><span class=\"meta-nav\">&rarr;<\/span><\/a><\/p>\n","protected":false},"author":1,"featured_media":0,"parent":75,"menu_order":378,"comment_status":"closed","ping_status":"closed","template":"","meta":{"footnotes":""},"class_list":["post-932","page","type-page","status-publish","hentry"],"_links":{"self":[{"href":"https:\/\/www.lassebacklund.fi\/index.php?rest_route=\/wp\/v2\/pages\/932","targetHints":{"allow":["GET"]}}],"collection":[{"href":"https:\/\/www.lassebacklund.fi\/index.php?rest_route=\/wp\/v2\/pages"}],"about":[{"href":"https:\/\/www.lassebacklund.fi\/index.php?rest_route=\/wp\/v2\/types\/page"}],"author":[{"embeddable":true,"href":"https:\/\/www.lassebacklund.fi\/index.php?rest_route=\/wp\/v2\/users\/1"}],"replies":[{"embeddable":true,"href":"https:\/\/www.lassebacklund.fi\/index.php?rest_route=%2Fwp%2Fv2%2Fcomments&post=932"}],"version-history":[{"count":11,"href":"https:\/\/www.lassebacklund.fi\/index.php?rest_route=\/wp\/v2\/pages\/932\/revisions"}],"predecessor-version":[{"id":25209,"href":"https:\/\/www.lassebacklund.fi\/index.php?rest_route=\/wp\/v2\/pages\/932\/revisions\/25209"}],"up":[{"embeddable":true,"href":"https:\/\/www.lassebacklund.fi\/index.php?rest_route=\/wp\/v2\/pages\/75"}],"wp:attachment":[{"href":"https:\/\/www.lassebacklund.fi\/index.php?rest_route=%2Fwp%2Fv2%2Fmedia&parent=932"}],"curies":[{"name":"wp","href":"https:\/\/api.w.org\/{rel}","templated":true}]}}