{"id":9303,"date":"2018-07-22T19:54:28","date_gmt":"2018-07-22T17:54:28","guid":{"rendered":"http:\/\/www.lassebacklund.fi\/?page_id=9303"},"modified":"2026-01-11T16:48:56","modified_gmt":"2026-01-11T14:48:56","slug":"estlanders-taveldonation-till-forsamlingen","status":"publish","type":"page","link":"https:\/\/www.lassebacklund.fi\/?page_id=9303","title":{"rendered":"Estlanders taveldonation till f\u00f6rsamlingen"},"content":{"rendered":"<p><strong><span style=\"color: #000080;\">Under l\u00e5nga tider var medlemmar av sl\u00e4kten Estlander kyrkoherdar i Lappfj\u00e4rd. En del av sl\u00e4ktingarna flyttade till Helsingfors och \u00e5r 1929 besl\u00f6t dessa att de skulle donera en tavla f\u00f6rest\u00e4llande Rudolf Estlander till Lappfj\u00e4rd f\u00f6rsamling, f\u00f6r att uppbevaras i kyrkan. Den finns nu p\u00e5 en synlig plats i kyrkans sakristia. Till g\u00e5van h\u00f6rde ett g\u00e5vobrev, som l\u00f6d s\u00e5 h\u00e4r:<\/span><\/strong><\/p>\n<h3><strong>Till Lappfj\u00e4rd f\u00f6rsamling<\/strong><\/h3>\n<p>f\u00e5r undertecknade h\u00e4rmedels f\u00f6r\u00e4ra medf\u00f6ljande portr\u00e4tt i olja av<\/p>\n<h4><strong>Rudolf Josef Estlander<\/strong>, kyrkoherde i Lappfj\u00e4rd \u00e5ren 1786\u20141807.<\/h4>\n<p>Det \u00e4r oss v\u00e4lbekant, att f\u00f6rsamlingens medlemmar \u00e4nnu i dag bevarar minnet av de pr\u00e4ster med namnet Estlander, som son efter far under ett \u00e5rhundrade skett sj\u00e4las\u00f6rjarens kall i Lappfj\u00e4rd socken, medan vi p\u00e5 v\u00e5r sida, trots att vi \u00e4r bosatta p\u00e5 annan ort alltj\u00e4mt k\u00e4nna styrkan av de traditioner, som v\u00e5r sl\u00e4kt f\u00f6rt med sig fr\u00e5n \u00d6sterbotten. Med v\u00e5r g\u00e5va avser vi att l\u00e4mna ett, om ock ringa bevis p\u00e5 intresse f\u00f6r den bygd, d\u00e4r v\u00e5ra f\u00f6rf\u00e4der s\u00e5 l\u00e4nge levat och verkat. Det vore oss k\u00e4rt om portr\u00e4ttet av Rudolf Josef Estlander, vilket \u00e4r utf\u00f6rt efter i sl\u00e4kten bevarade miniatyravbildningar, fick plats i kyrkan i Lappfj\u00e4rd, denna kyrka, som \u00e4r byggd medan hans son Jakob Jonas var kyrkoherde d\u00e4rst\u00e4des. Vi hoppas att portr\u00e4ttet i sin m\u00e5n skall bidra till att vidmakth\u00e5lla det f\u00f6r oss dyrbara minnet av v\u00e5ra f\u00f6rf\u00e4der i Lappfj\u00e4rd.<\/p>\n<p>Helsingfors, den 28 februari 1929.<\/p>\n<p>Ernst Estlander. Hedvig Estlander. B. Estlander, Georg Estlander, Eric Estlander, H. G. Estlander. Carl Estlander, Robert Estlander.<\/p>\n<p><span style=\"color: #000080;\">Tidningen Syd-\u00d6sterbotten skrev ett l\u00e4ngre referat om donationen den 22.3.1929 efter att kyrkofullm\u00e4ktige i Lappfj\u00e4rd hade sammantr\u00e4tt. T.f. kyrkoherden Axel Palmgren tackade d\u00e5 f\u00f6r de 2 donationer som f\u00f6rsamlingen hade f\u00e5tt. F\u00f6rsamlingen hade ocks\u00e5 f\u00e5tt en tavla av Laur\u00e9ns sterbhus, f\u00f6rest\u00e4llande prosten Georg Laur\u00e9n, som hade varit kyrkoherde i Lappfj\u00e4rd under \u00e5ren 1908-1928.<\/span><\/p>\n<p><span style=\"color: #000080;\">Det andra han tackade f\u00f6r var ju donationen av den tavla som Estlanders sl\u00e4ktingar i Helsingfors hade skickat, f\u00f6rest\u00e4llande Rudolf Josef Estlander, som var kyrkoherde under \u00e5ren 1786-1807. Bland annat talade han s\u00e5 h\u00e4r:<\/span><\/p>\n<p>Likas\u00e5 har jag gl\u00e4djen meddela att mig tillst\u00e4llts ett portr\u00e4tt av Rudolf Estlander och ett g\u00e5vobrev (<span style=\"color: #000080;\">vilket\u00a0kan l\u00e4sas h\u00e4r ovan<\/span>). <strong>\u00c4rade kyrkofullm\u00e4ktige<\/strong>: D\u00e5 den sista gudstj\u00e4nsten firades i Lappfj\u00e4rd moderskyrkof\u00f6rsamlings, Birgitta ben\u00e4mnda, gamla kyrka var det s\u00e4kerligen med en k\u00e4nsla av b\u00e5de sorg och gl\u00e4dje f\u00f6rsamlingen f\u00f6renade sig med d\u00e5varande kapellanen i att bjuda farv\u00e4l \u00e5t den gamla helgedomen, i vilken, i bort\u00e5t 200 \u00e5r, generation efter generation tr\u00e4tt fram inf\u00f6r den h\u00f6gstes ansikte med s\u00e5v\u00e4l, sin gl\u00e4dje som sin sorg. S\u00e4kerligen var det med bedr\u00f6velse m\u00e5ngen bj\u00f6d farv\u00e4l \u00e5t det enkelt prydda altaret, vid vilket de i ungdomens \u00e5r givit sitt konfirmationsl\u00f6fte och sedermera s\u00f6kt styrka genom det heliga sakramentet och vid vilket m\u00e5nget minne var fastl\u00e4nkat.<\/p>\n<p>Men om d\u00e4r var sorg, var d\u00e4r ock gl\u00e4dje \u00f6ver att nu f\u00e5 begynna fira sin gudstj\u00e4nst i den nya helgedomen, vilken den egna generation uppbyggt, Gud till pris och \u00e4ra. Hade den gamla kyrkan varit l\u00e5g, ja kanske fallf\u00e4rdig, d\u00e4r den var bel\u00e4gen i sin grop, omgiven av f\u00e4drens grifter, reste sig den nya kyrkan majest\u00e4tiskt p\u00e5 sin h\u00f6jd. Man hoppades v\u00e4l \u00e4ven att den \u201dsky av vittnen&#8221; som omgivit en i det gamla k\u00e4rvordna, \u00e5t Herren helgade rummet nu skulle \u00f6verflytta i den nya kyrkan p\u00e5 samma s\u00e4tt som de skatter man hade. D\u00e5 de gamla klockorna f\u00e5tt sin plats invid den nya kyrkan skulle, s\u00e5 hoppades man s\u00e4kerligen, deras kallande toner n\u00e5 vidare omkring manande s\u00e5v\u00e4l gammal som ung att s\u00f6ka sig v\u00e4g till livets k\u00e4lla.<\/p>\n<p>Icke \u00e4r det min mening i denna stund att f\u00f6rs\u00f6ka analysera det liv, som generationer sedan den dagen genomlevat, men det \u00e4r min avsikt att i sammanhang med de i dag \u00f6verl\u00e4mnade g\u00e5vorna f\u00f6ra tankarna tillbaka i tiden och d\u00e5 s\u00e4rskilt till den sl\u00e4kt, som i mer \u00e4n ett avseende visat sin uppoffrande k\u00e4rlek till denna f\u00f6rsamling.<\/p>\n<p>D\u00e5 \u00e5r 1752 till kyrkoherde i Lappfj\u00e4rd utn\u00e4mndes Jakobus Estlander fanns v\u00e4l nog ingen som kunde ana att tv\u00e5 av dennes s\u00f6ner Rudolf Josef och Isak Erik, \u00e4vensom sonsonen Jakob Jonas komme att i en oavbruten f\u00f6ljd tj\u00e4nstg\u00f6ra s\u00e5som ordinarie kyrkoherdar h\u00e4r. Olika kan uppfattningen om dessa enskilda medlemmar av sl\u00e4kten Estlander vara. Men s\u00e4kert \u00e4r att \u00e4n i dag kunna vi med sanning s\u00e4ga: Namnet Estlander \u00e4r s\u00e5 inf\u00f6rlivat med historien om denna socken och f\u00f6rsamling att det aldrig kan d\u00e4rifr\u00e5n skiljas.<\/p>\n<p>Genom den g\u00e5va f\u00f6rsamlingen nu f\u00e5tt mottaga och enkannerligen genom g\u00e5vobrevet ser vi, att de nu levande generationerna av v\u00e5r gamla kyrkoherdesl\u00e4kt allt fortfarande minns denna f\u00f6rsamling och icke blyges f\u00f6r det arv de f\u00f6rt med sig h\u00e4rifr\u00e5n till sina nuvarande verksamhetsomr\u00e5den, r\u00e4ttskipningens, bildningens, d. v. s. skolans och vetenskapens, de fria n\u00e4ringarnas och icke att f\u00f6rgl\u00f6mma, statens och kommunens. \u00c4rade kyrkofullm\u00e4ktige!<\/p>\n<p>D\u00e5 vi st\u00e5r i ber\u00e5d att f\u00f6r f\u00f6rsamlingen mottaga de g\u00e5vor, varom jag i dag meddelat, hoppas jag det sker under medvetandet av det ansvar vi ikl\u00e4da oss s\u00e5v\u00e4l i omv\u00e5rdnad av v\u00e5r tidigare egendom, som ock om den nu \u00f6verl\u00e4mnade samt om det andliga livet i f\u00f6rsamlingen. L\u00e5tom oss bedja till Gud att ordning och tukt aldrig skall minskas, utan tv\u00e4rtom \u00f6kas bland oss och l\u00e5tom oss hoppas att kyrkobruken, gudstj\u00e4nsten, sakramenten, skriftskolan och l\u00e4sf\u00f6rh\u00f6ren skola v\u00e4cka den gudsfruktan, som fordras f\u00f6r en levnadsvandel.<\/p>\n<p>Kyrkofullm\u00e4ktige besl\u00f6to att genom skrivelser till givarna framb\u00e4ra sitt v\u00f6rdsamma tack.<\/p>\n<figure id=\"attachment_9305\" aria-describedby=\"caption-attachment-9305\" style=\"width: 1472px\" class=\"wp-caption aligncenter\"><img loading=\"lazy\" decoding=\"async\" class=\"size-full wp-image-9305\" src=\"http:\/\/www.lassebacklund.fi\/wp-content\/uploads\/2018\/07\/Estlander-Rudolf-Josef.jpg\" alt=\"Denna tavla som h\u00e4nger i kyrkans sakristia f\u00f6rest\u00e4ller Rudolf Estlander som levde mellan \u00e5ren 1759 - 1807 och verkade som kyrkoherde mellan \u00e5ren 1786 - 1807. Rudolfs sl\u00e4ktingar i Helsingfors l\u00e4t m\u00e5la denna tavla utg\u00e5ende fr\u00e5n en miniatyrtavla som de hade.\" width=\"1472\" height=\"1795\" srcset=\"https:\/\/www.lassebacklund.fi\/wp-content\/uploads\/2018\/07\/Estlander-Rudolf-Josef.jpg 1472w, https:\/\/www.lassebacklund.fi\/wp-content\/uploads\/2018\/07\/Estlander-Rudolf-Josef-246x300.jpg 246w, https:\/\/www.lassebacklund.fi\/wp-content\/uploads\/2018\/07\/Estlander-Rudolf-Josef-768x937.jpg 768w, https:\/\/www.lassebacklund.fi\/wp-content\/uploads\/2018\/07\/Estlander-Rudolf-Josef-840x1024.jpg 840w\" sizes=\"auto, (max-width: 1472px) 100vw, 1472px\" \/><figcaption id=\"caption-attachment-9305\" class=\"wp-caption-text\">Denna tavla som h\u00e4nger i kyrkans sakristia f\u00f6rest\u00e4ller Rudolf Estlander som levde mellan \u00e5ren 1759 &#8211; 1807 och verkade som kyrkoherde mellan \u00e5ren 1786 &#8211; 1807. Rudolfs sl\u00e4ktingar i Helsingfors l\u00e4t m\u00e5la denna tavla utg\u00e5ende fr\u00e5n en miniatyrtavla som de hade.<\/figcaption><\/figure>\n","protected":false},"excerpt":{"rendered":"<p>Under l\u00e5nga tider var medlemmar av sl\u00e4kten Estlander kyrkoherdar i Lappfj\u00e4rd. En del av sl\u00e4ktingarna flyttade till Helsingfors och \u00e5r 1929 besl\u00f6t dessa att de skulle donera en tavla f\u00f6rest\u00e4llande Rudolf Estlander till Lappfj\u00e4rd f\u00f6rsamling, f\u00f6r att uppbevaras i kyrkan. <a class=\"more-link\" href=\"https:\/\/www.lassebacklund.fi\/?page_id=9303\">Forts\u00e4tt l\u00e4sa <span class=\"screen-reader-text\">  Estlanders taveldonation till f\u00f6rsamlingen<\/span><span class=\"meta-nav\">&rarr;<\/span><\/a><\/p>\n","protected":false},"author":1,"featured_media":0,"parent":7821,"menu_order":10,"comment_status":"closed","ping_status":"closed","template":"","meta":{"footnotes":""},"class_list":["post-9303","page","type-page","status-publish","hentry"],"_links":{"self":[{"href":"https:\/\/www.lassebacklund.fi\/index.php?rest_route=\/wp\/v2\/pages\/9303","targetHints":{"allow":["GET"]}}],"collection":[{"href":"https:\/\/www.lassebacklund.fi\/index.php?rest_route=\/wp\/v2\/pages"}],"about":[{"href":"https:\/\/www.lassebacklund.fi\/index.php?rest_route=\/wp\/v2\/types\/page"}],"author":[{"embeddable":true,"href":"https:\/\/www.lassebacklund.fi\/index.php?rest_route=\/wp\/v2\/users\/1"}],"replies":[{"embeddable":true,"href":"https:\/\/www.lassebacklund.fi\/index.php?rest_route=%2Fwp%2Fv2%2Fcomments&post=9303"}],"version-history":[{"count":4,"href":"https:\/\/www.lassebacklund.fi\/index.php?rest_route=\/wp\/v2\/pages\/9303\/revisions"}],"predecessor-version":[{"id":25425,"href":"https:\/\/www.lassebacklund.fi\/index.php?rest_route=\/wp\/v2\/pages\/9303\/revisions\/25425"}],"up":[{"embeddable":true,"href":"https:\/\/www.lassebacklund.fi\/index.php?rest_route=\/wp\/v2\/pages\/7821"}],"wp:attachment":[{"href":"https:\/\/www.lassebacklund.fi\/index.php?rest_route=%2Fwp%2Fv2%2Fmedia&parent=9303"}],"curies":[{"name":"wp","href":"https:\/\/api.w.org\/{rel}","templated":true}]}}