{"id":9273,"date":"2018-07-21T21:48:50","date_gmt":"2018-07-21T19:48:50","guid":{"rendered":"http:\/\/www.lassebacklund.fi\/?page_id=9273"},"modified":"2025-05-27T21:27:01","modified_gmt":"2025-05-27T18:27:01","slug":"monumentet-i-lappfjard","status":"publish","type":"page","link":"https:\/\/www.lassebacklund.fi\/?page_id=9273","title":{"rendered":"Monumentet i Lappfj\u00e4rd"},"content":{"rendered":"<figure id=\"attachment_24092\" aria-describedby=\"caption-attachment-24092\" style=\"width: 1128px\" class=\"wp-caption alignnone\"><img loading=\"lazy\" decoding=\"async\" class=\"size-full wp-image-24092\" src=\"https:\/\/www.lassebacklund.fi\/wp-content\/uploads\/2025\/05\/Monumentet-2025.jpg\" alt=\"\" width=\"1128\" height=\"846\" srcset=\"https:\/\/www.lassebacklund.fi\/wp-content\/uploads\/2025\/05\/Monumentet-2025.jpg 1128w, https:\/\/www.lassebacklund.fi\/wp-content\/uploads\/2025\/05\/Monumentet-2025-300x225.jpg 300w, https:\/\/www.lassebacklund.fi\/wp-content\/uploads\/2025\/05\/Monumentet-2025-1024x768.jpg 1024w, https:\/\/www.lassebacklund.fi\/wp-content\/uploads\/2025\/05\/Monumentet-2025-768x576.jpg 768w\" sizes=\"auto, (max-width: 1128px) 100vw, 1128px\" \/><figcaption id=\"caption-attachment-24092\" class=\"wp-caption-text\">Hj\u00e4ltegravarna vid kyrkan i Lappfj\u00e4rd och bakom dem monumentet \u00f6ver de stupade lappfj\u00e4rdsborna i v\u00e5ra krig. Fotot fr\u00e5n v\u00e5ren 2025.<\/figcaption><\/figure>\n<h3><strong>Monumentets historia<\/strong><\/h3>\n<p><span style=\"color: #000000;\">Den 11 augusti 1920 annonserades det i Syd-\u00d6sterbotten att en minnesstod \u00f6ver de stupade i frihetskriget 1918 kommer att avt\u00e4ckas s\u00f6ndagen den 15 augusti.<\/span><\/p>\n<figure id=\"attachment_9271\" aria-describedby=\"caption-attachment-9271\" style=\"width: 394px\" class=\"wp-caption alignnone\"><img loading=\"lazy\" decoding=\"async\" class=\"size-full wp-image-9271\" src=\"http:\/\/www.lassebacklund.fi\/wp-content\/uploads\/2018\/07\/19200811-Invigning-av-monumentet-i-Lappfj\u00e4rd.jpg\" alt=\"Den 11 augusti 1920 annonserades i Syd-\u00d6sterbotten om invigningen av monumentet av de stupade i frihetskriget.\" width=\"394\" height=\"418\" srcset=\"https:\/\/www.lassebacklund.fi\/wp-content\/uploads\/2018\/07\/19200811-Invigning-av-monumentet-i-Lappfj\u00e4rd.jpg 394w, https:\/\/www.lassebacklund.fi\/wp-content\/uploads\/2018\/07\/19200811-Invigning-av-monumentet-i-Lappfj\u00e4rd-283x300.jpg 283w\" sizes=\"auto, (max-width: 394px) 100vw, 394px\" \/><figcaption id=\"caption-attachment-9271\" class=\"wp-caption-text\">Den 11 augusti 1920 annonserades i Syd-\u00d6sterbotten om invigningen av monumentet \u00f6ver de stupade i frihetskriget.<\/figcaption><\/figure>\n<p><span style=\"color: #000080;\">Den 14 augusti f\u00f6ljde tidningen upp tillst\u00e4llningen med f\u00f6ljande artikel:<\/span><\/p>\n<h4><strong>Minnesh\u00f6gtid i Lappfj\u00e4rd.<\/strong><\/h4>\n<p>S\u00e5som vi i senaste numret annonserade avt\u00e4ckes i Lappfj\u00e4rd i morgon den 15 augusti kl. \u00bd3 e.m. det monument, som hembygden rest \u00f6ver sina i frihetskriget stupade hj\u00e4ltar.<\/p>\n<p>De sova h\u00e4r, de fallna, uppe p\u00e5 kyrkbacken i h\u00e4gnet av kyrkan, men deras namn och d\u00e5d leva i v\u00e5r h\u00e5gkomst. De f\u00e5r heller aldrig gl\u00f6mmas. Minnesstoden skall, f\u00f6r sl\u00e4kten som komma, vittna om att ocks\u00e5 h\u00e4r reste vi oss, n\u00e4r of\u00e4rd hotade vintern 1918. M\u00e4n med hj\u00e4rtan i br\u00f6stet gingo ut f\u00f6r att v\u00e4rna det de k\u00e4rast \u00e4gde, m\u00e5nga frivilligt och m\u00e5nga av dem g\u00e5vo sitt liv.<\/p>\n<p>Vi, som sk\u00f6rda frukterna och f\u00e5tt \u00e5terg\u00e5 till fredlig str\u00e4van, vi \u00e4gna nu dessa fallna k\u00e4mpar med varmt hj\u00e4rta en tacksamhetens offerg\u00e4rd och vi tro och vilja att h\u00f6gtidsdagen i morgon s\u00f6ndag skall bli en stor och upph\u00f6jd minnesh\u00f6gtid.<\/p>\n<p><span style=\"color: #000080;\">I Syd-\u00d6sterbotten 18.8.1920 ingick en utf\u00f6rlig artikel om\u00a0tillst\u00e4llningen:<\/span><\/p>\n<p><strong>Avt\u00e4ckningsh\u00f6gtidligheterna.<\/strong> Avt\u00e4ckningen av den monumentala v\u00e5rden p\u00e5 hj\u00e4ltegraven i Lappfj\u00e4rd senaste s\u00f6ndag blev en minnesv\u00e4rd h\u00f6gtidlighet. Utom en kanske tusenh\u00f6vdad civil allm\u00e4nhet \u00f6vervars tillf\u00e4llet mangrant av ortens stora skyddsk\u00e5r, av Kristinestads och Tj\u00f6ck skyddsk\u00e5rer, \u00e4vensom av lokalchefen f\u00f6r N\u00e4rpes skyddsk\u00e5r, samt som representanter f\u00f6r distriktstabden i Vasa skyddsk\u00e5rsdistrikt, dess instruktionschef \u00f6verste Ekstr\u00f6m.<\/p>\n<p>Efter det Lappfj\u00e4rds skyddsk\u00e5rs hornorkester f\u00f6rtj\u00e4nstfullt utf\u00f6rt \u201dViken, tidens flyktiga minnen\u201d framtr\u00e4dde prosten Georg Laur\u00e9n och h\u00f6ll p\u00e5 svenska och finska ett h\u00f6gst\u00e4mt tal, varefter t\u00e4ckelset f\u00f6ll. Sedan orkestern h\u00e4refter spelat \u201dInteger vitae\u201d l\u00e4ste prosten Laur\u00e9n den av honom f\u00f6r detta tillf\u00e4lle skriven dikt. <span style=\"color: #000080;\">(dikten kan du l\u00e4sa under denna artikel)<\/span><\/p>\n<p>S\u00e5 f\u00f6ljde blomsterhyllningar av den f\u00f6rut med blommor och gr\u00f6nt, s\u00e5 vackert dekorerade graven. Fr\u00e5n Lappfj\u00e4rds skyddsk\u00e5r nedlades en krans genom dess lokalchef, f\u00e4nrik Ingves. \u00d6verste Ekstr\u00f6m medlade en utm\u00e4rkt vacker krans fr\u00e5n distriktstaben i Vasa skyddsk\u00e5rsdistrikt, p\u00e5 vars band l\u00e4stes:<\/p>\n<h6><em>\u201dM\u00e5 minnets eko dallra rent<\/em><\/h6>\n<h6><em>kring edra gravars ro<\/em><\/h6>\n<h6><em>och klinga stolt mot h\u00f6jderna,<\/em><\/h6>\n<h6><em>d\u00e4r edra andar bo.<\/em><\/h6>\n<h6><em>M\u00e5 fosterlandets tacksamhet<\/em><\/h6>\n<h6><em>f\u00f6r ung och \u00e4rlig strid,<\/em><\/h6>\n<h6><em>er sk\u00e4nka evigt hj\u00e4ltenamn<\/em><\/h6>\n<h6><em>och djup och evig frid\u201d.<\/em><\/h6>\n<p>&nbsp;<\/p>\n<p>Lappfj\u00e4rds Marthaf\u00f6renings krans nedlades genom f\u00f6reningens ordf\u00f6rande, fr\u00f6ken Elin Andersson. H\u00e4refter uppl\u00e4ste direkt\u00f6r Alex. Slotte en av honom skriven dikt \u201dMinnen fr\u00e5n frihetskriget\u201d. Till sist sj\u00f6ngs tv\u00e5 verser av lantdagspsalmen till ackompagnemagn av orkestern. N\u00e4r skyddsk\u00e5rerna t\u00e5gade f\u00f6rbi graven spelade orkestern en marsch.<\/p>\n<p>I f\u00f6rsamlingens stora och vackra kyrka fortsatte festligheterna h\u00e4refter med en ansl\u00e5ende konsert, vartill en var \u00e4gde fritt intr\u00e4de. Det rika programmet inleddes med en av hornorkestern utf\u00f6rd sorgmarsch, varefter kantor Bertel Blomberg fint och k\u00e4nsligt sj\u00f6ng prins Gustavs vackra psalm. Fr\u00e5n s\u00f6dra l\u00e4ktaren sj\u00f6ng h\u00e4refter Lappfj\u00e4rd ungdomsf\u00f6renings k\u00f6r under kantorns ledning, \u201dEn sabbatsmorgon\u201d.<\/p>\n<p>S\u00e5v\u00e4l k\u00f6r- som solos\u00e5ngen och musiken gjorde sig utm\u00e4rkt i det rymliga templet med dess goda akustik. Utom det n\u00e4mnda upptog programmet ytterligare musik, solos\u00e5ng \u201dS\u00e4g, minnes du psalmen vi sj\u00f6ng\u201d, k\u00f6rs\u00e5ng \u201dSe, upp till Golgata\u201d, musik, solos\u00e5ng och k\u00f6rs\u00e5ng \u201dDu som v\u00e4rldar har till rike\u201d.<\/p>\n<p>H\u00f6gtidligheten var h\u00e4rmed slut och kvarl\u00e4mnade den best\u00e5ende intryck f\u00f6r en var deltagare. Under konserten torde hos flere \u00e4n en den tanken gjort sig g\u00e4llande, att den f\u00f6r s\u00e5ng och musik s\u00e5 s\u00e4rdeles l\u00e4mpliga kyrkan oftare m\u00e5tte bliva anv\u00e4nd d\u00e4rf\u00f6r.<\/p>\n<p><span style=\"color: #000080;\">S\u00e5 h\u00e4r lydde den dikt, som prosten Laur\u00e9n hade skrivit speciellt f\u00f6r detta tillf\u00e4lle:<\/span><\/p>\n<h6><em>Upp\u00e5 kullen invid kyrkan reser sig av sten en v\u00e5rd,<\/em><\/h6>\n<h6><em>Som utvisar hj\u00e4ltegraven upp\u00e5 helgad kyrkog\u00e5rd,<\/em><\/h6>\n<h6><em>D\u00e4r de tappre lagts till vila uti \u00e4lskad hembygdsjord.<\/em><\/h6>\n<h6><em>Deras namn och deras \u00e4ra blir av efterv\u00e4rlden spord.<\/em><\/h6>\n<p>&nbsp;<\/p>\n<h6><em>Deras \u00e5r och deras dagar r\u00e4knas icke i stort tal,<\/em><\/h6>\n<h6><em>Deras f\u00e4rd igenom livet r\u00e4ckte ej till afton sval,<\/em><\/h6>\n<h6><em>Nej, fastmer i morgonv\u00e4kten sl\u00e4cktes hastigt deras liv,<\/em><\/h6>\n<h6><em>Br\u00f6ts som blomman i sin f\u00e4gring, rycktes bort fr\u00e5n tidens kiv.<\/em><\/h6>\n<p>&nbsp;<\/p>\n<h6><em>Ej p\u00e5 \u00e5r av sl\u00e4p och m\u00f6dor kunde de tillbaka se,<\/em><\/h6>\n<h6><em>Ej p\u00e5 stora, vida f\u00e4ltet, sk\u00e4nkande f\u00f6rn\u00f6jelse<\/em><\/h6>\n<h6><em>\u00c5t den man, som f\u00f6r dess uppkomst givit manna\u00e5lderns kraft<\/em><\/h6>\n<h6><em>F\u00f6r att intill livets afton njuta glatt dess must och saft.<\/em><\/h6>\n<h6><\/h6>\n<h6><\/h6>\n<h6><em>Stort ock \u00e4r att odla f\u00e4ltet, som du f\u00e5tt av far i arv,<\/em><\/h6>\n<h6><em>Gr\u00e4va diken, djupa breda, k\u00f6ra tr\u00e4get plog och harv,<\/em><\/h6>\n<h6><em>Av stenbacken, karga jorden, bryta upp en b\u00f6rdig mark.<\/em><\/h6>\n<h6><em>S\u00e5dan m\u00f6da fr\u00f6jdar \u00f6gat, verkar hembygdsk\u00e4nsla stark.<\/em><\/h6>\n<p>&nbsp;<\/p>\n<h6><em>Fosterlandet kr\u00e4ver s\u00f6ner, som med fr\u00f6jd sin insats ger<\/em><\/h6>\n<h6><em>F\u00f6r den mor dem k\u00e4rligt fostrat och sitt h\u00e4gn \u00e5t dem beter,<\/em><\/h6>\n<h6><em>Hembygd v\u00e4na \u00e4ven \u00e4lskar att se skaror tr\u00e4da fram,<\/em><\/h6>\n<h6><em>Vilka blott dess \u00e4ra s\u00f6ka, ej den samka sorg och skam.<\/em><\/h6>\n<p>&nbsp;<\/p>\n<h6><em>De, som vila under kullen, g\u00f6mdes d\u00e4r i m\u00f6rkan tid,<\/em><\/h6>\n<h6><em>Fosterlandet stod i fara och p\u00e5 spel stod hemmens frid,<\/em><\/h6>\n<h6><em>Gud i n\u00e5d dock uti seger v\u00e4nde f\u00f6r v\u00e5r skumma blick<\/em><\/h6>\n<h6><em>Motg\u00e5ng sv\u00e5r och n\u00f6den tunga; or\u00e5tt, v\u00e5ld ej framg\u00e5ng fick.<\/em><\/h6>\n<p>&nbsp;<\/p>\n<h6><em>Men vad kostade den segern? Tro ej att den l\u00e4ttk\u00f6pt var!<\/em><\/h6>\n<h6><em>F\u00f6r densamma miste m\u00e5ngen \u00e4lskad broder, huldrik far,<\/em><\/h6>\n<h6><em>Modershj\u00e4rtan genomtr\u00e4ngdes som av sv\u00e4rd vid s\u00f6ners d\u00f6d,<\/em><\/h6>\n<h6><em>\u00c5sen br\u00f6ts i m\u00e5ngen stuga, hustrur miste sina st\u00f6d.<\/em><\/h6>\n<p>&nbsp;<\/p>\n<h6><em>Offer kr\u00e4vdes, offer bragtes, offer utav k\u00e4ras liv.<\/em><\/h6>\n<h6><em>Fosterlandet h\u00f6rdes mana: skona icke, utan giv!<\/em><\/h6>\n<h6><em>Giv ditt liv liksom en insats f\u00f6r vad \u00e4r dig dyrt och k\u00e4rt,<\/em><\/h6>\n<h6><em>Visa uti verk och handling vad allt detta \u00e4r dig v\u00e4rt.<\/em><\/h6>\n<p>&nbsp;<\/p>\n<h6><em>\u00c4ven hit till v\u00e5ra bygder h\u00f6rdes dessa maningsord.<\/em><\/h6>\n<h6><em>Dit drog en och dit en annan for att v\u00e4rna f\u00e4drens jord,<\/em><\/h6>\n<h6><em>Och snart \u00f6ppnades h\u00e4r graven f\u00f6r att g\u00f6mma dyrbar skatt.<\/em><\/h6>\n<h6><em>S\u00f6ner av den vida sl\u00e4tten. D\u00e5 blev dag f\u00f6rbytt i natt.<\/em><\/h6>\n<p>&nbsp;<\/p>\n<h6><em>Natt skall ej f\u00f6r alltid r\u00e5da. Herren sade: varde ljus!<\/em><\/h6>\n<h6><em>Och Han sj\u00e4lv, det sanna ljuset, kom mer \u00e4n till hem och hus<\/em><\/h6>\n<h6><em>F\u00f6r att skingra sorgens dimma, lyfta blick mot ljusan sky<\/em><\/h6>\n<h6><em>Allt f\u00f6rvandlas, v\u00e4nligt lyser solen efter stormig by.<\/em><\/h6>\n<p>&nbsp;<\/p>\n<h6><em>Griften st\u00e5r h\u00e4r mitt ibland oss talande sitt tysta spr\u00e5k,<\/em><\/h6>\n<h6><em>Tydligt dock f\u00f6r den som lyssnar, icke d\u00f6v av tidens br\u00e5k.<\/em><\/h6>\n<h6><em>Och vad s\u00e4ger den till envar, som sig st\u00e4ller vid dess rand?<\/em><\/h6>\n<h6><em>Offra liv, ditt hj\u00e4rtas k\u00e4rlek \u00e5t din Gud, ditt fosterland.<\/em><\/h6>\n<figure id=\"attachment_4767\" aria-describedby=\"caption-attachment-4767\" style=\"width: 1970px\" class=\"wp-caption aligncenter\"><img loading=\"lazy\" decoding=\"async\" class=\"size-full wp-image-4767\" src=\"http:\/\/www.lassebacklund.fi\/wp-content\/uploads\/2017\/07\/37ota295_foto_0019-Minnesm\u00e4rket-\u00f6ver-stupade.jpg\" alt=\"Minnesm\u00e4rket \u00f6ver de stupade i frihetskriget 1918 framf\u00f6r de granar som s\u00e5gades ned 2016. Till v\u00e4nster om minnesm\u00e4rket syns &quot;V\u00e4ktarinas&quot; allts\u00e5 Viktor Ingves och p\u00e5 h\u00f6gra sidan &quot;Soininenas&quot; allts\u00e5 Oskar Sillanp\u00e4\u00e4s hus. I huset mitt i bild som kallades &quot;sk\u00e4rhuset&quot; obducerades m\u00f6rdade, drunknade och andra os\u00e4kra fall. L\u00e5ngt bakom till h\u00f6ger skymtar den finska folkskolan och Svedar Johanas, allts\u00e5 Asplunds hus.\" width=\"1970\" height=\"874\" srcset=\"https:\/\/www.lassebacklund.fi\/wp-content\/uploads\/2017\/07\/37ota295_foto_0019-Minnesm\u00e4rket-\u00f6ver-stupade.jpg 1970w, https:\/\/www.lassebacklund.fi\/wp-content\/uploads\/2017\/07\/37ota295_foto_0019-Minnesm\u00e4rket-\u00f6ver-stupade-300x133.jpg 300w, https:\/\/www.lassebacklund.fi\/wp-content\/uploads\/2017\/07\/37ota295_foto_0019-Minnesm\u00e4rket-\u00f6ver-stupade-768x341.jpg 768w, https:\/\/www.lassebacklund.fi\/wp-content\/uploads\/2017\/07\/37ota295_foto_0019-Minnesm\u00e4rket-\u00f6ver-stupade-1024x454.jpg 1024w\" sizes=\"auto, (max-width: 1970px) 100vw, 1970px\" \/><figcaption id=\"caption-attachment-4767\" class=\"wp-caption-text\">Minnesm\u00e4rket \u00f6ver de stupade i frihetskriget 1918 framf\u00f6r de granar som s\u00e5gades ned 2016. Till v\u00e4nster om minnesm\u00e4rket syns &#8221;V\u00e4ktarinas&#8221; allts\u00e5 Viktor Ingves och p\u00e5 h\u00f6gra sidan &#8221;Soininenas&#8221; allts\u00e5 Oskar Sillanp\u00e4\u00e4s hus. I huset mitt i bild som kallades &#8221;sk\u00e4rhuset&#8221; obducerades m\u00f6rdade, drunknade och andra os\u00e4kra fall. L\u00e5ngt bakom till h\u00f6ger skymtar den finska folkskolan och Svedar Johanas, allts\u00e5 Asplunds hus. Foto Selim Bj\u00f6rses \u00e5r 1920, SLS:s arkiv.<\/figcaption><\/figure>\n<p>Sj\u00e4lva monumentet ritades av arkitekt Tikkanen,\u00a0 tillverkades av A.B. Granit \u00e5r 1920 i Hang\u00f6 och det transporterades med t\u00e5g till stationen i Tj\u00f6ck. D\u00e4rifr\u00e5n k\u00f6rdes de tunga stenblocken med h\u00e4st till kyrkan i Lappfj\u00e4rd, d\u00e4r\u00a0minnesstoden sedan restes p\u00e5 en central plats framf\u00f6r kyrkan. Inf\u00f6r Finlands 100-\u00e5rs jubileum gjordes en grundligare renovering, s\u00e5 nu st\u00e5r det rakt och st\u00e5tligt p\u00e5 en stadig grund.<\/p>\n<figure id=\"attachment_6856\" aria-describedby=\"caption-attachment-6856\" style=\"width: 900px\" class=\"wp-caption aligncenter\"><img loading=\"lazy\" decoding=\"async\" class=\"size-full wp-image-6856\" src=\"http:\/\/www.lassebacklund.fi\/wp-content\/uploads\/2017\/12\/A16-Monumentet-vid-krigargravarna-web-ota259_foto_228-1.jpg\" alt=\"Gravmonumentet utanf\u00f6r kyrkan i Lappfj\u00e4rd uppf\u00f6rdes i b\u00f6rjan p\u00e5 1920-talet f\u00f6r att hedra de Lappfj\u00e4rdsbor som stupade i inb\u00f6rdeskriget 1918.\" width=\"900\" height=\"643\" srcset=\"https:\/\/www.lassebacklund.fi\/wp-content\/uploads\/2017\/12\/A16-Monumentet-vid-krigargravarna-web-ota259_foto_228-1.jpg 900w, https:\/\/www.lassebacklund.fi\/wp-content\/uploads\/2017\/12\/A16-Monumentet-vid-krigargravarna-web-ota259_foto_228-1-300x214.jpg 300w, https:\/\/www.lassebacklund.fi\/wp-content\/uploads\/2017\/12\/A16-Monumentet-vid-krigargravarna-web-ota259_foto_228-1-768x549.jpg 768w\" sizes=\"auto, (max-width: 900px) 100vw, 900px\" \/><figcaption id=\"caption-attachment-6856\" class=\"wp-caption-text\">Gravmonumentet utanf\u00f6r kyrkan i Lappfj\u00e4rd uppf\u00f6rdes i b\u00f6rjan p\u00e5 1920-talet f\u00f6r att hedra de Lappfj\u00e4rdsbor som stupade i inb\u00f6rdeskriget 1918. Monumentet avt\u00e4cktes s\u00f6ndagen den 15 augusti 1920. Foto Viktor Nylund, SLS:s arkiv.<\/figcaption><\/figure>\n<figure id=\"attachment_9297\" aria-describedby=\"caption-attachment-9297\" style=\"width: 4032px\" class=\"wp-caption aligncenter\"><img loading=\"lazy\" decoding=\"async\" class=\"size-full wp-image-9297\" src=\"http:\/\/www.lassebacklund.fi\/wp-content\/uploads\/2018\/07\/Monumentet-\u00f6ver-de-stupade-2.jpg\" alt=\"S\u00e5r h\u00e4r vackert och stilrent \u00e4r minnesmonumentet \u00f6ver stupade i v\u00e5ra krig. Fotot fr\u00e5n sommaren 2018.\" width=\"4032\" height=\"3024\" srcset=\"https:\/\/www.lassebacklund.fi\/wp-content\/uploads\/2018\/07\/Monumentet-\u00f6ver-de-stupade-2.jpg 4032w, https:\/\/www.lassebacklund.fi\/wp-content\/uploads\/2018\/07\/Monumentet-\u00f6ver-de-stupade-2-300x225.jpg 300w, https:\/\/www.lassebacklund.fi\/wp-content\/uploads\/2018\/07\/Monumentet-\u00f6ver-de-stupade-2-768x576.jpg 768w, https:\/\/www.lassebacklund.fi\/wp-content\/uploads\/2018\/07\/Monumentet-\u00f6ver-de-stupade-2-1024x768.jpg 1024w\" sizes=\"auto, (max-width: 4032px) 100vw, 4032px\" \/><figcaption id=\"caption-attachment-9297\" class=\"wp-caption-text\">S\u00e5r h\u00e4r vackert och stilrent \u00e4r minnesmonumentet \u00f6ver stupade i v\u00e5ra krig. Fotot fr\u00e5n sommaren 2018.<\/figcaption><\/figure>\n","protected":false},"excerpt":{"rendered":"<p>Monumentets historia Den 11 augusti 1920 annonserades det i Syd-\u00d6sterbotten att en minnesstod \u00f6ver de stupade i frihetskriget 1918 kommer att avt\u00e4ckas s\u00f6ndagen den 15 augusti. Den 14 augusti f\u00f6ljde tidningen upp tillst\u00e4llningen med f\u00f6ljande artikel: Minnesh\u00f6gtid i Lappfj\u00e4rd. S\u00e5som <a class=\"more-link\" href=\"https:\/\/www.lassebacklund.fi\/?page_id=9273\">Forts\u00e4tt l\u00e4sa <span class=\"screen-reader-text\">  Monumentet i Lappfj\u00e4rd<\/span><span class=\"meta-nav\">&rarr;<\/span><\/a><\/p>\n","protected":false},"author":1,"featured_media":0,"parent":3747,"menu_order":0,"comment_status":"closed","ping_status":"closed","template":"","meta":{"footnotes":""},"class_list":["post-9273","page","type-page","status-publish","hentry"],"_links":{"self":[{"href":"https:\/\/www.lassebacklund.fi\/index.php?rest_route=\/wp\/v2\/pages\/9273","targetHints":{"allow":["GET"]}}],"collection":[{"href":"https:\/\/www.lassebacklund.fi\/index.php?rest_route=\/wp\/v2\/pages"}],"about":[{"href":"https:\/\/www.lassebacklund.fi\/index.php?rest_route=\/wp\/v2\/types\/page"}],"author":[{"embeddable":true,"href":"https:\/\/www.lassebacklund.fi\/index.php?rest_route=\/wp\/v2\/users\/1"}],"replies":[{"embeddable":true,"href":"https:\/\/www.lassebacklund.fi\/index.php?rest_route=%2Fwp%2Fv2%2Fcomments&post=9273"}],"version-history":[{"count":11,"href":"https:\/\/www.lassebacklund.fi\/index.php?rest_route=\/wp\/v2\/pages\/9273\/revisions"}],"predecessor-version":[{"id":24093,"href":"https:\/\/www.lassebacklund.fi\/index.php?rest_route=\/wp\/v2\/pages\/9273\/revisions\/24093"}],"up":[{"embeddable":true,"href":"https:\/\/www.lassebacklund.fi\/index.php?rest_route=\/wp\/v2\/pages\/3747"}],"wp:attachment":[{"href":"https:\/\/www.lassebacklund.fi\/index.php?rest_route=%2Fwp%2Fv2%2Fmedia&parent=9273"}],"curies":[{"name":"wp","href":"https:\/\/api.w.org\/{rel}","templated":true}]}}