{"id":92,"date":"2016-07-13T14:34:14","date_gmt":"2016-07-13T12:34:14","guid":{"rendered":"http:\/\/www.lassebacklund.fi\/wp\/?page_id=92"},"modified":"2026-02-13T11:05:42","modified_gmt":"2026-02-13T09:05:42","slug":"abackvagen","status":"publish","type":"page","link":"https:\/\/www.lassebacklund.fi\/?page_id=92","title":{"rendered":"\u00c5backv\u00e4gen"},"content":{"rendered":"<p><span class=\"Normal-C\">\u00c5backv\u00e4gen \u00e4r ca 3,5 km l\u00e5ng fram till kommungr\u00e4nsen och p\u00e5 B\u00f6tomsidan kallas den &#8221;Dagsmarkintie&#8221;. Fram till \u00e5rsskiftet 1961-1962 var den en byv\u00e4g, som intressenterna sk\u00f6tte men d\u00e5 togs den \u00f6ver av staten och b\u00f6rjade d\u00e5 kallas bygdev\u00e4g. Klicka p\u00e5 \u00f6nskad g\u00e5rd och husnummer h\u00e4r nedan, s\u00e5&nbsp; f\u00e5r du l\u00e4sa mera.<\/span><\/p>\n<h5><a class=\"fasc-button fasc-size-medium fasc-type-glossy fasc-rounded-medium\" style=\"color: #ffffff; background-color: #33809e;\" href=\"http:\/\/www.lassebacklund.fi\/?page_id=3082\">14 Roseng\u00e5rds<\/a><\/h5>\n<h5><a class=\"fasc-button fasc-size-medium fasc-type-glossy fasc-rounded-medium\" style=\"background-color: #33809e; color: #ffffff;\" href=\"https:\/\/www.lassebacklund.fi\/?page_id=24336\">18 Andelsbanken<\/a><\/h5>\n<h5><a class=\"fasc-button fasc-size-medium fasc-type-glossy fasc-rounded-medium\" style=\"background-color: #33809e; color: #ffffff;\" href=\"http:\/\/www.lassebacklund.fi\/?page_id=4864\">32 Krook eller L\u00e5ngfors<\/a><\/h5>\n<h5><a class=\"fasc-button fasc-size-medium fasc-type-glossy fasc-rounded-medium\" style=\"color: #ffffff; background-color: #33809e;\" href=\"http:\/\/www.lassebacklund.fi\/?page_id=6571\">66 Klemes-Tildas<\/a><\/h5>\n<h5><a class=\"fasc-button fasc-size-medium fasc-type-glossy fasc-rounded-medium\" style=\"color: #ffffff; background-color: #33809e;\" href=\"http:\/\/www.lassebacklund.fi\/?page_id=1798\">99 Nyroos &#8211; Mitts<\/a><\/h5>\n<h5><a class=\"fasc-button fasc-size-medium fasc-type-glossy fasc-rounded-medium\" style=\"background-color: #33809e; color: #ffffff;\" href=\"https:\/\/www.lassebacklund.fi\/?page_id=24649\">138 Rosengren<\/a><\/h5>\n<h5><a class=\"fasc-button fasc-size-medium fasc-type-glossy fasc-rounded-medium\" style=\"background-color: #33809e; color: #ffffff;\" href=\"http:\/\/www.lassebacklund.fi\/?page_id=3001\">158 Forslin eller H\u00e4gglunds<\/a><\/h5>\n<h5><a class=\"fasc-button fasc-size-medium fasc-type-glossy fasc-rounded-medium\" style=\"color: #ffffff; background-color: #33809e;\" href=\"http:\/\/www.lassebacklund.fi\/?page_id=2786\">193 Kapten Nelson<\/a><\/h5>\n<h5><a class=\"fasc-button fasc-size-medium fasc-type-glossy fasc-rounded-medium\" style=\"color: #ffffff; background-color: #33809e;\" href=\"http:\/\/www.lassebacklund.fi\/?page_id=5810\">203 Gr\u00f6ndahlas<\/a><\/h5>\n<h5><a class=\"fasc-button fasc-size-medium fasc-type-glossy fasc-rounded-medium\" style=\"color: #ffffff; background-color: #33809e;\" href=\"http:\/\/www.lassebacklund.fi\/?page_id=3450\">250 Myllyniemi<\/a><\/h5>\n<h5><a class=\"fasc-button fasc-size-medium fasc-type-glossy fasc-rounded-medium\" style=\"color: #ffffff; background-color: #33809e;\" href=\"http:\/\/www.lassebacklund.fi\/?page_id=3379\">259 Santam\u00e4kis<\/a><\/h5>\n<h5><a class=\"fasc-button fasc-size-medium fasc-type-glossy fasc-rounded-medium\" style=\"color: #ffffff; background-color: #33809e;\" href=\"http:\/\/www.lassebacklund.fi\/?page_id=9891\">268 \u00c5sinas eller Wiklundas<\/a><\/h5>\n<h5><a class=\"fasc-button fasc-size-medium fasc-type-glossy fasc-rounded-medium\" style=\"color: #ffffff; background-color: #33809e;\" href=\"http:\/\/www.lassebacklund.fi\/?page_id=9759\">273 Rosenback Eskilas<\/a><\/h5>\n<h5><a class=\"fasc-button fasc-size-medium fasc-type-glossy fasc-rounded-medium\" style=\"color: #ffffff; background-color: #33809e;\" href=\"http:\/\/www.lassebacklund.fi\/?page_id=3334\">282 Klemets<\/a><\/h5>\n<h5><a class=\"fasc-button fasc-size-medium fasc-type-glossy fasc-rounded-medium\" style=\"background-color: #33809e; color: #ffffff;\" href=\"https:\/\/www.lassebacklund.fi\/?page_id=25556\">300 Alfred Storkull<\/a><\/h5>\n<h5><a class=\"fasc-button fasc-size-medium fasc-type-glossy fasc-rounded-medium\" style=\"color: #ffffff; background-color: #33809e;\" href=\"http:\/\/www.lassebacklund.fi\/?page_id=3289\">312 H\u00e4llbacks<\/a><\/h5>\n<h5><a class=\"fasc-button fasc-size-medium fasc-type-glossy fasc-rounded-medium\" style=\"background-color: #33809e; color: #ffffff;\" href=\"https:\/\/www.lassebacklund.fi\/?page_id=24051\">334 Puputtis eller Lindells<\/a><\/h5>\n<h5><a class=\"fasc-button fasc-size-medium fasc-type-glossy fasc-rounded-medium\" style=\"color: #ffffff; background-color: #33809e;\" href=\"http:\/\/www.lassebacklund.fi\/?page_id=3521\">357 Lindfors<\/a><\/h5>\n","protected":false},"excerpt":{"rendered":"<p>\u00c5backv\u00e4gen \u00e4r ca 3,5 km l\u00e5ng fram till kommungr\u00e4nsen och p\u00e5 B\u00f6tomsidan kallas den &#8221;Dagsmarkintie&#8221;. Fram till \u00e5rsskiftet 1961-1962 var den en byv\u00e4g, som intressenterna sk\u00f6tte men d\u00e5 togs den \u00f6ver av staten och b\u00f6rjade d\u00e5 kallas bygdev\u00e4g. Klicka p\u00e5 <a class=\"more-link\" href=\"https:\/\/www.lassebacklund.fi\/?page_id=92\">Forts\u00e4tt l\u00e4sa <span class=\"screen-reader-text\">  \u00c5backv\u00e4gen<\/span><span class=\"meta-nav\">&rarr;<\/span><\/a><\/p>\n","protected":false},"author":1,"featured_media":0,"parent":51,"menu_order":13,"comment_status":"closed","ping_status":"closed","template":"","meta":{"footnotes":""},"class_list":["post-92","page","type-page","status-publish","hentry"],"_links":{"self":[{"href":"https:\/\/www.lassebacklund.fi\/index.php?rest_route=\/wp\/v2\/pages\/92","targetHints":{"allow":["GET"]}}],"collection":[{"href":"https:\/\/www.lassebacklund.fi\/index.php?rest_route=\/wp\/v2\/pages"}],"about":[{"href":"https:\/\/www.lassebacklund.fi\/index.php?rest_route=\/wp\/v2\/types\/page"}],"author":[{"embeddable":true,"href":"https:\/\/www.lassebacklund.fi\/index.php?rest_route=\/wp\/v2\/users\/1"}],"replies":[{"embeddable":true,"href":"https:\/\/www.lassebacklund.fi\/index.php?rest_route=%2Fwp%2Fv2%2Fcomments&post=92"}],"version-history":[{"count":39,"href":"https:\/\/www.lassebacklund.fi\/index.php?rest_route=\/wp\/v2\/pages\/92\/revisions"}],"predecessor-version":[{"id":25569,"href":"https:\/\/www.lassebacklund.fi\/index.php?rest_route=\/wp\/v2\/pages\/92\/revisions\/25569"}],"up":[{"embeddable":true,"href":"https:\/\/www.lassebacklund.fi\/index.php?rest_route=\/wp\/v2\/pages\/51"}],"wp:attachment":[{"href":"https:\/\/www.lassebacklund.fi\/index.php?rest_route=%2Fwp%2Fv2%2Fmedia&parent=92"}],"curies":[{"name":"wp","href":"https:\/\/api.w.org\/{rel}","templated":true}]}}