{"id":9131,"date":"2018-07-11T21:43:06","date_gmt":"2018-07-11T19:43:06","guid":{"rendered":"http:\/\/www.lassebacklund.fi\/?page_id=9131"},"modified":"2018-07-11T21:43:06","modified_gmt":"2018-07-11T19:43:06","slug":"slaktnamn-som-borjar-pa-i","status":"publish","type":"page","link":"https:\/\/www.lassebacklund.fi\/?page_id=9131","title":{"rendered":"Sl\u00e4ktnamn som b\u00f6rjar p\u00e5 I."},"content":{"rendered":"<p><img loading=\"lazy\" decoding=\"async\" class=\"alignnone size-full wp-image-9127\" src=\"http:\/\/www.lassebacklund.fi\/wp-content\/uploads\/2018\/07\/Ingvesback-Anna-Maria.jpg\" alt=\"Ingvesback Anna Maria\" width=\"679\" height=\"468\" srcset=\"https:\/\/www.lassebacklund.fi\/wp-content\/uploads\/2018\/07\/Ingvesback-Anna-Maria.jpg 679w, https:\/\/www.lassebacklund.fi\/wp-content\/uploads\/2018\/07\/Ingvesback-Anna-Maria-300x207.jpg 300w\" sizes=\"auto, (max-width: 679px) 100vw, 679px\" \/> <img loading=\"lazy\" decoding=\"async\" class=\"alignnone size-full wp-image-9128\" src=\"http:\/\/www.lassebacklund.fi\/wp-content\/uploads\/2018\/07\/Ingvesback-Else.jpg\" alt=\"Ingvesback Else\" width=\"2066\" height=\"937\" srcset=\"https:\/\/www.lassebacklund.fi\/wp-content\/uploads\/2018\/07\/Ingvesback-Else.jpg 2066w, https:\/\/www.lassebacklund.fi\/wp-content\/uploads\/2018\/07\/Ingvesback-Else-300x136.jpg 300w, https:\/\/www.lassebacklund.fi\/wp-content\/uploads\/2018\/07\/Ingvesback-Else-768x348.jpg 768w, https:\/\/www.lassebacklund.fi\/wp-content\/uploads\/2018\/07\/Ingvesback-Else-1024x464.jpg 1024w\" sizes=\"auto, (max-width: 2066px) 100vw, 2066px\" \/> <img loading=\"lazy\" decoding=\"async\" class=\"alignnone size-full wp-image-9129\" src=\"http:\/\/www.lassebacklund.fi\/wp-content\/uploads\/2018\/07\/Ingvesback-Sigvald.jpg\" alt=\"Ingvesback Sigvald\" width=\"2450\" height=\"1069\" srcset=\"https:\/\/www.lassebacklund.fi\/wp-content\/uploads\/2018\/07\/Ingvesback-Sigvald.jpg 2450w, https:\/\/www.lassebacklund.fi\/wp-content\/uploads\/2018\/07\/Ingvesback-Sigvald-300x131.jpg 300w, https:\/\/www.lassebacklund.fi\/wp-content\/uploads\/2018\/07\/Ingvesback-Sigvald-768x335.jpg 768w, https:\/\/www.lassebacklund.fi\/wp-content\/uploads\/2018\/07\/Ingvesback-Sigvald-1024x447.jpg 1024w\" sizes=\"auto, (max-width: 2450px) 100vw, 2450px\" \/> <img loading=\"lazy\" decoding=\"async\" class=\"alignnone size-full wp-image-9130\" src=\"http:\/\/www.lassebacklund.fi\/wp-content\/uploads\/2018\/07\/Ingvesback-Stefan.jpg\" alt=\"Ingvesback Stefan\" width=\"979\" height=\"470\" srcset=\"https:\/\/www.lassebacklund.fi\/wp-content\/uploads\/2018\/07\/Ingvesback-Stefan.jpg 979w, https:\/\/www.lassebacklund.fi\/wp-content\/uploads\/2018\/07\/Ingvesback-Stefan-300x144.jpg 300w, https:\/\/www.lassebacklund.fi\/wp-content\/uploads\/2018\/07\/Ingvesback-Stefan-768x369.jpg 768w\" sizes=\"auto, (max-width: 979px) 100vw, 979px\" \/><\/p>\n","protected":false},"excerpt":{"rendered":"","protected":false},"author":1,"featured_media":0,"parent":27,"menu_order":9,"comment_status":"closed","ping_status":"closed","template":"","meta":{"footnotes":""},"class_list":["post-9131","page","type-page","status-publish","hentry"],"_links":{"self":[{"href":"https:\/\/www.lassebacklund.fi\/index.php?rest_route=\/wp\/v2\/pages\/9131","targetHints":{"allow":["GET"]}}],"collection":[{"href":"https:\/\/www.lassebacklund.fi\/index.php?rest_route=\/wp\/v2\/pages"}],"about":[{"href":"https:\/\/www.lassebacklund.fi\/index.php?rest_route=\/wp\/v2\/types\/page"}],"author":[{"embeddable":true,"href":"https:\/\/www.lassebacklund.fi\/index.php?rest_route=\/wp\/v2\/users\/1"}],"replies":[{"embeddable":true,"href":"https:\/\/www.lassebacklund.fi\/index.php?rest_route=%2Fwp%2Fv2%2Fcomments&post=9131"}],"version-history":[{"count":1,"href":"https:\/\/www.lassebacklund.fi\/index.php?rest_route=\/wp\/v2\/pages\/9131\/revisions"}],"predecessor-version":[{"id":9132,"href":"https:\/\/www.lassebacklund.fi\/index.php?rest_route=\/wp\/v2\/pages\/9131\/revisions\/9132"}],"up":[{"embeddable":true,"href":"https:\/\/www.lassebacklund.fi\/index.php?rest_route=\/wp\/v2\/pages\/27"}],"wp:attachment":[{"href":"https:\/\/www.lassebacklund.fi\/index.php?rest_route=%2Fwp%2Fv2%2Fmedia&parent=9131"}],"curies":[{"name":"wp","href":"https:\/\/api.w.org\/{rel}","templated":true}]}}