{"id":9066,"date":"2018-07-09T12:25:09","date_gmt":"2018-07-09T10:25:09","guid":{"rendered":"http:\/\/www.lassebacklund.fi\/?page_id=9066"},"modified":"2018-07-16T23:03:23","modified_gmt":"2018-07-16T21:03:23","slug":"tidningsurklipp-fran-ar-1928","status":"publish","type":"page","link":"https:\/\/www.lassebacklund.fi\/?page_id=9066","title":{"rendered":"Tidningsurklipp fr\u00e5n \u00e5r 1928."},"content":{"rendered":"<p><span style=\"color: #000080;\">Syd-\u00d6sterbotten 14.1.1928:<\/span><\/p>\n<h5><strong>Vad \u00e4r sanning?<\/strong><\/h5>\n<p>Uti bl. a. ortens finska tidning ingick f\u00f6r n\u00e5gon tid sedan ett verop \u00f6ver Lappfj\u00e4rd kommuns f\u00f6rmenta f\u00f6rsummelse att bereda familjen N\u00f6jds barn undervisning i finsk folkskola. \u00c4nkan Tekla N\u00f6jd har j\u00e4mte sina sju barn under flera \u00e5r varit bosatta i Dagsmark by, d\u00e4r de \u00e4ldre barnen, som kunnat svenska, tidvis bes\u00f6kt ortens svenska folkskola. I mitten av senaste h\u00f6sttermin anh\u00f6ll Tekla N\u00f6jd, efter ivrig uppmaning fr\u00e5n finskt h\u00e5ll, uti skrivelse till kommunalfullm\u00e4ktige, att f\u00e5 sig anvisad bostad i Lappfj\u00e4rd kyrkoby f\u00f6r sina barns skolg\u00e5ng i finska folkskolan d\u00e4rst\u00e4des. Vid sammantr\u00e4de den 7 november besl\u00f6t fullm\u00e4ktige giva fattigv\u00e5rdsn\u00e4mnden i uppdrag att, s\u00e5 vitt m\u00f6jligt, genast f\u00f6r familjen N\u00f6jd anvisa bostad i kyrkobyn. Men, oaktat den b\u00e4sta vilja, kunde fattigv\u00e5rdsn\u00e4mndens icke genast under p\u00e5g\u00e5ende l\u00e4stermin anskaffa den \u00f6nskade bostaden. Om \u00e4nkan N\u00f6jd f\u00f6re h\u00f6stterminens b\u00f6rjan uttalat sin \u00f6nskan att bliva flyttad till kyrkobyn, hade s\u00e5dan anh\u00e5llan helt s\u00e4kert villfarits och b\u00e4ttre kunnat ordnas i god tid, d\u00e5 op\u00e5kallade signaler om f\u00f6rment oginhet fr\u00e5n kommunens sida kunnat undvaras. Numera, fr\u00e5n v\u00e5rterminens b\u00f6rjan \u00e4r familjen N\u00f6jd flyttad till s\u00e4llare hamn, Lappfj\u00e4rd kyrkoby, d\u00e4r de unga \u201eN\u00f6jdarna\u201d, vilka torde f\u00f6ga vara bel\u00e5tna med att bes\u00f6ka finska folkskolan.<\/p>\n<p>Familjen N\u00f6jd, som tidigare \u00e4gde en r\u00e4tt god f\u00f6rm\u00f6genhet, har genom obet\u00e4nksamma spekulationer r\u00e5kat i fattigdom och numera med en familj p\u00e5 \u00e5tta personer fallit fattigv\u00e5rden till last, som \u00e5rligen v\u00e5llar kommunen en avsev\u00e4rd kostnad, f\u00f6r vilken Tekla N\u00f6jd borde vara mera tacksam och mindre pockande.<\/p>\n<figure id=\"attachment_9065\" aria-describedby=\"caption-attachment-9065\" style=\"width: 273px\" class=\"wp-caption alignleft\"><img loading=\"lazy\" decoding=\"async\" class=\"size-full wp-image-9065\" src=\"http:\/\/www.lassebacklund.fi\/wp-content\/uploads\/2018\/07\/19280613-Folkfest.jpg\" alt=\"13 juni 1928 annonserade f\u00f6reningen s\u00e5 h\u00e4r i Syd-\u00d6sterbotten.\" width=\"273\" height=\"395\" srcset=\"https:\/\/www.lassebacklund.fi\/wp-content\/uploads\/2018\/07\/19280613-Folkfest.jpg 273w, https:\/\/www.lassebacklund.fi\/wp-content\/uploads\/2018\/07\/19280613-Folkfest-207x300.jpg 207w\" sizes=\"auto, (max-width: 273px) 100vw, 273px\" \/><figcaption id=\"caption-attachment-9065\" class=\"wp-caption-text\">13 juni 1928 annonserade f\u00f6reningen s\u00e5 h\u00e4r i Syd-\u00d6sterbotten.<\/figcaption><\/figure>\n<p><span style=\"color: #000080;\">Syd-\u00d6sterbotten 23.6.1928:<\/span><\/p>\n<p>Folkfesten i Dagsmark senaste s\u00f6ndag var lyckad i det att str\u00e5lande solskensv\u00e4der r\u00e5dde hela dagen, vilket bidrog till att festen var mycket talrikt bes\u00f6kt.<\/p>\n<p>Festen b\u00f6rjade kl. 2 e. m. med idrottst\u00e4vlingar, vilka arrangerades av ungdomsf\u00f6reningens idrottsklubb.<\/p>\n<p>Efter t\u00e4vlingarna vidtog friluftsfest. Festen inleddes med Slottes \u201dSlumrande toner\u201d unisont till ackompanjemang av \u00c5bygg str\u00e5korkester. H\u00e4lsningstal h\u00f6ll f\u00f6reningens ordf\u00f6rande Artur Storkull, ovann\u00e4mnda str\u00e5korkester utf\u00f6rde s\u00e5 musik. Det var en verklig njutning, att h\u00f6ra med vilken kl\u00e4m, precision och k\u00e4nsla de olika musiknumren utf\u00f6rdes.<\/p>\n<p>H\u00e4refter f\u00f6ljde festtal, vilket h\u00f6lls av ordf\u00f6randen i M\u00f6rtmark svenska ungdomsf\u00f6rening hr Nyg\u00e5rd. Det inneh\u00e5llsrika talet \u00e5h\u00f6rdes av publiken med sp\u00e4nd uppm\u00e4rksamhet och bel\u00f6nades med livliga appl\u00e5der. Med k\u00e4nd f\u00f6rm\u00e5ga upptr\u00e4dde fr\u00f6ken D. Kjellberg med deklamation. Orkestern bj\u00f6d igen p\u00e5 n\u00e5gra musiknummer, varp\u00e5 programmet f\u00f6r dagen var slut. F\u00f6ljde nu en stafettl\u00f6pning. Resultaten h\u00e4r nedan. Nu f\u00f6ljde paus fr\u00e5n kl. 6\u20148. d\u00e5 man fick stilla sitt lekamliga behov fr\u00e5n den v\u00e4lf\u00f6rsedda buffetten. D\u00e5 festsoar\u00e9n kl. 8 p\u00e5 kv\u00e4llen vidtog var f\u00f6reningslokalen till tr\u00e4ngsel fylld. Programmet inleddes med musik av str\u00e5korkestern, stud. Rurik Nylund h\u00f6ll s\u00e5 f\u00f6redrag om Bj\u00f6rneborgarnas marsch och dess uppkomst, varp\u00e5 prisutdelning f\u00f6r dagens t\u00e4vlingar f\u00f6rr\u00e4ttades av idrottsklubbens ordf, Frans Storkull. Fr\u00f6ken Kjellberg sj\u00f6ng s\u00e5 ett par med livligt bifall mottagna s\u00e5nger till pianoackompanjemang. Som sista nummer p\u00e5 programmet utf\u00f6rdes ett teaterstycke i 3 akter \u201dHan heter August&#8221;. Till orkestermusik vidtog s\u00e5 dans. God ordning r\u00e5dde, festen avsl\u00f6ts n\u00e5got \u00f6ver kl. 1 p\u00e5 natten.<\/p>\n<p>Till idrottst\u00e4vlingen hade inbjudits Lappfj\u00e4rd, H\u00e4rkmeri och Tj\u00f6ck-P\u00e5skmark ungdomsf\u00f6reningars idrottsm\u00e4n. T\u00e4vlingen omfattade kulst\u00f6tning, l\u00e4ngdhopp, (dessa b\u00e5da grenar voro individuella och utdelades tre pris i varje). I kulst\u00f6tningen representerades Dagsmark av tre man, Lappfj\u00e4rd av 2 och H\u00e4rkmeri av 1, i l\u00e4ngdhopp Dagsmark av 4, Lappfj\u00e4rd av 2 H\u00e4rkmeri av 1. En stafettl\u00f6pning var \u00e4ven anordnad, 3 lag st\u00e4llde upp Dagsmark, Lappfj\u00e4rd och H\u00e4rkmeri. Str\u00e4ckorna voro 1,500 X 800X 400X100 meter.<\/p>\n<p>Kulst\u00f6tning: &#8211; 1) Jernstr\u00f6m, Lappfj\u00e4rd, 11, 00 m. 2) Honko, Lappfj\u00e4rd, 9,76, 3) Valdemar Rosengren, Dagsmark 9,42 m.<\/p>\n<p>L\u00e4ngdhopp; 1) Honko, Lappfj\u00e4rd. 5,75 m., 2)Artur Mitts, Dagsmark 5,51. 3) Valter Lindell Dagsmark 5,45.<\/p>\n<p>I stafettl\u00f6pningen segrade \u00f6verl\u00e4gset Dagsmark-laget med tiden 8 min. 15 sek. L\u00f6parna i laget voro; Artur Mitts 1,500, Valdemar Rosengren 800, Vilho Myllyniemi 400, Gunnar Gr\u00f6ndahl 100 m. Samtliga l\u00f6pare i detta lag tilldelades pris. Andra plats belade H\u00e4rkmeri-laget med tiden 8 min, 21 sek., tredje Lappfj\u00e4rd 8 min. 31 sek. Samtliga priser i t\u00e4vlingen utgjordes av silverteskedar.<\/p>\n<p><span style=\"color: #000080;\">Artikel i \u201dFinlands jakt- och fisketidskrift\u201d 1.11.1928:<\/span><\/p>\n<p><strong>16 F\u00c5R D\u00d6DADE AV HUNDAR.<\/strong><\/p>\n<p>F\u00f6r bonden V. Storkull i Dagsmark ihj\u00e4lrevs samtliga hans 16 f\u00e5r den 8 september, sannolikt av hundar. \u00c5t f\u00e5ren har varit inh\u00e4gnad en s\u00e4rskild beteshage vid \u00e5n, med en lada f\u00f6r dem att tillbringa natten uti. Trots n\u00e4mnda hage inte ligger l\u00e4ngre \u00e4n omkring tv\u00e5hundra meter fr\u00e5n g\u00e5rden, har de blodt\u00f6rstiga odjuren fr\u00e4ckt utf\u00f6rt sin grymma g\u00e4rning. Man visste ingenting om saken f\u00f6rr\u00e4n f\u00f6ljande dag vid 11-tiden, d\u00e5 n\u00e5gra sm\u00e5flickor fr\u00e5n en granng\u00e5rd kom och ber\u00e4ttade, att tre d\u00f6da f\u00e5r setts ligga i \u00e5n. Man m\u00f6ttes i hagen av en sorglig anblick: de sexton f\u00e5ren l\u00e5g str\u00f6dda kring hagen s\u00f6nderslitna p\u00e5 det mest ohyggliga s\u00e4tt, en del hade drivits ut i \u00e5n, sedan hundarna f\u00f6rst rivit n\u00e5gon lem av dem. Vems hundarna \u00e4r, vet man inte.<\/p>\n<p>Om odjuren \u00e4r jakthundar, s\u00e5som man har allt sk\u00e4l att f\u00f6rmoda, b\u00f6r de utan misskund skjutas, ty det \u00e4r just genom dylika och andra likartade, av j\u00e4garna tolererade og\u00e4rningar av deras hundar, som jakten hos oss v\u00e4cker lantbefolkningens avoghet.<\/p>\n<p>&nbsp;<\/p>\n<p>&nbsp;<\/p>\n","protected":false},"excerpt":{"rendered":"<p>Syd-\u00d6sterbotten 14.1.1928: Vad \u00e4r sanning? Uti bl. a. ortens finska tidning ingick f\u00f6r n\u00e5gon tid sedan ett verop \u00f6ver Lappfj\u00e4rd kommuns f\u00f6rmenta f\u00f6rsummelse att bereda familjen N\u00f6jds barn undervisning i finsk folkskola. \u00c4nkan Tekla N\u00f6jd har j\u00e4mte sina sju barn <a class=\"more-link\" href=\"https:\/\/www.lassebacklund.fi\/?page_id=9066\">Forts\u00e4tt l\u00e4sa <span class=\"screen-reader-text\">  Tidningsurklipp fr\u00e5n \u00e5r 1928.<\/span><span class=\"meta-nav\">&rarr;<\/span><\/a><\/p>\n","protected":false},"author":1,"featured_media":0,"parent":7430,"menu_order":1928,"comment_status":"closed","ping_status":"closed","template":"","meta":{"footnotes":""},"class_list":["post-9066","page","type-page","status-publish","hentry"],"_links":{"self":[{"href":"https:\/\/www.lassebacklund.fi\/index.php?rest_route=\/wp\/v2\/pages\/9066","targetHints":{"allow":["GET"]}}],"collection":[{"href":"https:\/\/www.lassebacklund.fi\/index.php?rest_route=\/wp\/v2\/pages"}],"about":[{"href":"https:\/\/www.lassebacklund.fi\/index.php?rest_route=\/wp\/v2\/types\/page"}],"author":[{"embeddable":true,"href":"https:\/\/www.lassebacklund.fi\/index.php?rest_route=\/wp\/v2\/users\/1"}],"replies":[{"embeddable":true,"href":"https:\/\/www.lassebacklund.fi\/index.php?rest_route=%2Fwp%2Fv2%2Fcomments&post=9066"}],"version-history":[{"count":5,"href":"https:\/\/www.lassebacklund.fi\/index.php?rest_route=\/wp\/v2\/pages\/9066\/revisions"}],"predecessor-version":[{"id":9231,"href":"https:\/\/www.lassebacklund.fi\/index.php?rest_route=\/wp\/v2\/pages\/9066\/revisions\/9231"}],"up":[{"embeddable":true,"href":"https:\/\/www.lassebacklund.fi\/index.php?rest_route=\/wp\/v2\/pages\/7430"}],"wp:attachment":[{"href":"https:\/\/www.lassebacklund.fi\/index.php?rest_route=%2Fwp%2Fv2%2Fmedia&parent=9066"}],"curies":[{"name":"wp","href":"https:\/\/api.w.org\/{rel}","templated":true}]}}