{"id":9043,"date":"2018-07-06T21:05:06","date_gmt":"2018-07-06T19:05:06","guid":{"rendered":"http:\/\/www.lassebacklund.fi\/?page_id=9043"},"modified":"2018-07-06T21:11:01","modified_gmt":"2018-07-06T19:11:01","slug":"mejeriernas-historik","status":"publish","type":"page","link":"https:\/\/www.lassebacklund.fi\/?page_id=9043","title":{"rendered":"Mejeriernas historik."},"content":{"rendered":"<p>Lappfj\u00e4rdsbon Otto Bj\u00f6rses publicerade 1974 en historik \u00f6ver mejeriernas historia i Kristinestadsnejden.<\/p>\n<p>Om texten \u00e4r f\u00f6r liten, s\u00e5 skall du h\u00e5lla ned CTRL-knappen nere till v\u00e4nster och p\u00e5 samma g\u00e5ng skall du klicka p\u00e5 +-tangenten som finns till h\u00f6ger n\u00e5gra g\u00e5nger.<\/p>\n<p><img loading=\"lazy\" decoding=\"async\" class=\" wp-image-9023 aligncenter\" src=\"http:\/\/www.lassebacklund.fi\/wp-content\/uploads\/2018\/07\/Sid-1-p\u00e4rmbild.jpg\" alt=\"Sid 1 p\u00e4rmbild\" width=\"461\" height=\"683\" \/> <img loading=\"lazy\" decoding=\"async\" class=\"size-full wp-image-9024 aligncenter\" src=\"http:\/\/www.lassebacklund.fi\/wp-content\/uploads\/2018\/07\/Sid-3-Allm\u00e4nt.jpg\" alt=\"Sid 3 Allm\u00e4nt\" width=\"1492\" height=\"1083\" srcset=\"https:\/\/www.lassebacklund.fi\/wp-content\/uploads\/2018\/07\/Sid-3-Allm\u00e4nt.jpg 1492w, https:\/\/www.lassebacklund.fi\/wp-content\/uploads\/2018\/07\/Sid-3-Allm\u00e4nt-300x218.jpg 300w, https:\/\/www.lassebacklund.fi\/wp-content\/uploads\/2018\/07\/Sid-3-Allm\u00e4nt-768x557.jpg 768w, https:\/\/www.lassebacklund.fi\/wp-content\/uploads\/2018\/07\/Sid-3-Allm\u00e4nt-1024x743.jpg 1024w\" sizes=\"auto, (max-width: 1492px) 100vw, 1492px\" \/> <img loading=\"lazy\" decoding=\"async\" class=\"size-full wp-image-9025 aligncenter\" src=\"http:\/\/www.lassebacklund.fi\/wp-content\/uploads\/2018\/07\/Sid-4-5-gamla-mejeriet.jpg\" alt=\"Sid 4-5 gamla mejeriet\" width=\"1491\" height=\"994\" srcset=\"https:\/\/www.lassebacklund.fi\/wp-content\/uploads\/2018\/07\/Sid-4-5-gamla-mejeriet.jpg 1491w, https:\/\/www.lassebacklund.fi\/wp-content\/uploads\/2018\/07\/Sid-4-5-gamla-mejeriet-300x200.jpg 300w, https:\/\/www.lassebacklund.fi\/wp-content\/uploads\/2018\/07\/Sid-4-5-gamla-mejeriet-768x512.jpg 768w, https:\/\/www.lassebacklund.fi\/wp-content\/uploads\/2018\/07\/Sid-4-5-gamla-mejeriet-1024x683.jpg 1024w\" sizes=\"auto, (max-width: 1491px) 100vw, 1491px\" \/> <img loading=\"lazy\" decoding=\"async\" class=\"size-full wp-image-9026 aligncenter\" src=\"http:\/\/www.lassebacklund.fi\/wp-content\/uploads\/2018\/07\/Sid-6-7-Privata-ostmejeriet-i-Lappfj\u00e4rd.jpg\" alt=\"Sid 6-7 Privata ostmejeriet i Lappfj\u00e4rd\" width=\"1495\" height=\"1091\" srcset=\"https:\/\/www.lassebacklund.fi\/wp-content\/uploads\/2018\/07\/Sid-6-7-Privata-ostmejeriet-i-Lappfj\u00e4rd.jpg 1495w, https:\/\/www.lassebacklund.fi\/wp-content\/uploads\/2018\/07\/Sid-6-7-Privata-ostmejeriet-i-Lappfj\u00e4rd-300x219.jpg 300w, https:\/\/www.lassebacklund.fi\/wp-content\/uploads\/2018\/07\/Sid-6-7-Privata-ostmejeriet-i-Lappfj\u00e4rd-768x560.jpg 768w, https:\/\/www.lassebacklund.fi\/wp-content\/uploads\/2018\/07\/Sid-6-7-Privata-ostmejeriet-i-Lappfj\u00e4rd-1024x747.jpg 1024w\" sizes=\"auto, (max-width: 1495px) 100vw, 1495px\" \/> <img loading=\"lazy\" decoding=\"async\" class=\"size-full wp-image-9027 aligncenter\" src=\"http:\/\/www.lassebacklund.fi\/wp-content\/uploads\/2018\/07\/Sid-8-9-Mejeri-i-Sideby.jpg\" alt=\"Sid 8-9 Mejeri i Sideby\" width=\"1491\" height=\"1039\" srcset=\"https:\/\/www.lassebacklund.fi\/wp-content\/uploads\/2018\/07\/Sid-8-9-Mejeri-i-Sideby.jpg 1491w, https:\/\/www.lassebacklund.fi\/wp-content\/uploads\/2018\/07\/Sid-8-9-Mejeri-i-Sideby-300x209.jpg 300w, https:\/\/www.lassebacklund.fi\/wp-content\/uploads\/2018\/07\/Sid-8-9-Mejeri-i-Sideby-768x535.jpg 768w, https:\/\/www.lassebacklund.fi\/wp-content\/uploads\/2018\/07\/Sid-8-9-Mejeri-i-Sideby-1024x714.jpg 1024w\" sizes=\"auto, (max-width: 1491px) 100vw, 1491px\" \/> <img loading=\"lazy\" decoding=\"async\" class=\"size-full wp-image-9028 aligncenter\" src=\"http:\/\/www.lassebacklund.fi\/wp-content\/uploads\/2018\/07\/Sid-10-11-Nya-mejeriet-i-Sideby.jpg\" alt=\"Sid 10-11 Nya mejeriet i Sideby\" width=\"1492\" height=\"1045\" srcset=\"https:\/\/www.lassebacklund.fi\/wp-content\/uploads\/2018\/07\/Sid-10-11-Nya-mejeriet-i-Sideby.jpg 1492w, https:\/\/www.lassebacklund.fi\/wp-content\/uploads\/2018\/07\/Sid-10-11-Nya-mejeriet-i-Sideby-300x210.jpg 300w, https:\/\/www.lassebacklund.fi\/wp-content\/uploads\/2018\/07\/Sid-10-11-Nya-mejeriet-i-Sideby-768x538.jpg 768w, https:\/\/www.lassebacklund.fi\/wp-content\/uploads\/2018\/07\/Sid-10-11-Nya-mejeriet-i-Sideby-1024x717.jpg 1024w\" sizes=\"auto, (max-width: 1492px) 100vw, 1492px\" \/> <img loading=\"lazy\" decoding=\"async\" class=\"size-full wp-image-9029 aligncenter\" src=\"http:\/\/www.lassebacklund.fi\/wp-content\/uploads\/2018\/07\/Sid-12-13-Tj\u00f6ck-mejeri.jpg\" alt=\"Sid 12-13 Tj\u00f6ck mejeri\" width=\"1494\" height=\"1051\" srcset=\"https:\/\/www.lassebacklund.fi\/wp-content\/uploads\/2018\/07\/Sid-12-13-Tj\u00f6ck-mejeri.jpg 1494w, https:\/\/www.lassebacklund.fi\/wp-content\/uploads\/2018\/07\/Sid-12-13-Tj\u00f6ck-mejeri-300x211.jpg 300w, https:\/\/www.lassebacklund.fi\/wp-content\/uploads\/2018\/07\/Sid-12-13-Tj\u00f6ck-mejeri-768x540.jpg 768w, https:\/\/www.lassebacklund.fi\/wp-content\/uploads\/2018\/07\/Sid-12-13-Tj\u00f6ck-mejeri-1024x720.jpg 1024w\" sizes=\"auto, (max-width: 1494px) 100vw, 1494px\" \/> <img loading=\"lazy\" decoding=\"async\" class=\"size-full wp-image-9030 aligncenter\" src=\"http:\/\/www.lassebacklund.fi\/wp-content\/uploads\/2018\/07\/Sid-14-15-Dagsmark-Andelsmejeri.jpg\" alt=\"Sid 14-15 Dagsmark Andelsmejeri\" width=\"1495\" height=\"1069\" srcset=\"https:\/\/www.lassebacklund.fi\/wp-content\/uploads\/2018\/07\/Sid-14-15-Dagsmark-Andelsmejeri.jpg 1495w, https:\/\/www.lassebacklund.fi\/wp-content\/uploads\/2018\/07\/Sid-14-15-Dagsmark-Andelsmejeri-300x215.jpg 300w, https:\/\/www.lassebacklund.fi\/wp-content\/uploads\/2018\/07\/Sid-14-15-Dagsmark-Andelsmejeri-768x549.jpg 768w, https:\/\/www.lassebacklund.fi\/wp-content\/uploads\/2018\/07\/Sid-14-15-Dagsmark-Andelsmejeri-1024x732.jpg 1024w\" sizes=\"auto, (max-width: 1495px) 100vw, 1495px\" \/> <img loading=\"lazy\" decoding=\"async\" class=\"size-full wp-image-9031 aligncenter\" src=\"http:\/\/www.lassebacklund.fi\/wp-content\/uploads\/2018\/07\/Sid-16-17-H\u00e4rkmeri-Andelsmejeri.jpg\" alt=\"Sid 16-17 H\u00e4rkmeri Andelsmejeri\" width=\"1493\" height=\"1045\" srcset=\"https:\/\/www.lassebacklund.fi\/wp-content\/uploads\/2018\/07\/Sid-16-17-H\u00e4rkmeri-Andelsmejeri.jpg 1493w, https:\/\/www.lassebacklund.fi\/wp-content\/uploads\/2018\/07\/Sid-16-17-H\u00e4rkmeri-Andelsmejeri-300x210.jpg 300w, https:\/\/www.lassebacklund.fi\/wp-content\/uploads\/2018\/07\/Sid-16-17-H\u00e4rkmeri-Andelsmejeri-768x538.jpg 768w, https:\/\/www.lassebacklund.fi\/wp-content\/uploads\/2018\/07\/Sid-16-17-H\u00e4rkmeri-Andelsmejeri-1024x717.jpg 1024w\" sizes=\"auto, (max-width: 1493px) 100vw, 1493px\" \/> <img loading=\"lazy\" decoding=\"async\" class=\"size-full wp-image-9032 aligncenter\" src=\"http:\/\/www.lassebacklund.fi\/wp-content\/uploads\/2018\/07\/Sid-18-19-S\u00d6AM-bildas-i-Lappfj\u00e4rd.jpg\" alt=\"Sid 18-19 S\u00d6AM bildas i Lappfj\u00e4rd\" width=\"1492\" height=\"1036\" srcset=\"https:\/\/www.lassebacklund.fi\/wp-content\/uploads\/2018\/07\/Sid-18-19-S\u00d6AM-bildas-i-Lappfj\u00e4rd.jpg 1492w, https:\/\/www.lassebacklund.fi\/wp-content\/uploads\/2018\/07\/Sid-18-19-S\u00d6AM-bildas-i-Lappfj\u00e4rd-300x208.jpg 300w, https:\/\/www.lassebacklund.fi\/wp-content\/uploads\/2018\/07\/Sid-18-19-S\u00d6AM-bildas-i-Lappfj\u00e4rd-768x533.jpg 768w, https:\/\/www.lassebacklund.fi\/wp-content\/uploads\/2018\/07\/Sid-18-19-S\u00d6AM-bildas-i-Lappfj\u00e4rd-1024x711.jpg 1024w\" sizes=\"auto, (max-width: 1492px) 100vw, 1492px\" \/> <img loading=\"lazy\" decoding=\"async\" class=\"size-full wp-image-9033 aligncenter\" src=\"http:\/\/www.lassebacklund.fi\/wp-content\/uploads\/2018\/07\/Sid-20-21-S\u00d6AM-forts.jpg\" alt=\"Sid 20-21 S\u00d6AM forts\" width=\"1492\" height=\"1045\" srcset=\"https:\/\/www.lassebacklund.fi\/wp-content\/uploads\/2018\/07\/Sid-20-21-S\u00d6AM-forts.jpg 1492w, https:\/\/www.lassebacklund.fi\/wp-content\/uploads\/2018\/07\/Sid-20-21-S\u00d6AM-forts-300x210.jpg 300w, https:\/\/www.lassebacklund.fi\/wp-content\/uploads\/2018\/07\/Sid-20-21-S\u00d6AM-forts-768x538.jpg 768w, https:\/\/www.lassebacklund.fi\/wp-content\/uploads\/2018\/07\/Sid-20-21-S\u00d6AM-forts-1024x717.jpg 1024w\" sizes=\"auto, (max-width: 1492px) 100vw, 1492px\" \/> <img loading=\"lazy\" decoding=\"async\" class=\"size-full wp-image-9034 aligncenter\" src=\"http:\/\/www.lassebacklund.fi\/wp-content\/uploads\/2018\/07\/Sid-22-23-S\u00d6AM-Mejeriet-k\u00f6rs-ig\u00e5ng.jpg\" alt=\"Sid 22-23 S\u00d6AM Mejeriet k\u00f6rs ig\u00e5ng\" width=\"1490\" height=\"1052\" srcset=\"https:\/\/www.lassebacklund.fi\/wp-content\/uploads\/2018\/07\/Sid-22-23-S\u00d6AM-Mejeriet-k\u00f6rs-ig\u00e5ng.jpg 1490w, https:\/\/www.lassebacklund.fi\/wp-content\/uploads\/2018\/07\/Sid-22-23-S\u00d6AM-Mejeriet-k\u00f6rs-ig\u00e5ng-300x212.jpg 300w, https:\/\/www.lassebacklund.fi\/wp-content\/uploads\/2018\/07\/Sid-22-23-S\u00d6AM-Mejeriet-k\u00f6rs-ig\u00e5ng-768x542.jpg 768w, https:\/\/www.lassebacklund.fi\/wp-content\/uploads\/2018\/07\/Sid-22-23-S\u00d6AM-Mejeriet-k\u00f6rs-ig\u00e5ng-1024x723.jpg 1024w\" sizes=\"auto, (max-width: 1490px) 100vw, 1490px\" \/> <img loading=\"lazy\" decoding=\"async\" class=\"size-full wp-image-9035 aligncenter\" src=\"http:\/\/www.lassebacklund.fi\/wp-content\/uploads\/2018\/07\/Sid-24-25-S\u00d6AM-sn\u00f6plogning-och-transporter.jpg\" alt=\"Sid 24-25 S\u00d6AM sn\u00f6plogning och transporter\" width=\"1498\" height=\"1092\" srcset=\"https:\/\/www.lassebacklund.fi\/wp-content\/uploads\/2018\/07\/Sid-24-25-S\u00d6AM-sn\u00f6plogning-och-transporter.jpg 1498w, https:\/\/www.lassebacklund.fi\/wp-content\/uploads\/2018\/07\/Sid-24-25-S\u00d6AM-sn\u00f6plogning-och-transporter-300x219.jpg 300w, https:\/\/www.lassebacklund.fi\/wp-content\/uploads\/2018\/07\/Sid-24-25-S\u00d6AM-sn\u00f6plogning-och-transporter-768x560.jpg 768w, https:\/\/www.lassebacklund.fi\/wp-content\/uploads\/2018\/07\/Sid-24-25-S\u00d6AM-sn\u00f6plogning-och-transporter-1024x746.jpg 1024w\" sizes=\"auto, (max-width: 1498px) 100vw, 1498px\" \/> <img loading=\"lazy\" decoding=\"async\" class=\"size-full wp-image-9036 aligncenter\" src=\"http:\/\/www.lassebacklund.fi\/wp-content\/uploads\/2018\/07\/Sid-26-27-S\u00d6AM-fortsatt-upprustning.jpg\" alt=\"Sid 26-27 S\u00d6AM fortsatt upprustning\" width=\"1495\" height=\"1078\" srcset=\"https:\/\/www.lassebacklund.fi\/wp-content\/uploads\/2018\/07\/Sid-26-27-S\u00d6AM-fortsatt-upprustning.jpg 1495w, https:\/\/www.lassebacklund.fi\/wp-content\/uploads\/2018\/07\/Sid-26-27-S\u00d6AM-fortsatt-upprustning-300x216.jpg 300w, https:\/\/www.lassebacklund.fi\/wp-content\/uploads\/2018\/07\/Sid-26-27-S\u00d6AM-fortsatt-upprustning-768x554.jpg 768w, https:\/\/www.lassebacklund.fi\/wp-content\/uploads\/2018\/07\/Sid-26-27-S\u00d6AM-fortsatt-upprustning-1024x738.jpg 1024w\" sizes=\"auto, (max-width: 1495px) 100vw, 1495px\" \/> <img loading=\"lazy\" decoding=\"async\" class=\"size-full wp-image-9037 aligncenter\" src=\"http:\/\/www.lassebacklund.fi\/wp-content\/uploads\/2018\/07\/Sid-28-29-S\u00d6AM-mj\u00f6lktillf\u00f6rsel-och-osttillverkning.jpg\" alt=\"Sid 28-29 S\u00d6AM mj\u00f6lktillf\u00f6rsel och osttillverkning\" width=\"1492\" height=\"1051\" srcset=\"https:\/\/www.lassebacklund.fi\/wp-content\/uploads\/2018\/07\/Sid-28-29-S\u00d6AM-mj\u00f6lktillf\u00f6rsel-och-osttillverkning.jpg 1492w, https:\/\/www.lassebacklund.fi\/wp-content\/uploads\/2018\/07\/Sid-28-29-S\u00d6AM-mj\u00f6lktillf\u00f6rsel-och-osttillverkning-300x211.jpg 300w, https:\/\/www.lassebacklund.fi\/wp-content\/uploads\/2018\/07\/Sid-28-29-S\u00d6AM-mj\u00f6lktillf\u00f6rsel-och-osttillverkning-768x541.jpg 768w, https:\/\/www.lassebacklund.fi\/wp-content\/uploads\/2018\/07\/Sid-28-29-S\u00d6AM-mj\u00f6lktillf\u00f6rsel-och-osttillverkning-1024x721.jpg 1024w\" sizes=\"auto, (max-width: 1492px) 100vw, 1492px\" \/> <img loading=\"lazy\" decoding=\"async\" class=\"size-full wp-image-9038 aligncenter\" src=\"http:\/\/www.lassebacklund.fi\/wp-content\/uploads\/2018\/07\/Sid-30-31-S\u00d6AM-sving\u00e5rden.jpg\" alt=\"Sid 30-31 S\u00d6AM sving\u00e5rden\" width=\"1499\" height=\"1040\" srcset=\"https:\/\/www.lassebacklund.fi\/wp-content\/uploads\/2018\/07\/Sid-30-31-S\u00d6AM-sving\u00e5rden.jpg 1499w, https:\/\/www.lassebacklund.fi\/wp-content\/uploads\/2018\/07\/Sid-30-31-S\u00d6AM-sving\u00e5rden-300x208.jpg 300w, https:\/\/www.lassebacklund.fi\/wp-content\/uploads\/2018\/07\/Sid-30-31-S\u00d6AM-sving\u00e5rden-768x533.jpg 768w, https:\/\/www.lassebacklund.fi\/wp-content\/uploads\/2018\/07\/Sid-30-31-S\u00d6AM-sving\u00e5rden-1024x710.jpg 1024w\" sizes=\"auto, (max-width: 1499px) 100vw, 1499px\" \/> <img loading=\"lazy\" decoding=\"async\" class=\"size-full wp-image-9039 aligncenter\" src=\"http:\/\/www.lassebacklund.fi\/wp-content\/uploads\/2018\/07\/Sid-32-33-S\u00d6AM-Sm\u00f6rberedning-ovh-svinsk\u00f6tsel.jpg\" alt=\"Sid 32-33 S\u00d6AM Sm\u00f6rberedning ovh svinsk\u00f6tsel\" width=\"1490\" height=\"1017\" srcset=\"https:\/\/www.lassebacklund.fi\/wp-content\/uploads\/2018\/07\/Sid-32-33-S\u00d6AM-Sm\u00f6rberedning-ovh-svinsk\u00f6tsel.jpg 1490w, https:\/\/www.lassebacklund.fi\/wp-content\/uploads\/2018\/07\/Sid-32-33-S\u00d6AM-Sm\u00f6rberedning-ovh-svinsk\u00f6tsel-300x205.jpg 300w, https:\/\/www.lassebacklund.fi\/wp-content\/uploads\/2018\/07\/Sid-32-33-S\u00d6AM-Sm\u00f6rberedning-ovh-svinsk\u00f6tsel-768x524.jpg 768w, https:\/\/www.lassebacklund.fi\/wp-content\/uploads\/2018\/07\/Sid-32-33-S\u00d6AM-Sm\u00f6rberedning-ovh-svinsk\u00f6tsel-1024x699.jpg 1024w\" sizes=\"auto, (max-width: 1490px) 100vw, 1490px\" \/> <img loading=\"lazy\" decoding=\"async\" class=\"size-full wp-image-9040 aligncenter\" src=\"http:\/\/www.lassebacklund.fi\/wp-content\/uploads\/2018\/07\/Sid-34-35-S\u00d6AM-Glada-\u00e5rsst\u00e4mmor-andelslagets-ledning.jpg\" alt=\"Sid 34-35 S\u00d6AM Glada \u00e5rsst\u00e4mmor, andelslagets ledning\" width=\"1494\" height=\"1048\" srcset=\"https:\/\/www.lassebacklund.fi\/wp-content\/uploads\/2018\/07\/Sid-34-35-S\u00d6AM-Glada-\u00e5rsst\u00e4mmor-andelslagets-ledning.jpg 1494w, https:\/\/www.lassebacklund.fi\/wp-content\/uploads\/2018\/07\/Sid-34-35-S\u00d6AM-Glada-\u00e5rsst\u00e4mmor-andelslagets-ledning-300x210.jpg 300w, https:\/\/www.lassebacklund.fi\/wp-content\/uploads\/2018\/07\/Sid-34-35-S\u00d6AM-Glada-\u00e5rsst\u00e4mmor-andelslagets-ledning-768x539.jpg 768w, https:\/\/www.lassebacklund.fi\/wp-content\/uploads\/2018\/07\/Sid-34-35-S\u00d6AM-Glada-\u00e5rsst\u00e4mmor-andelslagets-ledning-1024x718.jpg 1024w\" sizes=\"auto, (max-width: 1494px) 100vw, 1494px\" \/> <img loading=\"lazy\" decoding=\"async\" class=\"size-full wp-image-9041 aligncenter\" src=\"http:\/\/www.lassebacklund.fi\/wp-content\/uploads\/2018\/07\/Sid-36-37-Milka-tar-\u00f6ver.jpg\" alt=\"Sid 36-37 Milka tar \u00f6ver\" width=\"1487\" height=\"983\" srcset=\"https:\/\/www.lassebacklund.fi\/wp-content\/uploads\/2018\/07\/Sid-36-37-Milka-tar-\u00f6ver.jpg 1487w, https:\/\/www.lassebacklund.fi\/wp-content\/uploads\/2018\/07\/Sid-36-37-Milka-tar-\u00f6ver-300x198.jpg 300w, https:\/\/www.lassebacklund.fi\/wp-content\/uploads\/2018\/07\/Sid-36-37-Milka-tar-\u00f6ver-768x508.jpg 768w, https:\/\/www.lassebacklund.fi\/wp-content\/uploads\/2018\/07\/Sid-36-37-Milka-tar-\u00f6ver-1024x677.jpg 1024w\" sizes=\"auto, (max-width: 1487px) 100vw, 1487px\" \/> <img loading=\"lazy\" decoding=\"async\" class=\" wp-image-9042 aligncenter\" src=\"http:\/\/www.lassebacklund.fi\/wp-content\/uploads\/2018\/07\/Sid-38-Kommentar.jpg\" alt=\"Sid 38 Kommentar\" width=\"654\" height=\"831\" \/><\/p>\n","protected":false},"excerpt":{"rendered":"<p>Lappfj\u00e4rdsbon Otto Bj\u00f6rses publicerade 1974 en historik \u00f6ver mejeriernas historia i Kristinestadsnejden. Om texten \u00e4r f\u00f6r liten, s\u00e5 skall du h\u00e5lla ned CTRL-knappen nere till v\u00e4nster och p\u00e5 samma g\u00e5ng skall du klicka p\u00e5 +-tangenten som finns till h\u00f6ger n\u00e5gra <a class=\"more-link\" href=\"https:\/\/www.lassebacklund.fi\/?page_id=9043\">Forts\u00e4tt l\u00e4sa <span class=\"screen-reader-text\">  Mejeriernas historik.<\/span><span class=\"meta-nav\">&rarr;<\/span><\/a><\/p>\n","protected":false},"author":1,"featured_media":0,"parent":1332,"menu_order":0,"comment_status":"closed","ping_status":"closed","template":"","meta":{"footnotes":""},"class_list":["post-9043","page","type-page","status-publish","hentry"],"_links":{"self":[{"href":"https:\/\/www.lassebacklund.fi\/index.php?rest_route=\/wp\/v2\/pages\/9043","targetHints":{"allow":["GET"]}}],"collection":[{"href":"https:\/\/www.lassebacklund.fi\/index.php?rest_route=\/wp\/v2\/pages"}],"about":[{"href":"https:\/\/www.lassebacklund.fi\/index.php?rest_route=\/wp\/v2\/types\/page"}],"author":[{"embeddable":true,"href":"https:\/\/www.lassebacklund.fi\/index.php?rest_route=\/wp\/v2\/users\/1"}],"replies":[{"embeddable":true,"href":"https:\/\/www.lassebacklund.fi\/index.php?rest_route=%2Fwp%2Fv2%2Fcomments&post=9043"}],"version-history":[{"count":4,"href":"https:\/\/www.lassebacklund.fi\/index.php?rest_route=\/wp\/v2\/pages\/9043\/revisions"}],"predecessor-version":[{"id":9047,"href":"https:\/\/www.lassebacklund.fi\/index.php?rest_route=\/wp\/v2\/pages\/9043\/revisions\/9047"}],"up":[{"embeddable":true,"href":"https:\/\/www.lassebacklund.fi\/index.php?rest_route=\/wp\/v2\/pages\/1332"}],"wp:attachment":[{"href":"https:\/\/www.lassebacklund.fi\/index.php?rest_route=%2Fwp%2Fv2%2Fmedia&parent=9043"}],"curies":[{"name":"wp","href":"https:\/\/api.w.org\/{rel}","templated":true}]}}