{"id":9013,"date":"2018-07-06T07:53:55","date_gmt":"2018-07-06T05:53:55","guid":{"rendered":"http:\/\/www.lassebacklund.fi\/?page_id=9013"},"modified":"2019-06-27T22:49:42","modified_gmt":"2019-06-27T19:49:42","slug":"tidningsurklipp-fran-ar-1929","status":"publish","type":"page","link":"https:\/\/www.lassebacklund.fi\/?page_id=9013","title":{"rendered":"Tidningsurklipp fr\u00e5n \u00e5r 1929."},"content":{"rendered":"<p><span style=\"color: #000080;\">Syd-\u00d6sterbotten 30.1.1929:<\/span><\/p>\n<p>Den 11 november 1927 antogs en statlig v\u00e4gf\u00f6rordning, d\u00e4r det best\u00e4mdes att v\u00e4garnas del\u00e4gare skall sk\u00f6ta om v\u00e4garna i kommunen och de skall tillsammans med kronol\u00e4nsmannen utf\u00f6ra v\u00e4gsyn b\u00e5de h\u00f6star och v\u00e5rar. V\u00e4glagen skall utse styrelser, som har till uppgift att sk\u00f6ta om v\u00e4garna och deras skick.<\/p>\n<p>I Lappfj\u00e4rds by ville v\u00e4gintressenterna p\u00e5 mantals\u00e4garst\u00e4mman den 21 januari 1929 dela upp v\u00e4garna i tv\u00e5 grupper, en p\u00e5 den s\u00f6dra sidan och den andra p\u00e5 den norra. P\u00e5 norra sidan blev bonden Axel D\u00e5hli vald till ordf\u00f6rande och Viktor Rosenstedt f\u00f6r den s\u00f6dra.<\/p>\n<p>V\u00e4gdel\u00e4garena ifr\u00e5n Dagsmark uttalade sig f\u00f6r att f\u00e5 sina byv\u00e4gar delade i 3 grupper och en s\u00e4rskild styrelse f\u00f6r varje grupp, vilket godk\u00e4ndes av st\u00e4mman.<\/p>\n<p>F\u00f6r \u00c5backv\u00e4gen och Lillsj\u00f6v\u00e4gen valdes f\u00f6r ovansagda tid till ordf. Erland Krook och till ledam\u00f6ter n\u00e4mndeman Viktor Eklund och bonden Axel Forslin till deras ers\u00e4ttare valdes b\u00f6nderna Josef Berglund och Johan Viktor Storkull.<\/p>\n<p>F\u00f6r Korsb\u00e4ckv\u00e4gen och Norrvikv\u00e4gen j\u00e4mte d\u00e4r\u00e5 befintliga broar, valdes till ordf. bonden Erland Hammarberg och som ledam\u00f6ter b\u00f6nderna Johan Lillkull och Johannes Stenlund, och till deras ers\u00e4ttare Erland Lind och Emil Backlund. F\u00f6r v\u00e4gen \u00e5 s\u00f6dra sidan, som grenar sig ifr\u00e5n Korsb\u00e4ckv\u00e4gen cch leder efter \u00e5stranden till Lappfj\u00e4rd bys r\u00e5, och v\u00e4gen \u00f6ver Klemetsbron, valdes f\u00f6r samma tid till ordf. bonden E. A. Klemets och till ledam\u00f6ter direkt\u00f6r V. Nylund och bonden Erland Gr\u00f6nroos, till deras ers\u00e4ttare valdes E. J. Ekberg och Emil Nyberg, Och meddelades att den nya v\u00e4glagen kommer med best\u00e4mdhet att f\u00f6ljas, s\u00e5 att var och en \u00e4r nu i tillf\u00e4lle att f\u00f6rse sig med sand under vinterns lopp och i enlighet med samma lag, och f\u00f6r att slippa de h\u00f6ga sn\u00f6drivor vintertid, b\u00f6ra de t\u00e4ta g\u00e4rdesg\u00e5rdar tagas bort och ers\u00e4ttas med taggtr\u00e5dsst\u00e4ngsel l\u00e4ngs f\u00f6ren\u00e4mnda v\u00e4gar och dessa st\u00e4ngsel skola icke heller s\u00e4ttas i v\u00e4gdiket utan minst en halv meter fr\u00e5n v\u00e4gdikets yttre kant f\u00f6r att n\u00e4mnda dike kan rensas upp, varigenom v\u00e4garna h\u00e5llas torra,<\/p>\n<p><span style=\"color: #000080;\">Syd-\u00d6sterbotten 2.2.1929:<\/span><\/p>\n<p>SKJUTT\u00c4VLAN I DAGSMARK.<\/p>\n<p>Senaste s\u00f6ndag hade Dagsmark skyddsk\u00e5rsavdelning prisskjutt\u00e4vlan p\u00e5 300 m. i 10 ringad tavla. Resultaten f\u00f6r de fem b\u00e4sta blev: 1) Valter Lindell 39 p.; 2) Artur Storkull 33 p.; 3) Leander Nyholm 28 p.; 4) Emil L\u00f6vgren 28 p. ; 5) Lennart Nystr\u00f6m 20 p.<\/p>\n<p><span style=\"color: #000080;\">Syd-\u00d6sterbotten 6.2.1929:<\/span><\/p>\n<div class=\"ocr-block\"><strong>Fastlagstisdagen<\/strong> b\u00f6r f\u00f6r Kamratf\u00f6rbundets medlemmar vid Lappfj\u00e4rd folkh\u00f6gskola bli en l\u00e4mplig dag att leverera p\u00e4rtvirke till Holm kvarn. I Dagsmark kan virket forslas till direkt\u00f6r V. Nylunds s\u00e5g. Vi hoppas att uppmaningen beaktas och resultatet blir det b\u00e4sta m\u00f6jliga.<span style=\"color: #000080;\"> (notis skriven av signaturen &#8221;medlem&#8221;)<\/span><\/div>\n<div class=\"ocr-block\"><\/div>\n<div class=\"ocr-block\"><strong>Hemmansklyvning.<\/strong> Landsh\u00f6vdingen har uppmanat l\u00e4nslantm\u00e4terikontoret att utse beh\u00f6rig f\u00f6rr\u00e4ttningsingenj\u00f6r att verkst\u00e4lla klyvning av Lillkulls skattehemman i Dagsmark by av Lappfj\u00e4rds socken.<\/div>\n<p>&nbsp;<\/p>\n<p><span style=\"color: #000080;\">Syd-\u00d6sterbotten 23.2.1929:<\/span><\/p>\n<p><strong>Dagsmark lillbro<\/strong>. Kommunikationsministeriet har till v\u00e4g- och vattenbyggnadsstyrelsens disposition st\u00e4llt n\u00f6diga anslag f\u00f6r slutf\u00f6rande av byggnadsarbetena p\u00e5 Dagsmark bro i Lappfj\u00e4rd.<\/p>\n<p><span style=\"color: #000080;\">Syd-\u00d6sterbotten 27.2.1929:<\/span><\/p>\n<p>Skidt\u00e4vlan hade Dagsmark U. F:s idrottsklubb i s\u00f6ndags den 24 febr. kl. 13. T\u00e4vlingen var i tre kategorier, seniorer, juniorer och sm\u00e5pojkar. Banan var dragen i sv\u00e5r terr\u00e4ng med backar, vilket gjorde att tiden ej blev tillfredsst\u00e4llande. Resultaten blevo f\u00f6r seniorerna \u00e5 7,5 km: 1) Artur Storkull 39,21, 2) Lennart Nystr\u00f6m 42,21, 3) Selim Eklund 44,03. Juniorer \u00e5 5 km: 1) Bertel Krook 28,16, 2) Lennart Grans 29,51. 3) Frans Lund 35.46. Sm\u00e5pojkar \u00e5 2,5 km: 1) Runar Grans 14,38, 2) Birger Gr\u00f6nros 15.35, 3) Hemming Norrg\u00e5rd 15,50, 4) Ture Eklund 16,07, 5) Eskil Grans 16,25, 6) Arvid Bj\u00f6rklund 22.34.<\/p>\n<p><span style=\"font-family: 'Helvetica','sans-serif';\"><span style=\"color: #000000; font-size: medium;\"><span style=\"color: #000080;\">\u00d6sterbottens Bondetidning skrev 13.4.1929<\/span> att landsh\u00f6vdingen i Vasa har beviljat tillst\u00e5nd f\u00f6r en uttorkningssammanslutning i Dagsmark by av Lappfj\u00e4rds socken att uttorka Storsj\u00f6 och Lillsj\u00f6 tillandningar i Dagsmark.<\/span><\/span><\/p>\n<p><span style=\"font-family: 'Helvetica','sans-serif';\"><span style=\"color: #000000; font-size: medium;\">P\u00e5 ett annat st\u00e4lle skrev samma tidning att Dagsmark lantmannagille har utlovat en standert s\u00e5gade br\u00e4der fritt lastat p\u00e5 en j\u00e4rnv\u00e4gsvagn f\u00f6r att skickas till lantbruksutst\u00e4llningen som kommer att h\u00e5llas i Gamlakarleby den 28-30 juni 1929.<\/span><\/span><\/p>\n<p><span style=\"color: #000080;\">Syd-\u00d6sterbotten 18.5.1929:<\/span><\/p>\n<p><img loading=\"lazy\" decoding=\"async\" class=\"size-full wp-image-9052 alignleft\" src=\"http:\/\/www.lassebacklund.fi\/wp-content\/uploads\/2018\/07\/Byman-Walter.jpg\" alt=\"Byman Walter\" width=\"268\" height=\"577\" srcset=\"https:\/\/www.lassebacklund.fi\/wp-content\/uploads\/2018\/07\/Byman-Walter.jpg 268w, https:\/\/www.lassebacklund.fi\/wp-content\/uploads\/2018\/07\/Byman-Walter-139x300.jpg 139w\" sizes=\"auto, (max-width: 268px) 100vw, 268px\" \/><\/p>\n<p><strong>I Korsb\u00e4ck<\/strong> h\u00f6lls i g\u00e5r vid folkskolan en sorgeh\u00f6gtid, d\u00e5 l\u00e4rare Bymans stoft, som skall jordas i Helsingfors, bortf\u00f6rdes d\u00e4rifr\u00e5n.<\/p>\n<p>H\u00f6gtidsstunden b\u00f6rjade kl. 10 f.m. med s\u00e5ng och ett andligt tal av t. f. kyrkoherde Axel A. Palmgren. Bankdir. J. J. Wadstr\u00f6m h\u00f6ll \u00e4ven tal och framh\u00f6ll den avlidnes nit i arbetet och stora f\u00f6rtj\u00e4nster som l\u00e4rare och m\u00e4nniska samt meddelade att v\u00e4nner och kamrater till honom beslutit att i st\u00e4llet f\u00f6r snart vissnade blommor bilda en fond vid skolan, b\u00e4rande Valter Bymans namn. Fonden, som f\u00f6rvaltas av direktionen, uppg\u00e5r f. n. till 1,110 mk. I samr\u00e5d med skolans l\u00e4rarpersonal utdelar direktionen av r\u00e4ntemedel stipendier \u00e5t skolans elever. Fr\u00e5n skolan och bysbor frambar bonden Johannes Stenlund ett sista tack till den avlidne.<\/p>\n<p>&nbsp;<\/p>\n<p>&nbsp;<\/p>\n<p>&nbsp;<\/p>\n<p><span style=\"color: #000080;\">Syd-\u00d6sterbotten 24.7.1929:<\/span><\/p>\n<p><strong>Idrottst\u00e4vlingar<\/strong> hade Dagsmark ungdomsf\u00f6renings idrottsklubb i s\u00f6ndags den 21 juli kl. 1 e.m. Placeringarna blevo: 100 m. l\u00f6pning 1) Elmer Rosengren 12 sek.; 2) Vilho Myllyniemi 12,2; 3) Bertel Forslin 12,4.<\/p>\n<p>Kula: 1) Valter Lindell 9.70; 2) Valdemar Rosengren 8,95; 3) Elmer Rosengren 8,68. H\u00f6jdhopp: 1) Valdemar Rosengren 148 cm; 2) Anselm Lillkull 143; 3) Bertel Forslin 141.<\/p>\n<p>Diskus: 1) Valter Lindell 32,96 m.; 2) Anselm Lillkull 29 m.; 3) Artur Rosengren 27,75 m. L \u00e4 n g d h o p p: 1) Elmer Rosengren 5,49 m,; 2) Valter Lindell 4,97; 3) Anselm Lillkull 4,95m.<\/p>\n<p>1,500 m l\u00f6pning: 1) Vilho Myllyniemi 4,21 min. (bra tid); 2) Bertel Forslin 5,12; 3) Urho Myllyniemi 5,19.<\/p>\n<p>F\u00f6rutom de individuella prisen g\u00e4llde t\u00e4vlingen \u00e4ven guldsmed E. Hellmans vandringspokal och vanns den 1 \u00e5r fram\u00e5t av Elmer Rosengren med sammanlagda po\u00e4ng 387,38. Valter Lindell som hade att f\u00f6rsvara pokalen avstod fr\u00e5n detta genom att ej deltaga i l\u00f6pningarna.<\/p>\n<p><strong>Sommarfesten i Dagsmark<\/strong> i l\u00f6rdags var ovanligt talrikt bes\u00f6kt, s\u00e5 att festsalen var till tr\u00e4ngsel fylld. God ordning r\u00e5dde.<\/p>\n<p>Programmet upptog f\u00f6rutom unison s\u00e5ng, deklamation av Bertel Forslin, musik av S, Kronman och ber\u00e4ttelse av Fanny Klemets. Ett st\u00f6rre teaterstycke i tre akter utf\u00f6rdes \u201dErssons pojke\u201d fick ett f\u00f6rtj\u00e4nstfullt utf\u00f6rande. Ekonomiska beh\u00e5llningen fr\u00e5n festen blev god.<\/p>\n<p><span style=\"color: #000080;\">Wasa-Posten skrev den 30.7.1929 om \u00d6sterbottens distriktsm\u00e4sterskap i friidrott som gick av stapeln i Lappfj\u00e4rd i juli 1929. I det l\u00e5nga referatet n\u00e4mns speciellt Vilho Myllyniemi fr\u00e5n Dagsmark:<\/span><\/p>\n<p>Dagens stora beh\u00e5llning blev dock det sensationella 1,500 meters loppet, d\u00e4r till kropp och ansikte Nurmiliknande Myllyniemi bekr\u00e4ftade det rykte, som g\u00e5tt om honom, i hemtrakten. Poken \u00e4r endast 19 \u00e5r och h\u00f6r hemma i Dagsmark, d\u00e4r han denna sommar l\u00f6pt str\u00e4ckan p\u00e5 4,14. F\u00f6rsta g\u00e5ngen i sitt liv p\u00e5 bana, n\u00e5dde han nu 4 min. 16 sek, och slog ledigt medt\u00e4vlarna. Hans stil \u00e4r den b\u00e4sta en medeldistansl\u00f6pare inom distriktet i detta nu besitter, han har ett h\u00e4rligt driv i steget och en spurt, som icke m\u00e5nga st\u00e5 rycken f\u00f6r. Stegl\u00e4ngden i spurten \u00f6kades fenomenalt. Nio man st\u00e4llde upp. Gist\u00f6 tog ledningen med Riska och Viik efter. Myllyniemi l\u00e5g avvaktande. P\u00e5 tredje varvet ledde Riska; \u00d6ling var tv\u00e5a och Myllyniemi f\u00f6rst trea, men arbetade sig snart fram t\u00e4tt efter Riska, som, f\u00f6rtvivlat f\u00f6rs\u00f6kte h\u00e5lla undan. I sista kurvan visade Myllym\u00e4ki sin klass och var med ens flere meter f\u00f6re Riska, men fruktade hela tiden en \u00f6verrumpling och s\u00e5g tillbaka p\u00e5 Riska, som dock inte hade minsta chans att h\u00e4nga med. 1) V. Myllyniemi, Dagsmark 4,16; 2) R. Riska, Kronan 4,18; 3) H. \u00d6ling, V r. 4,26.<\/p>\n<p><span style=\"color: #000080;\">Syd-\u00d6sterbotten 3.8.1929:<\/span><\/p>\n<p>Till t. f. l\u00e4rarinna vid Dagsmark h\u00f6gre folkskola i Lappfj\u00e4rd har antagits bland 15 s\u00f6kande l\u00e4rarinnekandidaten Ingrid Valborg \u00d6sterholm fr\u00e5n Korsn\u00e4s.<\/p>\n<p>Till t. f. l\u00e4rare vid Dagsmark h\u00f6gre folkskola i Lappfj\u00e4rd har f\u00f6r inkommande l\u00e4se\u00e5r valts studeranden, folkskoll\u00e4raren Gustav Roos.<\/p>\n<p><span style=\"color: #000080;\">Syd-\u00d6sterbotten 12.10.1929:<\/span><\/p>\n<p>I dag stiger l\u00e4raren vid Lappfj\u00e4rds \u00f6stra folkskola Josef Henrik Rosenback upp p\u00e5 kr\u00f6net av livskraftens bana. Mandomen f\u00e5r sl\u00e4ppa ungdomens tag och bereda sig p\u00e5 att stegvis nalkas \u00e5lderdomen. Visst befinner sig slutet i fj\u00e4rran, men faktum om livsbanans h\u00f6jdpunkt kan ej bestridas, och d\u00e5 h\u00f6ves det att g\u00f6ra en hyllningens honn\u00f6r f\u00f6r en trofast arbetare i m\u00e5nga goda makters tj\u00e4nst. Henrik Rosenback \u00e4r f\u00f6dd Dagsmarkbo, och som s\u00e5dan har han levat och skall han verka till livets slut. Endast sm\u00e4rre n\u00f6diga utvikningar fr\u00e5n detta livsprogram har han till\u00e5tit sig g\u00f6ra.<\/p>\n<p>Tidigt dragen \u00e5t ideellt och intellektuellt arbete s\u00f6kte sig Henrik Rosenback till Nykarleby seminarium, d\u00e4rifr\u00e5n han dimitterades 1902. D\u00e4rp\u00e5 tj\u00e4nstgjorde han som ordinarie l\u00e4rare i Bj\u00f6rk\u00f6 utanf\u00f6r Vasa i 2 \u00e5r, d\u00e5 han tvingades att avg\u00e5 p\u00e5 grund av v\u00e4gran att underkasta sig det olagliga v\u00e4rnpliktsuppb\u00e5det. Men det politiska trycket l\u00e4ttade, och h\u00f6sten 1905 kunde han \u00e5terb\u00f6rdas \u00e5t hemsocknen som l\u00e4rare vid den skola, som han \u00e4n i dag leder med skicklig hand.<\/p>\n<p>Men det \u00e4r inte blott skolan, som tagit hans krafter i anspr\u00e5k, Som en seg och energisk ledare f\u00f6r ungdoms- och nykterhetsf\u00f6reningar samt s\u00e5ngk\u00f6rer och musikorkestrar har han alltid varit i farten i den vackra avsikten att v\u00e4cka sin omgivning, att h\u00f6ja den. Och har det fria folkbildningsarbetet och \u00e5terkommande kommunala v\u00e4rv av olika slag samt f\u00f6rtroendeuppdrag inom l\u00e4rarorganisationen gett andrum, under ferierna, har han som f\u00f6rs\u00e4kringsman farit \u201dp\u00e5 rullande hjul \u00f6ver bygden gr\u00f6n\u201d \u00e4nda upp till spr\u00e5kgr\u00e4nsen i norr. Det \u00e4r icke avsikten att p\u00e5 h\u00f6gtidsdagen uppr\u00e4kna allt vad Henrik Rosenback hittills hunnit med. \u00c4n mindre kan en tidningsnotis f\u00e5 sv\u00e4lla ut till en v\u00e4rdes\u00e4ttning av n\u00e5dda resultat. Ett \u00e4r dock s\u00e4kert: of\u00f6rtruten \u00e4vlan f\u00f6r det goda och r\u00e4tta ger en best\u00e5ende tillfredsst\u00e4llelse, som g\u00f6r, att nedstigningen fr\u00e5n kr\u00f6net kan ske med lugn, och med tillf\u00f6rsikt g\u00e5r sedan vandringen mot osedda dagar. En hj\u00e4rtlig lyck\u00f6nskan! B.<\/p>\n<p><span style=\"color: #000080;\">\u00d6sterbottens Bondetidning 2.11.1929:<\/span><\/p>\n<p>Inbrottsst\u00f6ld i Lappfj\u00e4rd. Natten till senaste l\u00f6rdag f\u00f6r\u00f6vades inbrott i handlanden J. H. Storkulls i Dagsmark magasin, varifr\u00e5n tjuven praktiserade sig in i butiken och d\u00e4r i penningl\u00e5dan kom \u00f6ver c:a 300 mk v\u00e4xelmynt.<\/p>\n<p>P\u00e5 l\u00f6rdagen redan kom man tjuven p\u00e5 sp\u00e5ren. Det \u00e4r en yrkestjuv, som en tid efterspanats av polisen. Han greps i Back natten mot s\u00f6ndagen. Han \u00e4r hemma ifr\u00e5n Sastmola och heter Abel Haapam\u00e4ki.<\/p>\n<p><span style=\"color: #000080;\">Syd-\u00d6sterbotten 21.12.1929:<\/span><\/p>\n<p><strong>Vid kommunalfullm\u00e4ktiges<\/strong> sammantr\u00e4de den 13 december behandlades bl. a. f\u00f6ljande \u00e4renden. Kommunens utgifts- och inkomststat f\u00f6r n\u00e4stkommande \u00e5r fastst\u00e4lldes, enligt vilken kommer att uttaxeras: f\u00f6r fattigv\u00e5rden 150,000; \u2014, f\u00f6r folkskolorna 248,130:\u2014, \u00f6vriga kommunala behov 221,321, Summa mk 619,451:\u2014.<\/p>\n<p><strong>Nya skolbyggnader<\/strong>. Under n\u00e4stkommande \u00e5r uppf\u00f6ras nya byggnader f\u00f6r Korsb\u00e4ck svenska och H\u00e4rkmeri finska folkskola, Enligt av skolstyrelsen fastst\u00e4llda kostnadsf\u00f6rslag ber\u00e4knas kostnaderna f\u00f6r Korsb\u00e4ck skola till fmk 348,300: &#8211; och f\u00f6r H\u00e4rkmeri finska skola till fmk 287,000:\u2014. Fullm\u00e4ktige besl\u00f6t att f\u00f6r b\u00e4gge n\u00e4mnda skolor ans\u00f6ka om s\u00e5v\u00e4l lagstadgat byggnadsbidrag som amorteringsl\u00e5n. F\u00f6r att h\u00e4rom ans\u00f6ka valdes fullm\u00e4ktiges ordf\u00f6rande. Byggnadskommitt\u00e9n f\u00f6r n\u00e4mnda skolbyggnader kompletterades ytterligare med Johan Lillkull och Karl Knus; och uppmanades kommitt\u00e9n att omedelbart utbjuda n\u00e4mnda skolbyggnader till uppf\u00f6rande p\u00e5 entreprenad auktion.<\/p>\n<p><strong>Beviljades f\u00f6r n\u00e4sta \u00e5r<\/strong> ett anslag av 2,000 mk att av i kommunen befintliga lantmannagillen efter samr\u00e5d anv\u00e4ndas, f\u00f6r att hos allm\u00e4nheten v\u00e4cka intresse f\u00f6r lantbruksklubbarnas verksamhet. F\u00f6r i kommunen verkande nykterhetsf\u00f6reningar beviljades \u00e4skat anslag med 1,000 mk. Besl\u00f6ts att fr\u00e5n inkommande \u00e5r f\u00f6rl\u00e4gga ett distriktsbibliotek till Korsb\u00e4ck by. Till styrelse f\u00f6r n\u00e4mnda bibliotek valdes Fr. Steng\u00e5rd, Linda Byman, Joh. Stenlund och Evert Lindqvist.<\/p>\n<p><strong>F\u00f6r att senare till fullm\u00e4ktige<\/strong> avgiva f\u00f6rslag om underh\u00e5llet av s\u00e4rskilda v\u00e4gar och broar i kommunen valdes Johan Lillkull, Artur Stenlund, Emil Berg, E, J. Bj\u00f6rses, Viktor Rosenstedt, Axel D\u00e5hli och K. Knus Besl\u00f6ts anh\u00e5lla om f\u00f6rordnande f\u00f6r n\u00e4mndemannen E. A. \u00c5djers att under n\u00e4sta \u00e5r vara utm\u00e4tningsman i kommunen. F\u00f6r n\u00e4mnda uppdrag best\u00e4mdes f\u00f6rutom lagstadgat utm\u00e4tningsarvode fem procent av indrivna medel. Det av en statskommitt\u00e9 uppgjorda f\u00f6rslaget, enligt vilket Kristinestad, Lappfj\u00e4rd, Sideby och Tj\u00f6ck kommuner sammanf\u00f6ras till ett sjukhusdistrikt, besl\u00f6to fullm\u00e4ktige f\u00f6rorda.<\/p>\n<p>Fullm\u00e4ktige besl\u00f6t hos landsh\u00f6vdingen anh\u00e5lla om n\u00f6dig r\u00e4ttelse betr\u00e4ffande missvisningarna \u00e5 den under senaste sommar uppsatta v\u00e4gvisaren vid H\u00e5xell v\u00e4ggren i Lappfj\u00e4rd by. V\u00e4gvisaren \u00e5 sagda st\u00e4lle angiver att avst\u00e5ndet till H\u00e5xell \u00e4r 1,69 km, trots att v\u00e4gvisaren befinner sig vid H\u00e5xell. Uppgiften om avst\u00e5ndet till \u00d6stra sidan 7,58 km \u00e4r fullkomligt fr\u00e4mmande \u00e4ven f\u00f6r ortsbor och b\u00f6r r\u00e4tteligen vara Kristinestads station.<\/p>\n<p>Anvisningen om avst\u00e5ndet till Ohriluoma \u00e4r obeh\u00f6vlig, en\u00e4r n\u00e4mnda st\u00e4lle, som r\u00e4tteligen officiellt heter Kornb\u00e4ck, \u00e4r till ingen nytta f\u00f6r v\u00e4gfarande, D\u00e4remot vore \u00f6nskv\u00e4rt, att v\u00e4gens l\u00e4ngd till Stor\u00e5 angives. Den p\u00e5 v\u00e4gvisaren begagnade namnteckningen H\u00e5ksell, b\u00f6r utbytas mot det ur\u00e5ldriga H\u00e5xell, om namnet anses beh\u00f6vligt p\u00e5 v\u00e4gvisaren.<\/p>\n<p>F\u00f6redrogs restl\u00e4ngd \u00f6ver resterande utskylder, varvid sm\u00e4rre belopp avskrevos. \u00d6vriga resterande utskylder skola omedelbart indrivas. Vid val f\u00f6r n\u00e4stkommande \u00e5r \u00e5tervaldes till ordf\u00f6rande och sekreterare i fullm\u00e4ktige J. J. Wadstr\u00f6m, till viceordf\u00f6rande Johan Lillkull. Till beredningsutskottet \u00e5tervaldes samtliga nuvarande medlemmar. Till beskattningsn\u00e4mnden f\u00f6r best\u00e4mmande av inkomst- och f\u00f6rm\u00f6genhetsskatt under inkommande \u00e5r valdes Frans Agn\u00e4s och August Grannas med Sigfrid Sandg\u00e5rd och J., Erland Holm som ers\u00e4ttare.<\/p>\n<figure id=\"attachment_8260\" aria-describedby=\"caption-attachment-8260\" style=\"width: 764px\" class=\"wp-caption alignnone\"><img loading=\"lazy\" decoding=\"async\" class=\"size-full wp-image-8260\" src=\"http:\/\/www.lassebacklund.fi\/wp-content\/uploads\/2018\/04\/Henrik-Rosenback-50-\u00e5r.jpg\" alt=\"\" width=\"764\" height=\"761\" srcset=\"https:\/\/www.lassebacklund.fi\/wp-content\/uploads\/2018\/04\/Henrik-Rosenback-50-\u00e5r.jpg 764w, https:\/\/www.lassebacklund.fi\/wp-content\/uploads\/2018\/04\/Henrik-Rosenback-50-\u00e5r-150x150.jpg 150w, https:\/\/www.lassebacklund.fi\/wp-content\/uploads\/2018\/04\/Henrik-Rosenback-50-\u00e5r-300x300.jpg 300w\" sizes=\"auto, (max-width: 764px) 100vw, 764px\" \/><figcaption id=\"caption-attachment-8260\" class=\"wp-caption-text\">F\u00f6rs\u00e4kringsbolaget Suomi gav regelbundet ut en tidskrift som hette &#8221;Samarbete&#8221; och i numret 1.10.1929 publicerades en artikel om folkskoll\u00e4raren Henrik Rosenback fr\u00e5n Perus.<\/figcaption><\/figure>\n<figure id=\"attachment_8254\" aria-describedby=\"caption-attachment-8254\" style=\"width: 474px\" class=\"wp-caption alignnone\"><img loading=\"lazy\" decoding=\"async\" class=\"size-full wp-image-8254\" src=\"http:\/\/www.lassebacklund.fi\/wp-content\/uploads\/2018\/04\/Dj\u00e4vulsvalsen-Rurik-Nylund.jpg\" alt=\"\" width=\"474\" height=\"741\" srcset=\"https:\/\/www.lassebacklund.fi\/wp-content\/uploads\/2018\/04\/Dj\u00e4vulsvalsen-Rurik-Nylund.jpg 474w, https:\/\/www.lassebacklund.fi\/wp-content\/uploads\/2018\/04\/Dj\u00e4vulsvalsen-Rurik-Nylund-192x300.jpg 192w\" sizes=\"auto, (max-width: 474px) 100vw, 474px\" \/><figcaption id=\"caption-attachment-8254\" class=\"wp-caption-text\">Den h\u00e4r ber\u00e4ttelsen av Rurik Nylund publicerades i tidskriften &#8221;Budkavlen&#8221; 1.1.1929.<\/figcaption><\/figure>\n","protected":false},"excerpt":{"rendered":"<p>Syd-\u00d6sterbotten 30.1.1929: Den 11 november 1927 antogs en statlig v\u00e4gf\u00f6rordning, d\u00e4r det best\u00e4mdes att v\u00e4garnas del\u00e4gare skall sk\u00f6ta om v\u00e4garna i kommunen och de skall tillsammans med kronol\u00e4nsmannen utf\u00f6ra v\u00e4gsyn b\u00e5de h\u00f6star och v\u00e5rar. V\u00e4glagen skall utse styrelser, som har <a class=\"more-link\" href=\"https:\/\/www.lassebacklund.fi\/?page_id=9013\">Forts\u00e4tt l\u00e4sa <span class=\"screen-reader-text\">  Tidningsurklipp fr\u00e5n \u00e5r 1929.<\/span><span class=\"meta-nav\">&rarr;<\/span><\/a><\/p>\n","protected":false},"author":1,"featured_media":0,"parent":7430,"menu_order":1929,"comment_status":"closed","ping_status":"closed","template":"","meta":{"footnotes":""},"class_list":["post-9013","page","type-page","status-publish","hentry"],"_links":{"self":[{"href":"https:\/\/www.lassebacklund.fi\/index.php?rest_route=\/wp\/v2\/pages\/9013","targetHints":{"allow":["GET"]}}],"collection":[{"href":"https:\/\/www.lassebacklund.fi\/index.php?rest_route=\/wp\/v2\/pages"}],"about":[{"href":"https:\/\/www.lassebacklund.fi\/index.php?rest_route=\/wp\/v2\/types\/page"}],"author":[{"embeddable":true,"href":"https:\/\/www.lassebacklund.fi\/index.php?rest_route=\/wp\/v2\/users\/1"}],"replies":[{"embeddable":true,"href":"https:\/\/www.lassebacklund.fi\/index.php?rest_route=%2Fwp%2Fv2%2Fcomments&post=9013"}],"version-history":[{"count":19,"href":"https:\/\/www.lassebacklund.fi\/index.php?rest_route=\/wp\/v2\/pages\/9013\/revisions"}],"predecessor-version":[{"id":12803,"href":"https:\/\/www.lassebacklund.fi\/index.php?rest_route=\/wp\/v2\/pages\/9013\/revisions\/12803"}],"up":[{"embeddable":true,"href":"https:\/\/www.lassebacklund.fi\/index.php?rest_route=\/wp\/v2\/pages\/7430"}],"wp:attachment":[{"href":"https:\/\/www.lassebacklund.fi\/index.php?rest_route=%2Fwp%2Fv2%2Fmedia&parent=9013"}],"curies":[{"name":"wp","href":"https:\/\/api.w.org\/{rel}","templated":true}]}}