{"id":8994,"date":"2018-07-05T15:12:59","date_gmt":"2018-07-05T13:12:59","guid":{"rendered":"http:\/\/www.lassebacklund.fi\/?page_id=8994"},"modified":"2019-05-05T11:19:04","modified_gmt":"2019-05-05T08:19:04","slug":"tidningsartiklar-fran-1930-talet-2","status":"publish","type":"page","link":"https:\/\/www.lassebacklund.fi\/?page_id=8994","title":{"rendered":"Tidningsartiklar fr\u00e5n 1930-talet."},"content":{"rendered":"<p>Klicka p\u00e5 \u00f6nskat \u00e5rtal med knapparna h\u00e4r under.<\/p>\n<h6><a class=\"fasc-button fasc-size-medium fasc-type-glossy fasc-rounded-medium\" style=\"background-color: #33809e; color: #ffffff;\" href=\"http:\/\/www.lassebacklund.fi\/?page_id=3725\">\u00c5r 1930<\/a><\/h6>\n<h6><a class=\"fasc-button fasc-size-medium fasc-type-glossy fasc-rounded-medium\" style=\"background-color: #33809e; color: #ffffff;\" href=\"http:\/\/www.lassebacklund.fi\/?page_id=10290\">\u00c5r 1931<\/a><\/h6>\n<h6><a class=\"fasc-button fasc-size-medium fasc-type-glossy fasc-rounded-medium\" style=\"background-color: #33809e; color: #ffffff;\" href=\"http:\/\/www.lassebacklund.fi\/?page_id=10193\">\u00c5r 1932<\/a><\/h6>\n<h6><a class=\"fasc-button fasc-size-medium fasc-type-glossy fasc-rounded-medium\" style=\"background-color: #33809e; color: #ffffff;\" href=\"http:\/\/www.lassebacklund.fi\/?page_id=10368\">\u00c5r 1933<\/a><\/h6>\n<h6><a class=\"fasc-button fasc-size-medium fasc-type-glossy fasc-rounded-medium\" style=\"background-color: #33809e; color: #ffffff;\" href=\"http:\/\/www.lassebacklund.fi\/?page_id=10480\">\u00c5r 1934<\/a><\/h6>\n<h6><a class=\"fasc-button fasc-size-medium fasc-type-glossy fasc-rounded-medium\" style=\"background-color: #33809e; color: #ffffff;\" href=\"http:\/\/www.lassebacklund.fi\/?page_id=8999\">\u00c5r 1935<\/a><\/h6>\n<h6><a class=\"fasc-button fasc-size-medium fasc-type-glossy fasc-rounded-medium\" style=\"background-color: #33809e; color: #ffffff;\" href=\"http:\/\/www.lassebacklund.fi\/?page_id=11084\">\u00c5r 1936<\/a><\/h6>\n<h6><a class=\"fasc-button fasc-size-medium fasc-type-glossy fasc-rounded-medium\" style=\"background-color: #33809e; color: #ffffff;\" href=\"http:\/\/www.lassebacklund.fi\/?page_id=11725\">\u00c5r 1937<\/a><\/h6>\n<h6><a class=\"fasc-button fasc-size-medium fasc-type-glossy fasc-rounded-medium\" style=\"background-color: #33809e; color: #ffffff;\" href=\"http:\/\/www.lassebacklund.fi\/?page_id=12088\">\u00c5r 1938<\/a><\/h6>\n","protected":false},"excerpt":{"rendered":"<p>Klicka p\u00e5 \u00f6nskat \u00e5rtal med knapparna h\u00e4r under. \u00c5r 1930 \u00c5r 1931 \u00c5r 1932 \u00c5r 1933 \u00c5r 1934 \u00c5r 1935 \u00c5r 1936 \u00c5r 1937 \u00c5r 1938<\/p>\n","protected":false},"author":1,"featured_media":0,"parent":25,"menu_order":1930,"comment_status":"closed","ping_status":"closed","template":"","meta":{"footnotes":""},"class_list":["post-8994","page","type-page","status-publish","hentry"],"_links":{"self":[{"href":"https:\/\/www.lassebacklund.fi\/index.php?rest_route=\/wp\/v2\/pages\/8994","targetHints":{"allow":["GET"]}}],"collection":[{"href":"https:\/\/www.lassebacklund.fi\/index.php?rest_route=\/wp\/v2\/pages"}],"about":[{"href":"https:\/\/www.lassebacklund.fi\/index.php?rest_route=\/wp\/v2\/types\/page"}],"author":[{"embeddable":true,"href":"https:\/\/www.lassebacklund.fi\/index.php?rest_route=\/wp\/v2\/users\/1"}],"replies":[{"embeddable":true,"href":"https:\/\/www.lassebacklund.fi\/index.php?rest_route=%2Fwp%2Fv2%2Fcomments&post=8994"}],"version-history":[{"count":22,"href":"https:\/\/www.lassebacklund.fi\/index.php?rest_route=\/wp\/v2\/pages\/8994\/revisions"}],"predecessor-version":[{"id":12296,"href":"https:\/\/www.lassebacklund.fi\/index.php?rest_route=\/wp\/v2\/pages\/8994\/revisions\/12296"}],"up":[{"embeddable":true,"href":"https:\/\/www.lassebacklund.fi\/index.php?rest_route=\/wp\/v2\/pages\/25"}],"wp:attachment":[{"href":"https:\/\/www.lassebacklund.fi\/index.php?rest_route=%2Fwp%2Fv2%2Fmedia&parent=8994"}],"curies":[{"name":"wp","href":"https:\/\/api.w.org\/{rel}","templated":true}]}}