{"id":8895,"date":"2018-06-25T21:28:29","date_gmt":"2018-06-25T19:28:29","guid":{"rendered":"http:\/\/www.lassebacklund.fi\/?page_id=8895"},"modified":"2023-06-24T09:12:41","modified_gmt":"2023-06-24T06:12:41","slug":"dagsmark-ufs-80-ars-historik","status":"publish","type":"page","link":"https:\/\/www.lassebacklund.fi\/?page_id=8895","title":{"rendered":"Dagsmark UF:s 80-\u00e5rs historik."},"content":{"rendered":"<figure id=\"attachment_22102\" aria-describedby=\"caption-attachment-22102\" style=\"width: 477px\" class=\"wp-caption alignnone\"><img loading=\"lazy\" decoding=\"async\" class=\"size-full wp-image-22102\" src=\"https:\/\/www.lassebacklund.fi\/wp-content\/uploads\/2023\/06\/19761208-DUF-80-ar.jpg\" alt=\"\" width=\"477\" height=\"321\" srcset=\"https:\/\/www.lassebacklund.fi\/wp-content\/uploads\/2023\/06\/19761208-DUF-80-ar.jpg 477w, https:\/\/www.lassebacklund.fi\/wp-content\/uploads\/2023\/06\/19761208-DUF-80-ar-300x202.jpg 300w\" sizes=\"auto, (max-width: 477px) 100vw, 477px\" \/><figcaption id=\"caption-attachment-22102\" class=\"wp-caption-text\">\u00c5r 1976 fyllde ungdomsf\u00f6reningen 80 \u00e5r och ordnade d\u00e5 en jubileumsfest p\u00e5 lokalen, dit medlemmarna bj\u00f6ds in. Ordf\u00f6rande d\u00e5 var Stig Rosengren och sekreterare var John Backlund. Lappfj\u00e4rds Spelmanslag och Lappfj\u00e4rds Bl\u00e5sorkester upptr\u00e4dde under festligheterna.<\/figcaption><\/figure>\n<figure id=\"attachment_22103\" aria-describedby=\"caption-attachment-22103\" style=\"width: 1112px\" class=\"wp-caption alignnone\"><img loading=\"lazy\" decoding=\"async\" class=\"size-full wp-image-22103\" src=\"https:\/\/www.lassebacklund.fi\/wp-content\/uploads\/2023\/06\/19761214-foto-fran-80-ars-festen.jpg\" alt=\"\" width=\"1112\" height=\"698\" srcset=\"https:\/\/www.lassebacklund.fi\/wp-content\/uploads\/2023\/06\/19761214-foto-fran-80-ars-festen.jpg 1112w, https:\/\/www.lassebacklund.fi\/wp-content\/uploads\/2023\/06\/19761214-foto-fran-80-ars-festen-300x188.jpg 300w, https:\/\/www.lassebacklund.fi\/wp-content\/uploads\/2023\/06\/19761214-foto-fran-80-ars-festen-1024x643.jpg 1024w, https:\/\/www.lassebacklund.fi\/wp-content\/uploads\/2023\/06\/19761214-foto-fran-80-ars-festen-768x482.jpg 768w\" sizes=\"auto, (max-width: 1112px) 100vw, 1112px\" \/><figcaption id=\"caption-attachment-22103\" class=\"wp-caption-text\">D\u00e5 ungdomsf\u00f6reningen firade sina 80 \u00e5r fanns flera tidigare ordf\u00f6rande med. P\u00e5 f\u00f6rsta raden till v\u00e4nster B\u00f6rje Norrg\u00e5rd och d\u00e4r sitter ocks\u00e5 Torolf Lindfors och ordf\u00f6rande Stig Rosengren. P\u00e5 b\u00e4nken bakom sitter festtalaren, S\u00d6U:s kanslichef Jan-Erik Frostdahl bredvid stadsstyrelsens ordf\u00f6rande Hans Ingvesg\u00e5rd. L\u00e4ngst till h\u00f6ger sitter Gunnar Gr\u00f6ndahl, som f\u00f6redrog f\u00f6reningens historik och bredvid honom Rurik Nylund och stadsfullm\u00e4ktiges ordf\u00f6rande Torolf Dreijer. Bilden ur tidningen Syd-\u00d6sterbotten.<\/figcaption><\/figure>\n<p>Gunnar Gr\u00f6ndahl skrev denna 80-\u00e5rs historik till festen 1976. Det gjordes ingen tryckt version av denna historik.<\/p>\n<p><img loading=\"lazy\" decoding=\"async\" class=\"size-full wp-image-8887 aligncenter\" src=\"http:\/\/www.lassebacklund.fi\/wp-content\/uploads\/2018\/06\/Sid-1.jpg\" alt=\"Sid 1\" width=\"1037\" height=\"1497\" srcset=\"https:\/\/www.lassebacklund.fi\/wp-content\/uploads\/2018\/06\/Sid-1.jpg 1037w, https:\/\/www.lassebacklund.fi\/wp-content\/uploads\/2018\/06\/Sid-1-208x300.jpg 208w, https:\/\/www.lassebacklund.fi\/wp-content\/uploads\/2018\/06\/Sid-1-768x1109.jpg 768w, https:\/\/www.lassebacklund.fi\/wp-content\/uploads\/2018\/06\/Sid-1-709x1024.jpg 709w\" sizes=\"auto, (max-width: 1037px) 100vw, 1037px\" \/> <img loading=\"lazy\" decoding=\"async\" class=\"size-full wp-image-8888 aligncenter\" src=\"http:\/\/www.lassebacklund.fi\/wp-content\/uploads\/2018\/06\/Sid-2.jpg\" alt=\"Sid 2\" width=\"1051\" height=\"1497\" srcset=\"https:\/\/www.lassebacklund.fi\/wp-content\/uploads\/2018\/06\/Sid-2.jpg 1051w, https:\/\/www.lassebacklund.fi\/wp-content\/uploads\/2018\/06\/Sid-2-211x300.jpg 211w, https:\/\/www.lassebacklund.fi\/wp-content\/uploads\/2018\/06\/Sid-2-768x1094.jpg 768w, https:\/\/www.lassebacklund.fi\/wp-content\/uploads\/2018\/06\/Sid-2-719x1024.jpg 719w\" sizes=\"auto, (max-width: 1051px) 100vw, 1051px\" \/> <img loading=\"lazy\" decoding=\"async\" class=\"size-full wp-image-8889 aligncenter\" src=\"http:\/\/www.lassebacklund.fi\/wp-content\/uploads\/2018\/06\/Sid-3.jpg\" alt=\"Sid 3\" width=\"1026\" height=\"1493\" srcset=\"https:\/\/www.lassebacklund.fi\/wp-content\/uploads\/2018\/06\/Sid-3.jpg 1026w, https:\/\/www.lassebacklund.fi\/wp-content\/uploads\/2018\/06\/Sid-3-206x300.jpg 206w, https:\/\/www.lassebacklund.fi\/wp-content\/uploads\/2018\/06\/Sid-3-768x1118.jpg 768w, https:\/\/www.lassebacklund.fi\/wp-content\/uploads\/2018\/06\/Sid-3-704x1024.jpg 704w\" sizes=\"auto, (max-width: 1026px) 100vw, 1026px\" \/> <img loading=\"lazy\" decoding=\"async\" class=\"size-full wp-image-8890 aligncenter\" src=\"http:\/\/www.lassebacklund.fi\/wp-content\/uploads\/2018\/06\/Sid-4.jpg\" alt=\"Sid 4\" width=\"1035\" height=\"1497\" srcset=\"https:\/\/www.lassebacklund.fi\/wp-content\/uploads\/2018\/06\/Sid-4.jpg 1035w, https:\/\/www.lassebacklund.fi\/wp-content\/uploads\/2018\/06\/Sid-4-207x300.jpg 207w, https:\/\/www.lassebacklund.fi\/wp-content\/uploads\/2018\/06\/Sid-4-768x1111.jpg 768w, https:\/\/www.lassebacklund.fi\/wp-content\/uploads\/2018\/06\/Sid-4-708x1024.jpg 708w\" sizes=\"auto, (max-width: 1035px) 100vw, 1035px\" \/> <img loading=\"lazy\" decoding=\"async\" class=\"size-full wp-image-8891 aligncenter\" src=\"http:\/\/www.lassebacklund.fi\/wp-content\/uploads\/2018\/06\/Sid-5.jpg\" alt=\"Sid 5\" width=\"1032\" height=\"1499\" srcset=\"https:\/\/www.lassebacklund.fi\/wp-content\/uploads\/2018\/06\/Sid-5.jpg 1032w, https:\/\/www.lassebacklund.fi\/wp-content\/uploads\/2018\/06\/Sid-5-207x300.jpg 207w, https:\/\/www.lassebacklund.fi\/wp-content\/uploads\/2018\/06\/Sid-5-768x1116.jpg 768w, https:\/\/www.lassebacklund.fi\/wp-content\/uploads\/2018\/06\/Sid-5-705x1024.jpg 705w\" sizes=\"auto, (max-width: 1032px) 100vw, 1032px\" \/> <img loading=\"lazy\" decoding=\"async\" class=\"size-full wp-image-8892 aligncenter\" src=\"http:\/\/www.lassebacklund.fi\/wp-content\/uploads\/2018\/06\/Sid-6.jpg\" alt=\"Sid 6\" width=\"1032\" height=\"1498\" srcset=\"https:\/\/www.lassebacklund.fi\/wp-content\/uploads\/2018\/06\/Sid-6.jpg 1032w, https:\/\/www.lassebacklund.fi\/wp-content\/uploads\/2018\/06\/Sid-6-207x300.jpg 207w, https:\/\/www.lassebacklund.fi\/wp-content\/uploads\/2018\/06\/Sid-6-768x1115.jpg 768w, https:\/\/www.lassebacklund.fi\/wp-content\/uploads\/2018\/06\/Sid-6-705x1024.jpg 705w\" sizes=\"auto, (max-width: 1032px) 100vw, 1032px\" \/> <img loading=\"lazy\" decoding=\"async\" class=\" wp-image-8893 aligncenter\" src=\"http:\/\/www.lassebacklund.fi\/wp-content\/uploads\/2018\/06\/Sid-7-av-7.jpg\" alt=\"Sid 7 av 7\" width=\"697\" height=\"511\" \/> <img loading=\"lazy\" decoding=\"async\" class=\"size-full wp-image-8894 aligncenter\" src=\"http:\/\/www.lassebacklund.fi\/wp-content\/uploads\/2018\/06\/Sid-8-funktion\u00e4rer.jpg\" alt=\"Sid 8 funktion\u00e4rer\" width=\"1088\" height=\"1491\" srcset=\"https:\/\/www.lassebacklund.fi\/wp-content\/uploads\/2018\/06\/Sid-8-funktion\u00e4rer.jpg 1088w, https:\/\/www.lassebacklund.fi\/wp-content\/uploads\/2018\/06\/Sid-8-funktion\u00e4rer-219x300.jpg 219w, https:\/\/www.lassebacklund.fi\/wp-content\/uploads\/2018\/06\/Sid-8-funktion\u00e4rer-768x1052.jpg 768w, https:\/\/www.lassebacklund.fi\/wp-content\/uploads\/2018\/06\/Sid-8-funktion\u00e4rer-747x1024.jpg 747w\" sizes=\"auto, (max-width: 1088px) 100vw, 1088px\" \/><\/p>\n","protected":false},"excerpt":{"rendered":"<p>Gunnar Gr\u00f6ndahl skrev denna 80-\u00e5rs historik till festen 1976. Det gjordes ingen tryckt version av denna historik.<\/p>\n","protected":false},"author":1,"featured_media":0,"parent":7496,"menu_order":80,"comment_status":"closed","ping_status":"closed","template":"","meta":{"footnotes":""},"class_list":["post-8895","page","type-page","status-publish","hentry"],"_links":{"self":[{"href":"https:\/\/www.lassebacklund.fi\/index.php?rest_route=\/wp\/v2\/pages\/8895","targetHints":{"allow":["GET"]}}],"collection":[{"href":"https:\/\/www.lassebacklund.fi\/index.php?rest_route=\/wp\/v2\/pages"}],"about":[{"href":"https:\/\/www.lassebacklund.fi\/index.php?rest_route=\/wp\/v2\/types\/page"}],"author":[{"embeddable":true,"href":"https:\/\/www.lassebacklund.fi\/index.php?rest_route=\/wp\/v2\/users\/1"}],"replies":[{"embeddable":true,"href":"https:\/\/www.lassebacklund.fi\/index.php?rest_route=%2Fwp%2Fv2%2Fcomments&post=8895"}],"version-history":[{"count":4,"href":"https:\/\/www.lassebacklund.fi\/index.php?rest_route=\/wp\/v2\/pages\/8895\/revisions"}],"predecessor-version":[{"id":22106,"href":"https:\/\/www.lassebacklund.fi\/index.php?rest_route=\/wp\/v2\/pages\/8895\/revisions\/22106"}],"up":[{"embeddable":true,"href":"https:\/\/www.lassebacklund.fi\/index.php?rest_route=\/wp\/v2\/pages\/7496"}],"wp:attachment":[{"href":"https:\/\/www.lassebacklund.fi\/index.php?rest_route=%2Fwp%2Fv2%2Fmedia&parent=8895"}],"curies":[{"name":"wp","href":"https:\/\/api.w.org\/{rel}","templated":true}]}}