{"id":8605,"date":"2018-05-28T23:21:16","date_gmt":"2018-05-28T21:21:16","guid":{"rendered":"http:\/\/www.lassebacklund.fi\/?page_id=8605"},"modified":"2018-05-28T23:21:16","modified_gmt":"2018-05-28T21:21:16","slug":"tal-vid-artur-mitts-begravning","status":"publish","type":"page","link":"https:\/\/www.lassebacklund.fi\/?page_id=8605","title":{"rendered":"Tal vid Artur Mitts begravning."},"content":{"rendered":"<p><span style=\"color: #000080; font-family: 'Helvetica','sans-serif';\"><span style=\"font-size: medium;\">Tal vid Arturs begravning 8.12.1942, skrivet och h\u00e5llet av folkskoll\u00e4raren Selim Bj\u00f6rses.<\/span><\/span><\/p>\n<p><span style=\"font-family: 'Helvetica','sans-serif';\"><span style=\"color: #000000; font-size: medium;\">I dag f\u00f6lja vi Artur Mitts p\u00e5 hans sista f\u00e4rd och vi b\u00f6ja v\u00e5ra huvuden i \u00f6dmjukhet inf\u00f6r storheten i hans livsverk och offerg\u00e4rning.<\/span><\/span><\/p>\n<p><span style=\"font-family: 'Helvetica','sans-serif';\"><span style=\"color: #000000; font-size: medium;\">Artur Mitts f\u00f6ll ju under de h\u00e5rda striderna vid Viborgska viken den 6 mars 1940. Sedan den dagen har m\u00e4rkliga h\u00e4ndelser timat i v\u00e5rt land, men de f\u00f6rm\u00e5r ej undanskymma betydelsen av Arturs livsinsats. De \u00e5r och m\u00e5nader, som svunnit h\u00e4n sedan de tunga marsdagarna 1940, l\u00e5ter liksom storheten av hans personlighet och offerd\u00f6d framst\u00e5 i f\u00f6rklarad dager.<\/span><\/span><\/p>\n<p><span style=\"font-family: 'Helvetica','sans-serif';\"><span style=\"color: #000000; font-size: medium;\">V\u00e5r bygd och v\u00e5rt land gjorde ju stora framsteg p\u00e5 den andliga och materiella odlingens omr\u00e5de f\u00f6re kriget. I detta arbete tog Artur Mitts verksamt del. Under sin ungdomstid var han ju en v\u00e5ra bygders fr\u00e4msta idrottsm\u00e4n och han blev ett f\u00f6red\u00f6me f\u00f6r m\u00e5ngen lappfj\u00e4rdsyngling. Som husbonde i Dagsmark blev han ocks\u00e5 en f\u00f6reg\u00e5ngsman p\u00e5 jordbrukets omr\u00e5de och utf\u00f6rde ett betydelsefullt arbete f\u00f6r modern\u00e4ringens utveckling.<\/span><\/span><\/p>\n<p><span style=\"font-family: 'Helvetica','sans-serif';\"><span style=\"color: #000000; font-size: medium;\">N\u00e4r kriget br\u00f6t ut 1939 kallades ju Artur Mitts liksom m\u00e5ngen annan till fosterlandets f\u00f6rsvar. Med samma allvar och pliktmedvetenhet som han tidigare deltagit i skyddsk\u00e5rs- och f\u00f6reningsarbetet och v\u00e5rdat sitt hemman, gick han till denna kr\u00e4vande uppgift. Han \u00e5terv\u00e4nde ju aldrig till sina k\u00e4ra.<\/span><\/span><\/p>\n<p><span style=\"font-family: 'Helvetica','sans-serif';\"><span style=\"color: #000000; font-size: medium;\">Artur Mitts! Personligen skall jag minnas dig som en av mina b\u00e4sta ungdomskamrater. Det var p\u00e5 sportplan jag fr\u00e4mst l\u00e4rde mig v\u00e4rdera din andliga resning. F\u00e5ordig och tyst var du, men p\u00e5litlig och trofast som f\u00e5. Aldrig drog du dig undan ditt ansvar och sv\u00e5ra uppgifter. N\u00e4r t\u00e4vlingslaget beh\u00f6vde en verklig f\u00f6rm\u00e5ga var du redo. Du kunde ej svika, du kunde ej skryta men du kunde handla i r\u00e4tta \u00f6gonblicket. Mer \u00e4n en g\u00e5ng har du besegrat mig p\u00e5 t\u00e4vlingsbanan men alltid hyste du h\u00f6gaktning f\u00f6r dina medt\u00e4vlare. Det finns n\u00e5got ridderligt i ditt v\u00e4sen, allt sm\u00e5sinne var dig fr\u00e4mmande.<\/span><\/span><\/p>\n<p><span style=\"font-family: 'Helvetica','sans-serif';\"><span style=\"color: #000000; font-size: medium;\">N\u00e4r du vintern 1940 var hem p\u00e5 permission hade jag bes\u00f6k av dig. Aldrig gl\u00f6mmer jag det lugn och den beredvillighet till uppoffringar som d\u00e5 liksom utstr\u00e5lade fr\u00e5n hela din personlighet. Du var d\u00e5 liksom f\u00f6rr p\u00e5 idrottsplan beredd att p\u00e5taga dig ansvar och fylla din plikt till det yttersta. N\u00e4r fienden stormade mot v\u00e5ra st\u00e4llningar vid Viborgska viken, n\u00e4r allt som vi ans\u00e5g heligt och dyrbart hotades av f\u00f6rintelse, kunde du ej l\u00e4mna platsen vid maskingev\u00e4ret tills d\u00f6den n\u00e5dde dig.<\/span><\/span><\/p>\n<p><span style=\"font-family: 'Helvetica','sans-serif';\"><span style=\"color: #000000; font-size: medium;\">Frid \u00f6ver ditt minne!<\/span><\/span><\/p>\n","protected":false},"excerpt":{"rendered":"<p>Tal vid Arturs begravning 8.12.1942, skrivet och h\u00e5llet av folkskoll\u00e4raren Selim Bj\u00f6rses. I dag f\u00f6lja vi Artur Mitts p\u00e5 hans sista f\u00e4rd och vi b\u00f6ja v\u00e5ra huvuden i \u00f6dmjukhet inf\u00f6r storheten i hans livsverk och offerg\u00e4rning. Artur Mitts f\u00f6ll ju <a class=\"more-link\" href=\"https:\/\/www.lassebacklund.fi\/?page_id=8605\">Forts\u00e4tt l\u00e4sa <span class=\"screen-reader-text\">  Tal vid Artur Mitts begravning.<\/span><span class=\"meta-nav\">&rarr;<\/span><\/a><\/p>\n","protected":false},"author":1,"featured_media":0,"parent":1798,"menu_order":0,"comment_status":"closed","ping_status":"closed","template":"","meta":{"footnotes":""},"class_list":["post-8605","page","type-page","status-publish","hentry"],"_links":{"self":[{"href":"https:\/\/www.lassebacklund.fi\/index.php?rest_route=\/wp\/v2\/pages\/8605","targetHints":{"allow":["GET"]}}],"collection":[{"href":"https:\/\/www.lassebacklund.fi\/index.php?rest_route=\/wp\/v2\/pages"}],"about":[{"href":"https:\/\/www.lassebacklund.fi\/index.php?rest_route=\/wp\/v2\/types\/page"}],"author":[{"embeddable":true,"href":"https:\/\/www.lassebacklund.fi\/index.php?rest_route=\/wp\/v2\/users\/1"}],"replies":[{"embeddable":true,"href":"https:\/\/www.lassebacklund.fi\/index.php?rest_route=%2Fwp%2Fv2%2Fcomments&post=8605"}],"version-history":[{"count":1,"href":"https:\/\/www.lassebacklund.fi\/index.php?rest_route=\/wp\/v2\/pages\/8605\/revisions"}],"predecessor-version":[{"id":8606,"href":"https:\/\/www.lassebacklund.fi\/index.php?rest_route=\/wp\/v2\/pages\/8605\/revisions\/8606"}],"up":[{"embeddable":true,"href":"https:\/\/www.lassebacklund.fi\/index.php?rest_route=\/wp\/v2\/pages\/1798"}],"wp:attachment":[{"href":"https:\/\/www.lassebacklund.fi\/index.php?rest_route=%2Fwp%2Fv2%2Fmedia&parent=8605"}],"curies":[{"name":"wp","href":"https:\/\/api.w.org\/{rel}","templated":true}]}}