{"id":8599,"date":"2018-05-28T20:52:45","date_gmt":"2018-05-28T18:52:45","guid":{"rendered":"http:\/\/www.lassebacklund.fi\/?page_id=8599"},"modified":"2026-01-11T15:43:10","modified_gmt":"2026-01-11T13:43:10","slug":"osterbottens-svenska-forsamlingar","status":"publish","type":"page","link":"https:\/\/www.lassebacklund.fi\/?page_id=8599","title":{"rendered":"\u00d6sterbottens svenska f\u00f6rsamlingar"},"content":{"rendered":"<p><span style=\"color: #000080;\"><strong>F\u00f6rteckning \u00f6ver f\u00f6rsamlingarna i \u00d6sterbotten, inf\u00f6rd i tidningen Folkw\u00e4nnen 2.8.1892:<\/strong><\/span><\/p>\n<p>Alla f\u00f6rsamlingar i s\u00f6dra \u00d6sterbotten r\u00e4knar sin uppkomst fr\u00e5n tvenne f\u00f6rsamlingar, Mustasaari och Peders\u00f6re. I alfabetisk ordning \u00e4ro de svenska f\u00f6rsamlingarna f\u00f6ljande:<\/p>\n<p>Berg\u00f6, f\u00f6rut Varg\u00f6, bebott sedan 1495, kapell under Malax 1848. Sk\u00e4rg\u00e5rdsf\u00f6rsamling.<\/p>\n<p>Esse, b\u00f6nhus 1700, kapell med egen pr\u00e4st 1736, pastorat 1865.<\/p>\n<p>Gamlakarleby, skilt fr\u00e5n Peders\u00f6re 1467. Inom socknen anlades staden Gamlakarleby \u00e5r 1620.<\/p>\n<p>Jakobstad, uppkallad efter riksmarskalken Jakob de la Gardie, blev grundad 1652, egen kyrka 1691.<\/p>\n<p>Jeppo, kapell under Munsala sedan 1867.<\/p>\n<p>Kask\u00f6, staden grundad 1785, egen kyrka 1798, h\u00f6r till N\u00e4rpes pastorat.<\/p>\n<p>Korsn\u00e4s, b\u00f6nhus fr\u00e5n den katolska tiden, kapell omkring 1604, pastorat 1861.<\/p>\n<p>Kronoby, eget pastorat sedan 1607.<\/p>\n<p>Kvevlax, kapell 1691, kyrka 1692. pastorat 1864.<\/p>\n<p>Larsmo, erh\u00f6ll kyrka 1786.pastorat 1864. Sk\u00e4rg\u00e5rdsf\u00f6rsamling.<\/p>\n<p>Lappfj\u00e4rd, kapell 1594, pastorat 1607.<\/p>\n<p>Maxmo, kyrka 1706, pastorat 1872.<\/p>\n<p>Malax, kyrka 1602, eget pastorat 1607.<\/p>\n<p>Munsala, kyrka 1687, pastorat 1857.<\/p>\n<p>Mustasaari, fr\u00e5n medlet av 1200-talet.<\/p>\n<p>Nedervetil, kapell under Gamlakarleby kyrka 1752.<\/p>\n<p>N\u00e4rpes, fr\u00e5n b\u00f6rjan av 1300-talet.<\/p>\n<p>Oravais, kapell 1676, pastorat 1859.<\/p>\n<p>Petalax, kapell under Malax sedan 1834.<\/p>\n<p>Peders\u00f6re, fr\u00e5n medlet av 1200-talet.<\/p>\n<p>Purmo, kapell 1771,erh\u00f6ll kyrka 1772, pastorat 1867.<\/p>\n<p>P\u00f6rtom, kyrka 1696.pastorat 1859.<\/p>\n<p>Replot, kyrka 1781, kapell 1840, pastorat 1872.<\/p>\n<p>Sideby, kapell 1785, pastorat 1860.<\/p>\n<p>Solf, erh\u00f6ll egen kyrka 1626. kapell 1847, pastorat 1860.<\/p>\n<p>Teerij\u00e4rvi, kapell 1669, pastorat 1868.<\/p>\n<p>Vasa anlades 1606. Efter branden 1852 blev staden flyttad till sitt nuvarande st\u00e4lle och kallades Nikolajstad.<\/p>\n<p>V\u00f6r\u00e5, pastorat fr\u00e5n omkring 1500.<\/p>\n<p>\u00d6vermark, egen kyrka 1858, pastorat 1871.<\/p>\n<p>&nbsp;<\/p>\n","protected":false},"excerpt":{"rendered":"<p>F\u00f6rteckning \u00f6ver f\u00f6rsamlingarna i \u00d6sterbotten, inf\u00f6rd i tidningen Folkw\u00e4nnen 2.8.1892: Alla f\u00f6rsamlingar i s\u00f6dra \u00d6sterbotten r\u00e4knar sin uppkomst fr\u00e5n tvenne f\u00f6rsamlingar, Mustasaari och Peders\u00f6re. I alfabetisk ordning \u00e4ro de svenska f\u00f6rsamlingarna f\u00f6ljande: Berg\u00f6, f\u00f6rut Varg\u00f6, bebott sedan 1495, kapell under <a class=\"more-link\" href=\"https:\/\/www.lassebacklund.fi\/?page_id=8599\">Forts\u00e4tt l\u00e4sa <span class=\"screen-reader-text\">  \u00d6sterbottens svenska f\u00f6rsamlingar<\/span><span class=\"meta-nav\">&rarr;<\/span><\/a><\/p>\n","protected":false},"author":1,"featured_media":0,"parent":7821,"menu_order":20,"comment_status":"closed","ping_status":"closed","template":"","meta":{"footnotes":""},"class_list":["post-8599","page","type-page","status-publish","hentry"],"_links":{"self":[{"href":"https:\/\/www.lassebacklund.fi\/index.php?rest_route=\/wp\/v2\/pages\/8599","targetHints":{"allow":["GET"]}}],"collection":[{"href":"https:\/\/www.lassebacklund.fi\/index.php?rest_route=\/wp\/v2\/pages"}],"about":[{"href":"https:\/\/www.lassebacklund.fi\/index.php?rest_route=\/wp\/v2\/types\/page"}],"author":[{"embeddable":true,"href":"https:\/\/www.lassebacklund.fi\/index.php?rest_route=\/wp\/v2\/users\/1"}],"replies":[{"embeddable":true,"href":"https:\/\/www.lassebacklund.fi\/index.php?rest_route=%2Fwp%2Fv2%2Fcomments&post=8599"}],"version-history":[{"count":4,"href":"https:\/\/www.lassebacklund.fi\/index.php?rest_route=\/wp\/v2\/pages\/8599\/revisions"}],"predecessor-version":[{"id":25423,"href":"https:\/\/www.lassebacklund.fi\/index.php?rest_route=\/wp\/v2\/pages\/8599\/revisions\/25423"}],"up":[{"embeddable":true,"href":"https:\/\/www.lassebacklund.fi\/index.php?rest_route=\/wp\/v2\/pages\/7821"}],"wp:attachment":[{"href":"https:\/\/www.lassebacklund.fi\/index.php?rest_route=%2Fwp%2Fv2%2Fmedia&parent=8599"}],"curies":[{"name":"wp","href":"https:\/\/api.w.org\/{rel}","templated":true}]}}