{"id":8451,"date":"2018-05-08T21:45:58","date_gmt":"2018-05-08T19:45:58","guid":{"rendered":"http:\/\/www.lassebacklund.fi\/?page_id=8451"},"modified":"2020-04-17T00:24:34","modified_gmt":"2020-04-16T21:24:34","slug":"karl-hajden-i-lappfjard","status":"publish","type":"page","link":"https:\/\/www.lassebacklund.fi\/?page_id=8451","title":{"rendered":"Karl Hajden i Lappfj\u00e4rd."},"content":{"rendered":"<p><span style=\"color: #000000;\">Bidrag till Finska krigets historia. En av de \u00e4nnu kvarlevande lantv\u00e4rnsm\u00e4nnen fr\u00e5n 1808 och 1809 \u00e5rs krig, Karl Hajden i Bergsj\u00f6 socken, Sverige, har vid sin ans\u00f6kning om erh\u00e5llande av gratifikation fogat f\u00f6ljande historik, som ing\u00e5r i tidningen Helsingen, som utkom i S\u00f6derhamn.<\/span><\/p>\n<p>Lantv\u00e4rnisten Karl Hajden i Vade, Bergsj\u00f6 socken, f\u00f6ddes i Sm\u00e5land 1793 och blev vid 13 \u00e5rs \u00e5lder trumslagare i Stockholm och s\u00e4ndes om sommaren 1808, j\u00e4mte tre andra trumslagare till Helsinge regementets vargeringar, som l\u00e5g i Gefle under vapen\u00f6vning. De for sj\u00f6v\u00e4gen till Finland och landsteg i Kristinestad den 28 augusti samt marscherade under p\u00e5f\u00f6ljande natt till Lappfj\u00e4rds kyrkvall, d\u00e4r de, s\u00e5 fort det dagades, uppst\u00e4lldes i slagordning. Kl. 7 var skjutningen redan b\u00f6rjad. Mot kv\u00e4llen drog sig ryssarna tillbaka och svenska h\u00e4ren kvarstannade d\u00e4r n\u00e5gra dagar. Allmogen i trakten uppb\u00e5dades till g\u00e5ngled f\u00f6r att begrava de fallna. L\u00e5nga gravar av diken uppgr\u00e4vdes i skogen, d\u00e4r de fallna hoptals begravdes.<\/p>\n<p>Sedan var Hajden med i slaget vid \u00d6mossa, d\u00e4r dock en flod skilde h\u00e4rarna \u00e5t. D\u00e4r fick h\u00e4ren order att t\u00e5ga till Oravais och samma dag, som man dit anl\u00e4nde, b\u00f6rjade slaget om kv\u00e4llen, men skjutningen upph\u00f6rde, n\u00e4r natten inbr\u00f6t, dock blev h\u00e4ren p\u00e5 sin vakt. Och s\u00e5 fort det dagades, b\u00f6rjade \u00e5nyo striden och stor var manspillan p\u00e5 b\u00e5da sidor. Emot kv\u00e4llen drog svenskarna sig tillbaka och flydde under natten till Nya Karleby. Under denna flykt var Hajden n\u00e4ra att f\u00f6rlora de flyende kamraterna ur sikte. Han snavade d\u00e4rvid och f\u00f6ll i ett dike, men en ryss upphann och upplyftade honom, satte p\u00e5 honom trumman och pekade, varth\u00e4n de flyende var.<\/p>\n<p>1809 var Hajden med den del av arm\u00e9n, som t\u00e5gade till Jemtland f\u00f6r att m\u00f6ta de infallande norrm\u00e4nnen; men dessa avt\u00e5gade, s\u00e5 att d\u00e4r blev ingen drabbning. Sedan \u00e5terv\u00e4nde h\u00e4ren norrut till H\u00f6rnefors bruk, d\u00e4r ryssarna var, och d\u00e4r sk\u00e4rmytslingar f\u00f6rekom, men ej n\u00e5got stort slag.<\/p>\n<p>J\u00e4mte Hajden \u00e5terkom till Bergsj\u00f6 av lantv\u00e4rnet endast tv\u00e5, och av trettiosju soldater endast fem.<\/p>\n","protected":false},"excerpt":{"rendered":"<p>Bidrag till Finska krigets historia. En av de \u00e4nnu kvarlevande lantv\u00e4rnsm\u00e4nnen fr\u00e5n 1808 och 1809 \u00e5rs krig, Karl Hajden i Bergsj\u00f6 socken, Sverige, har vid sin ans\u00f6kning om erh\u00e5llande av gratifikation fogat f\u00f6ljande historik, som ing\u00e5r i tidningen Helsingen, som <a class=\"more-link\" href=\"https:\/\/www.lassebacklund.fi\/?page_id=8451\">Forts\u00e4tt l\u00e4sa <span class=\"screen-reader-text\">  Karl Hajden i Lappfj\u00e4rd.<\/span><span class=\"meta-nav\">&rarr;<\/span><\/a><\/p>\n","protected":false},"author":1,"featured_media":0,"parent":6292,"menu_order":10,"comment_status":"closed","ping_status":"closed","template":"","meta":{"footnotes":""},"class_list":["post-8451","page","type-page","status-publish","hentry"],"_links":{"self":[{"href":"https:\/\/www.lassebacklund.fi\/index.php?rest_route=\/wp\/v2\/pages\/8451","targetHints":{"allow":["GET"]}}],"collection":[{"href":"https:\/\/www.lassebacklund.fi\/index.php?rest_route=\/wp\/v2\/pages"}],"about":[{"href":"https:\/\/www.lassebacklund.fi\/index.php?rest_route=\/wp\/v2\/types\/page"}],"author":[{"embeddable":true,"href":"https:\/\/www.lassebacklund.fi\/index.php?rest_route=\/wp\/v2\/users\/1"}],"replies":[{"embeddable":true,"href":"https:\/\/www.lassebacklund.fi\/index.php?rest_route=%2Fwp%2Fv2%2Fcomments&post=8451"}],"version-history":[{"count":2,"href":"https:\/\/www.lassebacklund.fi\/index.php?rest_route=\/wp\/v2\/pages\/8451\/revisions"}],"predecessor-version":[{"id":8453,"href":"https:\/\/www.lassebacklund.fi\/index.php?rest_route=\/wp\/v2\/pages\/8451\/revisions\/8453"}],"up":[{"embeddable":true,"href":"https:\/\/www.lassebacklund.fi\/index.php?rest_route=\/wp\/v2\/pages\/6292"}],"wp:attachment":[{"href":"https:\/\/www.lassebacklund.fi\/index.php?rest_route=%2Fwp%2Fv2%2Fmedia&parent=8451"}],"curies":[{"name":"wp","href":"https:\/\/api.w.org\/{rel}","templated":true}]}}