{"id":8389,"date":"2018-05-02T18:09:16","date_gmt":"2018-05-02T16:09:16","guid":{"rendered":"http:\/\/www.lassebacklund.fi\/?page_id=8389"},"modified":"2024-04-25T10:20:37","modified_gmt":"2024-04-25T07:20:37","slug":"selims-foton-fran-1959","status":"publish","type":"page","link":"https:\/\/www.lassebacklund.fi\/?page_id=8389","title":{"rendered":"Selims foton fr\u00e5n 1959."},"content":{"rendered":"<p>H\u00e4r n\u00e5gra av folkskoll\u00e4raren Selim Bj\u00f6rses\u00b4 fotografier, som han tog \u00e5r 1959. Eric Stens har identifierat personerna och skrivit de flesta texter. Fotografierna \u00e4r fr\u00e5n Svenska Litteraturs\u00e4llskapets arkiv i Vasa.<\/p>\n<figure id=\"attachment_8385\" aria-describedby=\"caption-attachment-8385\" style=\"width: 1200px\" class=\"wp-caption aligncenter\"><img loading=\"lazy\" decoding=\"async\" class=\"size-full wp-image-8385\" src=\"http:\/\/www.lassebacklund.fi\/wp-content\/uploads\/2018\/05\/ota295_foto_0666.jpg\" alt=\"L\u00e4raren Alvar Hirsim\u00e4ki framf\u00f6r centralskolans uthus visar \u00e5t eleverna hur en motor fungerar. Fr\u00e5n v\u00e4nster Yngve Asp\u00e5s, Seppo Lehtim\u00e4ki, Fride Grahn, Rolf Rosenholm, ok\u00e4nd och till h\u00f6ger Stig Asp\u00e5s.\" width=\"1200\" height=\"811\" srcset=\"https:\/\/www.lassebacklund.fi\/wp-content\/uploads\/2018\/05\/ota295_foto_0666.jpg 1200w, https:\/\/www.lassebacklund.fi\/wp-content\/uploads\/2018\/05\/ota295_foto_0666-300x203.jpg 300w, https:\/\/www.lassebacklund.fi\/wp-content\/uploads\/2018\/05\/ota295_foto_0666-768x519.jpg 768w, https:\/\/www.lassebacklund.fi\/wp-content\/uploads\/2018\/05\/ota295_foto_0666-1024x692.jpg 1024w\" sizes=\"auto, (max-width: 1200px) 100vw, 1200px\" \/><figcaption id=\"caption-attachment-8385\" class=\"wp-caption-text\">L\u00e4raren Alvar Hirsim\u00e4ki framf\u00f6r centralskolans uthus visar \u00e5t eleverna hur en motor fungerar. Fr\u00e5n v\u00e4nster Yngve Asp\u00e5s, Seppo Lehtim\u00e4ki, Fride Grahn, Rolf Rosenholm, ok\u00e4nd och till h\u00f6ger Stig Asp\u00e5s.<\/figcaption><\/figure>\n<figure id=\"attachment_8376\" aria-describedby=\"caption-attachment-8376\" style=\"width: 956px\" class=\"wp-caption aligncenter\"><img loading=\"lazy\" decoding=\"async\" class=\"size-full wp-image-8376\" src=\"http:\/\/www.lassebacklund.fi\/wp-content\/uploads\/2018\/05\/1.jpg\" alt=\"En upplevelse att f\u00e5 \u00e5ka f\u00e4rja \u00f6ver till Replot \u00e5r 1959. Fr\u00e5n v\u00e4nster Torolf S\u00f6derlund, Kaj Rosenback nere, Marita Nissander d\u00e4r bak, Bengt Mangs och en ok\u00e4nd nere, i bakgrunden Bo G\u00f6ran Ingves, nere med m\u00f6ssan Stig Bj\u00f6rkn\u00e4s och bakom honom Berit Mangs. F\u00f6ljande \u00e4r Stig Brandt. Pojken i bakgrunden som tittar \u00e5t sidan \u00e4r Bo G\u00f6ran S\u00f6derg\u00e5rd och framf\u00f6r honom st\u00e5r af H\u00e4llstr\u00f6m och Bo S\u00f6derlund. F\u00f6ljande \u00e4r Marlene Granskog som st\u00e5r framf\u00f6r en ok\u00e4nd pojke. Bredvid Marlene st\u00e5r Berit Lillg\u00e4ls framf\u00f6r en ok\u00e4nd flicka. L\u00e4ngst till h\u00f6ger st\u00e5r Maj-Lis Lillmangs och Britta Bergkulla.\" width=\"956\" height=\"616\" srcset=\"https:\/\/www.lassebacklund.fi\/wp-content\/uploads\/2018\/05\/1.jpg 956w, https:\/\/www.lassebacklund.fi\/wp-content\/uploads\/2018\/05\/1-300x193.jpg 300w, https:\/\/www.lassebacklund.fi\/wp-content\/uploads\/2018\/05\/1-768x495.jpg 768w\" sizes=\"auto, (max-width: 956px) 100vw, 956px\" \/><figcaption id=\"caption-attachment-8376\" class=\"wp-caption-text\">En upplevelse att f\u00e5 \u00e5ka f\u00e4rja \u00f6ver till Replot \u00e5r 1959. Fr\u00e5n v\u00e4nster Torolf S\u00f6derlund, Kaj Rosenback nere, Marita Nissander d\u00e4r bak, Bengt Mangs och en ok\u00e4nd nere, i bakgrunden Bo G\u00f6ran Ingves, nere med m\u00f6ssan Stig Bj\u00f6rkn\u00e4s och bakom honom Berit Mangs. F\u00f6ljande \u00e4r Stig Brandt. Pojken i bakgrunden som tittar \u00e5t sidan \u00e4r Bo G\u00f6ran S\u00f6derg\u00e5rd och framf\u00f6r honom st\u00e5r af H\u00e4llstr\u00f6m och Bo S\u00f6derlund. F\u00f6ljande \u00e4r Marlene Granskog som st\u00e5r framf\u00f6r en ok\u00e4nd pojke. Bredvid Marlene st\u00e5r Berit Lillg\u00e4ls framf\u00f6r en ok\u00e4nd flicka. L\u00e4ngst till h\u00f6ger st\u00e5r Maj-Lis Lillmangs och Britta Bergkulla.<\/figcaption><\/figure>\n<figure id=\"attachment_8377\" aria-describedby=\"caption-attachment-8377\" style=\"width: 949px\" class=\"wp-caption aligncenter\"><img loading=\"lazy\" decoding=\"async\" class=\"size-full wp-image-8377\" src=\"http:\/\/www.lassebacklund.fi\/wp-content\/uploads\/2018\/05\/2.jpg\" alt=\"Eleverna p\u00e5 en brygga p\u00e5 Replot under skolutf\u00e4rden 1959. H\u00e4r st\u00e5r bland annat Bo G\u00f6ran S\u00f6derg\u00e5rd, Kurt Ekman, Stig Bj\u00f6rkn\u00e4s, Stig Brandt, Maj Lis Lillmangs och Kaj Rosenback.\" width=\"949\" height=\"619\" srcset=\"https:\/\/www.lassebacklund.fi\/wp-content\/uploads\/2018\/05\/2.jpg 949w, https:\/\/www.lassebacklund.fi\/wp-content\/uploads\/2018\/05\/2-300x196.jpg 300w, https:\/\/www.lassebacklund.fi\/wp-content\/uploads\/2018\/05\/2-768x501.jpg 768w\" sizes=\"auto, (max-width: 949px) 100vw, 949px\" \/><figcaption id=\"caption-attachment-8377\" class=\"wp-caption-text\">Eleverna p\u00e5 en brygga p\u00e5 Replot under skolutf\u00e4rden 1959. H\u00e4r st\u00e5r bland annat Bo G\u00f6ran S\u00f6derg\u00e5rd, Kurt Ekman, Stig Bj\u00f6rkn\u00e4s, Stig Brandt, Maj Lis Lillmangs och Kaj Rosenback.<\/figcaption><\/figure>\n<figure id=\"attachment_8378\" aria-describedby=\"caption-attachment-8378\" style=\"width: 1200px\" class=\"wp-caption aligncenter\"><img loading=\"lazy\" decoding=\"async\" class=\"size-full wp-image-8378\" src=\"http:\/\/www.lassebacklund.fi\/wp-content\/uploads\/2018\/05\/ota295_foto_0659.jpg\" alt=\"Klubbmedlemmarna p\u00e5 utf\u00e4rd till Svansj\u00f6n i Aulanko.\" width=\"1200\" height=\"808\" srcset=\"https:\/\/www.lassebacklund.fi\/wp-content\/uploads\/2018\/05\/ota295_foto_0659.jpg 1200w, https:\/\/www.lassebacklund.fi\/wp-content\/uploads\/2018\/05\/ota295_foto_0659-300x202.jpg 300w, https:\/\/www.lassebacklund.fi\/wp-content\/uploads\/2018\/05\/ota295_foto_0659-768x517.jpg 768w, https:\/\/www.lassebacklund.fi\/wp-content\/uploads\/2018\/05\/ota295_foto_0659-1024x689.jpg 1024w\" sizes=\"auto, (max-width: 1200px) 100vw, 1200px\" \/><figcaption id=\"caption-attachment-8378\" class=\"wp-caption-text\">Klubbmedlemmarna p\u00e5 utf\u00e4rd till Svansj\u00f6n i Aulanko.<\/figcaption><\/figure>\n<figure id=\"attachment_8379\" aria-describedby=\"caption-attachment-8379\" style=\"width: 1200px\" class=\"wp-caption aligncenter\"><img loading=\"lazy\" decoding=\"async\" class=\"size-full wp-image-8379\" src=\"http:\/\/www.lassebacklund.fi\/wp-content\/uploads\/2018\/05\/ota295_foto_0660.jpg\" alt=\"De h\u00e4r bj\u00f6rkarna som pojkarna planterar 1959 s\u00e5gades ned p\u00e5 h\u00f6sten 2017 i samband med att v\u00e4gen och cykelbanan byggdes. I bakgrunden Starckes h\u00e4bbre och l\u00e4ngst till h\u00f6ger Molanders g\u00e5rd.\" width=\"1200\" height=\"809\" srcset=\"https:\/\/www.lassebacklund.fi\/wp-content\/uploads\/2018\/05\/ota295_foto_0660.jpg 1200w, https:\/\/www.lassebacklund.fi\/wp-content\/uploads\/2018\/05\/ota295_foto_0660-300x202.jpg 300w, https:\/\/www.lassebacklund.fi\/wp-content\/uploads\/2018\/05\/ota295_foto_0660-768x518.jpg 768w, https:\/\/www.lassebacklund.fi\/wp-content\/uploads\/2018\/05\/ota295_foto_0660-1024x690.jpg 1024w\" sizes=\"auto, (max-width: 1200px) 100vw, 1200px\" \/><figcaption id=\"caption-attachment-8379\" class=\"wp-caption-text\">De h\u00e4r bj\u00f6rkarna som pojkarna planterar 1959 s\u00e5gades ned p\u00e5 h\u00f6sten 2017 i samband med att v\u00e4gen och cykelbanan byggdes. I bakgrunden Starckes h\u00e4bbre och l\u00e4ngst till h\u00f6ger Molanders g\u00e5rd.<\/figcaption><\/figure>\n<figure id=\"attachment_8380\" aria-describedby=\"caption-attachment-8380\" style=\"width: 1200px\" class=\"wp-caption aligncenter\"><img loading=\"lazy\" decoding=\"async\" class=\"size-full wp-image-8380\" src=\"http:\/\/www.lassebacklund.fi\/wp-content\/uploads\/2018\/05\/ota295_foto_0661.jpg\" alt=\"Pojkarna studerar ritningarna hur tr\u00e4dg\u00e5rden skall se ut och med krattor och spadar j\u00e4mnas marken ut f\u00f6r att bli gr\u00e4smatta.\" width=\"1200\" height=\"809\" srcset=\"https:\/\/www.lassebacklund.fi\/wp-content\/uploads\/2018\/05\/ota295_foto_0661.jpg 1200w, https:\/\/www.lassebacklund.fi\/wp-content\/uploads\/2018\/05\/ota295_foto_0661-300x202.jpg 300w, https:\/\/www.lassebacklund.fi\/wp-content\/uploads\/2018\/05\/ota295_foto_0661-768x518.jpg 768w, https:\/\/www.lassebacklund.fi\/wp-content\/uploads\/2018\/05\/ota295_foto_0661-1024x690.jpg 1024w\" sizes=\"auto, (max-width: 1200px) 100vw, 1200px\" \/><figcaption id=\"caption-attachment-8380\" class=\"wp-caption-text\">Pojkarna studerar ritningarna hur tr\u00e4dg\u00e5rden skall se ut och med krattor och spadar j\u00e4mnas marken ut f\u00f6r att bli gr\u00e4smatta.<\/figcaption><\/figure>\n<figure id=\"attachment_8381\" aria-describedby=\"caption-attachment-8381\" style=\"width: 1200px\" class=\"wp-caption aligncenter\"><img loading=\"lazy\" decoding=\"async\" class=\"size-full wp-image-8381\" src=\"http:\/\/www.lassebacklund.fi\/wp-content\/uploads\/2018\/05\/ota295_foto_0662.jpg\" alt=\"Kolla vilka rej\u00e4la arbetshandskar pojken till v\u00e4nster har, d\u00e5 de planterar bj\u00f6rkar p\u00e5 skolg\u00e5rden.\" width=\"1200\" height=\"809\" srcset=\"https:\/\/www.lassebacklund.fi\/wp-content\/uploads\/2018\/05\/ota295_foto_0662.jpg 1200w, https:\/\/www.lassebacklund.fi\/wp-content\/uploads\/2018\/05\/ota295_foto_0662-300x202.jpg 300w, https:\/\/www.lassebacklund.fi\/wp-content\/uploads\/2018\/05\/ota295_foto_0662-768x518.jpg 768w, https:\/\/www.lassebacklund.fi\/wp-content\/uploads\/2018\/05\/ota295_foto_0662-1024x690.jpg 1024w\" sizes=\"auto, (max-width: 1200px) 100vw, 1200px\" \/><figcaption id=\"caption-attachment-8381\" class=\"wp-caption-text\">Kolla vilka rej\u00e4la arbetshandskar pojken till v\u00e4nster har, d\u00e5 de planterar bj\u00f6rkar p\u00e5 skolg\u00e5rden.<\/figcaption><\/figure>\n<figure id=\"attachment_8382\" aria-describedby=\"caption-attachment-8382\" style=\"width: 1185px\" class=\"wp-caption aligncenter\"><img loading=\"lazy\" decoding=\"async\" class=\"size-full wp-image-8382\" src=\"http:\/\/www.lassebacklund.fi\/wp-content\/uploads\/2018\/05\/ota295_foto_0663.jpg\" alt=\"Eleverna h\u00e5ller p\u00e5 att plantera tr\u00e4d p\u00e5 Centralskolans g\u00e5rdsplan. I bakgrunden till v\u00e4nster Starckes ria och till h\u00f6ger af H\u00e4llstr\u00f6ms nya uthusrad, som senare f\u00f6rst\u00f6rdes i en brand.\" width=\"1185\" height=\"680\" srcset=\"https:\/\/www.lassebacklund.fi\/wp-content\/uploads\/2018\/05\/ota295_foto_0663.jpg 1185w, https:\/\/www.lassebacklund.fi\/wp-content\/uploads\/2018\/05\/ota295_foto_0663-300x172.jpg 300w, https:\/\/www.lassebacklund.fi\/wp-content\/uploads\/2018\/05\/ota295_foto_0663-768x441.jpg 768w, https:\/\/www.lassebacklund.fi\/wp-content\/uploads\/2018\/05\/ota295_foto_0663-1024x588.jpg 1024w\" sizes=\"auto, (max-width: 1185px) 100vw, 1185px\" \/><figcaption id=\"caption-attachment-8382\" class=\"wp-caption-text\">Eleverna h\u00e5ller p\u00e5 att plantera tr\u00e4d p\u00e5 Centralskolans g\u00e5rdsplan. I bakgrunden till v\u00e4nster Starckes ria och till h\u00f6ger af H\u00e4llstr\u00f6ms nya uthusrad, som senare f\u00f6rst\u00f6rdes i en brand.<\/figcaption><\/figure>\n<figure id=\"attachment_8383\" aria-describedby=\"caption-attachment-8383\" style=\"width: 1200px\" class=\"wp-caption aligncenter\"><img loading=\"lazy\" decoding=\"async\" class=\"size-full wp-image-8383\" src=\"http:\/\/www.lassebacklund.fi\/wp-content\/uploads\/2018\/05\/ota295_foto_0664.jpg\" alt=\"Alvar Hirsim\u00e4ki med skolans elever, som h\u00e5ller p\u00e5 att demontera en bil.\" width=\"1200\" height=\"814\" srcset=\"https:\/\/www.lassebacklund.fi\/wp-content\/uploads\/2018\/05\/ota295_foto_0664.jpg 1200w, https:\/\/www.lassebacklund.fi\/wp-content\/uploads\/2018\/05\/ota295_foto_0664-300x204.jpg 300w, https:\/\/www.lassebacklund.fi\/wp-content\/uploads\/2018\/05\/ota295_foto_0664-768x521.jpg 768w, https:\/\/www.lassebacklund.fi\/wp-content\/uploads\/2018\/05\/ota295_foto_0664-1024x695.jpg 1024w\" sizes=\"auto, (max-width: 1200px) 100vw, 1200px\" \/><figcaption id=\"caption-attachment-8383\" class=\"wp-caption-text\">Alvar Hirsim\u00e4ki med skolans elever, som h\u00e5ller p\u00e5 att demontera en bil.<\/figcaption><\/figure>\n<figure id=\"attachment_8384\" aria-describedby=\"caption-attachment-8384\" style=\"width: 1200px\" class=\"wp-caption aligncenter\"><img loading=\"lazy\" decoding=\"async\" class=\"size-full wp-image-8384\" src=\"http:\/\/www.lassebacklund.fi\/wp-content\/uploads\/2018\/05\/ota295_foto_0665.jpg\" alt=\"Eleverna p\u00e5 g\u00e5ng med att skrota en bil, fr\u00e5n v\u00e4nster Viking L\u00e5ngkvist, Arne Jokela, Ralf Ahlmark, Kaj Stens, ok\u00e4nd och Jan Gr\u00f6ndahl,\" width=\"1200\" height=\"813\" srcset=\"https:\/\/www.lassebacklund.fi\/wp-content\/uploads\/2018\/05\/ota295_foto_0665.jpg 1200w, https:\/\/www.lassebacklund.fi\/wp-content\/uploads\/2018\/05\/ota295_foto_0665-300x203.jpg 300w, https:\/\/www.lassebacklund.fi\/wp-content\/uploads\/2018\/05\/ota295_foto_0665-768x520.jpg 768w, https:\/\/www.lassebacklund.fi\/wp-content\/uploads\/2018\/05\/ota295_foto_0665-1024x694.jpg 1024w\" sizes=\"auto, (max-width: 1200px) 100vw, 1200px\" \/><figcaption id=\"caption-attachment-8384\" class=\"wp-caption-text\">Eleverna p\u00e5 g\u00e5ng med att skrota en bil, fr\u00e5n v\u00e4nster Viking L\u00e5ngkvist, Arne Jokela, Ralf Ahlmark, Kaj Stens, ok\u00e4nd och Jan Gr\u00f6ndahl,<\/figcaption><\/figure>\n<figure id=\"attachment_8386\" aria-describedby=\"caption-attachment-8386\" style=\"width: 1179px\" class=\"wp-caption aligncenter\"><img loading=\"lazy\" decoding=\"async\" class=\"size-full wp-image-8386\" src=\"http:\/\/www.lassebacklund.fi\/wp-content\/uploads\/2018\/05\/ota295_foto_0667.jpg\" alt=\"Skid\u00e5kare p\u00e5 rad.\" width=\"1179\" height=\"776\" srcset=\"https:\/\/www.lassebacklund.fi\/wp-content\/uploads\/2018\/05\/ota295_foto_0667.jpg 1179w, https:\/\/www.lassebacklund.fi\/wp-content\/uploads\/2018\/05\/ota295_foto_0667-300x197.jpg 300w, https:\/\/www.lassebacklund.fi\/wp-content\/uploads\/2018\/05\/ota295_foto_0667-768x505.jpg 768w, https:\/\/www.lassebacklund.fi\/wp-content\/uploads\/2018\/05\/ota295_foto_0667-1024x674.jpg 1024w\" sizes=\"auto, (max-width: 1179px) 100vw, 1179px\" \/><figcaption id=\"caption-attachment-8386\" class=\"wp-caption-text\">Skid\u00e5kare p\u00e5 rad.<\/figcaption><\/figure>\n<figure id=\"attachment_8387\" aria-describedby=\"caption-attachment-8387\" style=\"width: 1189px\" class=\"wp-caption aligncenter\"><img loading=\"lazy\" decoding=\"async\" class=\"size-full wp-image-8387\" src=\"http:\/\/www.lassebacklund.fi\/wp-content\/uploads\/2018\/05\/ota295_foto_0668.jpg\" alt=\"Gammal kvinna sitter p\u00e5 &quot;spisbre&quot; i sitt enkla hem.\" width=\"1189\" height=\"772\" srcset=\"https:\/\/www.lassebacklund.fi\/wp-content\/uploads\/2018\/05\/ota295_foto_0668.jpg 1189w, https:\/\/www.lassebacklund.fi\/wp-content\/uploads\/2018\/05\/ota295_foto_0668-300x195.jpg 300w, https:\/\/www.lassebacklund.fi\/wp-content\/uploads\/2018\/05\/ota295_foto_0668-768x499.jpg 768w, https:\/\/www.lassebacklund.fi\/wp-content\/uploads\/2018\/05\/ota295_foto_0668-1024x665.jpg 1024w\" sizes=\"auto, (max-width: 1189px) 100vw, 1189px\" \/><figcaption id=\"caption-attachment-8387\" class=\"wp-caption-text\">Gammal kvinna sitter p\u00e5 &#8221;spisbre&#8221; i sitt enkla hem.<\/figcaption><\/figure>\n<figure id=\"attachment_8388\" aria-describedby=\"caption-attachment-8388\" style=\"width: 800px\" class=\"wp-caption aligncenter\"><img loading=\"lazy\" decoding=\"async\" class=\"size-full wp-image-8388\" src=\"http:\/\/www.lassebacklund.fi\/wp-content\/uploads\/2018\/05\/ota295_foto_0669.jpg\" alt=\"\u00c4ppeltr\u00e4den st\u00e5r i blom framf\u00f6r v\u00e4lk\u00e4nd byggnad.\" width=\"800\" height=\"1074\" srcset=\"https:\/\/www.lassebacklund.fi\/wp-content\/uploads\/2018\/05\/ota295_foto_0669.jpg 800w, https:\/\/www.lassebacklund.fi\/wp-content\/uploads\/2018\/05\/ota295_foto_0669-223x300.jpg 223w, https:\/\/www.lassebacklund.fi\/wp-content\/uploads\/2018\/05\/ota295_foto_0669-768x1031.jpg 768w, https:\/\/www.lassebacklund.fi\/wp-content\/uploads\/2018\/05\/ota295_foto_0669-763x1024.jpg 763w\" sizes=\"auto, (max-width: 800px) 100vw, 800px\" \/><figcaption id=\"caption-attachment-8388\" class=\"wp-caption-text\">\u00c4ppeltr\u00e4den st\u00e5r i blom framf\u00f6r v\u00e4lk\u00e4nd byggnad.<\/figcaption><\/figure>\n<p>Mera foton av Selim Bj\u00f6rses hittar du genom att klicka<a href=\"https:\/\/www.lassebacklund.fi\/?page_id=9585\"><span style=\"color: #000080;\"><strong> H\u00c4R!<\/strong><\/span><\/a><\/p>\n","protected":false},"excerpt":{"rendered":"<p>H\u00e4r n\u00e5gra av folkskoll\u00e4raren Selim Bj\u00f6rses\u00b4 fotografier, som han tog \u00e5r 1959. Eric Stens har identifierat personerna och skrivit de flesta texter. Fotografierna \u00e4r fr\u00e5n Svenska Litteraturs\u00e4llskapets arkiv i Vasa. Mera foton av Selim Bj\u00f6rses hittar du genom att klicka <a class=\"more-link\" href=\"https:\/\/www.lassebacklund.fi\/?page_id=8389\">Forts\u00e4tt l\u00e4sa <span class=\"screen-reader-text\">  Selims foton fr\u00e5n 1959.<\/span><span class=\"meta-nav\">&rarr;<\/span><\/a><\/p>\n","protected":false},"author":1,"featured_media":0,"parent":4555,"menu_order":1959,"comment_status":"closed","ping_status":"closed","template":"","meta":{"footnotes":""},"class_list":["post-8389","page","type-page","status-publish","hentry"],"_links":{"self":[{"href":"https:\/\/www.lassebacklund.fi\/index.php?rest_route=\/wp\/v2\/pages\/8389","targetHints":{"allow":["GET"]}}],"collection":[{"href":"https:\/\/www.lassebacklund.fi\/index.php?rest_route=\/wp\/v2\/pages"}],"about":[{"href":"https:\/\/www.lassebacklund.fi\/index.php?rest_route=\/wp\/v2\/types\/page"}],"author":[{"embeddable":true,"href":"https:\/\/www.lassebacklund.fi\/index.php?rest_route=\/wp\/v2\/users\/1"}],"replies":[{"embeddable":true,"href":"https:\/\/www.lassebacklund.fi\/index.php?rest_route=%2Fwp%2Fv2%2Fcomments&post=8389"}],"version-history":[{"count":2,"href":"https:\/\/www.lassebacklund.fi\/index.php?rest_route=\/wp\/v2\/pages\/8389\/revisions"}],"predecessor-version":[{"id":22780,"href":"https:\/\/www.lassebacklund.fi\/index.php?rest_route=\/wp\/v2\/pages\/8389\/revisions\/22780"}],"up":[{"embeddable":true,"href":"https:\/\/www.lassebacklund.fi\/index.php?rest_route=\/wp\/v2\/pages\/4555"}],"wp:attachment":[{"href":"https:\/\/www.lassebacklund.fi\/index.php?rest_route=%2Fwp%2Fv2%2Fmedia&parent=8389"}],"curies":[{"name":"wp","href":"https:\/\/api.w.org\/{rel}","templated":true}]}}