{"id":8230,"date":"2018-04-06T23:00:14","date_gmt":"2018-04-06T21:00:14","guid":{"rendered":"http:\/\/www.lassebacklund.fi\/?page_id=8230"},"modified":"2018-04-06T23:00:14","modified_gmt":"2018-04-06T21:00:14","slug":"brev-fran-folkhogskolan","status":"publish","type":"page","link":"https:\/\/www.lassebacklund.fi\/?page_id=8230","title":{"rendered":"Brev fr\u00e5n Folkh\u00f6gskolan."},"content":{"rendered":"<p><span style=\"color: #000080;\">Artikel i \u201dUngdomsv\u00e4nnen\u201d 1.1.1927.<\/span><\/p>\n<p>Hur ljuvliga \u00e4ro icke dina boningar, Herre Sebaot! Ps. 84: 2. Vi kunna ej annat \u00e4n utbrista i psalmistens ord att Herrens g\u00e5rdar \u00e4ro ljuvliga. V\u00e5r skola har nog blivit en k\u00e4r boning f\u00f6r oss alla, d\u00e4r vi dagligen f\u00e5r \u00f6sa ur Guds rika f\u00f6rr\u00e5dshus. Huru gott \u00e4r det inte att f\u00f6r varje dag f\u00e5 dricka ur livsk\u00e4llan Kristus. Det \u00e4r sk\u00f6nt att i ungdoms\u00e5ren tro sina synders f\u00f6rl\u00e5telse i Jesu blod. Hur gott \u00e4r det inte att f\u00e5 vistas tillsammans med troende ungdomar, d\u00e4r Jesus har f\u00f6rsta platsen. Vi veta alla, att under ungdomstiden h\u00e4grar allt s\u00e5 sk\u00f6nt h\u00e4r i v\u00e4rlden. Frestelserna komma p\u00e5 m\u00e5ngahanda s\u00e4tt, som vill bringa oss i f\u00f6rd\u00e4rv. Visst \u00e4r det sk\u00f6nt att f\u00e5 h\u00f6ra Jesus till, Han som hj\u00e4lper oss att motst\u00e5 frestelserna. I egen kraft f\u00f6rm\u00e5 vi ingenting, men Guds kraft \u00e4r m\u00e4ktig i de svaga.<\/p>\n<p>Vi f\u00e5r hj\u00e4rtligt tacka evangeliv\u00e4nner, som ih\u00e5gkommit oss med edra g\u00e5vor, garantilistor och f\u00f6rb\u00f6ner. Vi hoppas att \u00e4ven i framtiden bliva ih\u00e5gkomna. H\u00e4r g\u00e5r arbetet med liv och lust. Klockan 8 p\u00e5 morgonen b\u00f6rjar lektionen och fortg\u00e5r till halv 6 p\u00e5 kv\u00e4llen. Mellan lektionerna ljuder \u00bbSionsharpans\u00bb s\u00e5nger. Samkv\u00e4m har vi p\u00e5 l\u00f6rdags och s\u00f6ndagskv\u00e4llarna. D\u00e4r f\u00f6rekommer tal, k\u00f6rs\u00e5ng, str\u00e4ngmusik, ber\u00e4ttelse och deklamation. De elever som inte bes\u00f6ker kyrkan, samlas om s\u00f6ndagarna p\u00e5 skolan kl. 10 f. m. D\u00e4r har vi en stunds betraktelse \u00f6ver dagens text. S\u00f6ndagsskolan har vi kl. 2 varje s\u00f6ndag. Eleverna h\u00e5ller i tur och ordning skola.<\/p>\n<p>F\u00f6rsta s\u00f6ndagen som vi var h\u00e4r, hade vi utf\u00e4rd till Lappfj\u00e4rds kyrka. S\u00e5 har vi haft en utf\u00e4rd till Korsb\u00e4ck, d\u00e4r l\u00e4rare V. Byman har sin skola. Vi blev hj\u00e4rtligt mottagna av l\u00e4rare Byman och hans hush\u00e5llerska. Kaffe fick vi f\u00f6rst\u00e5s ocks\u00e5. P\u00e5 kv\u00e4llen n\u00e4r vi t\u00e5gade tillbaka, var det s\u00e5 h\u00e4rligt m\u00e5nsken. Den ena s\u00e5ngen avl\u00f6ste den andra under v\u00e4gen. Som ni h\u00f6r, har vi trevligt h\u00e4r. Vi skatta oss lyckliga, som har f\u00e5tt komma hit. Det har sett s\u00e5 m\u00f6rkt ut f\u00f6r v\u00e5ra \u00f6gon, med det \u00e4r nog en verklighet nu, att den Ev. Folkh\u00f6gskolan begynt sin verksamhet. Det \u00e4r allt Guds n\u00e5d och barmh\u00e4rtighet, att Vi f\u00e5tt komma hit. Ett gott nytt \u00e5r \u00f6nskas alla evangeli v\u00e4nner av<\/p>\n<p>Eleverna Edit Skytte, Ester Anderson, Maria Klemets, Jenny Kankaanp\u00e4\u00e4, Henny Djupsj\u00f6backa, Arvid H\u00e4rtus och Arne Sandberg.<\/p>\n","protected":false},"excerpt":{"rendered":"<p>Artikel i \u201dUngdomsv\u00e4nnen\u201d 1.1.1927. Hur ljuvliga \u00e4ro icke dina boningar, Herre Sebaot! Ps. 84: 2. Vi kunna ej annat \u00e4n utbrista i psalmistens ord att Herrens g\u00e5rdar \u00e4ro ljuvliga. V\u00e5r skola har nog blivit en k\u00e4r boning f\u00f6r oss alla, <a class=\"more-link\" href=\"https:\/\/www.lassebacklund.fi\/?page_id=8230\">Forts\u00e4tt l\u00e4sa <span class=\"screen-reader-text\">  Brev fr\u00e5n Folkh\u00f6gskolan.<\/span><span class=\"meta-nav\">&rarr;<\/span><\/a><\/p>\n","protected":false},"author":1,"featured_media":0,"parent":8088,"menu_order":0,"comment_status":"closed","ping_status":"closed","template":"","meta":{"footnotes":""},"class_list":["post-8230","page","type-page","status-publish","hentry"],"_links":{"self":[{"href":"https:\/\/www.lassebacklund.fi\/index.php?rest_route=\/wp\/v2\/pages\/8230","targetHints":{"allow":["GET"]}}],"collection":[{"href":"https:\/\/www.lassebacklund.fi\/index.php?rest_route=\/wp\/v2\/pages"}],"about":[{"href":"https:\/\/www.lassebacklund.fi\/index.php?rest_route=\/wp\/v2\/types\/page"}],"author":[{"embeddable":true,"href":"https:\/\/www.lassebacklund.fi\/index.php?rest_route=\/wp\/v2\/users\/1"}],"replies":[{"embeddable":true,"href":"https:\/\/www.lassebacklund.fi\/index.php?rest_route=%2Fwp%2Fv2%2Fcomments&post=8230"}],"version-history":[{"count":1,"href":"https:\/\/www.lassebacklund.fi\/index.php?rest_route=\/wp\/v2\/pages\/8230\/revisions"}],"predecessor-version":[{"id":8231,"href":"https:\/\/www.lassebacklund.fi\/index.php?rest_route=\/wp\/v2\/pages\/8230\/revisions\/8231"}],"up":[{"embeddable":true,"href":"https:\/\/www.lassebacklund.fi\/index.php?rest_route=\/wp\/v2\/pages\/8088"}],"wp:attachment":[{"href":"https:\/\/www.lassebacklund.fi\/index.php?rest_route=%2Fwp%2Fv2%2Fmedia&parent=8230"}],"curies":[{"name":"wp","href":"https:\/\/api.w.org\/{rel}","templated":true}]}}