{"id":8226,"date":"2018-04-06T16:45:12","date_gmt":"2018-04-06T14:45:12","guid":{"rendered":"http:\/\/www.lassebacklund.fi\/?page_id=8226"},"modified":"2018-04-06T16:48:42","modified_gmt":"2018-04-06T14:48:42","slug":"folkhogskolans-invigning","status":"publish","type":"page","link":"https:\/\/www.lassebacklund.fi\/?page_id=8226","title":{"rendered":"Folkh\u00f6gskolans invigning."},"content":{"rendered":"<p><span style=\"color: #000080;\">Artikel i tidskriften \u201dUngdomsv\u00e4nnen\u201d 1.12.1926:<\/span><\/p>\n<p>Ev. folkh\u00f6gskolan har begynt sin verksamhet. \u00c4r det inte som ett under f\u00f6r v\u00e5ra \u00f6gon, ett svar p\u00e5 m\u00e5nga b\u00f6ner, en illustration till spr\u00e5ket: \u00bbF\u00f6r Gud \u00e4r ingenting om\u00f6jligt.\u00bb M\u00e5ngen tyckte v\u00e4l den av kyrkoh. Im. B\u00e4ck sommaren 1921 i Vasa framkastade planen, en Ev. folkh\u00f6gskola, vara v\u00e5gad, men det l\u00f6nar sig att lita p\u00e5 Herren och i hans kraft k\u00e4mpa f\u00f6r m\u00e5let. Vi m\u00e5ste erk\u00e4nna, att vi med v\u00e5ra tvivel kommit p\u00e5 skam. Skolan \u00e4r en verklighet, som i Herrens kraft skall bli till rik v\u00e4lsignelse f\u00f6r de unga.<\/p>\n<p>Det var en m\u00e4ktigt gripande stund, d\u00e5 ps. \u00bbHerren v\u00e5r Gud \u00e4r en konung i makt och i \u00e4ra\u00bb s\u00e5som inledning till invigningsh\u00f6gtidligheten tonade i det fullsatta, vackert renoverade b\u00f6nehuset i Dagsmark, vilket gett Ev. folkh\u00f6gsskolan dess f\u00f6rsta, k\u00e4ra hem. Det var i Herrens kraft, vi kunnat samlas s\u00e5som nu till invigning av ett f\u00f6retag, som tett sig sv\u00e5rl\u00f6st, om\u00f6jligt, och av fiendehopen betecknats som on\u00f6digt, ja rent av skadligt. Och det k\u00e4ndes gott, att \u00e4ven f\u00f6r framtiden f\u00e5 r\u00e4kna med Herrens kraft, n\u00e5d och trofasthet. Att folkh\u00f6gskolan har v\u00e4nner f\u00f6rm\u00e4rktes denna stund. En str\u00e5lande blick, ett t\u00e5rfyllt \u00f6ga, ord av gl\u00e4dje och tacksamhet, allt gav tillk\u00e4nna med vilken fr\u00f6jd man stod inf\u00f6r uppfyllelsen av en k\u00e4r \u00f6nskan \u2014 en dr\u00f6m, som blivit verklighet. Nu skulle de unga f\u00e5 ett hem, d\u00e4r nyttiga kunskaper f\u00f6r livet meddelades, och d\u00e4r framf\u00f6r allt ljusets k\u00e4lla Kristus, icke bortskymdes. O, skulle man ej fr\u00f6jdas och av hj\u00e4rtat utbrista.<\/p>\n<p>\u00bbNu tacken Gud allt folk med hj\u00e4rtats fr\u00f6jd och gamman.\u00bb<\/p>\n<p>Efter den liturgiska gudstj\u00e4nsten h\u00f6lls inledningstalet av kyrkoh. Im. B\u00e4ck \u00f6ver \u00e4mnet: \u00bbEvangelium en Guds kraft\u00bb i anslutning till Rom. 1: 16. Intet annat \u00e4n evangelium om den korsf\u00e4ste Kristus kan ge ungdomen, vad den beh\u00f6ver av sann livskraft och livsmod, karakt\u00e4rsstyrka och arbetsgl\u00e4dje. Kristi evangelium fostrar dugliga medborgare f\u00f6r detta livet som f\u00f6r det eviga. All kunskap d\u00e4remot, som fj\u00e4rmar m\u00e4nniskan fr\u00e5n Kristus, kan ej i sann mening gagna henne. Ett ref. av det inneh\u00e5llsrika talet torde ing\u00e5 i n\u00e4sta nummer. M\u00e4ktigt lj\u00f6d efter talet Luthers h\u00e4rliga ps.: \u00bbV\u00e5r Gud \u00e4r oss en v\u00e4ldig borg.\u00bb S\u00e5som inledning till det f\u00f6ljande talet av skolans f\u00f6rest\u00e5ndare, l\u00e4r. J. E. Sj\u00f6blad, sj\u00f6ngs s\u00e5ngen 234 ur S. H. Han uppmanade de n\u00e4rvarande att tacka Herren, som \u00e4n g\u00f6r under. I det han h\u00e4lsade g\u00e4ster, v\u00e4nner, styrelsemedlemmar, l\u00e4rare och elever v\u00e4lkomna, uppmanade han alla att i f\u00f6rb\u00f6n st\u00f6da skolan i dess arbete. Skolans morgontimma h\u00e4r ej varit ljus. Nya sv\u00e5righeter skall komma, men vi f\u00e5r i glad tillf\u00f6rsikt g\u00e5 fram\u00e5t vissa om, att i Herrens kraft striden g\u00e5r till seger. Till eleverna riktade f\u00f6rest\u00e5ndaren bl. a. f\u00f6ljande ord: \u00bbElever, Er \u00f6nskan har g\u00e5tt i fullbordan, ni har f\u00e5tt en skola, i vilken I f\u00e5r l\u00e4ra er nyttiga kunskaper, en skola, till vilken ni f\u00e5 taga er b\u00e4sta v\u00e4n Jesus. \u2014<\/p>\n<p>Det \u00e4r f\u00f6r eder skull vi inbjuda honom, som den f\u00f6rn\u00e4msta och b\u00e4sta l\u00e4raren. Gud \u00e4r k\u00e4rleken. Han kommer till oss med sin n\u00e5d var dag. M\u00e5 hans n\u00e5d och k\u00e4rlek f\u00e5 dana v\u00e5ra viljor, fostra karakt\u00e4ren. D\u00e5 f\u00f6rst skall det bli sunda, helgjutna, plikttrogna personligheter.\u00bb<\/p>\n<p>D\u00e4refter sj\u00f6ng frk. Daga Kellberg varmt och innerligt: \u00bbHur ljuvt det \u00e4r att komma till Herrens helgedom\u00bb, ackompanjerad av kkh. Im. B\u00e4ck. F\u00f6rest\u00e5ndaren J. E. Sj\u00f6blad redogjorde f\u00f6r skolplanens uppkomst och utveckling. F\u00f6rst betonade han som skolans f\u00f6rn\u00e4msta uppgift att ej blygas f\u00f6r den korsf\u00e4ste Kristus. S\u00e5som redan i inledningstalet framh\u00f6lls, \u00e4r den nutida bildningen s\u00e5dan, att den ej kan tillfredsst\u00e4lla sj\u00e4lens djupaste krav eller i sann mening uppfostra. Genom att ge rum \u00e5t den korsf\u00e4ste Kristus, vilja vi r\u00e4cka ut den hj\u00e4lpande handen, ehuru vi k\u00e4nna v\u00e5r svaghet, v\u00e5r brist och of\u00f6rm\u00e5ga. \u2014 Historiken \u00f6ver skolf\u00f6retagets uppkomst och utveckling inneh\u00f6ll flera intressanta moment, v\u00e4rda att delges en st\u00f6rre allm\u00e4nhet. Sedan de n\u00e4rvarande eleverna uppkallats, l\u00e4ste undertecknad en f\u00f6r tillf\u00e4llet avfattad dikt. D\u00e4rp\u00e5 framtr\u00e4dde bankdirekt\u00f6r J. Hall var fr\u00e5n Vasa, upp manade de n\u00e4rvarande, att troget fylka sig kring sin skola, d\u00e5 den nu, \u00e5tminstone f\u00f6r detta \u00e5r, blivit f\u00f6rlagd till Dagsmark. Fr\u00e5n skilda orter och f\u00f6reningar framf\u00f6rdes h\u00e4lsnings och v\u00e4lg\u00e5ngs\u00f6nskningar bl. a. fr\u00e5n en kristlig folkh\u00f6gskola i Sverige. \u2014 Vi k\u00e4nde det, att vi h\u00e4r f\u00f6renats kring en stor uppgift, en uppgift, som icke h\u00e4nf\u00f6rde sig blott till den n\u00e4rvarande tiden, utan till framtiden. Vi k\u00e4nde betydelsen av denna stund, men vi kunde vara glada att f\u00e5 g\u00e5 till v\u00e5r stora uppgift, ej i egen kraft, men i f\u00f6rlitan p\u00e5 Herrens trofasta n\u00e5d, i Jesu v\u00e4lsignade namn. T. J \u2014 n.<\/p>\n","protected":false},"excerpt":{"rendered":"<p>Artikel i tidskriften \u201dUngdomsv\u00e4nnen\u201d 1.12.1926: Ev. folkh\u00f6gskolan har begynt sin verksamhet. \u00c4r det inte som ett under f\u00f6r v\u00e5ra \u00f6gon, ett svar p\u00e5 m\u00e5nga b\u00f6ner, en illustration till spr\u00e5ket: \u00bbF\u00f6r Gud \u00e4r ingenting om\u00f6jligt.\u00bb M\u00e5ngen tyckte v\u00e4l den av kyrkoh. <a class=\"more-link\" href=\"https:\/\/www.lassebacklund.fi\/?page_id=8226\">Forts\u00e4tt l\u00e4sa <span class=\"screen-reader-text\">  Folkh\u00f6gskolans invigning.<\/span><span class=\"meta-nav\">&rarr;<\/span><\/a><\/p>\n","protected":false},"author":1,"featured_media":0,"parent":8088,"menu_order":0,"comment_status":"closed","ping_status":"closed","template":"","meta":{"footnotes":""},"class_list":["post-8226","page","type-page","status-publish","hentry"],"_links":{"self":[{"href":"https:\/\/www.lassebacklund.fi\/index.php?rest_route=\/wp\/v2\/pages\/8226","targetHints":{"allow":["GET"]}}],"collection":[{"href":"https:\/\/www.lassebacklund.fi\/index.php?rest_route=\/wp\/v2\/pages"}],"about":[{"href":"https:\/\/www.lassebacklund.fi\/index.php?rest_route=\/wp\/v2\/types\/page"}],"author":[{"embeddable":true,"href":"https:\/\/www.lassebacklund.fi\/index.php?rest_route=\/wp\/v2\/users\/1"}],"replies":[{"embeddable":true,"href":"https:\/\/www.lassebacklund.fi\/index.php?rest_route=%2Fwp%2Fv2%2Fcomments&post=8226"}],"version-history":[{"count":2,"href":"https:\/\/www.lassebacklund.fi\/index.php?rest_route=\/wp\/v2\/pages\/8226\/revisions"}],"predecessor-version":[{"id":8229,"href":"https:\/\/www.lassebacklund.fi\/index.php?rest_route=\/wp\/v2\/pages\/8226\/revisions\/8229"}],"up":[{"embeddable":true,"href":"https:\/\/www.lassebacklund.fi\/index.php?rest_route=\/wp\/v2\/pages\/8088"}],"wp:attachment":[{"href":"https:\/\/www.lassebacklund.fi\/index.php?rest_route=%2Fwp%2Fv2%2Fmedia&parent=8226"}],"curies":[{"name":"wp","href":"https:\/\/api.w.org\/{rel}","templated":true}]}}