{"id":8222,"date":"2018-04-06T08:41:13","date_gmt":"2018-04-06T06:41:13","guid":{"rendered":"http:\/\/www.lassebacklund.fi\/?page_id=8222"},"modified":"2020-06-26T08:43:52","modified_gmt":"2020-06-26T05:43:52","slug":"folkskolan-50-ar-1928","status":"publish","type":"page","link":"https:\/\/www.lassebacklund.fi\/?page_id=8222","title":{"rendered":"Folkskolan 50 \u00e5r, 1928."},"content":{"rendered":"<p><span style=\"color: #000080;\">Artikel i Syd-\u00d6sterbotten 6.10.1928:<\/span><\/p>\n<p>Senaste m\u00e5ndag hade folkskolan i Dagsmark existerat ett halvt sekel. Dagen h\u00f6gtidligh\u00f6lls p\u00e5 \u00f6vligt s\u00e4tt. Klockan 1 p\u00e5 dagen surrade den ena bilen efter den andra genom den vackra, flaggbeprydda \u00e4reporten in p\u00e5 skolg\u00e5rden, medf\u00f6rande inbjudna g\u00e4ster fr\u00e5n socken och stad. Och den ena forna eleven efter den andra b\u00e4nkade sig i skolans, av nuvarande och forna elever, vackert smyckade l\u00e4rosal. H\u00f6stsolen lyste p\u00e5 de gr\u00f6ngula \u201dl\u00f6ven&#8221; och f\u00f6rsatte de n\u00e4rvarande i and\u00e4ktig festst\u00e4mning.<\/p>\n<p>Sedan tre verser av psalmen 309 f\u00f6rklingat, h\u00f6lls b\u00f6n av pastor A. Palmgren, som tackade Gud, f\u00f6r att han h\u00e5llit sin v\u00e4lsignande hand \u00f6ver den jubilerande skolan. Betr\u00e4ddes s\u00e5 katedern av skolans f\u00f6rest\u00e5ndare J. E. Sj\u00f6blad, vilken i ett l\u00e4ngre tal framh\u00f6ll \u201dkunnandets&#8221; stora betydelse, samt vikten av skapandet av helgjutna personligheter, vilket vinnes genom att st\u00e5 i livsgemenskap med Honom, som s\u00e4ger: \u201dJag \u00e4r livet, ljuset och k\u00e4rleken&#8221;. Talaren h\u00e4lsade s\u00e5 de n\u00e4rvarande v\u00e4lkomna, s\u00e4rskilt de l\u00e4rare, som under g\u00e5ngna \u00e5r varit anst\u00e4llda vid skolan. Som v\u00e4lkomsth\u00e4lsning fr\u00e5n distriktet \u00f6verrr\u00e4cktes blommor \u00e5t skolans v\u00f6rdade hedersg\u00e4st J. J. Wadstr\u00f6m, fru Wadstr\u00f6m, fr\u00f6ken Elin Andersson samt kyrkoherdskan \u00d6sterman, genom fr\u00f6ken Daga Kjellberg.<\/p>\n<p>F\u00f6ljde s\u00e5 Modersm\u00e5lets s\u00e5ng, som klingade starkt och m\u00e4ktigt. D\u00e4refter \u00e5h\u00f6rdes med sp\u00e4nt intresse historiken \u00f6ver skolans uppkomst och verksamhet under de f\u00f6rflutna 50 \u00e5ren, v\u00e4lutarbetad av J. J Wadstr\u00f6m. P\u00e5 programmet f\u00f6ljde sedan kaffepaus. D\u00f6rrarna slogos upp till skolans andra l\u00e4rosal, \u00e4ven den vackert smyckad, och d\u00e4r ett v\u00e4lutrustat kaffebord f\u00e4gnade \u00f6gat och gommen. Sedan alla forna elever h\u00e4lsat p\u00e5 sina forna l\u00e4rare, och sedan alla f\u00f6rpl\u00e4gats samlades man \u00e5ter i festsalen. S\u00e5ngen \u201dSlumrande toner&#8221; avsj\u00f6ngs varefter ordet l\u00e4mnades fritt \u00e5t de n\u00e4rvarande. Framsteg d\u00e5 f\u00f6rst l\u00e4rar Henrik Rosenback, vilken uppl\u00e4ste en skriftlig h\u00e4lsning fr\u00e5n l\u00e4rare V. Byman till den jubilerande skolan och dess \u00e5lderspresident J. J. Wadstr\u00f6m, samt de nuvarande l\u00e4rarna. D\u00e4refter uppl\u00e4ste fr\u00f6ken Elin Andersson n\u00e5gra av henne sj\u00e4lv f\u00f6rfattade verser om l\u00e4rarkallets vederm\u00f6dor och gl\u00e4dje\u00e4mnen. Hon hoppades, att alla de som f\u00e5tt uppfostrarkallet p\u00e5 sin lott<\/p>\n<h6>\u201dm\u00e5 vist och skickligt, k\u00e4rleksfullt f\u00f6rs\u00f6ka<\/h6>\n<h6>bibringa barnen kunskaper och vett,<\/h6>\n<h6>att goda dygder m\u00e5 hos dem sig \u00f6ka.<\/h6>\n<h6>Men f\u00f6r att detta verkligt lyckas m\u00e5<\/h6>\n<h6>och ej en f\u00e5f\u00e4ng \u00f6nskan blott f\u00f6rbliva,<\/h6>\n<h6>s\u00e5 fordras det, att hemmen icke f\u00e5<\/h6>\n<h6>vad skolan byggt i of\u00f6rst\u00e5nd nedriva.<\/h6>\n<h6>F\u00f6rst n\u00e4r i hem och skola givas samma bud<\/h6>\n<h6>och samma maning mot allt ont vi finna<\/h6>\n<h6>f\u00f6rst d\u00e5 vi kunna, om s\u00e5 vill v\u00e5r Gud<\/h6>\n<h6>p\u00e5 skolans f\u00e4lt de dr\u00f6mda, rika sk\u00f6rdar vinna\u201d<\/h6>\n<h6><\/h6>\n<h6><\/h6>\n<h6>L\u00e4raren H. Rosenback ber\u00e4ttade humoristiskt n\u00e5gra minnen fr\u00e5n sin skoltid och riktade tacksamhetens ord till sin gamle l\u00e4rare J. J. Wadstr\u00f6m, samt till\u00f6nskade skolan en l\u00e5ng och ljus framtid. P\u00e5 samma g\u00e5ng framf\u00f6rde han p\u00e5 kommunens l\u00e4rark\u00e5rs v\u00e4gnar en h\u00e4lsning till den jubilerande skolan och dess l\u00e4rare.<\/h6>\n<p>P\u00e5 distriktets och dagsmarksbors v\u00e4gnar riktade sig herr Viktor Nylund till de l\u00e4rare, som under de g\u00e5ngna femtio \u00e5ren arbetat vid Dagsmark folkskola. F\u00f6rst omn\u00e4mnde talaren skolans allra \u00e4ldsta l\u00e4rare Samuel Manner och v\u00e4nde sig sedan till l\u00e4rare Wadstr\u00f6m och hans fru, tackande dem f\u00f6r allt vad de gjort f\u00f6r Dagsmark skola och Dagsmark by. Talaren p\u00e5pekade hurusom det ej var endast inom skolans v\u00e4ggar, som l\u00e4rare Wadstr\u00f6m s\u00e5tt ut sin s\u00e4d, utan hur allt \u00e4ven utom skolans v\u00e4ggar, tr\u00e4dg\u00e5rd och park, vittnar om honom. Dessutom tackade talaren s\u00e4rskilt fru Wadstr\u00f6m f\u00f6r all den k\u00e4rlek och v\u00e5rd hon \u00e4gnat blommor, buskar och tr\u00e4d i den vackra tr\u00e4dg\u00e5rden. Talaren framh\u00f6ll vidare av vilken stor vikt planteringen kring skolan var, i det att t. ex. jordgubbsodlingen begynte bedrivas och att tr\u00e4dg\u00e5rdar v\u00e4xte upp kring den ena g\u00e5rden efter den andra.<\/p>\n<p>Talaren uttalade \u00e4ven tack till skolans forna l\u00e4rarinna fr\u00f6ken Tilda Ahlskog f\u00f6r det arbete hon nedlagt vid Dagsmark skola och i den av henne anlagda tr\u00e4dg\u00e5rden. Till slut uttalade Nylund ett tack till alla de l\u00e4rare, som kortare tid och som nu arbetar vid skolan och till\u00f6nskade skolan en v\u00e4lsignelsebringande framtid.<\/p>\n<p>Telegram hade s\u00e4nts till den jubilerande skolan fr\u00e5n f\u00f6ljande personer: Tilda Ahlskog, Aina Wadstr\u00f6m, Gunnar Wadstr\u00f6m, Selma och Erik B\u00e5sk samt Gertrud och Selim Klockars.<\/p>\n<p>Sedan telegrammen uppl\u00e4sts f\u00f6ljde s\u00e5ngen \u201dJag \u00e4lskar min hembygd&#8221;, varefter pastor Palmgren p\u00e5 ett gripande s\u00e4tt talade om det arbete, som under det f\u00f6rflutna halvseklet utf\u00f6rts och manade arbetarna p\u00e5 bildningsf\u00e4ltet till fortsatt arbete i k\u00e4rlek och t\u00e5lamod Sist nedkallade pastorn Guds v\u00e4lsignelse \u00f6ver skolan, dess l\u00e4rare och elever, l\u00e4mnande dem i den h\u00f6gstes beskydd. D\u00e4refter sj\u00f6ngs n\u00e5gra verser ur psalmen 109, varefter det officiella programmet var till \u00e4nda.<\/p>\n<p>Sist f\u00f6ljde middag f\u00f6r inbjudna. St\u00e4mningen var god, och \u201dnationalsoppan\u201d hade strykande \u00e5tg\u00e5ng. Vid desserten f\u00f6reslog herr V. Nylund ett trefaldigt hurra f\u00f6r skolans hedersg\u00e4ster, bankdir. J. J. Wadstr\u00f6m, bonden Josef Nyg\u00e5rd, den enda nulevande av dem, som f\u00f6rsta \u00e5ret utdimitterades fr\u00e5n Dagsmark folkskola, samt sytningsmannen Karl Korsb\u00e4ck, som levererat och varit med om att timra den f\u00f6rsta stocken i Dagsmark folkskola. Innan g\u00e4sterna br\u00f6t upp riktade sig pastor Palmgren \u00e4nnu till v\u00e4rdfolket tackande dem f\u00f6r en angen\u00e4m dag och f\u00f6reslog f\u00f6r dem ett fyrfaldigt \u00e4kta svenskt leve.<\/p>\n<p><span style=\"color: #000080;\">Artikel i \u201dTidskrift f\u00f6r folkskolan\u201d 10.11.1928:<\/span><\/p>\n<h3><strong>Dagsmark folkskola i Lappfj\u00e4rd 50 \u00e5r.<\/strong><\/h3>\n<p>M\u00e5ndagen den 8 okt. hade folkskolan i Dagsmark existerat ett halvt sekel. Dagen h\u00f6gtidligh\u00f6lls p\u00e5 \u00f6vligt s\u00e4tt. Klockan 1 p\u00e5 dagen surrade den ena bilen efter den andra genom den vackra, flaggbeprydda \u00e4reporten in p\u00e5 skolg\u00e5rden, medf\u00f6rande inbjudna g\u00e4ster fr\u00e5n socken och stad. Och den ena forna eleven efter den andra b\u00e4nkade sig i skolans, av nuvarande och forna elever, vackert smyckade l\u00e4rosal. H\u00f6stsolen lyste p\u00e5 de gr\u00f6ngula \u201dl\u00f6ven&#8221; och f\u00f6rsatte de n\u00e4rvarande i and\u00e4ktig festst\u00e4mning.<\/p>\n<p>Sedan tre verser av psalmen 309 f\u00f6rklingat, h\u00f6lls b\u00f6n av pastor A. Palmgren, som tackade Gud, f\u00f6r att han h\u00e5llit sin v\u00e4lsignande hand \u00f6ver den jubilerande skolan. Betr\u00e4ddes s\u00e5 katedern av skolans f\u00f6rest\u00e5ndare J. E. Sj\u00f6blad, vilken i ett l\u00e4ngre tal framh\u00f6ll \u201dkunnandets&#8221; stora betydelse samt vikten av skapandet av helgjutna personligheter, vilket vinnes genom att st\u00e5 i livsgemenskap med Honom, som s\u00e4ger: \u201dJag \u00e4r livet, ljuset och k\u00e4rleken&#8221;. Som v\u00e4lkomsth\u00e4lsning fr\u00e5n distriktet \u00f6verr\u00e4cktes blommor \u00e5t skolans v\u00f6rdade hedersg\u00e4ster.<\/p>\n<p>F\u00f6ljde s\u00e5 Modersm\u00e5lets s\u00e5ng, som klingade starkt och m\u00e4ktigt. D\u00e4refter \u00e5h\u00f6rdes med sp\u00e4nt intresse historiken \u00f6ver skolans uppkomst och verksamhet under de f\u00f6rflutna 50 \u00e5ren, v\u00e4lutarbetad av J. J. Wadstr\u00f6m.<\/p>\n<p>\u2014 P\u00e5 programmet f\u00f6ljde sedan kaffepaus, varefter \u00bbSlumrande toner&#8221; avsj\u00f6ngs. L\u00e4rare H. Rosenback uppl\u00e4ste en skriftlig h\u00e4lsning fr\u00e5n l\u00e4rare V. Byman till den jubilerande skolan och dess \u00e5lderspresident J. J. Wadstr\u00f6m. D\u00e4refter uppl\u00e4ste fr\u00f6ken Elin Andersson n\u00e5gra av henne sj\u00e4lv f\u00f6rfattade verser.<\/p>\n<p>L\u00e4rare H. Rosenback ber\u00e4ttade humoristiskt n\u00e5gra minnen fr\u00e5n sin skoltid. \u00c5 distriktets och dagsmarksbors v\u00e4gnar riktade sig herr Viktor Nylund till de l\u00e4rare, som under de g\u00e5ngna femtio \u00e5ren arbetat vid Dagsmark folkskola. Talaren uttalade \u00e4ven tack till skolans forna l\u00e4rarinna fr\u00f6ken Tilda Ahlskog.<\/p>\n<p>Sedan telegrammen uppl\u00e4sts, f\u00f6ljde s\u00e5ngen \u201dJag \u00e4lskar min hembygd&#8221;, varefter pastor Palmgren p\u00e5 ett gripande s\u00e4tt talade om det arbete, som under det f\u00f6rflutna halvseklet utf\u00f6rts och manade arbetarna p\u00e5 bildningsf\u00e4ltet till fortsatt arbete i k\u00e4rlek och t\u00e5lamod. Sist nedkallade pastorn Guds v\u00e4lsignelse \u00f6ver skolan, dess l\u00e4rare och elever, l\u00e4mnande dem i den h\u00f6gstes beskydd.<\/p>\n<p>Sist f\u00f6ljde middag f\u00f6r inbjudna. St\u00e4mningen var god och \u201dnationalsoppan&#8221; hade strykande \u00e5tg\u00e5ng.<\/p>\n","protected":false},"excerpt":{"rendered":"<p>Artikel i Syd-\u00d6sterbotten 6.10.1928: Senaste m\u00e5ndag hade folkskolan i Dagsmark existerat ett halvt sekel. Dagen h\u00f6gtidligh\u00f6lls p\u00e5 \u00f6vligt s\u00e4tt. Klockan 1 p\u00e5 dagen surrade den ena bilen efter den andra genom den vackra, flaggbeprydda \u00e4reporten in p\u00e5 skolg\u00e5rden, medf\u00f6rande inbjudna <a class=\"more-link\" href=\"https:\/\/www.lassebacklund.fi\/?page_id=8222\">Forts\u00e4tt l\u00e4sa <span class=\"screen-reader-text\">  Folkskolan 50 \u00e5r, 1928.<\/span><span class=\"meta-nav\">&rarr;<\/span><\/a><\/p>\n","protected":false},"author":1,"featured_media":0,"parent":750,"menu_order":0,"comment_status":"closed","ping_status":"closed","template":"","meta":{"footnotes":""},"class_list":["post-8222","page","type-page","status-publish","hentry"],"_links":{"self":[{"href":"https:\/\/www.lassebacklund.fi\/index.php?rest_route=\/wp\/v2\/pages\/8222","targetHints":{"allow":["GET"]}}],"collection":[{"href":"https:\/\/www.lassebacklund.fi\/index.php?rest_route=\/wp\/v2\/pages"}],"about":[{"href":"https:\/\/www.lassebacklund.fi\/index.php?rest_route=\/wp\/v2\/types\/page"}],"author":[{"embeddable":true,"href":"https:\/\/www.lassebacklund.fi\/index.php?rest_route=\/wp\/v2\/users\/1"}],"replies":[{"embeddable":true,"href":"https:\/\/www.lassebacklund.fi\/index.php?rest_route=%2Fwp%2Fv2%2Fcomments&post=8222"}],"version-history":[{"count":5,"href":"https:\/\/www.lassebacklund.fi\/index.php?rest_route=\/wp\/v2\/pages\/8222\/revisions"}],"predecessor-version":[{"id":17024,"href":"https:\/\/www.lassebacklund.fi\/index.php?rest_route=\/wp\/v2\/pages\/8222\/revisions\/17024"}],"up":[{"embeddable":true,"href":"https:\/\/www.lassebacklund.fi\/index.php?rest_route=\/wp\/v2\/pages\/750"}],"wp:attachment":[{"href":"https:\/\/www.lassebacklund.fi\/index.php?rest_route=%2Fwp%2Fv2%2Fmedia&parent=8222"}],"curies":[{"name":"wp","href":"https:\/\/api.w.org\/{rel}","templated":true}]}}