{"id":8207,"date":"2018-04-04T22:51:01","date_gmt":"2018-04-04T20:51:01","guid":{"rendered":"http:\/\/www.lassebacklund.fi\/?page_id=8207"},"modified":"2024-10-09T22:44:47","modified_gmt":"2024-10-09T19:44:47","slug":"stora-ofreden-1713-1721","status":"publish","type":"page","link":"https:\/\/www.lassebacklund.fi\/?page_id=8207","title":{"rendered":"Stora ofreden 1713-1721"},"content":{"rendered":"<p><strong>Stora ofreden<\/strong>, p\u00e5 finska Isoviha, var en period i v\u00e5r historia mellan \u00e5ren 1713 och 1721 d\u00e5 ryska trupper ockuperade b\u00e5de Finland och \u00d6sterbotten. Efter freden i Nystad \u00e5r 1721 drog ryssarna bort sina trupper och \u00e5terl\u00e4mnade hela \u00d6sterbotten och st\u00f6rsta delen av Finland tillbaka till det svenska riket. S\u00f6dra delen av Kexholms l\u00e4n och Viborgs l\u00e4n \u00f6vertogs av Ryssland.<\/p>\n<p>Vill du l\u00e4sa mera om denna speciella period i v\u00e5r historia, s\u00e5 klicka p\u00e5 n\u00e5gon knapp h\u00e4r under.<\/p>\n<h6><a class=\"fasc-button fasc-size-medium fasc-type-glossy fasc-rounded-medium\" style=\"background-color: #33809e; color: #ffffff;\" href=\"http:\/\/www.lassebacklund.fi\/?page_id=8211\">Krigsminnen, av K. V. \u00c5kerblom<\/a><\/h6>\n<h6><a class=\"fasc-button fasc-size-medium fasc-type-glossy fasc-rounded-medium\" style=\"background-color: #33809e; color: #ffffff;\" href=\"http:\/\/www.lassebacklund.fi\/?page_id=8474\">Striderna och flykten fr\u00e5n \u00d6sterbotten<\/a><\/h6>\n<h6><a class=\"fasc-button fasc-size-medium fasc-type-glossy fasc-rounded-medium\" style=\"background-color: #33809e; color: #ffffff;\" href=\"https:\/\/www.lassebacklund.fi\/?page_id=23207\">Personer bortf\u00f6rda till Ryssland<\/a><\/h6>\n<h6><a class=\"fasc-button fasc-size-medium fasc-type-glossy fasc-rounded-medium\" style=\"background-color: #33809e; color: #ffffff;\" href=\"http:\/\/www.lassebacklund.fi\/?page_id=8708\">Kristinestad under Stora ofreden<\/a><\/h6>\n<h6><a class=\"fasc-button fasc-size-medium fasc-type-glossy fasc-rounded-medium\" style=\"background-color: #33809e; color: #ffffff;\" href=\"http:\/\/www.lassebacklund.fi\/?page_id=9869\">Ryska infallet i \u00d6sterbotn 1713<\/a><\/h6>\n<h6><a class=\"fasc-button fasc-size-medium fasc-type-glossy fasc-rounded-medium\" style=\"background-color: #33809e; color: #ffffff;\" href=\"https:\/\/www.lassebacklund.fi\/?page_id=19933\">Sideby under ofredstider<\/a><\/h6>\n","protected":false},"excerpt":{"rendered":"<p>Stora ofreden, p\u00e5 finska Isoviha, var en period i v\u00e5r historia mellan \u00e5ren 1713 och 1721 d\u00e5 ryska trupper ockuperade b\u00e5de Finland och \u00d6sterbotten. Efter freden i Nystad \u00e5r 1721 drog ryssarna bort sina trupper och \u00e5terl\u00e4mnade hela \u00d6sterbotten och <a class=\"more-link\" href=\"https:\/\/www.lassebacklund.fi\/?page_id=8207\">Forts\u00e4tt l\u00e4sa <span class=\"screen-reader-text\">  Stora ofreden 1713-1721<\/span><span class=\"meta-nav\">&rarr;<\/span><\/a><\/p>\n","protected":false},"author":1,"featured_media":0,"parent":6289,"menu_order":1,"comment_status":"closed","ping_status":"closed","template":"","meta":{"footnotes":""},"class_list":["post-8207","page","type-page","status-publish","hentry"],"_links":{"self":[{"href":"https:\/\/www.lassebacklund.fi\/index.php?rest_route=\/wp\/v2\/pages\/8207","targetHints":{"allow":["GET"]}}],"collection":[{"href":"https:\/\/www.lassebacklund.fi\/index.php?rest_route=\/wp\/v2\/pages"}],"about":[{"href":"https:\/\/www.lassebacklund.fi\/index.php?rest_route=\/wp\/v2\/types\/page"}],"author":[{"embeddable":true,"href":"https:\/\/www.lassebacklund.fi\/index.php?rest_route=\/wp\/v2\/users\/1"}],"replies":[{"embeddable":true,"href":"https:\/\/www.lassebacklund.fi\/index.php?rest_route=%2Fwp%2Fv2%2Fcomments&post=8207"}],"version-history":[{"count":13,"href":"https:\/\/www.lassebacklund.fi\/index.php?rest_route=\/wp\/v2\/pages\/8207\/revisions"}],"predecessor-version":[{"id":23217,"href":"https:\/\/www.lassebacklund.fi\/index.php?rest_route=\/wp\/v2\/pages\/8207\/revisions\/23217"}],"up":[{"embeddable":true,"href":"https:\/\/www.lassebacklund.fi\/index.php?rest_route=\/wp\/v2\/pages\/6289"}],"wp:attachment":[{"href":"https:\/\/www.lassebacklund.fi\/index.php?rest_route=%2Fwp%2Fv2%2Fmedia&parent=8207"}],"curies":[{"name":"wp","href":"https:\/\/api.w.org\/{rel}","templated":true}]}}