{"id":82,"date":"2016-07-13T14:31:24","date_gmt":"2016-07-13T12:31:24","guid":{"rendered":"http:\/\/www.lassebacklund.fi\/wp\/?page_id=82"},"modified":"2026-02-10T21:42:47","modified_gmt":"2026-02-10T19:42:47","slug":"norrviksvagen","status":"publish","type":"page","link":"https:\/\/www.lassebacklund.fi\/?page_id=82","title":{"rendered":"Norrviksv\u00e4gen och Tr\u00e4sk\u00e4ndan"},"content":{"rendered":"<p><span class=\"Normal-C\">Norrviksv\u00e4gen b\u00f6rjar vid Stolidbackan och slutar i Tr\u00e4sk\u00e4ndan vid J\u00e4rvela. Den \u00e4r lite \u00f6ver 4 km l\u00e5ng och flera g\u00e5rdar l\u00e4ngs med v\u00e4gen ligger i Lappfj\u00e4rds by men de r\u00e4knas \u00e4nd\u00e5 h\u00f6ra till Dagsmark by. Vill du l\u00e4sa mera om g\u00e5rdarna p\u00e5 Norrviksv\u00e4gen, s\u00e5 klicka p\u00e5 \u00f6nskad knapp h\u00e4r under.<\/span><\/p>\n<p><a class=\"fasc-button fasc-size-medium fasc-type-glossy fasc-rounded-medium\" style=\"background-color: #33809e; color: #ffffff;\" href=\"https:\/\/www.lassebacklund.fi\/?page_id=25431\">Filinas p\u00e5 tv\u00e5 st\u00e4llen<\/a><\/p>\n<h6><a class=\"fasc-button fasc-size-medium fasc-type-glossy fasc-rounded-medium\" style=\"background-color: #33809e; color: #ffffff;\" href=\"http:\/\/www.lassebacklund.fi\/?page_id=2298\">152 Berg<\/a><\/h6>\n<h6><a class=\"fasc-button fasc-size-medium fasc-type-glossy fasc-rounded-medium\" style=\"background-color: #33809e; color: #ffffff;\" href=\"https:\/\/www.lassebacklund.fi\/?page_id=21658\">370 Nyholm Kaalas<\/a><\/h6>\n<h6><a class=\"fasc-button fasc-size-medium fasc-type-glossy fasc-rounded-medium\" style=\"background-color: #33809e; color: #ffffff;\" href=\"https:\/\/www.lassebacklund.fi\/?page_id=21928\">447 Janssons eller J\u00e4rvela<\/a><\/h6>\n<h6><a class=\"fasc-button fasc-size-medium fasc-type-glossy fasc-rounded-medium\" style=\"background-color: #33809e; color: #ffffff;\" href=\"https:\/\/www.lassebacklund.fi\/?page_id=21832\">N\u00f6jd i Tr\u00e4sk\u00e4ndan<\/a><\/h6>\n<h6><a class=\"fasc-button fasc-size-medium fasc-type-glossy fasc-rounded-medium\" style=\"background-color: #33809e; color: #ffffff;\" href=\"https:\/\/www.lassebacklund.fi\/?page_id=21680\">Renfors g\u00e5rd i Tr\u00e4sk\u00e4ndan<\/a><\/h6>\n<p><a class=\"fasc-button fasc-size-medium fasc-type-glossy fasc-rounded-medium\" style=\"background-color: #33809e; color: #ffffff;\" href=\"https:\/\/www.lassebacklund.fi\/?page_id=25464\">Laibergas el. M\u00e4kel\u00e4 J\u00e5ssas<\/a><\/p>\n<p><a class=\"fasc-button fasc-size-medium fasc-type-glossy fasc-rounded-medium\" style=\"background-color: #33809e; color: #ffffff;\" href=\"https:\/\/www.lassebacklund.fi\/?page_id=25445\">K\u00e4ringk\u00e5sk Samelas i K\u00e4rjenkoski<\/a><\/p>\n","protected":false},"excerpt":{"rendered":"<p>Norrviksv\u00e4gen b\u00f6rjar vid Stolidbackan och slutar i Tr\u00e4sk\u00e4ndan vid J\u00e4rvela. Den \u00e4r lite \u00f6ver 4 km l\u00e5ng och flera g\u00e5rdar l\u00e4ngs med v\u00e4gen ligger i Lappfj\u00e4rds by men de r\u00e4knas \u00e4nd\u00e5 h\u00f6ra till Dagsmark by. Vill du l\u00e4sa mera om <a class=\"more-link\" href=\"https:\/\/www.lassebacklund.fi\/?page_id=82\">Forts\u00e4tt l\u00e4sa <span class=\"screen-reader-text\">  Norrviksv\u00e4gen och Tr\u00e4sk\u00e4ndan<\/span><span class=\"meta-nav\">&rarr;<\/span><\/a><\/p>\n","protected":false},"author":1,"featured_media":0,"parent":51,"menu_order":8,"comment_status":"closed","ping_status":"closed","template":"","meta":{"footnotes":""},"class_list":["post-82","page","type-page","status-publish","hentry"],"_links":{"self":[{"href":"https:\/\/www.lassebacklund.fi\/index.php?rest_route=\/wp\/v2\/pages\/82","targetHints":{"allow":["GET"]}}],"collection":[{"href":"https:\/\/www.lassebacklund.fi\/index.php?rest_route=\/wp\/v2\/pages"}],"about":[{"href":"https:\/\/www.lassebacklund.fi\/index.php?rest_route=\/wp\/v2\/types\/page"}],"author":[{"embeddable":true,"href":"https:\/\/www.lassebacklund.fi\/index.php?rest_route=\/wp\/v2\/users\/1"}],"replies":[{"embeddable":true,"href":"https:\/\/www.lassebacklund.fi\/index.php?rest_route=%2Fwp%2Fv2%2Fcomments&post=82"}],"version-history":[{"count":26,"href":"https:\/\/www.lassebacklund.fi\/index.php?rest_route=\/wp\/v2\/pages\/82\/revisions"}],"predecessor-version":[{"id":25535,"href":"https:\/\/www.lassebacklund.fi\/index.php?rest_route=\/wp\/v2\/pages\/82\/revisions\/25535"}],"up":[{"embeddable":true,"href":"https:\/\/www.lassebacklund.fi\/index.php?rest_route=\/wp\/v2\/pages\/51"}],"wp:attachment":[{"href":"https:\/\/www.lassebacklund.fi\/index.php?rest_route=%2Fwp%2Fv2%2Fmedia&parent=82"}],"curies":[{"name":"wp","href":"https:\/\/api.w.org\/{rel}","templated":true}]}}