{"id":8192,"date":"2018-04-04T19:09:00","date_gmt":"2018-04-04T17:09:00","guid":{"rendered":"http:\/\/www.lassebacklund.fi\/?page_id=8192"},"modified":"2018-04-04T19:15:28","modified_gmt":"2018-04-04T17:15:28","slug":"annonser-1927","status":"publish","type":"page","link":"https:\/\/www.lassebacklund.fi\/?page_id=8192","title":{"rendered":"Annonser 1927."},"content":{"rendered":"<p><img loading=\"lazy\" decoding=\"async\" class=\"size-full wp-image-8151 aligncenter\" src=\"http:\/\/www.lassebacklund.fi\/wp-content\/uploads\/2018\/04\/19171119-Lillbron.jpg\" alt=\"19171119 Lillbron\" width=\"272\" height=\"187\" \/><\/p>\n<figure id=\"attachment_8152\" aria-describedby=\"caption-attachment-8152\" style=\"width: 260px\" class=\"wp-caption aligncenter\"><img loading=\"lazy\" decoding=\"async\" class=\"size-full wp-image-8152\" src=\"http:\/\/www.lassebacklund.fi\/wp-content\/uploads\/2018\/04\/19270108-L\u00e4nsman-s\u00e4ljer-Josef-Lillsj\u00f6s-karamellmaskin.jpg\" alt=\"Lillsj\u00f6-Bagarin var en k\u00e4nd karamelltillverkare i Lillsj\u00f6 men h\u00e4r vill l\u00e4nsmannen s\u00e4lja hans maskin med tillbeh\u00f6r.\" width=\"260\" height=\"191\" \/><figcaption id=\"caption-attachment-8152\" class=\"wp-caption-text\">Lillsj\u00f6-Bagarin var en k\u00e4nd karamelltillverkare i Lillsj\u00f6 men h\u00e4r vill l\u00e4nsmannen s\u00e4lja hans maskin med tillbeh\u00f6r.<\/figcaption><\/figure>\n<figure id=\"attachment_8153\" aria-describedby=\"caption-attachment-8153\" style=\"width: 550px\" class=\"wp-caption aligncenter\"><img loading=\"lazy\" decoding=\"async\" class=\"size-full wp-image-8153\" src=\"http:\/\/www.lassebacklund.fi\/wp-content\/uploads\/2018\/04\/19270212-Nylund-vill-k\u00f6pa-stenar-till-Tr\u00e4skvik-skola.jpg\" alt=\"I februari 1927 vill Viktor Nylund k\u00f6pa kilade stenar till skolan i Tr\u00e4skvik. Han fungerade sedan som \u00f6vervakare vid sj\u00e4lva skolbygget.\" width=\"550\" height=\"310\" srcset=\"https:\/\/www.lassebacklund.fi\/wp-content\/uploads\/2018\/04\/19270212-Nylund-vill-k\u00f6pa-stenar-till-Tr\u00e4skvik-skola.jpg 550w, https:\/\/www.lassebacklund.fi\/wp-content\/uploads\/2018\/04\/19270212-Nylund-vill-k\u00f6pa-stenar-till-Tr\u00e4skvik-skola-300x169.jpg 300w\" sizes=\"auto, (max-width: 550px) 100vw, 550px\" \/><figcaption id=\"caption-attachment-8153\" class=\"wp-caption-text\">I februari 1927 vill Viktor Nylund k\u00f6pa kilade stenar till skolan i Tr\u00e4skvik. Han fungerade sedan som \u00f6vervakare vid sj\u00e4lva skolbygget.<\/figcaption><\/figure>\n<p><img loading=\"lazy\" decoding=\"async\" class=\"size-full wp-image-8154 aligncenter\" src=\"http:\/\/www.lassebacklund.fi\/wp-content\/uploads\/2018\/04\/19270212-Ragnarsvik-vill-k\u00f6pa-stockar-och-stampropsar.jpg\" alt=\"19270212 Ragnarsvik vill k\u00f6pa stockar och stampropsar\" width=\"272\" height=\"291\" \/> <img loading=\"lazy\" decoding=\"async\" class=\"size-full wp-image-8155 aligncenter\" src=\"http:\/\/www.lassebacklund.fi\/wp-content\/uploads\/2018\/04\/19270216-DUF-\u00e5rsm\u00f6te.jpg\" alt=\"19270216 DUF \u00e5rsm\u00f6te\" width=\"287\" height=\"241\" \/><\/p>\n<figure id=\"attachment_8156\" aria-describedby=\"caption-attachment-8156\" style=\"width: 274px\" class=\"wp-caption aligncenter\"><img loading=\"lazy\" decoding=\"async\" class=\"size-full wp-image-8156\" src=\"http:\/\/www.lassebacklund.fi\/wp-content\/uploads\/2018\/04\/19270223-Broberg-s\u00e4ljer-hemman-och-parcell.jpg\" alt=\"Erik Anders Broberg s\u00e4ljer ett hemman i februari 1927.\" width=\"274\" height=\"128\" \/><figcaption id=\"caption-attachment-8156\" class=\"wp-caption-text\">Erik Anders Broberg s\u00e4ljer ett hemman i februari 1927.<\/figcaption><\/figure>\n<figure id=\"attachment_8157\" aria-describedby=\"caption-attachment-8157\" style=\"width: 280px\" class=\"wp-caption aligncenter\"><img loading=\"lazy\" decoding=\"async\" class=\"size-full wp-image-8157\" src=\"http:\/\/www.lassebacklund.fi\/wp-content\/uploads\/2018\/04\/19270223-Ragnarsvik-malar-billigt.jpg\" alt=\"Inom ett par kilometer fanns det 3 kvarnar, s\u00e5 vi kan f\u00f6rst\u00e5 att det fanns en viss konkurrens mellan dem.\" width=\"280\" height=\"240\" \/><figcaption id=\"caption-attachment-8157\" class=\"wp-caption-text\">Inom ett par kilometer fanns det 3 kvarnar, s\u00e5 vi kan f\u00f6rst\u00e5 att det fanns en viss konkurrens mellan dem.<\/figcaption><\/figure>\n<p><img loading=\"lazy\" decoding=\"async\" class=\"size-full wp-image-8158 aligncenter\" src=\"http:\/\/www.lassebacklund.fi\/wp-content\/uploads\/2018\/04\/19270316-St\u00e4mma-f\u00f6r-Lilldron-Korsb\u00e4ckbron-och-v\u00e4gen.jpg\" alt=\"19270316 St\u00e4mma f\u00f6r Lilldron, Korsb\u00e4ckbron och v\u00e4gen\" width=\"273\" height=\"180\" \/><\/p>\n<figure id=\"attachment_8159\" aria-describedby=\"caption-attachment-8159\" style=\"width: 267px\" class=\"wp-caption aligncenter\"><img loading=\"lazy\" decoding=\"async\" class=\"size-full wp-image-8159\" src=\"http:\/\/www.lassebacklund.fi\/wp-content\/uploads\/2018\/04\/19270316-Viktor-Bj\u00f6rklund-Brandstodsf\u00f6reningen.jpg\" alt=\"Lid-Viktor Bj\u00f6rklund ledde den viktiga brandstodsf\u00f6reningen.\" width=\"267\" height=\"411\" srcset=\"https:\/\/www.lassebacklund.fi\/wp-content\/uploads\/2018\/04\/19270316-Viktor-Bj\u00f6rklund-Brandstodsf\u00f6reningen.jpg 267w, https:\/\/www.lassebacklund.fi\/wp-content\/uploads\/2018\/04\/19270316-Viktor-Bj\u00f6rklund-Brandstodsf\u00f6reningen-195x300.jpg 195w\" sizes=\"auto, (max-width: 267px) 100vw, 267px\" \/><figcaption id=\"caption-attachment-8159\" class=\"wp-caption-text\">Lid-Viktor Bj\u00f6rklund ledde den viktiga brandstodsf\u00f6reningen.<\/figcaption><\/figure>\n<figure id=\"attachment_8160\" aria-describedby=\"caption-attachment-8160\" style=\"width: 304px\" class=\"wp-caption aligncenter\"><img loading=\"lazy\" decoding=\"async\" class=\"size-full wp-image-8160\" src=\"http:\/\/www.lassebacklund.fi\/wp-content\/uploads\/2018\/04\/19270318-Henrik-Liljeblad-s\u00f6ker-borrare-i-Kr.san_.jpg\" alt=\"Henrik Liljeblad s\u00f6ker arbetare f\u00f6r att borra vattenledningar i mars 1927.\" width=\"304\" height=\"329\" srcset=\"https:\/\/www.lassebacklund.fi\/wp-content\/uploads\/2018\/04\/19270318-Henrik-Liljeblad-s\u00f6ker-borrare-i-Kr.san_.jpg 304w, https:\/\/www.lassebacklund.fi\/wp-content\/uploads\/2018\/04\/19270318-Henrik-Liljeblad-s\u00f6ker-borrare-i-Kr.san_-277x300.jpg 277w\" sizes=\"auto, (max-width: 304px) 100vw, 304px\" \/><figcaption id=\"caption-attachment-8160\" class=\"wp-caption-text\">Henrik Liljeblad s\u00f6ker arbetare f\u00f6r att borra vattenledningar i mars 1927.<\/figcaption><\/figure>\n<p><img loading=\"lazy\" decoding=\"async\" class=\"size-full wp-image-8161 aligncenter\" src=\"http:\/\/www.lassebacklund.fi\/wp-content\/uploads\/2018\/04\/19270323-Dagsmark-\u00c5ngtr\u00f6skverkbolag.jpg\" alt=\"19270323 Dagsmark \u00c5ngtr\u00f6skverkbolag\" width=\"272\" height=\"193\" \/><\/p>\n<figure id=\"attachment_8162\" aria-describedby=\"caption-attachment-8162\" style=\"width: 283px\" class=\"wp-caption aligncenter\"><img loading=\"lazy\" decoding=\"async\" class=\"size-full wp-image-8162\" src=\"http:\/\/www.lassebacklund.fi\/wp-content\/uploads\/2018\/04\/19270409-Auktion-efter-Vilhelmina-Korsb\u00e4ck-el-Stenlund.jpg\" alt=\"Vilhelmina Korsb\u00e4ck, som bytte namn till Stenlund f\u00f6re hon dog.\" width=\"283\" height=\"332\" srcset=\"https:\/\/www.lassebacklund.fi\/wp-content\/uploads\/2018\/04\/19270409-Auktion-efter-Vilhelmina-Korsb\u00e4ck-el-Stenlund.jpg 283w, https:\/\/www.lassebacklund.fi\/wp-content\/uploads\/2018\/04\/19270409-Auktion-efter-Vilhelmina-Korsb\u00e4ck-el-Stenlund-256x300.jpg 256w\" sizes=\"auto, (max-width: 283px) 100vw, 283px\" \/><figcaption id=\"caption-attachment-8162\" class=\"wp-caption-text\">Vilhelmina Korsb\u00e4ck, som bytte namn till Stenlund f\u00f6re hon dog.<\/figcaption><\/figure>\n<figure id=\"attachment_8163\" aria-describedby=\"caption-attachment-8163\" style=\"width: 267px\" class=\"wp-caption aligncenter\"><img loading=\"lazy\" decoding=\"async\" class=\"size-full wp-image-8163\" src=\"http:\/\/www.lassebacklund.fi\/wp-content\/uploads\/2018\/04\/19270420-Emil-Backlund-f\u00f6rbjuder-bete-p\u00e5-L\u00e5ng\u00e4ngen.jpg\" alt=\"Emil Backlund \u00e4gde ett skogsskifte och en \u00e4ng p\u00e5 L\u00e5ng\u00e4ngen mellan Lillsj\u00f6 och Korsb\u00e4ck.\" width=\"267\" height=\"185\" \/><figcaption id=\"caption-attachment-8163\" class=\"wp-caption-text\">Emil Backlund \u00e4gde ett skogsskifte och en \u00e4ng p\u00e5 L\u00e5ng\u00e4ngen mellan Lillsj\u00f6 och Korsb\u00e4ck.<\/figcaption><\/figure>\n<figure id=\"attachment_8164\" aria-describedby=\"caption-attachment-8164\" style=\"width: 278px\" class=\"wp-caption aligncenter\"><img loading=\"lazy\" decoding=\"async\" class=\"size-full wp-image-8164\" src=\"http:\/\/www.lassebacklund.fi\/wp-content\/uploads\/2018\/04\/19270507-Sj\u00f6blad-s\u00e4ljer-del-av-L\u00e5ng.jpg\" alt=\"I maj 1927 s\u00e5lde l\u00e4raren Johannes Sj\u00f6blad ca 3 hektar av den \u00f6vre delen av L\u00e5ng hemman som har namnet Drag\u00e5s \u00e5t bonden Emil Backlund och den mindre delen som har namnet Sj\u00f6bladas s\u00e5lde han \u00e5t Viktor S\u00f6derqvist.\" width=\"278\" height=\"192\" \/><figcaption id=\"caption-attachment-8164\" class=\"wp-caption-text\">I maj 1927 s\u00e5lde l\u00e4raren Johannes Sj\u00f6blad ca 3 hektar av den \u00f6vre delen av L\u00e5ng hemman som har namnet Drag\u00e5s \u00e5t bonden Emil Backlund och den mindre delen som har namnet Sj\u00f6bladas s\u00e5lde han \u00e5t Viktor S\u00f6derqvist.<\/figcaption><\/figure>\n<p><img loading=\"lazy\" decoding=\"async\" class=\"size-full wp-image-8165 aligncenter\" src=\"http:\/\/www.lassebacklund.fi\/wp-content\/uploads\/2018\/04\/19270511-DUF.jpg\" alt=\"19270511 DUF\" width=\"274\" height=\"166\" \/> <img loading=\"lazy\" decoding=\"async\" class=\"size-full wp-image-8166 aligncenter\" src=\"http:\/\/www.lassebacklund.fi\/wp-content\/uploads\/2018\/04\/19270511-P\u00e4rus-Fors-h\u00e5ller-m\u00f6te.jpg\" alt=\"19270511 P\u00e4rus Fors h\u00e5ller m\u00f6te\" width=\"269\" height=\"289\" \/><\/p>\n<figure id=\"attachment_8167\" aria-describedby=\"caption-attachment-8167\" style=\"width: 274px\" class=\"wp-caption aligncenter\"><img loading=\"lazy\" decoding=\"async\" class=\"size-full wp-image-8167\" src=\"http:\/\/www.lassebacklund.fi\/wp-content\/uploads\/2018\/04\/19270514-Broberg-och-Andersson-s\u00e4ljer-br\u00e4der-vi-Nylunds.jpg\" alt=\"Frans Andersson, f\u00f6dd Roseng\u00e5rd och Erik Anders Broberg vill s\u00e4lja br\u00e4der som har s\u00e5gats p\u00e5 Nylunds s\u00e5g.\" width=\"274\" height=\"163\" \/><figcaption id=\"caption-attachment-8167\" class=\"wp-caption-text\">Frans Andersson, f\u00f6dd Roseng\u00e5rd och Erik Anders Broberg vill s\u00e4lja br\u00e4der som har s\u00e5gats p\u00e5 Nylunds s\u00e5g.<\/figcaption><\/figure>\n<figure id=\"attachment_8168\" aria-describedby=\"caption-attachment-8168\" style=\"width: 272px\" class=\"wp-caption aligncenter\"><img loading=\"lazy\" decoding=\"async\" class=\"size-full wp-image-8168\" src=\"http:\/\/www.lassebacklund.fi\/wp-content\/uploads\/2018\/04\/19270514-Frans-Andersson-s\u00e4ljer-2-parceller.jpg\" alt=\"Frans Andersson, f\u00f6dd Roseng\u00e5rd s\u00e4ljer 2 parceller i maj 1927.\" width=\"272\" height=\"196\" \/><figcaption id=\"caption-attachment-8168\" class=\"wp-caption-text\">Frans Andersson, f\u00f6dd Roseng\u00e5rd s\u00e4ljer 2 parceller i maj 1927.<\/figcaption><\/figure>\n<figure id=\"attachment_8169\" aria-describedby=\"caption-attachment-8169\" style=\"width: 266px\" class=\"wp-caption aligncenter\"><img loading=\"lazy\" decoding=\"async\" class=\"size-full wp-image-8169\" src=\"http:\/\/www.lassebacklund.fi\/wp-content\/uploads\/2018\/04\/19270514-Malning-utf\u00f6rs-natt-och-dag-p\u00e5-Ragnarsvik.jpg\" alt=\"I maj 1927 var Erik Anders Broberg mj\u00f6lnare p\u00e5 kvarnen i Ragnarsvik och han malde b\u00e5de dag och natt.\" width=\"266\" height=\"161\" \/><figcaption id=\"caption-attachment-8169\" class=\"wp-caption-text\">I maj 1927 var Erik Anders Broberg mj\u00f6lnare p\u00e5 kvarnen i Ragnarsvik och han malde b\u00e5de dag och natt.<\/figcaption><\/figure>\n<figure id=\"attachment_8170\" aria-describedby=\"caption-attachment-8170\" style=\"width: 300px\" class=\"wp-caption aligncenter\"><img loading=\"lazy\" decoding=\"async\" class=\"size-full wp-image-8170\" src=\"http:\/\/www.lassebacklund.fi\/wp-content\/uploads\/2018\/04\/19270517-Emil-B\u00e5sk-k\u00f6per-potatis-Krs-san.jpg\" alt=\"Emil B\u00e5sk som var bonde i Dagsmark men sedan bodde i Kristinestad, flyttade runt 1927 till Helsingfors och passade p\u00e5 att k\u00f6pa upp potatis p\u00e5 stationen, troligtvis f\u00f6r att transporteras till huvudstaden.\" width=\"300\" height=\"274\" \/><figcaption id=\"caption-attachment-8170\" class=\"wp-caption-text\">Emil B\u00e5sk som var bonde i Dagsmark men sedan bodde i Kristinestad, flyttade runt 1927 till Helsingfors och passade p\u00e5 att k\u00f6pa upp potatis p\u00e5 stationen, troligtvis f\u00f6r att transporteras till huvudstaden.<\/figcaption><\/figure>\n<figure id=\"attachment_8171\" aria-describedby=\"caption-attachment-8171\" style=\"width: 273px\" class=\"wp-caption aligncenter\"><img loading=\"lazy\" decoding=\"async\" class=\"size-full wp-image-8171\" src=\"http:\/\/www.lassebacklund.fi\/wp-content\/uploads\/2018\/04\/19270611-Ivar-S\u00f6derholm-f\u00f6rbjuder.jpg\" alt=\"Kionas-Ivar S\u00f6derholm bodde i Lillsj\u00f6 bakom Berg\u00e5sen och \u00e4gde n\u00e5got st\u00e4lle som hette Sakosk\u00e4nget invid Lillsj\u00f6n.\" width=\"273\" height=\"136\" \/><figcaption id=\"caption-attachment-8171\" class=\"wp-caption-text\">Kionas-Ivar S\u00f6derholm bodde i Lillsj\u00f6 bakom Berg\u00e5sen och \u00e4gde n\u00e5got st\u00e4lle som hette Sakosk\u00e4nget invid Lillsj\u00f6n.<\/figcaption><\/figure>\n<figure id=\"attachment_8172\" aria-describedby=\"caption-attachment-8172\" style=\"width: 280px\" class=\"wp-caption aligncenter\"><img loading=\"lazy\" decoding=\"async\" class=\"size-full wp-image-8172\" src=\"http:\/\/www.lassebacklund.fi\/wp-content\/uploads\/2018\/04\/19270611-Solfvin-hyvlar-p\u00e4rtor-vid-Sandgrund.jpg\" alt=\"Johan Viktor Solfvin som var mj\u00f6lnare och p\u00e4rthyvlare vid Klemets Kvarn i Dagsmark mellan \u00e5ren 1912-1922, fortsatte med hyvlandet efter att han hade flyttat till Lappfj\u00e4rd.\" width=\"280\" height=\"137\" \/><figcaption id=\"caption-attachment-8172\" class=\"wp-caption-text\">Johan Viktor Solfvin som var mj\u00f6lnare och p\u00e4rthyvlare vid Klemets Kvarn i Dagsmark mellan \u00e5ren 1912-1922, fortsatte med hyvlandet efter att han hade flyttat till Lappfj\u00e4rd.<\/figcaption><\/figure>\n<figure id=\"attachment_8173\" aria-describedby=\"caption-attachment-8173\" style=\"width: 266px\" class=\"wp-caption aligncenter\"><img loading=\"lazy\" decoding=\"async\" class=\"size-full wp-image-8173\" src=\"http:\/\/www.lassebacklund.fi\/wp-content\/uploads\/2018\/04\/19270615-Auktion-efter-Greta-Sj\u00f6gren.jpg\" alt=\"Greta Johansdotter Korsb\u00e4ck (1856-1931) var Henrik Lillkull, senare Sj\u00f6grens andra hustru och var med andra ord Mattas-Hilda Grans styvmor. Viktor Jansson var en m\u00e4klare.\" width=\"266\" height=\"236\" \/><figcaption id=\"caption-attachment-8173\" class=\"wp-caption-text\">Greta Johansdotter Korsb\u00e4ck (1856-1931) var Henrik Lillkull, senare Sj\u00f6grens andra hustru och var med andra ord Mattas-Hilda Grans styvmor. Viktor Jansson var en m\u00e4klare.<\/figcaption><\/figure>\n<p><img loading=\"lazy\" decoding=\"async\" class=\"size-full wp-image-8174 aligncenter\" src=\"http:\/\/www.lassebacklund.fi\/wp-content\/uploads\/2018\/04\/19270623-DUF-Soare.jpg\" alt=\"19270623 DUF Soare\" width=\"256\" height=\"153\" \/> <img loading=\"lazy\" decoding=\"async\" class=\"size-full wp-image-8175 aligncenter\" src=\"http:\/\/www.lassebacklund.fi\/wp-content\/uploads\/2018\/04\/19270629-Storsj\u00f6-tr\u00e4sk-Liljedahl.jpg\" alt=\"19270629 Storsj\u00f6 tr\u00e4sk Liljedahl\" width=\"271\" height=\"197\" \/> <img loading=\"lazy\" decoding=\"async\" class=\"size-full wp-image-8176 aligncenter\" src=\"http:\/\/www.lassebacklund.fi\/wp-content\/uploads\/2018\/04\/19270709-Storsj\u00f6-tr\u00e4sk-Liljedahl.jpg\" alt=\"19270709 Storsj\u00f6 tr\u00e4sk, Liljedahl\" width=\"275\" height=\"251\" \/><\/p>\n<figure id=\"attachment_8177\" aria-describedby=\"caption-attachment-8177\" style=\"width: 279px\" class=\"wp-caption aligncenter\"><img loading=\"lazy\" decoding=\"async\" class=\"size-full wp-image-8177\" src=\"http:\/\/www.lassebacklund.fi\/wp-content\/uploads\/2018\/04\/19270810-DUF.jpg\" alt=\"\u00c5bygg Str\u00e5korkester fr\u00e5n Perus, som leddes av l\u00e4raren Henrik Rosenback upptr\u00e4dde ofta p\u00e5 Majbo i Dagsmark.\" width=\"279\" height=\"188\" \/><figcaption id=\"caption-attachment-8177\" class=\"wp-caption-text\">\u00c5bygg Str\u00e5korkester fr\u00e5n Perus, som leddes av l\u00e4raren Henrik Rosenback upptr\u00e4dde ofta p\u00e5 Majbo i Dagsmark.<\/figcaption><\/figure>\n<p><img loading=\"lazy\" decoding=\"async\" class=\"size-full wp-image-8178 aligncenter\" src=\"http:\/\/www.lassebacklund.fi\/wp-content\/uploads\/2018\/04\/19270831-\u00c5bygg-DUF.jpg\" alt=\"19270831 \u00c5bygg DUF\" width=\"270\" height=\"166\" \/><\/p>\n<figure id=\"attachment_8179\" aria-describedby=\"caption-attachment-8179\" style=\"width: 272px\" class=\"wp-caption aligncenter\"><img loading=\"lazy\" decoding=\"async\" class=\"size-full wp-image-8179\" src=\"http:\/\/www.lassebacklund.fi\/wp-content\/uploads\/2018\/04\/19270907-Maria-H\u00e4gg-s\u00e4ljer-l\u00e4genhet.jpg\" alt=\"Maria H\u00e4gg f\u00f6rs\u00f6ker \u00e5nyo s\u00e4lja sin l\u00e4genhet i Lillsj\u00f6 bakom Berg\u00e5sen.\" width=\"272\" height=\"291\" \/><figcaption id=\"caption-attachment-8179\" class=\"wp-caption-text\">Maria H\u00e4gg f\u00f6rs\u00f6ker \u00e5nyo s\u00e4lja sin l\u00e4genhet i Lillsj\u00f6 bakom Berg\u00e5sen.<\/figcaption><\/figure>\n<p><img loading=\"lazy\" decoding=\"async\" class=\"size-full wp-image-8180 aligncenter\" src=\"http:\/\/www.lassebacklund.fi\/wp-content\/uploads\/2018\/04\/19270914-Danssoare-DUF.jpg\" alt=\"19270914 Danssoare DUF\" width=\"270\" height=\"170\" \/><\/p>\n<figure id=\"attachment_8181\" aria-describedby=\"caption-attachment-8181\" style=\"width: 230px\" class=\"wp-caption aligncenter\"><img loading=\"lazy\" decoding=\"async\" class=\"size-full wp-image-8181\" src=\"http:\/\/www.lassebacklund.fi\/wp-content\/uploads\/2018\/04\/19270922-Folkh\u00f6gskolan-s\u00f6ker-elever.jpg\" alt=\"Den evangeliska folkh\u00f6gskolan i Dagsmark var t\u00e4nkt att skulle vara d\u00e4r bara 1926-1927 men av olika orsaker blev det ocks\u00e5 ett \u00e5r till. Rektor Sj\u00f6blad s\u00f6ker elever i tidningen Wasa-Posten.\" width=\"230\" height=\"470\" srcset=\"https:\/\/www.lassebacklund.fi\/wp-content\/uploads\/2018\/04\/19270922-Folkh\u00f6gskolan-s\u00f6ker-elever.jpg 230w, https:\/\/www.lassebacklund.fi\/wp-content\/uploads\/2018\/04\/19270922-Folkh\u00f6gskolan-s\u00f6ker-elever-147x300.jpg 147w\" sizes=\"auto, (max-width: 230px) 100vw, 230px\" \/><figcaption id=\"caption-attachment-8181\" class=\"wp-caption-text\">Den evangeliska folkh\u00f6gskolan i Dagsmark var t\u00e4nkt att skulle vara d\u00e4r bara 1926-1927 men av olika orsaker blev det ocks\u00e5 ett \u00e5r till. Rektor Sj\u00f6blad s\u00f6ker elever i tidningen Wasa-Posten.<\/figcaption><\/figure>\n<p><img loading=\"lazy\" decoding=\"async\" class=\"size-full wp-image-8182 aligncenter\" src=\"http:\/\/www.lassebacklund.fi\/wp-content\/uploads\/2018\/04\/19271012-Lantmannagillet.jpg\" alt=\"19271012 Lantmannagillet\" width=\"272\" height=\"152\" \/><\/p>\n<figure id=\"attachment_8183\" aria-describedby=\"caption-attachment-8183\" style=\"width: 275px\" class=\"wp-caption aligncenter\"><img loading=\"lazy\" decoding=\"async\" class=\"size-full wp-image-8183\" src=\"http:\/\/www.lassebacklund.fi\/wp-content\/uploads\/2018\/04\/19271012-Viktor-R\u00f6nnkvist.jpg\" alt=\"Matilda Rosenback var Johan Sebbin Rosenbacks andra hustru och d\u00e5 hon dog s\u00e5lde m\u00e5gen Roras-Viktor R\u00f6nnkvist hennes tillh\u00f6righeter.\" width=\"275\" height=\"158\" \/><figcaption id=\"caption-attachment-8183\" class=\"wp-caption-text\">Matilda Rosenback var Johan Sebbin Rosenbacks andra hustru och d\u00e5 hon dog s\u00e5lde m\u00e5gen Roras-Viktor R\u00f6nnkvist hennes tillh\u00f6righeter.<\/figcaption><\/figure>\n<figure id=\"attachment_8184\" aria-describedby=\"caption-attachment-8184\" style=\"width: 266px\" class=\"wp-caption aligncenter\"><img loading=\"lazy\" decoding=\"async\" class=\"size-full wp-image-8184\" src=\"http:\/\/www.lassebacklund.fi\/wp-content\/uploads\/2018\/04\/19271012-V\u00e4gsyn.jpg\" alt=\"Privata v\u00e4gar skulle granskas regelbundet, f\u00f6r att se om del\u00e4garna har sk\u00f6tt om sina avsnitt.\" width=\"266\" height=\"166\" \/><figcaption id=\"caption-attachment-8184\" class=\"wp-caption-text\">Privata v\u00e4gar skulle granskas regelbundet, f\u00f6r att se om del\u00e4garna har sk\u00f6tt om sina avsnitt.<\/figcaption><\/figure>\n<p><img loading=\"lazy\" decoding=\"async\" class=\"size-full wp-image-8185 aligncenter\" src=\"http:\/\/www.lassebacklund.fi\/wp-content\/uploads\/2018\/04\/19271029-Flickor-p\u00e5-DUF.jpg\" alt=\"19271029 Flickor p\u00e5 DUF\" width=\"273\" height=\"206\" \/><\/p>\n<figure id=\"attachment_8186\" aria-describedby=\"caption-attachment-8186\" style=\"width: 281px\" class=\"wp-caption aligncenter\"><img loading=\"lazy\" decoding=\"async\" class=\"size-full wp-image-8186\" src=\"http:\/\/www.lassebacklund.fi\/wp-content\/uploads\/2018\/04\/19271105-H\u00e4star-f\u00f6r-granskning.jpg\" alt=\"I kristider har h\u00e4star uttagits i tj\u00e4nst och i november 1927 skulle alla som har mer \u00e4n en h\u00e4st f\u00f6ra den f\u00f6r att granskas.\" width=\"281\" height=\"452\" srcset=\"https:\/\/www.lassebacklund.fi\/wp-content\/uploads\/2018\/04\/19271105-H\u00e4star-f\u00f6r-granskning.jpg 281w, https:\/\/www.lassebacklund.fi\/wp-content\/uploads\/2018\/04\/19271105-H\u00e4star-f\u00f6r-granskning-187x300.jpg 187w\" sizes=\"auto, (max-width: 281px) 100vw, 281px\" \/><figcaption id=\"caption-attachment-8186\" class=\"wp-caption-text\">I kristider har h\u00e4star uttagits i tj\u00e4nst och i november 1927 skulle alla som har mer \u00e4n en h\u00e4st f\u00f6ra den f\u00f6r att granskas.<\/figcaption><\/figure>\n<p><img loading=\"lazy\" decoding=\"async\" class=\"size-full wp-image-8187 aligncenter\" src=\"http:\/\/www.lassebacklund.fi\/wp-content\/uploads\/2018\/04\/19271119-M\u00f6ten.jpg\" alt=\"19271119 M\u00f6ten\" width=\"271\" height=\"225\" \/> <img loading=\"lazy\" decoding=\"async\" class=\"size-full wp-image-8188 aligncenter\" src=\"http:\/\/www.lassebacklund.fi\/wp-content\/uploads\/2018\/04\/19271130-DUF.jpg\" alt=\"19271130 DUF\" width=\"273\" height=\"204\" \/><\/p>\n<figure id=\"attachment_8189\" aria-describedby=\"caption-attachment-8189\" style=\"width: 272px\" class=\"wp-caption aligncenter\"><img loading=\"lazy\" decoding=\"async\" class=\"size-full wp-image-8189\" src=\"http:\/\/www.lassebacklund.fi\/wp-content\/uploads\/2018\/04\/19271224-DUF.jpg\" alt=\"Av gammal tradition firade julfesten den fj\u00e4rdedag jul p\u00e5 Majbo.\" width=\"272\" height=\"144\" \/><figcaption id=\"caption-attachment-8189\" class=\"wp-caption-text\">Av gammal tradition firade julfesten den fj\u00e4rdedag jul p\u00e5 Majbo.<\/figcaption><\/figure>\n","protected":false},"excerpt":{"rendered":"","protected":false},"author":1,"featured_media":0,"parent":8060,"menu_order":1927,"comment_status":"closed","ping_status":"closed","template":"","meta":{"footnotes":""},"class_list":["post-8192","page","type-page","status-publish","hentry"],"_links":{"self":[{"href":"https:\/\/www.lassebacklund.fi\/index.php?rest_route=\/wp\/v2\/pages\/8192","targetHints":{"allow":["GET"]}}],"collection":[{"href":"https:\/\/www.lassebacklund.fi\/index.php?rest_route=\/wp\/v2\/pages"}],"about":[{"href":"https:\/\/www.lassebacklund.fi\/index.php?rest_route=\/wp\/v2\/types\/page"}],"author":[{"embeddable":true,"href":"https:\/\/www.lassebacklund.fi\/index.php?rest_route=\/wp\/v2\/users\/1"}],"replies":[{"embeddable":true,"href":"https:\/\/www.lassebacklund.fi\/index.php?rest_route=%2Fwp%2Fv2%2Fcomments&post=8192"}],"version-history":[{"count":4,"href":"https:\/\/www.lassebacklund.fi\/index.php?rest_route=\/wp\/v2\/pages\/8192\/revisions"}],"predecessor-version":[{"id":8196,"href":"https:\/\/www.lassebacklund.fi\/index.php?rest_route=\/wp\/v2\/pages\/8192\/revisions\/8196"}],"up":[{"embeddable":true,"href":"https:\/\/www.lassebacklund.fi\/index.php?rest_route=\/wp\/v2\/pages\/8060"}],"wp:attachment":[{"href":"https:\/\/www.lassebacklund.fi\/index.php?rest_route=%2Fwp%2Fv2%2Fmedia&parent=8192"}],"curies":[{"name":"wp","href":"https:\/\/api.w.org\/{rel}","templated":true}]}}