{"id":8121,"date":"2018-04-03T19:48:59","date_gmt":"2018-04-03T17:48:59","guid":{"rendered":"http:\/\/www.lassebacklund.fi\/?page_id=8121"},"modified":"2018-04-04T23:13:14","modified_gmt":"2018-04-04T21:13:14","slug":"lilla-ofreden-1742-1743","status":"publish","type":"page","link":"https:\/\/www.lassebacklund.fi\/?page_id=8121","title":{"rendered":"Lilla ofreden 1742 &#8211; 1743."},"content":{"rendered":"<p>Lilla ofreden, p\u00e5 finska &#8221;pikkuviha&#8221; \u00e4r den period i Finlands historia, d\u00e5 landet var ockuperat av ryska trupper. Lilla ofreden b\u00f6rjade den 24 augusti 1742 d\u00e5 de svensk-finska trupperna kapitulerade i Helsingfors, till freden 7 augusti 1743. Befolkningen skonades p\u00e5 ett helt annat s\u00e4tt \u00e4n under den &#8221;stora ofreden&#8221; 20 \u00e5r tidigare och efter freden \u00e5terl\u00e4mnade ryssarna s\u00e5 gott som hela Finland.<\/p>\n<p>Vill du l\u00e4sa om speciella h\u00e4ndelser, som intr\u00e4ffade i Syd\u00f6sterbotten under denna oroliga tid, s\u00e5 skall du klicka p\u00e5 n\u00e5gon knapp h\u00e4r under.<\/p>\n<p><a class=\"fasc-button fasc-size-medium fasc-type-glossy fasc-rounded-medium\" style=\"background-color: #33809e; color: #ffffff;\" href=\"http:\/\/www.lassebacklund.fi\/?page_id=8124\" data-fasc-style=\"background-color:#33809e;color:#ffffff;\">Skogbergs historia, del 1<\/a><\/p>\n<p><a class=\"fasc-button fasc-size-medium fasc-type-glossy fasc-rounded-medium\" style=\"background-color: #33809e; color: #ffffff;\" href=\"http:\/\/www.lassebacklund.fi\/?page_id=8128\" data-fasc-style=\"background-color:#33809e;color:#ffffff;\">Skogbergs historia, del 2<\/a><\/p>\n","protected":false},"excerpt":{"rendered":"<p>Lilla ofreden, p\u00e5 finska &#8221;pikkuviha&#8221; \u00e4r den period i Finlands historia, d\u00e5 landet var ockuperat av ryska trupper. Lilla ofreden b\u00f6rjade den 24 augusti 1742 d\u00e5 de svensk-finska trupperna kapitulerade i Helsingfors, till freden 7 augusti 1743. Befolkningen skonades p\u00e5 <a class=\"more-link\" href=\"https:\/\/www.lassebacklund.fi\/?page_id=8121\">Forts\u00e4tt l\u00e4sa <span class=\"screen-reader-text\">  Lilla ofreden 1742 &#8211; 1743.<\/span><span class=\"meta-nav\">&rarr;<\/span><\/a><\/p>\n","protected":false},"author":1,"featured_media":0,"parent":6289,"menu_order":2,"comment_status":"closed","ping_status":"closed","template":"","meta":{"footnotes":""},"class_list":["post-8121","page","type-page","status-publish","hentry"],"_links":{"self":[{"href":"https:\/\/www.lassebacklund.fi\/index.php?rest_route=\/wp\/v2\/pages\/8121","targetHints":{"allow":["GET"]}}],"collection":[{"href":"https:\/\/www.lassebacklund.fi\/index.php?rest_route=\/wp\/v2\/pages"}],"about":[{"href":"https:\/\/www.lassebacklund.fi\/index.php?rest_route=\/wp\/v2\/types\/page"}],"author":[{"embeddable":true,"href":"https:\/\/www.lassebacklund.fi\/index.php?rest_route=\/wp\/v2\/users\/1"}],"replies":[{"embeddable":true,"href":"https:\/\/www.lassebacklund.fi\/index.php?rest_route=%2Fwp%2Fv2%2Fcomments&post=8121"}],"version-history":[{"count":4,"href":"https:\/\/www.lassebacklund.fi\/index.php?rest_route=\/wp\/v2\/pages\/8121\/revisions"}],"predecessor-version":[{"id":8141,"href":"https:\/\/www.lassebacklund.fi\/index.php?rest_route=\/wp\/v2\/pages\/8121\/revisions\/8141"}],"up":[{"embeddable":true,"href":"https:\/\/www.lassebacklund.fi\/index.php?rest_route=\/wp\/v2\/pages\/6289"}],"wp:attachment":[{"href":"https:\/\/www.lassebacklund.fi\/index.php?rest_route=%2Fwp%2Fv2%2Fmedia&parent=8121"}],"curies":[{"name":"wp","href":"https:\/\/api.w.org\/{rel}","templated":true}]}}