{"id":8080,"date":"2018-03-31T16:26:50","date_gmt":"2018-03-31T14:26:50","guid":{"rendered":"http:\/\/www.lassebacklund.fi\/?page_id=8080"},"modified":"2018-03-31T16:39:56","modified_gmt":"2018-03-31T14:39:56","slug":"annonser-1926","status":"publish","type":"page","link":"https:\/\/www.lassebacklund.fi\/?page_id=8080","title":{"rendered":"Annonser 1926."},"content":{"rendered":"<figure id=\"attachment_8079\" aria-describedby=\"caption-attachment-8079\" style=\"width: 261px\" class=\"wp-caption aligncenter\"><img loading=\"lazy\" decoding=\"async\" class=\"size-full wp-image-8079\" src=\"http:\/\/www.lassebacklund.fi\/wp-content\/uploads\/2018\/03\/190260623-Storsj\u00f6-tr\u00e4sk-godem\u00e4n-till-lantm\u00e4terif\u00f6rr\u00e4ttning.jpg\" alt=\"23.6. i Syd-\u00d6sterbotten\" width=\"261\" height=\"322\" srcset=\"https:\/\/www.lassebacklund.fi\/wp-content\/uploads\/2018\/03\/190260623-Storsj\u00f6-tr\u00e4sk-godem\u00e4n-till-lantm\u00e4terif\u00f6rr\u00e4ttning.jpg 261w, https:\/\/www.lassebacklund.fi\/wp-content\/uploads\/2018\/03\/190260623-Storsj\u00f6-tr\u00e4sk-godem\u00e4n-till-lantm\u00e4terif\u00f6rr\u00e4ttning-243x300.jpg 243w\" sizes=\"auto, (max-width: 261px) 100vw, 261px\" \/><figcaption id=\"caption-attachment-8079\" class=\"wp-caption-text\">23.6. i Syd-\u00d6sterbotten<\/figcaption><\/figure>\n<figure id=\"attachment_8086\" aria-describedby=\"caption-attachment-8086\" style=\"width: 270px\" class=\"wp-caption aligncenter\"><img loading=\"lazy\" decoding=\"async\" class=\"size-full wp-image-8086\" src=\"http:\/\/www.lassebacklund.fi\/wp-content\/uploads\/2018\/03\/19261204-\u00c5backv\u00e4gen.jpg\" alt=\"4.12. Syd-\u00d6sterbotten. \u00c5backv\u00e4gen var en privat v\u00e4g som skulle sk\u00f6tas och underh\u00e5llas av intressenterna\" width=\"270\" height=\"154\" \/><figcaption id=\"caption-attachment-8086\" class=\"wp-caption-text\">4.12. Syd-\u00d6sterbotten. \u00c5backv\u00e4gen var en privat v\u00e4g som skulle sk\u00f6tas och underh\u00e5llas av intressenterna<\/figcaption><\/figure>\n<figure id=\"attachment_8085\" aria-describedby=\"caption-attachment-8085\" style=\"width: 267px\" class=\"wp-caption aligncenter\"><img loading=\"lazy\" decoding=\"async\" class=\"size-full wp-image-8085\" src=\"http:\/\/www.lassebacklund.fi\/wp-content\/uploads\/2018\/03\/19261120-Lantmanngillet-h\u00e5ller-m\u00f6te.jpg\" alt=\"20.11. Syd-\u00d6sterbotten.\" width=\"267\" height=\"172\" \/><figcaption id=\"caption-attachment-8085\" class=\"wp-caption-text\">20.11. Syd-\u00d6sterbotten.<\/figcaption><\/figure>\n<figure id=\"attachment_8084\" aria-describedby=\"caption-attachment-8084\" style=\"width: 263px\" class=\"wp-caption aligncenter\"><img loading=\"lazy\" decoding=\"async\" class=\"size-full wp-image-8084\" src=\"http:\/\/www.lassebacklund.fi\/wp-content\/uploads\/2018\/03\/19260313-Byam\u00f6te.jpg\" alt=\"13.3. Syd-\u00d6sterbotten\" width=\"263\" height=\"193\" \/><figcaption id=\"caption-attachment-8084\" class=\"wp-caption-text\">13.3. Syd-\u00d6sterbotten<\/figcaption><\/figure>\n<figure id=\"attachment_8078\" aria-describedby=\"caption-attachment-8078\" style=\"width: 277px\" class=\"wp-caption aligncenter\"><img loading=\"lazy\" decoding=\"async\" class=\"size-full wp-image-8078\" src=\"http:\/\/www.lassebacklund.fi\/wp-content\/uploads\/2018\/03\/19261222-Julfest-DUF.jpg\" alt=\"22.12. Syd-\u00d6sterbotten\" width=\"277\" height=\"195\" \/><figcaption id=\"caption-attachment-8078\" class=\"wp-caption-text\">22.12. Syd-\u00d6sterbotten<\/figcaption><\/figure>\n<figure id=\"attachment_8077\" aria-describedby=\"caption-attachment-8077\" style=\"width: 233px\" class=\"wp-caption aligncenter\"><img loading=\"lazy\" decoding=\"async\" class=\"size-full wp-image-8077\" src=\"http:\/\/www.lassebacklund.fi\/wp-content\/uploads\/2018\/03\/19261030-Tj\u00f6ck-ordnar-fest-i-DUF.jpg\" alt=\"30.10 \u00d6sterbottens Bondetidning\" width=\"233\" height=\"158\" \/><figcaption id=\"caption-attachment-8077\" class=\"wp-caption-text\">30.10 \u00d6sterbottens Bondetidning<\/figcaption><\/figure>\n<figure id=\"attachment_8076\" aria-describedby=\"caption-attachment-8076\" style=\"width: 314px\" class=\"wp-caption aligncenter\"><img loading=\"lazy\" decoding=\"async\" class=\"size-full wp-image-8076\" src=\"http:\/\/www.lassebacklund.fi\/wp-content\/uploads\/2018\/03\/19261009-\u00d6mossa-h\u00e5ller-fest-i-DUF.jpg\" alt=\"9.10 \u00d6sterbottens Bondetidning\" width=\"314\" height=\"228\" srcset=\"https:\/\/www.lassebacklund.fi\/wp-content\/uploads\/2018\/03\/19261009-\u00d6mossa-h\u00e5ller-fest-i-DUF.jpg 314w, https:\/\/www.lassebacklund.fi\/wp-content\/uploads\/2018\/03\/19261009-\u00d6mossa-h\u00e5ller-fest-i-DUF-300x218.jpg 300w\" sizes=\"auto, (max-width: 314px) 100vw, 314px\" \/><figcaption id=\"caption-attachment-8076\" class=\"wp-caption-text\">9.10 \u00d6sterbottens Bondetidning<\/figcaption><\/figure>\n<figure id=\"attachment_8075\" aria-describedby=\"caption-attachment-8075\" style=\"width: 272px\" class=\"wp-caption aligncenter\"><img loading=\"lazy\" decoding=\"async\" class=\"size-full wp-image-8075\" src=\"http:\/\/www.lassebacklund.fi\/wp-content\/uploads\/2018\/03\/19260714-DUF-fest.jpg\" alt=\"14.7 Syd-\u00d6sterbotten. Musik av kantorn Otto Storfors, som var en mycket popul\u00e4r artist den tiden.\" width=\"272\" height=\"220\" \/><figcaption id=\"caption-attachment-8075\" class=\"wp-caption-text\">14.7 Syd-\u00d6sterbotten. Musik av kantorn Otto Storfors, som var en mycket popul\u00e4r artist den tiden.<\/figcaption><\/figure>\n<figure id=\"attachment_8074\" aria-describedby=\"caption-attachment-8074\" style=\"width: 269px\" class=\"wp-caption aligncenter\"><img loading=\"lazy\" decoding=\"async\" class=\"size-full wp-image-8074\" src=\"http:\/\/www.lassebacklund.fi\/wp-content\/uploads\/2018\/03\/19260623-Lillbron-och-Korsb\u00e4ckbron.jpg\" alt=\"23.6 Syd-\u00d6sterbotten. B\u00e5da broarna var den tiden privata och skulle underh\u00e5llas av del\u00e4garna.\" width=\"269\" height=\"167\" \/><figcaption id=\"caption-attachment-8074\" class=\"wp-caption-text\">23.6 Syd-\u00d6sterbotten. B\u00e5da broarna var den tiden privata och skulle underh\u00e5llas av del\u00e4garna.<\/figcaption><\/figure>\n<figure id=\"attachment_8073\" aria-describedby=\"caption-attachment-8073\" style=\"width: 322px\" class=\"wp-caption aligncenter\"><img loading=\"lazy\" decoding=\"async\" class=\"size-full wp-image-8073\" src=\"http:\/\/www.lassebacklund.fi\/wp-content\/uploads\/2018\/03\/19260619-Viktor-Nylund-bjuder-ut-2-rum.jpg\" alt=\"19.6 Viktor Nylund bjuder ut rum, troligen i den nya g\u00e5rden som han hade byggt p\u00e5 \u00d6stra sidan i Kristinestad.\" width=\"322\" height=\"209\" srcset=\"https:\/\/www.lassebacklund.fi\/wp-content\/uploads\/2018\/03\/19260619-Viktor-Nylund-bjuder-ut-2-rum.jpg 322w, https:\/\/www.lassebacklund.fi\/wp-content\/uploads\/2018\/03\/19260619-Viktor-Nylund-bjuder-ut-2-rum-300x195.jpg 300w\" sizes=\"auto, (max-width: 322px) 100vw, 322px\" \/><figcaption id=\"caption-attachment-8073\" class=\"wp-caption-text\">19.6 Viktor Nylund bjuder ut rum, troligen i den nya g\u00e5rden som han hade byggt p\u00e5 \u00d6stra sidan i Kristinestad.<\/figcaption><\/figure>\n<figure id=\"attachment_8072\" aria-describedby=\"caption-attachment-8072\" style=\"width: 326px\" class=\"wp-caption aligncenter\"><img loading=\"lazy\" decoding=\"async\" class=\"size-full wp-image-8072\" src=\"http:\/\/www.lassebacklund.fi\/wp-content\/uploads\/2018\/03\/19260619-Maria-H\u00e4gg-s\u00e4ljer-l\u00e4genhet-i-Lillsj\u00f6.jpg\" alt=\"Maria H\u00e4gg, som var mor bland annat till &quot;Ulla-Miili&quot; s\u00e4ljer en liten l\u00e4genhet &quot;med n\u00f6diga \u00e5byggnader&quot; i Lillsj\u00f6 bakom Berg\u00e5sen\" width=\"326\" height=\"164\" srcset=\"https:\/\/www.lassebacklund.fi\/wp-content\/uploads\/2018\/03\/19260619-Maria-H\u00e4gg-s\u00e4ljer-l\u00e4genhet-i-Lillsj\u00f6.jpg 326w, https:\/\/www.lassebacklund.fi\/wp-content\/uploads\/2018\/03\/19260619-Maria-H\u00e4gg-s\u00e4ljer-l\u00e4genhet-i-Lillsj\u00f6-300x151.jpg 300w\" sizes=\"auto, (max-width: 326px) 100vw, 326px\" \/><figcaption id=\"caption-attachment-8072\" class=\"wp-caption-text\">Maria H\u00e4gg, som var mor bland annat till &#8221;Ulla-Miili&#8221; s\u00e4ljer en liten l\u00e4genhet &#8221;med n\u00f6diga \u00e5byggnader&#8221; i Lillsj\u00f6 bakom Berg\u00e5sen<\/figcaption><\/figure>\n<figure id=\"attachment_8071\" aria-describedby=\"caption-attachment-8071\" style=\"width: 271px\" class=\"wp-caption aligncenter\"><img loading=\"lazy\" decoding=\"async\" class=\"size-full wp-image-8071\" src=\"http:\/\/www.lassebacklund.fi\/wp-content\/uploads\/2018\/03\/19260619-Emil-B\u00e5sk-slumpar-bort-i-Henriksons-g\u00e5rd.jpg\" alt=\"19.6. Emil B\u00e5sk, som hade varit bonde p\u00e5 \u00c5backan bedrev handel i Kristinestad n\u00e5gra \u00e5r f\u00f6re han med sin familj flyttade till Helsingfors. H\u00e4r slumpas det sista bort p\u00e5 auktion, som han h\u00f6ll i butiken som fanns i Frans Henriksons g\u00e5rd vid torget.\" width=\"271\" height=\"248\" \/><figcaption id=\"caption-attachment-8071\" class=\"wp-caption-text\">19.6. Emil B\u00e5sk, som hade varit bonde p\u00e5 \u00c5backan bedrev handel i Kristinestad n\u00e5gra \u00e5r f\u00f6re han med sin familj flyttade till Helsingfors. H\u00e4r slumpas det sista bort p\u00e5 auktion, som han h\u00f6ll i butiken som fanns i Frans Henriksons g\u00e5rd vid torget.<\/figcaption><\/figure>\n<figure id=\"attachment_8070\" aria-describedby=\"caption-attachment-8070\" style=\"width: 280px\" class=\"wp-caption aligncenter\"><img loading=\"lazy\" decoding=\"async\" class=\"size-full wp-image-8070\" src=\"http:\/\/www.lassebacklund.fi\/wp-content\/uploads\/2018\/03\/19260529-DUF-lotteri.jpg\" alt=\"29.5. DUF ordnar ett lotteri, som den tiden var en stor tillst\u00e4llning. Sj\u00e4lva lotteriet med 6 000 s\u00e5lda lotter kr\u00e4vde landsh\u00f6vdingens tillst\u00e5nd. Musik av kantorn Otto Storfors.\" width=\"280\" height=\"310\" srcset=\"https:\/\/www.lassebacklund.fi\/wp-content\/uploads\/2018\/03\/19260529-DUF-lotteri.jpg 280w, https:\/\/www.lassebacklund.fi\/wp-content\/uploads\/2018\/03\/19260529-DUF-lotteri-271x300.jpg 271w\" sizes=\"auto, (max-width: 280px) 100vw, 280px\" \/><figcaption id=\"caption-attachment-8070\" class=\"wp-caption-text\">29.5. DUF ordnar ett lotteri, som den tiden var en stor tillst\u00e4llning. Sj\u00e4lva lotteriet med 6 000 s\u00e5lda lotter kr\u00e4vde landsh\u00f6vdingens tillst\u00e5nd. Musik av kantorn Otto Storfors.<\/figcaption><\/figure>\n<figure id=\"attachment_8069\" aria-describedby=\"caption-attachment-8069\" style=\"width: 285px\" class=\"wp-caption aligncenter\"><img loading=\"lazy\" decoding=\"async\" class=\"size-full wp-image-8069\" src=\"http:\/\/www.lassebacklund.fi\/wp-content\/uploads\/2018\/03\/19260501-Auktion-efter-Viktor-Str\u00f6mberg.jpg\" alt=\"1.5. Str\u00f6mbergas Fia s\u00e4ljer mannens kl\u00e4der och en 100 \u00e5r gammal rya p\u00e5 auktion. De bodde i tiderna i en g\u00e5rd som stod n\u00e4ra Ragnar och Ellen Skogmans g\u00e5rd p\u00e5 Stor\u00e5v\u00e4gen.\" width=\"285\" height=\"322\" srcset=\"https:\/\/www.lassebacklund.fi\/wp-content\/uploads\/2018\/03\/19260501-Auktion-efter-Viktor-Str\u00f6mberg.jpg 285w, https:\/\/www.lassebacklund.fi\/wp-content\/uploads\/2018\/03\/19260501-Auktion-efter-Viktor-Str\u00f6mberg-266x300.jpg 266w\" sizes=\"auto, (max-width: 285px) 100vw, 285px\" \/><figcaption id=\"caption-attachment-8069\" class=\"wp-caption-text\">1.5. Str\u00f6mbergas Fia s\u00e4ljer mannens kl\u00e4der och en 100 \u00e5r gammal rya p\u00e5 auktion. De bodde i tiderna i en g\u00e5rd som stod n\u00e4ra Ragnar och Ellen Skogmans g\u00e5rd p\u00e5 Stor\u00e5v\u00e4gen.<\/figcaption><\/figure>\n<figure id=\"attachment_8068\" aria-describedby=\"caption-attachment-8068\" style=\"width: 263px\" class=\"wp-caption aligncenter\"><img loading=\"lazy\" decoding=\"async\" class=\"size-full wp-image-8068\" src=\"http:\/\/www.lassebacklund.fi\/wp-content\/uploads\/2018\/03\/19260407-DUF-fest.jpg\" alt=\"7.4. Syd-\u00d6sterbotten.\" width=\"263\" height=\"219\" \/><figcaption id=\"caption-attachment-8068\" class=\"wp-caption-text\">7.4. Syd-\u00d6sterbotten.<\/figcaption><\/figure>\n<figure id=\"attachment_8067\" aria-describedby=\"caption-attachment-8067\" style=\"width: 317px\" class=\"wp-caption aligncenter\"><img loading=\"lazy\" decoding=\"async\" class=\"size-full wp-image-8067\" src=\"http:\/\/www.lassebacklund.fi\/wp-content\/uploads\/2018\/03\/19260320-Stockar-tas-emot-p\u00e5-Ragnarsvik.jpg\" alt=\"20.3. Syd-\u00d6sterbotten\" width=\"317\" height=\"281\" srcset=\"https:\/\/www.lassebacklund.fi\/wp-content\/uploads\/2018\/03\/19260320-Stockar-tas-emot-p\u00e5-Ragnarsvik.jpg 317w, https:\/\/www.lassebacklund.fi\/wp-content\/uploads\/2018\/03\/19260320-Stockar-tas-emot-p\u00e5-Ragnarsvik-300x266.jpg 300w\" sizes=\"auto, (max-width: 317px) 100vw, 317px\" \/><figcaption id=\"caption-attachment-8067\" class=\"wp-caption-text\">20.3. Syd-\u00d6sterbotten<\/figcaption><\/figure>\n<figure id=\"attachment_8066\" aria-describedby=\"caption-attachment-8066\" style=\"width: 323px\" class=\"wp-caption aligncenter\"><img loading=\"lazy\" decoding=\"async\" class=\"size-full wp-image-8066\" src=\"http:\/\/www.lassebacklund.fi\/wp-content\/uploads\/2018\/03\/19260216-P\u00e4rus-Fors-h\u00e5ller-m\u00f6te-p\u00e5-\u00f6stra-sidan.jpg\" alt=\"16.2. P\u00e4rus-Fors h\u00f6ll detta \u00e5r bolagsst\u00e4mma i Viktor Nylunds nya g\u00e5rd, som ligger vid K\u00f6pmansgatan, n\u00e4ra j\u00e4rnv\u00e4gsstationen p\u00e5 \u00d6stra sidan\" width=\"323\" height=\"452\" srcset=\"https:\/\/www.lassebacklund.fi\/wp-content\/uploads\/2018\/03\/19260216-P\u00e4rus-Fors-h\u00e5ller-m\u00f6te-p\u00e5-\u00f6stra-sidan.jpg 323w, https:\/\/www.lassebacklund.fi\/wp-content\/uploads\/2018\/03\/19260216-P\u00e4rus-Fors-h\u00e5ller-m\u00f6te-p\u00e5-\u00f6stra-sidan-214x300.jpg 214w\" sizes=\"auto, (max-width: 323px) 100vw, 323px\" \/><figcaption id=\"caption-attachment-8066\" class=\"wp-caption-text\">16.2. P\u00e4rus-Fors h\u00f6ll detta \u00e5r bolagsst\u00e4mma i Viktor Nylunds nya g\u00e5rd, som ligger vid K\u00f6pmansgatan, n\u00e4ra j\u00e4rnv\u00e4gsstationen p\u00e5 \u00d6stra sidan<\/figcaption><\/figure>\n<figure id=\"attachment_8065\" aria-describedby=\"caption-attachment-8065\" style=\"width: 320px\" class=\"wp-caption aligncenter\"><img loading=\"lazy\" decoding=\"async\" class=\"size-full wp-image-8065\" src=\"http:\/\/www.lassebacklund.fi\/wp-content\/uploads\/2018\/03\/19260206-V\u00e4gar-i-d\u00e5ligt-skick.jpg\" alt=\"6.2. Syd-\u00d6sterbotten.\" width=\"320\" height=\"510\" srcset=\"https:\/\/www.lassebacklund.fi\/wp-content\/uploads\/2018\/03\/19260206-V\u00e4gar-i-d\u00e5ligt-skick.jpg 320w, https:\/\/www.lassebacklund.fi\/wp-content\/uploads\/2018\/03\/19260206-V\u00e4gar-i-d\u00e5ligt-skick-188x300.jpg 188w\" sizes=\"auto, (max-width: 320px) 100vw, 320px\" \/><figcaption id=\"caption-attachment-8065\" class=\"wp-caption-text\">6.2. Syd-\u00d6sterbotten.<\/figcaption><\/figure>\n<figure id=\"attachment_8064\" aria-describedby=\"caption-attachment-8064\" style=\"width: 275px\" class=\"wp-caption aligncenter\"><img loading=\"lazy\" decoding=\"async\" class=\"size-full wp-image-8064\" src=\"http:\/\/www.lassebacklund.fi\/wp-content\/uploads\/2018\/03\/19260130-Storhannus-kallar-till-m\u00f6te-om-mejeri.jpg\" alt=\"30.1. Det fanns ett stort intresse att bygga ett stort andelsmejeri men det gick inte att komma \u00f6verens om placeringen. Detta ledde senare till att byarna Lappfj\u00e4rd, H\u00e4rkmeri och Dagsmark byggde egna mejerier.\" width=\"275\" height=\"267\" \/><figcaption id=\"caption-attachment-8064\" class=\"wp-caption-text\">30.1. Det fanns ett stort intresse att bygga ett stort andelsmejeri men det gick inte att komma \u00f6verens om placeringen. Detta ledde senare till att byarna Lappfj\u00e4rd, H\u00e4rkmeri och Dagsmark byggde egna mejerier.<\/figcaption><\/figure>\n<figure id=\"attachment_8063\" aria-describedby=\"caption-attachment-8063\" style=\"width: 264px\" class=\"wp-caption aligncenter\"><img loading=\"lazy\" decoding=\"async\" class=\"size-full wp-image-8063\" src=\"http:\/\/www.lassebacklund.fi\/wp-content\/uploads\/2018\/03\/19260127-Korsb\u00e4ck-v\u00e4g-och-bro.jpg\" alt=\"27.1. v\u00e4gen till Korsb\u00e4ck var den tiden privat och b\u00e5de den och bron skulle underh\u00e5llas av intressenterna.\" width=\"264\" height=\"263\" srcset=\"https:\/\/www.lassebacklund.fi\/wp-content\/uploads\/2018\/03\/19260127-Korsb\u00e4ck-v\u00e4g-och-bro.jpg 264w, https:\/\/www.lassebacklund.fi\/wp-content\/uploads\/2018\/03\/19260127-Korsb\u00e4ck-v\u00e4g-och-bro-150x150.jpg 150w\" sizes=\"auto, (max-width: 264px) 100vw, 264px\" \/><figcaption id=\"caption-attachment-8063\" class=\"wp-caption-text\">27.1. v\u00e4gen till Korsb\u00e4ck var den tiden privat och b\u00e5de den och bron skulle underh\u00e5llas av intressenterna.<\/figcaption><\/figure>\n<figure id=\"attachment_8062\" aria-describedby=\"caption-attachment-8062\" style=\"width: 282px\" class=\"wp-caption aligncenter\"><img loading=\"lazy\" decoding=\"async\" class=\"size-full wp-image-8062\" src=\"http:\/\/www.lassebacklund.fi\/wp-content\/uploads\/2018\/03\/19260123-Form\u00e4n-s\u00f6kes-till-Myynynjoki-Henrik-Norrg\u00e5rd.jpg\" alt=\"23.1. Form\u00e4n s\u00f6kes till Myynynjoki i Dagsmark. Henrik Norrg\u00e5rd bodde den tiden i Nybonds g\u00e5rd p\u00e5 \u00c5backan.\" width=\"282\" height=\"397\" srcset=\"https:\/\/www.lassebacklund.fi\/wp-content\/uploads\/2018\/03\/19260123-Form\u00e4n-s\u00f6kes-till-Myynynjoki-Henrik-Norrg\u00e5rd.jpg 282w, https:\/\/www.lassebacklund.fi\/wp-content\/uploads\/2018\/03\/19260123-Form\u00e4n-s\u00f6kes-till-Myynynjoki-Henrik-Norrg\u00e5rd-213x300.jpg 213w\" sizes=\"auto, (max-width: 282px) 100vw, 282px\" \/><figcaption id=\"caption-attachment-8062\" class=\"wp-caption-text\">23.1. Form\u00e4n s\u00f6kes till Myynynjoki i Dagsmark. Henrik Norrg\u00e5rd bodde den tiden i Nybonds g\u00e5rd p\u00e5 \u00c5backan.<\/figcaption><\/figure>\n","protected":false},"excerpt":{"rendered":"","protected":false},"author":1,"featured_media":0,"parent":8060,"menu_order":1926,"comment_status":"closed","ping_status":"closed","template":"","meta":{"footnotes":""},"class_list":["post-8080","page","type-page","status-publish","hentry"],"_links":{"self":[{"href":"https:\/\/www.lassebacklund.fi\/index.php?rest_route=\/wp\/v2\/pages\/8080","targetHints":{"allow":["GET"]}}],"collection":[{"href":"https:\/\/www.lassebacklund.fi\/index.php?rest_route=\/wp\/v2\/pages"}],"about":[{"href":"https:\/\/www.lassebacklund.fi\/index.php?rest_route=\/wp\/v2\/types\/page"}],"author":[{"embeddable":true,"href":"https:\/\/www.lassebacklund.fi\/index.php?rest_route=\/wp\/v2\/users\/1"}],"replies":[{"embeddable":true,"href":"https:\/\/www.lassebacklund.fi\/index.php?rest_route=%2Fwp%2Fv2%2Fcomments&post=8080"}],"version-history":[{"count":3,"href":"https:\/\/www.lassebacklund.fi\/index.php?rest_route=\/wp\/v2\/pages\/8080\/revisions"}],"predecessor-version":[{"id":8087,"href":"https:\/\/www.lassebacklund.fi\/index.php?rest_route=\/wp\/v2\/pages\/8080\/revisions\/8087"}],"up":[{"embeddable":true,"href":"https:\/\/www.lassebacklund.fi\/index.php?rest_route=\/wp\/v2\/pages\/8060"}],"wp:attachment":[{"href":"https:\/\/www.lassebacklund.fi\/index.php?rest_route=%2Fwp%2Fv2%2Fmedia&parent=8080"}],"curies":[{"name":"wp","href":"https:\/\/api.w.org\/{rel}","templated":true}]}}