{"id":8025,"date":"2018-03-29T18:08:32","date_gmt":"2018-03-29T16:08:32","guid":{"rendered":"http:\/\/www.lassebacklund.fi\/?page_id=8025"},"modified":"2026-03-15T18:35:34","modified_gmt":"2026-03-15T16:35:34","slug":"kristinestads-historia","status":"publish","type":"page","link":"https:\/\/www.lassebacklund.fi\/?page_id=8025","title":{"rendered":"Kristinestads historia"},"content":{"rendered":"<p>Sedan \u00e5r 1973 \u00e4r Dagsmark by en del av Kristinestad. Den staden grundades \u00e5r 1649 p\u00e5 Kopp\u00f6, som den tiden var ett hemman i Tj\u00f6ck by i Lappfj\u00e4rds socken.<\/p>\n<p>Om du vill l\u00e4sa mera om stadens historia, l\u00e4sa om de gamla g\u00e5rdarna eller se vilka sev\u00e4rdheterna \u00e4r, s\u00e5 skall du klicka <a href=\"http:\/\/www.kristinestadshistoria.fi\/\"><span style=\"text-decoration: underline;\"><span style=\"color: #000080;\"><strong>H\u00c4R!<\/strong><\/span><\/span><\/a><\/p>\n<h4><\/h4>\n<h4><\/h4>\n<h6><\/h6>\n<h6><\/h6>\n<h6><\/h6>\n<h6><\/h6>\n<h6><\/h6>\n<p>&nbsp;<\/p>\n","protected":false},"excerpt":{"rendered":"<p>Sedan \u00e5r 1973 \u00e4r Dagsmark by en del av Kristinestad. Den staden grundades \u00e5r 1649 p\u00e5 Kopp\u00f6, som den tiden var ett hemman i Tj\u00f6ck by i Lappfj\u00e4rds socken. Om du vill l\u00e4sa mera om stadens historia, l\u00e4sa om de <a class=\"more-link\" href=\"https:\/\/www.lassebacklund.fi\/?page_id=8025\">Forts\u00e4tt l\u00e4sa <span class=\"screen-reader-text\">  Kristinestads historia<\/span><span class=\"meta-nav\">&rarr;<\/span><\/a><\/p>\n","protected":false},"author":1,"featured_media":0,"parent":0,"menu_order":13,"comment_status":"closed","ping_status":"closed","template":"","meta":{"footnotes":""},"class_list":["post-8025","page","type-page","status-publish","hentry"],"_links":{"self":[{"href":"https:\/\/www.lassebacklund.fi\/index.php?rest_route=\/wp\/v2\/pages\/8025","targetHints":{"allow":["GET"]}}],"collection":[{"href":"https:\/\/www.lassebacklund.fi\/index.php?rest_route=\/wp\/v2\/pages"}],"about":[{"href":"https:\/\/www.lassebacklund.fi\/index.php?rest_route=\/wp\/v2\/types\/page"}],"author":[{"embeddable":true,"href":"https:\/\/www.lassebacklund.fi\/index.php?rest_route=\/wp\/v2\/users\/1"}],"replies":[{"embeddable":true,"href":"https:\/\/www.lassebacklund.fi\/index.php?rest_route=%2Fwp%2Fv2%2Fcomments&post=8025"}],"version-history":[{"count":50,"href":"https:\/\/www.lassebacklund.fi\/index.php?rest_route=\/wp\/v2\/pages\/8025\/revisions"}],"predecessor-version":[{"id":25682,"href":"https:\/\/www.lassebacklund.fi\/index.php?rest_route=\/wp\/v2\/pages\/8025\/revisions\/25682"}],"wp:attachment":[{"href":"https:\/\/www.lassebacklund.fi\/index.php?rest_route=%2Fwp%2Fv2%2Fmedia&parent=8025"}],"curies":[{"name":"wp","href":"https:\/\/api.w.org\/{rel}","templated":true}]}}