{"id":80,"date":"2016-07-13T14:30:20","date_gmt":"2016-07-13T12:30:20","guid":{"rendered":"http:\/\/www.lassebacklund.fi\/wp\/?page_id=80"},"modified":"2019-02-16T22:40:00","modified_gmt":"2019-02-16T20:40:00","slug":"lisa-moravagen","status":"publish","type":"page","link":"https:\/\/www.lassebacklund.fi\/?page_id=80","title":{"rendered":"Lisa-Morav\u00e4gen"},"content":{"rendered":"<p><span class=\"Normal-C\">Klicka p\u00e5 \u00f6nskad g\u00e5rd och&nbsp;husnummer h\u00e4r nedan, s\u00e5&nbsp; f\u00e5r du l\u00e4sa mera.<\/span><\/p>\n<h6><a class=\"fasc-button fasc-size-medium fasc-type-glossy fasc-rounded-medium\" style=\"background-color: #33809e; color: #ffffff;\" href=\"http:\/\/www.lassebacklund.fi\/?page_id=11334\">28 Haga Leander Lund<\/a><\/h6>\n<p><a class=\"fasc-button fasc-size-medium fasc-type-glossy fasc-rounded-medium\" style=\"background-color: #33809e; color: #ffffff;\" href=\"http:\/\/www.lassebacklund.fi\/?page_id=10040\">35 Hentela-Huldas eller Skogs-Rudis<\/a><\/p>\n<h6>&nbsp;<\/h6>\n","protected":false},"excerpt":{"rendered":"<p>Klicka p\u00e5 \u00f6nskad g\u00e5rd och&nbsp;husnummer h\u00e4r nedan, s\u00e5&nbsp; f\u00e5r du l\u00e4sa mera. 28 Haga Leander Lund 35 Hentela-Huldas eller Skogs-Rudis &nbsp;<\/p>\n","protected":false},"author":1,"featured_media":0,"parent":51,"menu_order":0,"comment_status":"closed","ping_status":"closed","template":"","meta":{"footnotes":""},"class_list":["post-80","page","type-page","status-publish","hentry"],"_links":{"self":[{"href":"https:\/\/www.lassebacklund.fi\/index.php?rest_route=\/wp\/v2\/pages\/80","targetHints":{"allow":["GET"]}}],"collection":[{"href":"https:\/\/www.lassebacklund.fi\/index.php?rest_route=\/wp\/v2\/pages"}],"about":[{"href":"https:\/\/www.lassebacklund.fi\/index.php?rest_route=\/wp\/v2\/types\/page"}],"author":[{"embeddable":true,"href":"https:\/\/www.lassebacklund.fi\/index.php?rest_route=\/wp\/v2\/users\/1"}],"replies":[{"embeddable":true,"href":"https:\/\/www.lassebacklund.fi\/index.php?rest_route=%2Fwp%2Fv2%2Fcomments&post=80"}],"version-history":[{"count":12,"href":"https:\/\/www.lassebacklund.fi\/index.php?rest_route=\/wp\/v2\/pages\/80\/revisions"}],"predecessor-version":[{"id":11337,"href":"https:\/\/www.lassebacklund.fi\/index.php?rest_route=\/wp\/v2\/pages\/80\/revisions\/11337"}],"up":[{"embeddable":true,"href":"https:\/\/www.lassebacklund.fi\/index.php?rest_route=\/wp\/v2\/pages\/51"}],"wp:attachment":[{"href":"https:\/\/www.lassebacklund.fi\/index.php?rest_route=%2Fwp%2Fv2%2Fmedia&parent=80"}],"curies":[{"name":"wp","href":"https:\/\/api.w.org\/{rel}","templated":true}]}}