{"id":7972,"date":"2018-03-26T22:34:00","date_gmt":"2018-03-26T20:34:00","guid":{"rendered":"http:\/\/www.lassebacklund.fi\/?page_id=7972"},"modified":"2024-04-25T10:18:27","modified_gmt":"2024-04-25T07:18:27","slug":"selims-foton-fran-aren-1956-1957","status":"publish","type":"page","link":"https:\/\/www.lassebacklund.fi\/?page_id=7972","title":{"rendered":"Selims foton fr\u00e5n \u00e5ren 1956 &#8211; 1957."},"content":{"rendered":"<p>H\u00e4r n\u00e5gra av folkskoll\u00e4raren Selim Bj\u00f6rses\u00b4 fotografier, som han tog mellan \u00e5ren 1956-57. Eric Stens har identifierat personerna och skrivit de flesta texter. Fotografierna \u00e4r fr\u00e5n Svenska Litteraturs\u00e4llskapets arkiv i Vasa.<\/p>\n<figure id=\"attachment_7965\" aria-describedby=\"caption-attachment-7965\" style=\"width: 1200px\" class=\"wp-caption aligncenter\"><img loading=\"lazy\" decoding=\"async\" class=\"size-full wp-image-7965\" src=\"http:\/\/www.lassebacklund.fi\/wp-content\/uploads\/2018\/03\/ota295_foto_0646.jpg\" alt=\"Till v\u00e4nster l\u00e4rarbostaden, som \u00e5r 1879 byggdes till Lappfj\u00e4rds bys f\u00f6rsta folkskola. N\u00e4r den nya skolbyggnaden till h\u00f6ger byggdes 1893, s\u00e5 renoverades den gamla skolan till tv\u00e5 bost\u00e4der. Den ena var \u00e4mnad \u00e5t l\u00e4raren och den andra skulle den kommande l\u00e4rarinnan kunna bo i.\" width=\"1200\" height=\"805\" srcset=\"https:\/\/www.lassebacklund.fi\/wp-content\/uploads\/2018\/03\/ota295_foto_0646.jpg 1200w, https:\/\/www.lassebacklund.fi\/wp-content\/uploads\/2018\/03\/ota295_foto_0646-300x201.jpg 300w, https:\/\/www.lassebacklund.fi\/wp-content\/uploads\/2018\/03\/ota295_foto_0646-768x515.jpg 768w, https:\/\/www.lassebacklund.fi\/wp-content\/uploads\/2018\/03\/ota295_foto_0646-1024x687.jpg 1024w\" sizes=\"auto, (max-width: 1200px) 100vw, 1200px\" \/><figcaption id=\"caption-attachment-7965\" class=\"wp-caption-text\">Till v\u00e4nster l\u00e4rarbostaden, som \u00e5r 1879 byggdes till Lappfj\u00e4rds bys f\u00f6rsta folkskola. N\u00e4r den nya skolbyggnaden till h\u00f6ger byggdes 1893, s\u00e5 renoverades den gamla skolan till tv\u00e5 bost\u00e4der. Den ena var \u00e4mnad \u00e5t l\u00e4raren och den andra skulle den kommande l\u00e4rarinnan kunna bo i.<\/figcaption><\/figure>\n<figure id=\"attachment_7957\" aria-describedby=\"caption-attachment-7957\" style=\"width: 1200px\" class=\"wp-caption aligncenter\"><img loading=\"lazy\" decoding=\"async\" class=\"size-full wp-image-7957\" src=\"http:\/\/www.lassebacklund.fi\/wp-content\/uploads\/2018\/03\/ota295_foto_0637.jpg\" alt=\"Grunden till den nya Centralskolan i Stort\u00e5get gr\u00e4vdes med denna vajergr\u00e4vmaskin \u00e5r 1957.\" width=\"1200\" height=\"807\" srcset=\"https:\/\/www.lassebacklund.fi\/wp-content\/uploads\/2018\/03\/ota295_foto_0637.jpg 1200w, https:\/\/www.lassebacklund.fi\/wp-content\/uploads\/2018\/03\/ota295_foto_0637-300x202.jpg 300w, https:\/\/www.lassebacklund.fi\/wp-content\/uploads\/2018\/03\/ota295_foto_0637-768x516.jpg 768w, https:\/\/www.lassebacklund.fi\/wp-content\/uploads\/2018\/03\/ota295_foto_0637-1024x689.jpg 1024w\" sizes=\"auto, (max-width: 1200px) 100vw, 1200px\" \/><figcaption id=\"caption-attachment-7957\" class=\"wp-caption-text\">Grunden till den nya Centralskolan i Stort\u00e5get gr\u00e4vdes med denna vajergr\u00e4vmaskin \u00e5r 1957.<\/figcaption><\/figure>\n<figure id=\"attachment_7956\" aria-describedby=\"caption-attachment-7956\" style=\"width: 1200px\" class=\"wp-caption aligncenter\"><img loading=\"lazy\" decoding=\"async\" class=\"size-full wp-image-7956\" src=\"http:\/\/www.lassebacklund.fi\/wp-content\/uploads\/2018\/03\/ota295_foto_0636.jpg\" alt=\"1957 gr\u00e4vs grunden f\u00f6r den nya Centralskolan. Gr\u00e4vmaskinen tillh\u00f6r Olof och Helge Holm, Ragnar Jossandt och Runar Storsj\u00f6. I bakgrunden syns Storhannus g\u00e5rd.\" width=\"1200\" height=\"814\" srcset=\"https:\/\/www.lassebacklund.fi\/wp-content\/uploads\/2018\/03\/ota295_foto_0636.jpg 1200w, https:\/\/www.lassebacklund.fi\/wp-content\/uploads\/2018\/03\/ota295_foto_0636-300x204.jpg 300w, https:\/\/www.lassebacklund.fi\/wp-content\/uploads\/2018\/03\/ota295_foto_0636-768x521.jpg 768w, https:\/\/www.lassebacklund.fi\/wp-content\/uploads\/2018\/03\/ota295_foto_0636-1024x695.jpg 1024w\" sizes=\"auto, (max-width: 1200px) 100vw, 1200px\" \/><figcaption id=\"caption-attachment-7956\" class=\"wp-caption-text\">1957 gr\u00e4vs grunden f\u00f6r den nya Centralskolan. Gr\u00e4vmaskinen tillh\u00f6r Olof och Helge Holm, Ragnar Jossandt och Runar Storsj\u00f6. I bakgrunden syns Storhannus g\u00e5rd.<\/figcaption><\/figure>\n<figure id=\"attachment_7961\" aria-describedby=\"caption-attachment-7961\" style=\"width: 1190px\" class=\"wp-caption aligncenter\"><img loading=\"lazy\" decoding=\"async\" class=\"size-full wp-image-7961\" src=\"http:\/\/www.lassebacklund.fi\/wp-content\/uploads\/2018\/03\/ota295_foto_0642.jpg\" alt=\"P\u00e5 sommaren \u00e5r 1957 \u00e4r v\u00e4ggarna till den nya centralskolan f\u00e4rdigt murade.\" width=\"1190\" height=\"530\" srcset=\"https:\/\/www.lassebacklund.fi\/wp-content\/uploads\/2018\/03\/ota295_foto_0642.jpg 1190w, https:\/\/www.lassebacklund.fi\/wp-content\/uploads\/2018\/03\/ota295_foto_0642-300x134.jpg 300w, https:\/\/www.lassebacklund.fi\/wp-content\/uploads\/2018\/03\/ota295_foto_0642-768x342.jpg 768w, https:\/\/www.lassebacklund.fi\/wp-content\/uploads\/2018\/03\/ota295_foto_0642-1024x456.jpg 1024w\" sizes=\"auto, (max-width: 1190px) 100vw, 1190px\" \/><figcaption id=\"caption-attachment-7961\" class=\"wp-caption-text\">P\u00e5 sommaren \u00e5r 1957 \u00e4r v\u00e4ggarna till den nya centralskolan f\u00e4rdigt murade.<\/figcaption><\/figure>\n<figure id=\"attachment_7962\" aria-describedby=\"caption-attachment-7962\" style=\"width: 1200px\" class=\"wp-caption aligncenter\"><img loading=\"lazy\" decoding=\"async\" class=\"size-full wp-image-7962\" src=\"http:\/\/www.lassebacklund.fi\/wp-content\/uploads\/2018\/03\/ota295_foto_0643.jpg\" alt=\"Kommunens m\u00e4n diskuterar bygget av Centralskolan med byggarna. I bakgrunden syns Jakob af H\u00e4llstr\u00f6ms h\u00e4bbre.\" width=\"1200\" height=\"805\" srcset=\"https:\/\/www.lassebacklund.fi\/wp-content\/uploads\/2018\/03\/ota295_foto_0643.jpg 1200w, https:\/\/www.lassebacklund.fi\/wp-content\/uploads\/2018\/03\/ota295_foto_0643-300x201.jpg 300w, https:\/\/www.lassebacklund.fi\/wp-content\/uploads\/2018\/03\/ota295_foto_0643-768x515.jpg 768w, https:\/\/www.lassebacklund.fi\/wp-content\/uploads\/2018\/03\/ota295_foto_0643-1024x687.jpg 1024w\" sizes=\"auto, (max-width: 1200px) 100vw, 1200px\" \/><figcaption id=\"caption-attachment-7962\" class=\"wp-caption-text\">Kommunens m\u00e4n diskuterar bygget av Centralskolan med byggarna. I bakgrunden syns Jakob af H\u00e4llstr\u00f6ms h\u00e4bbre.<\/figcaption><\/figure>\n<figure id=\"attachment_7963\" aria-describedby=\"caption-attachment-7963\" style=\"width: 1200px\" class=\"wp-caption aligncenter\"><img loading=\"lazy\" decoding=\"async\" class=\"size-full wp-image-7963\" src=\"http:\/\/www.lassebacklund.fi\/wp-content\/uploads\/2018\/03\/ota295_foto_0644.jpg\" alt=\"Centralskolan nybygge p\u00e5g\u00e5r och \u00e4nnu st\u00e5r Axel Klockars uthus kvar. Andra fr\u00e5n v\u00e4nster \u00e4r \u00c5ke \u00c5lgars, bredvid honom kommunalbyggm\u00e4staren Lillsunde. Till h\u00f6ger st\u00e5r Ingvar Smeds och Erik L\u00f6nnqvist.\" width=\"1200\" height=\"805\" srcset=\"https:\/\/www.lassebacklund.fi\/wp-content\/uploads\/2018\/03\/ota295_foto_0644.jpg 1200w, https:\/\/www.lassebacklund.fi\/wp-content\/uploads\/2018\/03\/ota295_foto_0644-300x201.jpg 300w, https:\/\/www.lassebacklund.fi\/wp-content\/uploads\/2018\/03\/ota295_foto_0644-768x515.jpg 768w, https:\/\/www.lassebacklund.fi\/wp-content\/uploads\/2018\/03\/ota295_foto_0644-1024x687.jpg 1024w\" sizes=\"auto, (max-width: 1200px) 100vw, 1200px\" \/><figcaption id=\"caption-attachment-7963\" class=\"wp-caption-text\">Centralskolan nybygge p\u00e5g\u00e5r och \u00e4nnu st\u00e5r Axel Klockars uthus kvar. Andra fr\u00e5n v\u00e4nster \u00e4r \u00c5ke \u00c5lgars, bredvid honom kommunalbyggm\u00e4staren Lillsunde. Till h\u00f6ger st\u00e5r Ingvar Smeds och Erik L\u00f6nnqvist.<\/figcaption><\/figure>\n<figure id=\"attachment_7955\" aria-describedby=\"caption-attachment-7955\" style=\"width: 1200px\" class=\"wp-caption aligncenter\"><img loading=\"lazy\" decoding=\"async\" class=\"size-full wp-image-7955\" src=\"http:\/\/www.lassebacklund.fi\/wp-content\/uploads\/2018\/03\/ota295_foto_0635.jpg\" alt=\"Vy \u00f6ver H\u00e4rkmeri 1956. Den stora g\u00e5rden mitt i bild \u00e4r gamla Hakkela g\u00e5rd. Till h\u00f6ger systrarna Edit och Eva Grannas g\u00e5rd och till v\u00e4nster bakom rian Haglunds g\u00e5rd.\" width=\"1200\" height=\"669\" srcset=\"https:\/\/www.lassebacklund.fi\/wp-content\/uploads\/2018\/03\/ota295_foto_0635.jpg 1200w, https:\/\/www.lassebacklund.fi\/wp-content\/uploads\/2018\/03\/ota295_foto_0635-300x167.jpg 300w, https:\/\/www.lassebacklund.fi\/wp-content\/uploads\/2018\/03\/ota295_foto_0635-768x428.jpg 768w, https:\/\/www.lassebacklund.fi\/wp-content\/uploads\/2018\/03\/ota295_foto_0635-1024x571.jpg 1024w\" sizes=\"auto, (max-width: 1200px) 100vw, 1200px\" \/><figcaption id=\"caption-attachment-7955\" class=\"wp-caption-text\">Vy \u00f6ver H\u00e4rkmeri 1956. Den stora g\u00e5rden mitt i bild \u00e4r gamla Hakkela g\u00e5rd. Till h\u00f6ger systrarna Edit och Eva Grannas g\u00e5rd och till v\u00e4nster bakom rian Haglunds g\u00e5rd.<\/figcaption><\/figure>\n<figure id=\"attachment_7954\" aria-describedby=\"caption-attachment-7954\" style=\"width: 1200px\" class=\"wp-caption aligncenter\"><img loading=\"lazy\" decoding=\"async\" class=\"size-full wp-image-7954\" src=\"http:\/\/www.lassebacklund.fi\/wp-content\/uploads\/2018\/03\/ota295_foto_0634.jpg\" alt=\"V\u00e5rfloden i Lappfj\u00e4rds \u00e5 1956. Till v\u00e4nster Helsingforsbanken, i mitten garvare Stenmans g\u00e5rd och till h\u00f6ger lantm\u00e4tare Molanders g\u00e5rd. Den kommande brobanken till Centralbron \u00e4r utstakad i \u00e5n.\" width=\"1200\" height=\"805\" srcset=\"https:\/\/www.lassebacklund.fi\/wp-content\/uploads\/2018\/03\/ota295_foto_0634.jpg 1200w, https:\/\/www.lassebacklund.fi\/wp-content\/uploads\/2018\/03\/ota295_foto_0634-300x201.jpg 300w, https:\/\/www.lassebacklund.fi\/wp-content\/uploads\/2018\/03\/ota295_foto_0634-768x515.jpg 768w, https:\/\/www.lassebacklund.fi\/wp-content\/uploads\/2018\/03\/ota295_foto_0634-1024x687.jpg 1024w\" sizes=\"auto, (max-width: 1200px) 100vw, 1200px\" \/><figcaption id=\"caption-attachment-7954\" class=\"wp-caption-text\">V\u00e5rfloden i Lappfj\u00e4rds \u00e5 1956. Till v\u00e4nster Helsingforsbanken, i mitten garvare Stenmans g\u00e5rd och till h\u00f6ger lantm\u00e4tare Molanders g\u00e5rd. Den kommande brobanken till Centralbron \u00e4r utstakad i \u00e5n.<\/figcaption><\/figure>\n<figure id=\"attachment_7958\" aria-describedby=\"caption-attachment-7958\" style=\"width: 1200px\" class=\"wp-caption aligncenter\"><img loading=\"lazy\" decoding=\"async\" class=\"size-full wp-image-7958\" src=\"http:\/\/www.lassebacklund.fi\/wp-content\/uploads\/2018\/03\/ota295_foto_0638.jpg\" alt=\"L\u00e4rarbostaden till v\u00e4nster och s\u00f6dra folkskolan till h\u00f6ger, \u00e5r 1957.\" width=\"1200\" height=\"806\" srcset=\"https:\/\/www.lassebacklund.fi\/wp-content\/uploads\/2018\/03\/ota295_foto_0638.jpg 1200w, https:\/\/www.lassebacklund.fi\/wp-content\/uploads\/2018\/03\/ota295_foto_0638-300x202.jpg 300w, https:\/\/www.lassebacklund.fi\/wp-content\/uploads\/2018\/03\/ota295_foto_0638-768x516.jpg 768w, https:\/\/www.lassebacklund.fi\/wp-content\/uploads\/2018\/03\/ota295_foto_0638-1024x688.jpg 1024w\" sizes=\"auto, (max-width: 1200px) 100vw, 1200px\" \/><figcaption id=\"caption-attachment-7958\" class=\"wp-caption-text\">L\u00e4rarbostaden till v\u00e4nster och s\u00f6dra folkskolan till h\u00f6ger, \u00e5r 1957.<\/figcaption><\/figure>\n<figure id=\"attachment_7960\" aria-describedby=\"caption-attachment-7960\" style=\"width: 1185px\" class=\"wp-caption aligncenter\"><img loading=\"lazy\" decoding=\"async\" class=\"size-full wp-image-7960\" src=\"http:\/\/www.lassebacklund.fi\/wp-content\/uploads\/2018\/03\/ota295_foto_0640.jpg\" alt=\"En del av Lappfj\u00e4rds framtid tillsammans med l\u00e4rarinnan Seidi Nordstr\u00f6m \u00e5r 1957.\" width=\"1185\" height=\"709\" srcset=\"https:\/\/www.lassebacklund.fi\/wp-content\/uploads\/2018\/03\/ota295_foto_0640.jpg 1185w, https:\/\/www.lassebacklund.fi\/wp-content\/uploads\/2018\/03\/ota295_foto_0640-300x179.jpg 300w, https:\/\/www.lassebacklund.fi\/wp-content\/uploads\/2018\/03\/ota295_foto_0640-768x460.jpg 768w, https:\/\/www.lassebacklund.fi\/wp-content\/uploads\/2018\/03\/ota295_foto_0640-1024x613.jpg 1024w\" sizes=\"auto, (max-width: 1185px) 100vw, 1185px\" \/><figcaption id=\"caption-attachment-7960\" class=\"wp-caption-text\">En del av Lappfj\u00e4rds framtid tillsammans med l\u00e4rarinnan Seidi Nordstr\u00f6m \u00e5r 1957.<\/figcaption><\/figure>\n<figure id=\"attachment_7966\" aria-describedby=\"caption-attachment-7966\" style=\"width: 1200px\" class=\"wp-caption aligncenter\"><img loading=\"lazy\" decoding=\"async\" class=\"size-full wp-image-7966\" src=\"http:\/\/www.lassebacklund.fi\/wp-content\/uploads\/2018\/03\/ota295_foto_0647.jpg\" alt=\"\u00c4ppeltr\u00e4den blommar i Selims tr\u00e4dg\u00e5rd.\" width=\"1200\" height=\"803\" srcset=\"https:\/\/www.lassebacklund.fi\/wp-content\/uploads\/2018\/03\/ota295_foto_0647.jpg 1200w, https:\/\/www.lassebacklund.fi\/wp-content\/uploads\/2018\/03\/ota295_foto_0647-300x201.jpg 300w, https:\/\/www.lassebacklund.fi\/wp-content\/uploads\/2018\/03\/ota295_foto_0647-768x514.jpg 768w, https:\/\/www.lassebacklund.fi\/wp-content\/uploads\/2018\/03\/ota295_foto_0647-1024x685.jpg 1024w\" sizes=\"auto, (max-width: 1200px) 100vw, 1200px\" \/><figcaption id=\"caption-attachment-7966\" class=\"wp-caption-text\">\u00c4ppeltr\u00e4den blommar i Selims tr\u00e4dg\u00e5rd.<\/figcaption><\/figure>\n<figure id=\"attachment_7967\" aria-describedby=\"caption-attachment-7967\" style=\"width: 1049px\" class=\"wp-caption aligncenter\"><img loading=\"lazy\" decoding=\"async\" class=\"size-full wp-image-7967\" src=\"http:\/\/www.lassebacklund.fi\/wp-content\/uploads\/2018\/03\/ota295_foto_0648.jpg\" alt=\"Tr\u00e4dg\u00e5rden var ett k\u00e4rt fotograferingsobjekt f\u00f6r l\u00e4raren Selim Bj\u00f6rses.\" width=\"1049\" height=\"616\" srcset=\"https:\/\/www.lassebacklund.fi\/wp-content\/uploads\/2018\/03\/ota295_foto_0648.jpg 1049w, https:\/\/www.lassebacklund.fi\/wp-content\/uploads\/2018\/03\/ota295_foto_0648-300x176.jpg 300w, https:\/\/www.lassebacklund.fi\/wp-content\/uploads\/2018\/03\/ota295_foto_0648-768x451.jpg 768w, https:\/\/www.lassebacklund.fi\/wp-content\/uploads\/2018\/03\/ota295_foto_0648-1024x601.jpg 1024w\" sizes=\"auto, (max-width: 1049px) 100vw, 1049px\" \/><figcaption id=\"caption-attachment-7967\" class=\"wp-caption-text\">Tr\u00e4dg\u00e5rden var ett k\u00e4rt fotograferingsobjekt f\u00f6r l\u00e4raren Selim Bj\u00f6rses.<\/figcaption><\/figure>\n<figure id=\"attachment_7968\" aria-describedby=\"caption-attachment-7968\" style=\"width: 1200px\" class=\"wp-caption aligncenter\"><img loading=\"lazy\" decoding=\"async\" class=\"size-full wp-image-7968\" src=\"http:\/\/www.lassebacklund.fi\/wp-content\/uploads\/2018\/03\/ota295_foto_0649.jpg\" alt=\"Folkskoll\u00e4raren Selim Bj\u00f6rses i sin fina tr\u00e4dg\u00e5rd \u00e5r 1957.\" width=\"1200\" height=\"804\" srcset=\"https:\/\/www.lassebacklund.fi\/wp-content\/uploads\/2018\/03\/ota295_foto_0649.jpg 1200w, https:\/\/www.lassebacklund.fi\/wp-content\/uploads\/2018\/03\/ota295_foto_0649-300x201.jpg 300w, https:\/\/www.lassebacklund.fi\/wp-content\/uploads\/2018\/03\/ota295_foto_0649-768x515.jpg 768w, https:\/\/www.lassebacklund.fi\/wp-content\/uploads\/2018\/03\/ota295_foto_0649-1024x686.jpg 1024w\" sizes=\"auto, (max-width: 1200px) 100vw, 1200px\" \/><figcaption id=\"caption-attachment-7968\" class=\"wp-caption-text\">Folkskoll\u00e4raren Selim Bj\u00f6rses i sin fina tr\u00e4dg\u00e5rd \u00e5r 1957.<\/figcaption><\/figure>\n<figure id=\"attachment_7969\" aria-describedby=\"caption-attachment-7969\" style=\"width: 1200px\" class=\"wp-caption aligncenter\"><img loading=\"lazy\" decoding=\"async\" class=\"size-full wp-image-7969\" src=\"http:\/\/www.lassebacklund.fi\/wp-content\/uploads\/2018\/03\/ota295_foto_0650.jpg\" alt=\"L\u00e4rarinnan Seidi Nordstr\u00f6m p\u00e5 huk i blomrabatten i Selim Bj\u00f6rses v\u00e4lsk\u00f6tta tr\u00e4dg\u00e5rd, sommaren 1957.\" width=\"1200\" height=\"811\" srcset=\"https:\/\/www.lassebacklund.fi\/wp-content\/uploads\/2018\/03\/ota295_foto_0650.jpg 1200w, https:\/\/www.lassebacklund.fi\/wp-content\/uploads\/2018\/03\/ota295_foto_0650-300x203.jpg 300w, https:\/\/www.lassebacklund.fi\/wp-content\/uploads\/2018\/03\/ota295_foto_0650-768x519.jpg 768w, https:\/\/www.lassebacklund.fi\/wp-content\/uploads\/2018\/03\/ota295_foto_0650-1024x692.jpg 1024w\" sizes=\"auto, (max-width: 1200px) 100vw, 1200px\" \/><figcaption id=\"caption-attachment-7969\" class=\"wp-caption-text\">L\u00e4rarinnan Seidi Nordstr\u00f6m p\u00e5 huk i blomrabatten i Selim Bj\u00f6rses v\u00e4lsk\u00f6tta tr\u00e4dg\u00e5rd, sommaren 1957.<\/figcaption><\/figure>\n<figure id=\"attachment_7970\" aria-describedby=\"caption-attachment-7970\" style=\"width: 1200px\" class=\"wp-caption aligncenter\"><img loading=\"lazy\" decoding=\"async\" class=\"size-full wp-image-7970\" src=\"http:\/\/www.lassebacklund.fi\/wp-content\/uploads\/2018\/03\/ota295_foto_0651.jpg\" alt=\"F\u00e4rgfoto av tr\u00e4dg\u00e5rden utanf\u00f6r l\u00e4rarbostaden med kyrkan i bakgrunden, \u00e5ret \u00e4r 1957.\" width=\"1200\" height=\"809\" srcset=\"https:\/\/www.lassebacklund.fi\/wp-content\/uploads\/2018\/03\/ota295_foto_0651.jpg 1200w, https:\/\/www.lassebacklund.fi\/wp-content\/uploads\/2018\/03\/ota295_foto_0651-300x202.jpg 300w, https:\/\/www.lassebacklund.fi\/wp-content\/uploads\/2018\/03\/ota295_foto_0651-768x518.jpg 768w, https:\/\/www.lassebacklund.fi\/wp-content\/uploads\/2018\/03\/ota295_foto_0651-1024x690.jpg 1024w\" sizes=\"auto, (max-width: 1200px) 100vw, 1200px\" \/><figcaption id=\"caption-attachment-7970\" class=\"wp-caption-text\">F\u00e4rgfoto av tr\u00e4dg\u00e5rden utanf\u00f6r l\u00e4rarbostaden med kyrkan i bakgrunden, \u00e5ret \u00e4r 1957.<\/figcaption><\/figure>\n<figure id=\"attachment_7971\" aria-describedby=\"caption-attachment-7971\" style=\"width: 1200px\" class=\"wp-caption aligncenter\"><img loading=\"lazy\" decoding=\"async\" class=\"size-full wp-image-7971\" src=\"http:\/\/www.lassebacklund.fi\/wp-content\/uploads\/2018\/03\/ota295_foto_0652.jpg\" alt=\"Stenmuren vid s\u00f6dra folkskolan, fotograferad med f\u00e4rgfilm 1957.\" width=\"1200\" height=\"811\" srcset=\"https:\/\/www.lassebacklund.fi\/wp-content\/uploads\/2018\/03\/ota295_foto_0652.jpg 1200w, https:\/\/www.lassebacklund.fi\/wp-content\/uploads\/2018\/03\/ota295_foto_0652-300x203.jpg 300w, https:\/\/www.lassebacklund.fi\/wp-content\/uploads\/2018\/03\/ota295_foto_0652-768x519.jpg 768w, https:\/\/www.lassebacklund.fi\/wp-content\/uploads\/2018\/03\/ota295_foto_0652-1024x692.jpg 1024w\" sizes=\"auto, (max-width: 1200px) 100vw, 1200px\" \/><figcaption id=\"caption-attachment-7971\" class=\"wp-caption-text\">Stenmuren vid s\u00f6dra folkskolan, fotograferad med f\u00e4rgfilm 1957.<\/figcaption><\/figure>\n<p>Mera foton av Selim Bj\u00f6rses hittar du genom att klicka<a href=\"https:\/\/www.lassebacklund.fi\/?page_id=8374\"><span style=\"color: #000080;\"><strong> H\u00c4R!<\/strong><\/span><\/a><\/p>\n","protected":false},"excerpt":{"rendered":"<p>H\u00e4r n\u00e5gra av folkskoll\u00e4raren Selim Bj\u00f6rses\u00b4 fotografier, som han tog mellan \u00e5ren 1956-57. Eric Stens har identifierat personerna och skrivit de flesta texter. Fotografierna \u00e4r fr\u00e5n Svenska Litteraturs\u00e4llskapets arkiv i Vasa. Mera foton av Selim Bj\u00f6rses hittar du genom att <a class=\"more-link\" href=\"https:\/\/www.lassebacklund.fi\/?page_id=7972\">Forts\u00e4tt l\u00e4sa <span class=\"screen-reader-text\">  Selims foton fr\u00e5n \u00e5ren 1956 &#8211; 1957.<\/span><span class=\"meta-nav\">&rarr;<\/span><\/a><\/p>\n","protected":false},"author":1,"featured_media":0,"parent":4555,"menu_order":1956,"comment_status":"closed","ping_status":"closed","template":"","meta":{"footnotes":""},"class_list":["post-7972","page","type-page","status-publish","hentry"],"_links":{"self":[{"href":"https:\/\/www.lassebacklund.fi\/index.php?rest_route=\/wp\/v2\/pages\/7972","targetHints":{"allow":["GET"]}}],"collection":[{"href":"https:\/\/www.lassebacklund.fi\/index.php?rest_route=\/wp\/v2\/pages"}],"about":[{"href":"https:\/\/www.lassebacklund.fi\/index.php?rest_route=\/wp\/v2\/types\/page"}],"author":[{"embeddable":true,"href":"https:\/\/www.lassebacklund.fi\/index.php?rest_route=\/wp\/v2\/users\/1"}],"replies":[{"embeddable":true,"href":"https:\/\/www.lassebacklund.fi\/index.php?rest_route=%2Fwp%2Fv2%2Fcomments&post=7972"}],"version-history":[{"count":2,"href":"https:\/\/www.lassebacklund.fi\/index.php?rest_route=\/wp\/v2\/pages\/7972\/revisions"}],"predecessor-version":[{"id":22778,"href":"https:\/\/www.lassebacklund.fi\/index.php?rest_route=\/wp\/v2\/pages\/7972\/revisions\/22778"}],"up":[{"embeddable":true,"href":"https:\/\/www.lassebacklund.fi\/index.php?rest_route=\/wp\/v2\/pages\/4555"}],"wp:attachment":[{"href":"https:\/\/www.lassebacklund.fi\/index.php?rest_route=%2Fwp%2Fv2%2Fmedia&parent=7972"}],"curies":[{"name":"wp","href":"https:\/\/api.w.org\/{rel}","templated":true}]}}