{"id":790,"date":"2016-09-19T21:22:50","date_gmt":"2016-09-19T19:22:50","guid":{"rendered":"http:\/\/www.lassebacklund.fi\/?page_id=790"},"modified":"2020-09-23T17:40:32","modified_gmt":"2020-09-23T14:40:32","slug":"direktionerna-under-70-ar","status":"publish","type":"page","link":"https:\/\/www.lassebacklund.fi\/?page_id=790","title":{"rendered":"Direktionerna under 70 \u00e5r."},"content":{"rendered":"<p><strong>Direktionsordf\u00f6randena och ekonomerna.<\/strong><\/p>\n<p>Direktionen har under hela tiden fungerat som ett st\u00f6d f\u00f6r folkskolan och medlemmarna har offrat b\u00e5de tid och krafter f\u00f6r skolans b\u00e4sta. Skolans f\u00f6rsta direktion bestod av Erik Klemets, Karl Gustav Rosenback, Johan Storkull, Henrik Rosenback, Josef Andersson Klemets, Reinhold B\u00e5sk, Karl Klemets och Josef S\u00f6derholm.<\/p>\n<p>\u00c4nda fr\u00e5n starten 1878 har direktionen best\u00e5tt av k\u00e4nda bybor, men \u00e5r 1901 besl\u00f6t kommunalst\u00e4mman i Lappfj\u00e4rd att det skall bildas en gemensam direktion f\u00f6r kommunens alla 4 skolor. Troligen fungerade detta inte med tillfredsst\u00e4llelse f\u00f6r redan 1903 besl\u00f6t kommunalst\u00e4mman att \u00e5terinf\u00f6ra det gamla systemet med egna direktioner. M\u00e5nga Dagsmarkbor har suttit i direktionen men det g\u00e5r att n\u00e4mna ordf\u00f6randens och ekonomens namn under de f\u00f6rsta \u00e5ren:<\/p>\n<p><strong>Direktionsordf\u00f6rande:<\/strong><\/p>\n<h6>1878-1882 n\u00e4mndemannen Erik Johansson Klemets<\/h6>\n<h6>1882-1890 bonden Josef Mattsson Lillkull<\/h6>\n<h6>1891-1899 handlanden Josef Viktor Ulfves<\/h6>\n<h6>1900-1903 bonden Viktor Lillkull<\/h6>\n<h6>1904-1907 n\u00e4mndemannen Johan Viktor B\u00e5sk<\/h6>\n<h6>1908-1911 s\u00e5g\u00e4garen Viktor Nylund<\/h6>\n<h6>1912-1913 n\u00e4mndemannen Johan Viktor B\u00e5sk<\/h6>\n<h6>1914-1920 n\u00e4mndemannen Viktor Eklund<\/h6>\n<h6>1921-1923 bonden Johan Lillkull<\/h6>\n<h6>1924-1925 bonden Erik Anders Englund<\/h6>\n<h6>1925-1926 bonden Erik Anders Rosengren<\/h6>\n<h6>1926-1929 bonden Erik Anders Klemets<\/h6>\n<h6>1930-1931 bonden Josef Str\u00f6mberg<\/h6>\n<h6>1932-1943 bonden Erland Krook<\/h6>\n<h6>1944-1945 bonden Josef Granlund<\/h6>\n<h6>1946 och fram\u00e5t Selim Lillkull<\/h6>\n<p>&nbsp;<\/p>\n<p>Folkskolan hade ocks\u00e5 egna ekonomer, men det \u00e4r lite oklart vilken roll dessa hade i direktionen.<\/p>\n<p><strong>Ekonomerna:<\/strong><\/p>\n<h6>1882-1884 bonden Josef Mattsson Lillkull<\/h6>\n<h6>1885-1886 bonden Gustav L\u00e5ng<\/h6>\n<h6>1887-1890 n\u00e4mndemannen Johan Viktor B\u00e5sk<\/h6>\n<h6>1891-1894 bonden Viktor Josefsson Klemets<\/h6>\n<h6>1895-1897 bonden Karl Viktor L\u00e5ng<\/h6>\n<h6>1898-1903 bonden Karl Josefsson Blomkvist<\/h6>\n<h6>1904-1907 bonden Henrik Klemets<\/h6>\n<h6>1908-1912 handlanden Erik Anders Roseng\u00e5rd<\/h6>\n<h6>1913-1914 n\u00e4mndemannen Viktor Eklund<\/h6>\n<h6>1914-1915 bonden Henrik Agn\u00e4s<\/h6>\n<h6>1915-1916 bonden Erland B\u00e5sk<\/h6>\n<h6>1916-1920 bonden Johan Lillkull<\/h6>\n<h6>1921-1922 bonden Erik Anders Englund<\/h6>\n<h6>1922-1923 bonden Erland B\u00e5sk<\/h6>\n<h6>1923-1924 Josef Str\u00f6mberg<\/h6>\n<h6>1925-1930 handlanden Erik Anders Roseng\u00e5rd<\/h6>\n<h6>1931-1938 bonden Frans Agn\u00e4s<\/h6>\n<h6>1939-1943 bonden Emil Backlund<\/h6>\n<h6>1944-1948 l\u00e4raren Einar Lind<\/h6>\n<h6>1949 och fram\u00e5t bonden Frans Agn\u00e4s<\/h6>\n","protected":false},"excerpt":{"rendered":"<p>Direktionsordf\u00f6randena och ekonomerna. Direktionen har under hela tiden fungerat som ett st\u00f6d f\u00f6r folkskolan och medlemmarna har offrat b\u00e5de tid och krafter f\u00f6r skolans b\u00e4sta. Skolans f\u00f6rsta direktion bestod av Erik Klemets, Karl Gustav Rosenback, Johan Storkull, Henrik Rosenback, Josef <a class=\"more-link\" href=\"https:\/\/www.lassebacklund.fi\/?page_id=790\">Forts\u00e4tt l\u00e4sa <span class=\"screen-reader-text\">  Direktionerna under 70 \u00e5r.<\/span><span class=\"meta-nav\">&rarr;<\/span><\/a><\/p>\n","protected":false},"author":1,"featured_media":0,"parent":750,"menu_order":7,"comment_status":"closed","ping_status":"closed","template":"","meta":{"footnotes":""},"class_list":["post-790","page","type-page","status-publish","hentry"],"_links":{"self":[{"href":"https:\/\/www.lassebacklund.fi\/index.php?rest_route=\/wp\/v2\/pages\/790","targetHints":{"allow":["GET"]}}],"collection":[{"href":"https:\/\/www.lassebacklund.fi\/index.php?rest_route=\/wp\/v2\/pages"}],"about":[{"href":"https:\/\/www.lassebacklund.fi\/index.php?rest_route=\/wp\/v2\/types\/page"}],"author":[{"embeddable":true,"href":"https:\/\/www.lassebacklund.fi\/index.php?rest_route=\/wp\/v2\/users\/1"}],"replies":[{"embeddable":true,"href":"https:\/\/www.lassebacklund.fi\/index.php?rest_route=%2Fwp%2Fv2%2Fcomments&post=790"}],"version-history":[{"count":3,"href":"https:\/\/www.lassebacklund.fi\/index.php?rest_route=\/wp\/v2\/pages\/790\/revisions"}],"predecessor-version":[{"id":17750,"href":"https:\/\/www.lassebacklund.fi\/index.php?rest_route=\/wp\/v2\/pages\/790\/revisions\/17750"}],"up":[{"embeddable":true,"href":"https:\/\/www.lassebacklund.fi\/index.php?rest_route=\/wp\/v2\/pages\/750"}],"wp:attachment":[{"href":"https:\/\/www.lassebacklund.fi\/index.php?rest_route=%2Fwp%2Fv2%2Fmedia&parent=790"}],"curies":[{"name":"wp","href":"https:\/\/api.w.org\/{rel}","templated":true}]}}