{"id":7823,"date":"2018-03-16T16:50:42","date_gmt":"2018-03-16T15:50:42","guid":{"rendered":"http:\/\/www.lassebacklund.fi\/?page_id=7823"},"modified":"2026-01-11T16:54:39","modified_gmt":"2026-01-11T14:54:39","slug":"avskedspredikan-i-lappfjards-gamla-kyrka-ar-1851","status":"publish","type":"page","link":"https:\/\/www.lassebacklund.fi\/?page_id=7823","title":{"rendered":"Avskedspredikan i Lappfj\u00e4rds gamla kyrka \u00e5r 1851"},"content":{"rendered":"<p><strong><span style=\"color: #000080;\">Denna predikan h\u00f6lls av pastor Fonselius under den sista gudstj\u00e4nsten i den gamla Birgitta kyrkan och den f\u00f6ljande kunde h\u00e5llas i den nybyggda kyrkan p\u00e5 Mangsbackan. Denna avskedspredikan publicerades ocks\u00e5\u00a0 i Syd-\u00d6sterbotten 13.12.1916.<\/span><\/strong><\/p>\n<p>Det \u00e4r med anledning av eder entr\u00e4gna beg\u00e4ran om gudstj\u00e4nstens h\u00e5llande uti eder nya kyrka som f\u00f6rsamlingens pastor, h\u00f6gv\u00e4rdige och vidt ber\u00f6mde filosofie \u2013 och teologiedoktorn, kontraktsprosten och ordensledamoten Jakob Johan Estlander anbefalt mig att tills\u00e4ga eder, att i och med denna dag \u00e4r gudstj\u00e4nsten slut i detta gamla b\u00f6nehus.<\/p>\n<figure id=\"attachment_15170\" aria-describedby=\"caption-attachment-15170\" style=\"width: 1201px\" class=\"wp-caption alignnone\"><img loading=\"lazy\" decoding=\"async\" class=\"size-full wp-image-15170\" src=\"http:\/\/www.lassebacklund.fi\/wp-content\/uploads\/2019\/12\/Birgittakyrkan-i-Lappfj\u00e4rd-WEB.jpg\" alt=\"\" width=\"1201\" height=\"795\" srcset=\"https:\/\/www.lassebacklund.fi\/wp-content\/uploads\/2019\/12\/Birgittakyrkan-i-Lappfj\u00e4rd-WEB.jpg 1201w, https:\/\/www.lassebacklund.fi\/wp-content\/uploads\/2019\/12\/Birgittakyrkan-i-Lappfj\u00e4rd-WEB-300x199.jpg 300w, https:\/\/www.lassebacklund.fi\/wp-content\/uploads\/2019\/12\/Birgittakyrkan-i-Lappfj\u00e4rd-WEB-768x508.jpg 768w, https:\/\/www.lassebacklund.fi\/wp-content\/uploads\/2019\/12\/Birgittakyrkan-i-Lappfj\u00e4rd-WEB-1024x678.jpg 1024w\" sizes=\"auto, (max-width: 1201px) 100vw, 1201px\" \/><figcaption id=\"caption-attachment-15170\" class=\"wp-caption-text\">En tavla med den gamla Birgittakyrkan finns i sakristian i Lappfj\u00e4rds kyrka. Texten under kyrkan tyds till: &#8221;Utsigt af S\u00f6dra sidan af Lappfjerds gamla kyrka Birgitta kallad; vesterska gamla delen byggd 1666. Tillbyggnad 1761&#8221; . Enligt denna tavla byggdes den f\u00f6rsta delen av Birgitta kyrkan i Lappfj\u00e4rds centrum \u00e5r 1666, och den f\u00f6rstorades flera g\u00e5nger. Den sista gudstj\u00e4nsten h\u00f6lls 1851 och efter det s\u00e5 revs sj\u00e4lva kyrkan, medan sj\u00e4lva klockstapel som var av nyare datum flyttades till den nya kyrkans plats, d\u00e4r den fortfarande st\u00e5r.<\/figcaption><\/figure>\n<p>Ett hundra \u00e5ttiofem \u00e5r har detta tempel st\u00e5tt \u00f6ppet varje s\u00f6ndag och klockorna hava kallat gamla och unga till Herrens g\u00e5rdar. Detta tempel har st\u00e5tt under fyra f\u00f6r\u00f6delsefulla krig, som \u00f6verg\u00e5tt v\u00e5rt f\u00e4dernesland. Och till tusende \u00e4r de, som blivit sk\u00f6vlade av d\u00f6dens lia. Om vi ber\u00e4kna medeltalet av de d\u00f6da inom f\u00f6rsamlingen, s\u00e5 finna vi att under dessa 185 \u00e5r icke mindre \u00e4n tio tusende fem hundrade fyratio lik blivit i v\u00e5r kyrkojord begravda. Undrom d\u00e5 icke p\u00e5 att kyrkog\u00e5rden vuxit och kyrkan sjunkit. Vi trampar ju p\u00e5 idel m\u00e4nniskostoft och f\u00f6rmultnade kvarlevor av v\u00e5ra f\u00e4ders f\u00e4der och m\u00f6drars m\u00f6drar. N\u00e4r vi nedstiga uti kyrkan ifr\u00e5n den upph\u00f6jda kyrkog\u00e5rden, s\u00e5 har vi v\u00e5ra n\u00e4rmastes, v\u00e5ra anf\u00f6rvanters aska klibbad vid v\u00e5ra f\u00f6tter. O, huru stort, huru hj\u00e4rtgripande \u00e4r inte detta minne!<\/p>\n<p>S\u00e5 gammal denna kyrka \u00e4r, s\u00e5 \u00e4r den dock icke f\u00f6rsamlingens \u00e4ldsta kyrka. Men emedan kyrkans gamla handlingar under fiendetiden blivit f\u00f6rst\u00f6rda, s\u00e5 kan numera ingen visshet erh\u00e5llas n\u00e4r den f\u00f6rsta kyrkan blivit uppbyggd. Dock vet vi, att omkring 1600, d\u00e5 Lappfj\u00e4rds f\u00f6rsamling \u00e4nnu lydde s\u00e5som kapell under N\u00e4rpes moderkyrka, \u00e4gde denna f\u00f6rsamling sin f\u00f6rsta kyrka, som d\u00e5 var uppbyggd i Skaftung; men vilken tid och genom vilka h\u00e4ndelser hon blivit f\u00f6rst\u00f6rd \u00e4r oss obekant. Det vet vi endast, att denna n\u00e4rvarande kyrka, som vi i dag \u00e4mnar \u00f6vergiva, \u00e4r uppbyggd 1556 under biskop Johan Gezelius den \u00e4ldre, d\u00e5 Anders K\u00e4mpe var h\u00e4rst\u00e4des kyrkoherde. <span style=\"color: #000080;\">(H\u00e4r f\u00f6rekommer motstridiga uppgifter om n\u00e4r kyrkan \u00e4r byggd, eftersom Anders K\u00e4mpe var kyrkoherde mellan \u00e5ren 1636 och 1657. Troligen menade han att \u00e5rtalet skall vara 1666. Lasses anm.)<\/span> Hon blev f\u00f6rsta g\u00e5ngen utvidgad \u00e5r 1735 under kyrkoherde Sands tid. Sedan stod hon \u00e4nda till 1761, d\u00e5 hon \u00e5ter utvidgades, f\u00f6rb\u00e4ttrades och m\u00e5lades till sitt nuvarande skick. Vid denna tid var Karl Fredrik Mennander biskop i \u00c5bo stift och Jakob Estlander kyrkoherde i Lappfj\u00e4rd. \u2013H\u00e4rav ser vi, att Estlandrarna oavbrutet uti n\u00e4ra hundrade \u00e5r varit kyrkoherdar h\u00e4rst\u00e4des. Namnet Estlander \u00e4r s\u00e5 inf\u00f6rlivat med historien om Lappfj\u00e4rd, genom sanningsk\u00e4rlek, arbetsamhet, g\u00e5vor och goda inr\u00e4ttningar och byggnader, alla b\u00e4rande vittnesb\u00f6rd icke allenast om r\u00e4tt kraft och f\u00f6rst\u00e5nd utan \u00e4ven om stora uppoffringar, att det aldrig kan d\u00e4rifr\u00e5n skiljas.<\/p>\n<p>Intill \u00e5r 1710 voro Lappfj\u00e4rds alla kapellf\u00f6rsamlingar j\u00e4mte moderkyrkog\u00e4llet en enda f\u00f6rsamling. N\u00e4mnda \u00e5r fick Stor\u00e5 sin egen kyrka. I Sideby uppf\u00f6rdes kyrkan 1784. B\u00f6tom kapellkyrka byggdes \u00e5r 1805. Vad Kristinestad ang\u00e5r, s\u00e5 \u00e4r dess historia till det v\u00e4sentligaste skilld fr\u00e5n Lappfj\u00e4rds. Vi vilja blott n\u00e4mna, att staden grundades \u00e5r 1649 under drottning Christinas regeringstid av guvern\u00f6ren \u00f6ver Finland Pehr Brahe, och fick d\u00e5 redan sin egen kyrka.<\/p>\n<p>Under dessa 185 \u00e5r hava icke mindre \u00e4n 13 kyrkoherdar och 8 kapellaner levat och v\u00e4rkat inom f\u00f6rsamlingen. De f\u00f6rras namn \u00e4ro Anders K\u00e4mpe, sonen Laurentius K\u00e4mpe, Hans Vaselius, Johan Wendelius, Fredennius Sand, Petrus Hellberg, Isak Peldan, Jacobus Estlander, Rudolf Estlander, Isak Erik Estlander och Jakob Johan Estlander. Kapellanernas namn \u00e4r Lars Virgulander, Johan Backster, Daniel Roos (d.\u00e4.) och Daniel Roos (d.y.), Johan Roos, Elias Jona Lagus och Johan August Bergman.<\/p>\n<p>Alla dessa f\u00f6rsamlingens ordninarie, f\u00f6rutom v\u00e5r \u00e4nnu levande kyrkoherde och kyrkoherden Lagus, som dog i Lillkyro, sova alla i v\u00e5r kyrkojord.<\/p>\n<p>H\u00e4r hava de alla f\u00f6rkunnat fridens heliga l\u00e4ra. H\u00e4r hava de arbetat f\u00f6r Kristi rike. M\u00e5nga t\u00e5rar, m\u00e5nga svettdroppar hava runnit p\u00e5 detta st\u00e4lle av den arbetande herden, d\u00e5 han kallat, v\u00e4ckt, f\u00f6rmanat, stundom hotat och stundom tr\u00f6stat. Alla dessa t\u00e5rar, alla dessa svettdroppar skola vittna p\u00e5 Kristi tillkommelsedag, vittna f\u00f6r det gudliga nit, som levde i herdens hj\u00e4rta. De skola vittna emot gudsf\u00f6raktaren, emot den fr\u00e4ckes, den elakes levnad. Ja, h\u00e4r p\u00e5 detta st\u00e4lle i denna gamla kyrka, st\u00e5ndade p\u00e5 detta rummet, h\u00e4r hava de ropat: V\u00e4nd om, v\u00e4nd om, du avf\u00e4llige, tro p\u00e5 Herren Jesus Kristus och f\u00f6rb\u00e4ttra din levnad, s\u00e5 varder Herren dig f\u00f6rbarmande! H\u00e4r inom denna kyrka uti f\u00f6rsamlingens tj\u00e4nst och till medlemmarnas fromma, h\u00e4r spillde den nitiske herden sina yttersta sj\u00e4ls och kroppskrafter och d\u00e4r utom kyrkans v\u00e4ggar, d\u00e4r vila de nu mitt ibland sina h\u00e4dang\u00e5ngna \u00e5h\u00f6rare, sina br\u00f6der och systrar.<\/p>\n<p>Du gamla kyrka, vilka minnen viskar du inte i v\u00e5ra hj\u00e4rtan! Du liknar en gammal, vis moder, gr\u00e5h\u00e5rig, stapplande och lutande emot graven. Dina minnen tala om den himmelska faderns oavbrutna, faderliga v\u00e5rd om Kristi f\u00f6rsamling. Och dina minnen tala om livets v\u00e4xlingar, huru allt f\u00f6r\u00e5ldras och f\u00f6rg\u00e5s och sjunker ned s\u00e5som du, mitt ibland de d\u00f6das grifter.<\/p>\n<p>S\u00e4g mig, i f\u00f6rsamlingens medlemmar, vad vittnesb\u00f6rd skall denna kyrka b\u00e4ra om eder? Har sedlighet och dygd, har nykterhet och \u00e4rbarhet, har sanning, k\u00e4rlek och frid, har f\u00f6rsonlighet och barmh\u00e4rtighet, med ett ord: har Jesu anda varit ibland eder? O, min Gud, n\u00e4r jag fr\u00e5gar de gamla, de gamla tiderna, d\u00e5 f\u00e5r jag veta, att Lappfj\u00e4rd f\u00f6rsamling forsom var k\u00e4nd f\u00f6r sedlighet och gudsfruktan, men n\u00e4r jag betraktar livet nu, livet i det ensliga, livet i det allm\u00e4nna, d\u00e5 m\u00f6ter min spejande blick laster och brott av alla m\u00f6jliga slag. Ett enda, vet jag, h\u00e4r \u00e4nnu saknas: h\u00e4r har icke \u00e4nnu n\u00e5gon l\u00e4rare blivit v\u00f6rdad. Ve mig, ve folket n\u00e4r den sista herden nedl\u00e4gger sin vandringsstav och alla de tusende, tusende som h\u00e4r utanf\u00f6r sova, vakna och det f\u00f6rmultnade stoftet blir levande och de torra benen foga sig tillsammans, d\u00e5 skall denna gamla kyrka, om ock f\u00f6rsvunnen ifr\u00e5n jordens yta, b\u00e4ra vittne emot eder, om I icke omv\u00e4nden eder till Gud och b\u00e4ttren eder levnad.<\/p>\n<p>S\u00e5 farv\u00e4l till dess i Herrans Jesu namn, du gamla b\u00f6nehus, farv\u00e4l du altare, du enkelt prydda bord! Det \u00e4r i dag sista g\u00e5ngen som vi h\u00e4r samlas till br\u00f6llop. Farv\u00e4l, farv\u00e4l, du b\u00f6nehus, du fridsboning! N\u00e4r du slutar dina d\u00f6rrar till, o, give d\u00e5 Gud, att v\u00e5ra hj\u00e4rtan m\u00e5tte tillslutas f\u00f6r v\u00e5r gamla syndiga levnad och \u00f6ppnas f\u00f6r ett nytt och b\u00e4ttre liv.<\/p>\n<p>Helige Gud, barmh\u00e4rtige fader, b\u00f6nh\u00f6r oss, k\u00e4rleksfulle f\u00f6rsonare, fr\u00e4lsare! Herre Jesu Krist, hj\u00e4lp oss, l\u00e4rande, styrkande! Helige ande, helga oss i Jesu namn till ett evigt liv! Amen.<\/p>\n<figure id=\"attachment_7830\" aria-describedby=\"caption-attachment-7830\" style=\"width: 1356px\" class=\"wp-caption aligncenter\"><img loading=\"lazy\" decoding=\"async\" class=\"size-full wp-image-7830\" src=\"http:\/\/www.lassebacklund.fi\/wp-content\/uploads\/2018\/03\/Monumentet-p\u00e5-Birgitta-platsen.jpg\" alt=\"\u00c5r 1961 restes detta monument p\u00e5 den plats d\u00e4r den gamla Sanct Birgitta-kyrka hade st\u00e5tt i l\u00e4nga tider. Enligt inskriptionen revs den gamla kyrkan 1856 och hela 15 140 personer skulle vara begravda i dess n\u00e4rhet. Foto Selim Bj\u00f6rses.\" width=\"1356\" height=\"2000\" srcset=\"https:\/\/www.lassebacklund.fi\/wp-content\/uploads\/2018\/03\/Monumentet-p\u00e5-Birgitta-platsen.jpg 1356w, https:\/\/www.lassebacklund.fi\/wp-content\/uploads\/2018\/03\/Monumentet-p\u00e5-Birgitta-platsen-203x300.jpg 203w, https:\/\/www.lassebacklund.fi\/wp-content\/uploads\/2018\/03\/Monumentet-p\u00e5-Birgitta-platsen-768x1133.jpg 768w, https:\/\/www.lassebacklund.fi\/wp-content\/uploads\/2018\/03\/Monumentet-p\u00e5-Birgitta-platsen-694x1024.jpg 694w\" sizes=\"auto, (max-width: 1356px) 100vw, 1356px\" \/><figcaption id=\"caption-attachment-7830\" class=\"wp-caption-text\">\u00c5r 1956 restes detta monument p\u00e5 den plats d\u00e4r den gamla Sanct Birgitta-kyrka hade st\u00e5tt i l\u00e4nga tider. Enligt inskriptionen revs den gamla kyrkan 1856 och hela 15 140 personer skulle vara begravda i dess n\u00e4rhet. Foto Selim Bj\u00f6rses.<\/figcaption><\/figure>\n<p><img loading=\"lazy\" decoding=\"async\" class=\"alignnone size-full wp-image-15430\" src=\"http:\/\/www.lassebacklund.fi\/wp-content\/uploads\/2020\/01\/1851-predikan-sid-1.jpg\" alt=\"\" width=\"1734\" height=\"2558\" srcset=\"https:\/\/www.lassebacklund.fi\/wp-content\/uploads\/2020\/01\/1851-predikan-sid-1.jpg 1734w, https:\/\/www.lassebacklund.fi\/wp-content\/uploads\/2020\/01\/1851-predikan-sid-1-203x300.jpg 203w, https:\/\/www.lassebacklund.fi\/wp-content\/uploads\/2020\/01\/1851-predikan-sid-1-768x1133.jpg 768w, https:\/\/www.lassebacklund.fi\/wp-content\/uploads\/2020\/01\/1851-predikan-sid-1-694x1024.jpg 694w\" sizes=\"auto, (max-width: 1734px) 100vw, 1734px\" \/> <img loading=\"lazy\" decoding=\"async\" class=\"alignnone size-full wp-image-15431\" src=\"http:\/\/www.lassebacklund.fi\/wp-content\/uploads\/2020\/01\/1851-predikan-sid-2.jpg\" alt=\"\" width=\"1609\" height=\"2552\" srcset=\"https:\/\/www.lassebacklund.fi\/wp-content\/uploads\/2020\/01\/1851-predikan-sid-2.jpg 1609w, https:\/\/www.lassebacklund.fi\/wp-content\/uploads\/2020\/01\/1851-predikan-sid-2-189x300.jpg 189w, https:\/\/www.lassebacklund.fi\/wp-content\/uploads\/2020\/01\/1851-predikan-sid-2-768x1218.jpg 768w, https:\/\/www.lassebacklund.fi\/wp-content\/uploads\/2020\/01\/1851-predikan-sid-2-646x1024.jpg 646w\" sizes=\"auto, (max-width: 1609px) 100vw, 1609px\" \/> <img loading=\"lazy\" decoding=\"async\" class=\"alignnone size-full wp-image-15432\" src=\"http:\/\/www.lassebacklund.fi\/wp-content\/uploads\/2020\/01\/1851-predikan-sid-3.jpg\" alt=\"\" width=\"1609\" height=\"2552\" srcset=\"https:\/\/www.lassebacklund.fi\/wp-content\/uploads\/2020\/01\/1851-predikan-sid-3.jpg 1609w, https:\/\/www.lassebacklund.fi\/wp-content\/uploads\/2020\/01\/1851-predikan-sid-3-189x300.jpg 189w, https:\/\/www.lassebacklund.fi\/wp-content\/uploads\/2020\/01\/1851-predikan-sid-3-768x1218.jpg 768w, https:\/\/www.lassebacklund.fi\/wp-content\/uploads\/2020\/01\/1851-predikan-sid-3-646x1024.jpg 646w\" sizes=\"auto, (max-width: 1609px) 100vw, 1609px\" \/> <img loading=\"lazy\" decoding=\"async\" class=\"alignnone size-full wp-image-15433\" src=\"http:\/\/www.lassebacklund.fi\/wp-content\/uploads\/2020\/01\/1851-predikan-sid-4.jpg\" alt=\"\" width=\"1609\" height=\"2385\" srcset=\"https:\/\/www.lassebacklund.fi\/wp-content\/uploads\/2020\/01\/1851-predikan-sid-4.jpg 1609w, https:\/\/www.lassebacklund.fi\/wp-content\/uploads\/2020\/01\/1851-predikan-sid-4-202x300.jpg 202w, https:\/\/www.lassebacklund.fi\/wp-content\/uploads\/2020\/01\/1851-predikan-sid-4-768x1138.jpg 768w, https:\/\/www.lassebacklund.fi\/wp-content\/uploads\/2020\/01\/1851-predikan-sid-4-691x1024.jpg 691w\" sizes=\"auto, (max-width: 1609px) 100vw, 1609px\" \/><\/p>\n","protected":false},"excerpt":{"rendered":"<p>Denna predikan h\u00f6lls av pastor Fonselius under den sista gudstj\u00e4nsten i den gamla Birgitta kyrkan och den f\u00f6ljande kunde h\u00e5llas i den nybyggda kyrkan p\u00e5 Mangsbackan. Denna avskedspredikan publicerades ocks\u00e5\u00a0 i Syd-\u00d6sterbotten 13.12.1916. Det \u00e4r med anledning av eder entr\u00e4gna <a class=\"more-link\" href=\"https:\/\/www.lassebacklund.fi\/?page_id=7823\">Forts\u00e4tt l\u00e4sa <span class=\"screen-reader-text\">  Avskedspredikan i Lappfj\u00e4rds gamla kyrka \u00e5r 1851<\/span><span class=\"meta-nav\">&rarr;<\/span><\/a><\/p>\n","protected":false},"author":1,"featured_media":0,"parent":7821,"menu_order":15,"comment_status":"closed","ping_status":"closed","template":"","meta":{"footnotes":""},"class_list":["post-7823","page","type-page","status-publish","hentry"],"_links":{"self":[{"href":"https:\/\/www.lassebacklund.fi\/index.php?rest_route=\/wp\/v2\/pages\/7823","targetHints":{"allow":["GET"]}}],"collection":[{"href":"https:\/\/www.lassebacklund.fi\/index.php?rest_route=\/wp\/v2\/pages"}],"about":[{"href":"https:\/\/www.lassebacklund.fi\/index.php?rest_route=\/wp\/v2\/types\/page"}],"author":[{"embeddable":true,"href":"https:\/\/www.lassebacklund.fi\/index.php?rest_route=\/wp\/v2\/users\/1"}],"replies":[{"embeddable":true,"href":"https:\/\/www.lassebacklund.fi\/index.php?rest_route=%2Fwp%2Fv2%2Fcomments&post=7823"}],"version-history":[{"count":13,"href":"https:\/\/www.lassebacklund.fi\/index.php?rest_route=\/wp\/v2\/pages\/7823\/revisions"}],"predecessor-version":[{"id":25427,"href":"https:\/\/www.lassebacklund.fi\/index.php?rest_route=\/wp\/v2\/pages\/7823\/revisions\/25427"}],"up":[{"embeddable":true,"href":"https:\/\/www.lassebacklund.fi\/index.php?rest_route=\/wp\/v2\/pages\/7821"}],"wp:attachment":[{"href":"https:\/\/www.lassebacklund.fi\/index.php?rest_route=%2Fwp%2Fv2%2Fmedia&parent=7823"}],"curies":[{"name":"wp","href":"https:\/\/api.w.org\/{rel}","templated":true}]}}