{"id":7813,"date":"2018-03-15T18:24:19","date_gmt":"2018-03-15T17:24:19","guid":{"rendered":"http:\/\/www.lassebacklund.fi\/?page_id=7813"},"modified":"2024-04-25T10:17:10","modified_gmt":"2024-04-25T07:17:10","slug":"selims-foton-fran-ar-1955","status":"publish","type":"page","link":"https:\/\/www.lassebacklund.fi\/?page_id=7813","title":{"rendered":"Selims foton fr\u00e5n \u00e5r 1955."},"content":{"rendered":"<p>H\u00e4r n\u00e5gra av Selim Bj\u00f6rses\u00b4 fotografier tagna \u00e5r 1955. Eric Stens har identifierat personerna och skrivit de flesta texter. Fotografierna \u00e4r fr\u00e5n Svenska Litteraturs\u00e4llskapets arkiv i Vasa.<\/p>\n<figure id=\"attachment_7811\" aria-describedby=\"caption-attachment-7811\" style=\"width: 989px\" class=\"wp-caption aligncenter\"><img loading=\"lazy\" decoding=\"async\" class=\"size-full wp-image-7811\" src=\"http:\/\/www.lassebacklund.fi\/wp-content\/uploads\/2018\/03\/PhotoScan.jpg\" alt=\"En h\u00f6jdhoppare tar sats f\u00f6r att hoppa \u00f6ver ribban, f\u00f6r att sedan landa i sp\u00e5nhopen. I bakgrunden den \u00e4nnu om\u00e5lade ungdomslokalen. Fotot fr\u00e5n invigningen av den nya sportplanen 21.8.1955.\" width=\"989\" height=\"555\" srcset=\"https:\/\/www.lassebacklund.fi\/wp-content\/uploads\/2018\/03\/PhotoScan.jpg 989w, https:\/\/www.lassebacklund.fi\/wp-content\/uploads\/2018\/03\/PhotoScan-300x168.jpg 300w, https:\/\/www.lassebacklund.fi\/wp-content\/uploads\/2018\/03\/PhotoScan-768x431.jpg 768w\" sizes=\"auto, (max-width: 989px) 100vw, 989px\" \/><figcaption id=\"caption-attachment-7811\" class=\"wp-caption-text\">En h\u00f6jdhoppare tar sats f\u00f6r att hoppa \u00f6ver ribban, f\u00f6r att sedan landa i sp\u00e5nhopen. I bakgrunden den \u00e4nnu om\u00e5lade ungdomslokalen. Fotot fr\u00e5n invigningen av den nya sportplanen 21.8.1955.<\/figcaption><\/figure>\n<figure id=\"attachment_7806\" aria-describedby=\"caption-attachment-7806\" style=\"width: 1200px\" class=\"wp-caption aligncenter\"><img loading=\"lazy\" decoding=\"async\" class=\"size-full wp-image-7806\" src=\"http:\/\/www.lassebacklund.fi\/wp-content\/uploads\/2018\/03\/ota295_foto_0624.jpg\" alt=\"Domarbordet uppst\u00e4llt p\u00e5 invigningen av den nya sportplanen 21.8.1955. Fr\u00e5n v\u00e4nster Lennart Knus, Gunnar Gr\u00f6ndahl, \u00c5ke \u00c5lgars, Lennart Teir och Evert F\u00f6rn\u00e4s.\" width=\"1200\" height=\"807\" srcset=\"https:\/\/www.lassebacklund.fi\/wp-content\/uploads\/2018\/03\/ota295_foto_0624.jpg 1200w, https:\/\/www.lassebacklund.fi\/wp-content\/uploads\/2018\/03\/ota295_foto_0624-300x202.jpg 300w, https:\/\/www.lassebacklund.fi\/wp-content\/uploads\/2018\/03\/ota295_foto_0624-768x516.jpg 768w, https:\/\/www.lassebacklund.fi\/wp-content\/uploads\/2018\/03\/ota295_foto_0624-1024x689.jpg 1024w\" sizes=\"auto, (max-width: 1200px) 100vw, 1200px\" \/><figcaption id=\"caption-attachment-7806\" class=\"wp-caption-text\">Domarbordet uppst\u00e4llt p\u00e5 invigningen av den nya sportplanen 21.8.1955. Fr\u00e5n v\u00e4nster Lennart Knus, Gunnar Gr\u00f6ndahl, \u00c5ke \u00c5lgars, Lennart Teir och Evert F\u00f6rn\u00e4s.<\/figcaption><\/figure>\n<figure id=\"attachment_7810\" aria-describedby=\"caption-attachment-7810\" style=\"width: 1200px\" class=\"wp-caption aligncenter\"><img loading=\"lazy\" decoding=\"async\" class=\"size-full wp-image-7810\" src=\"http:\/\/www.lassebacklund.fi\/wp-content\/uploads\/2018\/03\/ota295_foto_0629.jpg\" alt=\"Gammal r\u00f6kbastu som torde tillh\u00f6ra Arvid Mannfolk.\" width=\"1200\" height=\"801\" srcset=\"https:\/\/www.lassebacklund.fi\/wp-content\/uploads\/2018\/03\/ota295_foto_0629.jpg 1200w, https:\/\/www.lassebacklund.fi\/wp-content\/uploads\/2018\/03\/ota295_foto_0629-300x200.jpg 300w, https:\/\/www.lassebacklund.fi\/wp-content\/uploads\/2018\/03\/ota295_foto_0629-768x513.jpg 768w, https:\/\/www.lassebacklund.fi\/wp-content\/uploads\/2018\/03\/ota295_foto_0629-1024x684.jpg 1024w\" sizes=\"auto, (max-width: 1200px) 100vw, 1200px\" \/><figcaption id=\"caption-attachment-7810\" class=\"wp-caption-text\">Gammal r\u00f6kbastu som torde tillh\u00f6ra Arvid Mannfolk.<\/figcaption><\/figure>\n<figure id=\"attachment_7809\" aria-describedby=\"caption-attachment-7809\" style=\"width: 1200px\" class=\"wp-caption aligncenter\"><img loading=\"lazy\" decoding=\"async\" class=\"size-full wp-image-7809\" src=\"http:\/\/www.lassebacklund.fi\/wp-content\/uploads\/2018\/03\/ota295_foto_0628.jpg\" alt=\"Deltagarna p\u00e5 en botanikkurs har just hittat ett f\u00e5gelbo.\" width=\"1200\" height=\"813\" srcset=\"https:\/\/www.lassebacklund.fi\/wp-content\/uploads\/2018\/03\/ota295_foto_0628.jpg 1200w, https:\/\/www.lassebacklund.fi\/wp-content\/uploads\/2018\/03\/ota295_foto_0628-300x203.jpg 300w, https:\/\/www.lassebacklund.fi\/wp-content\/uploads\/2018\/03\/ota295_foto_0628-768x520.jpg 768w, https:\/\/www.lassebacklund.fi\/wp-content\/uploads\/2018\/03\/ota295_foto_0628-1024x694.jpg 1024w\" sizes=\"auto, (max-width: 1200px) 100vw, 1200px\" \/><figcaption id=\"caption-attachment-7809\" class=\"wp-caption-text\">Deltagarna p\u00e5 en botanikkurs har just hittat ett f\u00e5gelbo.<\/figcaption><\/figure>\n<figure id=\"attachment_7808\" aria-describedby=\"caption-attachment-7808\" style=\"width: 1200px\" class=\"wp-caption aligncenter\"><img loading=\"lazy\" decoding=\"async\" class=\"size-full wp-image-7808\" src=\"http:\/\/www.lassebacklund.fi\/wp-content\/uploads\/2018\/03\/ota295_foto_0627.jpg\" alt=\"Till v\u00e4nster fullm\u00e4ktigeordf\u00f6rande Hilding Rosenstedt och sekreterare L\u00f6nnqvist p\u00e5 m\u00f6tet, d\u00e4r de just har beslutat att det skall byggas den nya Centralskolan i Lappfj\u00e4rd.\" width=\"1200\" height=\"822\" srcset=\"https:\/\/www.lassebacklund.fi\/wp-content\/uploads\/2018\/03\/ota295_foto_0627.jpg 1200w, https:\/\/www.lassebacklund.fi\/wp-content\/uploads\/2018\/03\/ota295_foto_0627-300x206.jpg 300w, https:\/\/www.lassebacklund.fi\/wp-content\/uploads\/2018\/03\/ota295_foto_0627-768x526.jpg 768w, https:\/\/www.lassebacklund.fi\/wp-content\/uploads\/2018\/03\/ota295_foto_0627-1024x701.jpg 1024w\" sizes=\"auto, (max-width: 1200px) 100vw, 1200px\" \/><figcaption id=\"caption-attachment-7808\" class=\"wp-caption-text\">Till v\u00e4nster fullm\u00e4ktigeordf\u00f6rande Hilding Rosenstedt och sekreterare L\u00f6nnqvist p\u00e5 m\u00f6tet, d\u00e4r de just har beslutat att det skall byggas den nya Centralskolan i Lappfj\u00e4rd.<\/figcaption><\/figure>\n<figure id=\"attachment_7807\" aria-describedby=\"caption-attachment-7807\" style=\"width: 1200px\" class=\"wp-caption aligncenter\"><img loading=\"lazy\" decoding=\"async\" class=\"size-full wp-image-7807\" src=\"http:\/\/www.lassebacklund.fi\/wp-content\/uploads\/2018\/03\/ota295_foto_0625.jpg\" alt=\"Klubbmedlemmarna p\u00e5 utf\u00e4rd till Bj\u00f6rneborg sommaren 1955, h\u00e4r st\u00e5r de framf\u00f6r Juseliuska mausol\u00e9et.\" width=\"1200\" height=\"810\" srcset=\"https:\/\/www.lassebacklund.fi\/wp-content\/uploads\/2018\/03\/ota295_foto_0625.jpg 1200w, https:\/\/www.lassebacklund.fi\/wp-content\/uploads\/2018\/03\/ota295_foto_0625-300x203.jpg 300w, https:\/\/www.lassebacklund.fi\/wp-content\/uploads\/2018\/03\/ota295_foto_0625-768x518.jpg 768w, https:\/\/www.lassebacklund.fi\/wp-content\/uploads\/2018\/03\/ota295_foto_0625-1024x691.jpg 1024w\" sizes=\"auto, (max-width: 1200px) 100vw, 1200px\" \/><figcaption id=\"caption-attachment-7807\" class=\"wp-caption-text\">Klubbmedlemmarna p\u00e5 utf\u00e4rd till Bj\u00f6rneborg sommaren 1955, h\u00e4r st\u00e5r de framf\u00f6r Juseliuska mausol\u00e9et.<\/figcaption><\/figure>\n<figure id=\"attachment_7805\" aria-describedby=\"caption-attachment-7805\" style=\"width: 1200px\" class=\"wp-caption aligncenter\"><img loading=\"lazy\" decoding=\"async\" class=\"size-full wp-image-7805\" src=\"http:\/\/www.lassebacklund.fi\/wp-content\/uploads\/2018\/03\/ota295_foto_0623.jpg\" alt=\"Enligt texten p\u00e5 svarta tavlan har just varit grammatiklektion p\u00e5 s\u00f6dra folkskolan. Pojken till v\u00e4nster \u00e4r ok\u00e4nd men i mitten st\u00e5r B\u00f6rje Norrholm och till h\u00f6ger H\u00e5kan Bj\u00f6rses.\" width=\"1200\" height=\"809\" srcset=\"https:\/\/www.lassebacklund.fi\/wp-content\/uploads\/2018\/03\/ota295_foto_0623.jpg 1200w, https:\/\/www.lassebacklund.fi\/wp-content\/uploads\/2018\/03\/ota295_foto_0623-300x202.jpg 300w, https:\/\/www.lassebacklund.fi\/wp-content\/uploads\/2018\/03\/ota295_foto_0623-768x518.jpg 768w, https:\/\/www.lassebacklund.fi\/wp-content\/uploads\/2018\/03\/ota295_foto_0623-1024x690.jpg 1024w\" sizes=\"auto, (max-width: 1200px) 100vw, 1200px\" \/><figcaption id=\"caption-attachment-7805\" class=\"wp-caption-text\">Enligt texten p\u00e5 svarta tavlan har det just varit grammatiklektion p\u00e5 s\u00f6dra folkskolan. Pojken till v\u00e4nster \u00e4r ok\u00e4nd men i mitten st\u00e5r B\u00f6rje Norrholm och till h\u00f6ger H\u00e5kan Bj\u00f6rses.<\/figcaption><\/figure>\n<figure id=\"attachment_7804\" aria-describedby=\"caption-attachment-7804\" style=\"width: 1200px\" class=\"wp-caption aligncenter\"><img loading=\"lazy\" decoding=\"async\" class=\"size-full wp-image-7804\" src=\"http:\/\/www.lassebacklund.fi\/wp-content\/uploads\/2018\/03\/ota295_foto_0622.jpg\" alt=\"Distriktets skidt\u00e4vlingar vid s\u00f6dra folkskolan 1955. Pojken till h\u00f6ger torde vara Kaj Stens.\" width=\"1200\" height=\"803\" srcset=\"https:\/\/www.lassebacklund.fi\/wp-content\/uploads\/2018\/03\/ota295_foto_0622.jpg 1200w, https:\/\/www.lassebacklund.fi\/wp-content\/uploads\/2018\/03\/ota295_foto_0622-300x201.jpg 300w, https:\/\/www.lassebacklund.fi\/wp-content\/uploads\/2018\/03\/ota295_foto_0622-768x514.jpg 768w, https:\/\/www.lassebacklund.fi\/wp-content\/uploads\/2018\/03\/ota295_foto_0622-1024x685.jpg 1024w\" sizes=\"auto, (max-width: 1200px) 100vw, 1200px\" \/><figcaption id=\"caption-attachment-7804\" class=\"wp-caption-text\">Distriktets skidt\u00e4vlingar vid s\u00f6dra folkskolan 1955. Pojken till h\u00f6ger torde vara Kaj Stens.<\/figcaption><\/figure>\n<figure id=\"attachment_7803\" aria-describedby=\"caption-attachment-7803\" style=\"width: 1200px\" class=\"wp-caption aligncenter\"><img loading=\"lazy\" decoding=\"async\" class=\"size-full wp-image-7803\" src=\"http:\/\/www.lassebacklund.fi\/wp-content\/uploads\/2018\/03\/ota295_foto_0621.jpg\" alt=\"Det nybyggda kommunalhemmet i Perus. H\u00e4lsosyster Kalls\u00e9n f\u00f6reslog att det skulle f\u00e5 namnet \u00c5ldersro och det g\u00f6r det fortfararande, trots att denna byggnad revs f\u00f6r flera \u00e5r sedan.\" width=\"1200\" height=\"805\" srcset=\"https:\/\/www.lassebacklund.fi\/wp-content\/uploads\/2018\/03\/ota295_foto_0621.jpg 1200w, https:\/\/www.lassebacklund.fi\/wp-content\/uploads\/2018\/03\/ota295_foto_0621-300x201.jpg 300w, https:\/\/www.lassebacklund.fi\/wp-content\/uploads\/2018\/03\/ota295_foto_0621-768x515.jpg 768w, https:\/\/www.lassebacklund.fi\/wp-content\/uploads\/2018\/03\/ota295_foto_0621-1024x687.jpg 1024w\" sizes=\"auto, (max-width: 1200px) 100vw, 1200px\" \/><figcaption id=\"caption-attachment-7803\" class=\"wp-caption-text\">Det nybyggda kommunalhemmet i Perus. H\u00e4lsosyster Kalls\u00e9n f\u00f6reslog att det skulle f\u00e5 namnet \u00c5ldersro och det g\u00f6r det fortfararande, trots att denna byggnad revs f\u00f6r flera \u00e5r sedan.<\/figcaption><\/figure>\n<figure id=\"attachment_7802\" aria-describedby=\"caption-attachment-7802\" style=\"width: 1200px\" class=\"wp-caption aligncenter\"><img loading=\"lazy\" decoding=\"async\" class=\"size-full wp-image-7802\" src=\"http:\/\/www.lassebacklund.fi\/wp-content\/uploads\/2018\/03\/ota295_foto_0620.jpg\" alt=\"Det nybyggda kommunalhemmet i Perus, som sedan fick namnet \u00c5ldersro.\" width=\"1200\" height=\"806\" srcset=\"https:\/\/www.lassebacklund.fi\/wp-content\/uploads\/2018\/03\/ota295_foto_0620.jpg 1200w, https:\/\/www.lassebacklund.fi\/wp-content\/uploads\/2018\/03\/ota295_foto_0620-300x202.jpg 300w, https:\/\/www.lassebacklund.fi\/wp-content\/uploads\/2018\/03\/ota295_foto_0620-768x516.jpg 768w, https:\/\/www.lassebacklund.fi\/wp-content\/uploads\/2018\/03\/ota295_foto_0620-1024x688.jpg 1024w\" sizes=\"auto, (max-width: 1200px) 100vw, 1200px\" \/><figcaption id=\"caption-attachment-7802\" class=\"wp-caption-text\">Det nybyggda kommunalhemmet i Perus, som sedan fick namnet \u00c5ldersro.<\/figcaption><\/figure>\n<p>Mera foton av Selim Bj\u00f6rses hittar du genom att klicka<a href=\"https:\/\/www.lassebacklund.fi\/?page_id=7972\"><span style=\"color: #000080;\"><strong> H\u00c4R!<\/strong><\/span><\/a><\/p>\n","protected":false},"excerpt":{"rendered":"<p>H\u00e4r n\u00e5gra av Selim Bj\u00f6rses\u00b4 fotografier tagna \u00e5r 1955. Eric Stens har identifierat personerna och skrivit de flesta texter. Fotografierna \u00e4r fr\u00e5n Svenska Litteraturs\u00e4llskapets arkiv i Vasa. Mera foton av Selim Bj\u00f6rses hittar du genom att klicka H\u00c4R!<\/p>\n","protected":false},"author":1,"featured_media":0,"parent":4555,"menu_order":1955,"comment_status":"closed","ping_status":"closed","template":"","meta":{"footnotes":""},"class_list":["post-7813","page","type-page","status-publish","hentry"],"_links":{"self":[{"href":"https:\/\/www.lassebacklund.fi\/index.php?rest_route=\/wp\/v2\/pages\/7813","targetHints":{"allow":["GET"]}}],"collection":[{"href":"https:\/\/www.lassebacklund.fi\/index.php?rest_route=\/wp\/v2\/pages"}],"about":[{"href":"https:\/\/www.lassebacklund.fi\/index.php?rest_route=\/wp\/v2\/types\/page"}],"author":[{"embeddable":true,"href":"https:\/\/www.lassebacklund.fi\/index.php?rest_route=\/wp\/v2\/users\/1"}],"replies":[{"embeddable":true,"href":"https:\/\/www.lassebacklund.fi\/index.php?rest_route=%2Fwp%2Fv2%2Fcomments&post=7813"}],"version-history":[{"count":3,"href":"https:\/\/www.lassebacklund.fi\/index.php?rest_route=\/wp\/v2\/pages\/7813\/revisions"}],"predecessor-version":[{"id":22777,"href":"https:\/\/www.lassebacklund.fi\/index.php?rest_route=\/wp\/v2\/pages\/7813\/revisions\/22777"}],"up":[{"embeddable":true,"href":"https:\/\/www.lassebacklund.fi\/index.php?rest_route=\/wp\/v2\/pages\/4555"}],"wp:attachment":[{"href":"https:\/\/www.lassebacklund.fi\/index.php?rest_route=%2Fwp%2Fv2%2Fmedia&parent=7813"}],"curies":[{"name":"wp","href":"https:\/\/api.w.org\/{rel}","templated":true}]}}