{"id":7800,"date":"2018-03-15T17:37:09","date_gmt":"2018-03-15T16:37:09","guid":{"rendered":"http:\/\/www.lassebacklund.fi\/?page_id=7800"},"modified":"2024-04-25T10:16:10","modified_gmt":"2024-04-25T07:16:10","slug":"selims-foton-fran-aren-1953-1954","status":"publish","type":"page","link":"https:\/\/www.lassebacklund.fi\/?page_id=7800","title":{"rendered":"Selims foton fr\u00e5n \u00e5ren 1953 &#8211; 1954"},"content":{"rendered":"<p>H\u00e4r n\u00e5gra av Selim Bj\u00f6rses\u00b4 fotografier tagna \u00e5ren 1953 och 1954. Eric Stens har identifierat personerna och skrivit de flesta texter. Fotografierna \u00e4r fr\u00e5n Svenska Litteraturs\u00e4llskapets arkiv i Vasa.<\/p>\n<figure id=\"attachment_7792\" aria-describedby=\"caption-attachment-7792\" style=\"width: 1188px\" class=\"wp-caption aligncenter\"><img loading=\"lazy\" decoding=\"async\" class=\"size-full wp-image-7792\" src=\"http:\/\/www.lassebacklund.fi\/wp-content\/uploads\/2018\/03\/ota295_foto_0612.jpg\" alt=\"Vacker farstukvist hos Hj\u00f6rdis och Alvar Brandt.\" width=\"1188\" height=\"680\" srcset=\"https:\/\/www.lassebacklund.fi\/wp-content\/uploads\/2018\/03\/ota295_foto_0612.jpg 1188w, https:\/\/www.lassebacklund.fi\/wp-content\/uploads\/2018\/03\/ota295_foto_0612-300x172.jpg 300w, https:\/\/www.lassebacklund.fi\/wp-content\/uploads\/2018\/03\/ota295_foto_0612-768x440.jpg 768w, https:\/\/www.lassebacklund.fi\/wp-content\/uploads\/2018\/03\/ota295_foto_0612-1024x586.jpg 1024w\" sizes=\"auto, (max-width: 1188px) 100vw, 1188px\" \/><figcaption id=\"caption-attachment-7792\" class=\"wp-caption-text\">Vacker farstukvist hos Hj\u00f6rdis och Alvar Brandt.<\/figcaption><\/figure>\n<figure id=\"attachment_7793\" aria-describedby=\"caption-attachment-7793\" style=\"width: 1200px\" class=\"wp-caption aligncenter\"><img loading=\"lazy\" decoding=\"async\" class=\"size-full wp-image-7793\" src=\"http:\/\/www.lassebacklund.fi\/wp-content\/uploads\/2018\/03\/ota295_foto_0613.jpg\" alt=\"Rigmor Brandt i sitt morotsland framf\u00f6r den stora bondg\u00e5rden.\" width=\"1200\" height=\"805\" srcset=\"https:\/\/www.lassebacklund.fi\/wp-content\/uploads\/2018\/03\/ota295_foto_0613.jpg 1200w, https:\/\/www.lassebacklund.fi\/wp-content\/uploads\/2018\/03\/ota295_foto_0613-300x201.jpg 300w, https:\/\/www.lassebacklund.fi\/wp-content\/uploads\/2018\/03\/ota295_foto_0613-768x515.jpg 768w, https:\/\/www.lassebacklund.fi\/wp-content\/uploads\/2018\/03\/ota295_foto_0613-1024x687.jpg 1024w\" sizes=\"auto, (max-width: 1200px) 100vw, 1200px\" \/><figcaption id=\"caption-attachment-7793\" class=\"wp-caption-text\">Rigmor Brandt i sitt morotsland framf\u00f6r den stora bondg\u00e5rden.<\/figcaption><\/figure>\n<figure id=\"attachment_7794\" aria-describedby=\"caption-attachment-7794\" style=\"width: 1200px\" class=\"wp-caption aligncenter\"><img loading=\"lazy\" decoding=\"async\" class=\"size-full wp-image-7794\" src=\"http:\/\/www.lassebacklund.fi\/wp-content\/uploads\/2018\/03\/ota295_foto_0614.jpg\" alt=\"H\u00e4r p\u00e5 skolg\u00e5rden \u00f6vas det inf\u00f6r julfesten 1953, d\u00e5 brudparet Solveig L\u00e4rka och Torolf S\u00f6derlund skall framf\u00f6ra ett riktigt lappfj\u00e4rdsbr\u00f6llop. Orkestern \u00e4r med, liksom &quot;pellhaldaren&quot; och g\u00e4sterna. I bakgrunden skolans bastu och lider.\" width=\"1200\" height=\"804\" srcset=\"https:\/\/www.lassebacklund.fi\/wp-content\/uploads\/2018\/03\/ota295_foto_0614.jpg 1200w, https:\/\/www.lassebacklund.fi\/wp-content\/uploads\/2018\/03\/ota295_foto_0614-300x201.jpg 300w, https:\/\/www.lassebacklund.fi\/wp-content\/uploads\/2018\/03\/ota295_foto_0614-768x515.jpg 768w, https:\/\/www.lassebacklund.fi\/wp-content\/uploads\/2018\/03\/ota295_foto_0614-1024x686.jpg 1024w\" sizes=\"auto, (max-width: 1200px) 100vw, 1200px\" \/><figcaption id=\"caption-attachment-7794\" class=\"wp-caption-text\">H\u00e4r p\u00e5 skolg\u00e5rden \u00f6vas det inf\u00f6r julfesten 1953, d\u00e5 brudparet Solveig L\u00e4rka och Torolf S\u00f6derlund skall framf\u00f6ra ett riktigt lappfj\u00e4rdsbr\u00f6llop. Orkestern \u00e4r med, liksom &#8221;pellhaldaren&#8221; och g\u00e4sterna. I bakgrunden skolans bastu och lider.<\/figcaption><\/figure>\n<figure id=\"attachment_7795\" aria-describedby=\"caption-attachment-7795\" style=\"width: 730px\" class=\"wp-caption aligncenter\"><img loading=\"lazy\" decoding=\"async\" class=\"size-full wp-image-7795\" src=\"http:\/\/www.lassebacklund.fi\/wp-content\/uploads\/2018\/03\/ota295_foto_0615.jpg\" alt=\"Brudparet Solveig L\u00e4rka och Torolf S\u00f6derlund f\u00e4rdigt kl\u00e4dda inf\u00f6r julfesten p\u00e5 s\u00f6dra skolan 1953.\" width=\"730\" height=\"1040\" srcset=\"https:\/\/www.lassebacklund.fi\/wp-content\/uploads\/2018\/03\/ota295_foto_0615.jpg 730w, https:\/\/www.lassebacklund.fi\/wp-content\/uploads\/2018\/03\/ota295_foto_0615-211x300.jpg 211w, https:\/\/www.lassebacklund.fi\/wp-content\/uploads\/2018\/03\/ota295_foto_0615-719x1024.jpg 719w\" sizes=\"auto, (max-width: 730px) 100vw, 730px\" \/><figcaption id=\"caption-attachment-7795\" class=\"wp-caption-text\">Brudparet Solveig L\u00e4rka och Torolf S\u00f6derlund f\u00e4rdigt kl\u00e4dda inf\u00f6r julfesten p\u00e5 s\u00f6dra skolan 1953.<\/figcaption><\/figure>\n<figure id=\"attachment_7796\" aria-describedby=\"caption-attachment-7796\" style=\"width: 1189px\" class=\"wp-caption aligncenter\"><img loading=\"lazy\" decoding=\"async\" class=\"size-full wp-image-7796\" src=\"http:\/\/www.lassebacklund.fi\/wp-content\/uploads\/2018\/03\/ota295_foto_0616.jpg\" alt=\"Viktor Lillsj\u00f6 p\u00e5 hemg\u00e5rden i Stormyron.\" width=\"1189\" height=\"773\" srcset=\"https:\/\/www.lassebacklund.fi\/wp-content\/uploads\/2018\/03\/ota295_foto_0616.jpg 1189w, https:\/\/www.lassebacklund.fi\/wp-content\/uploads\/2018\/03\/ota295_foto_0616-300x195.jpg 300w, https:\/\/www.lassebacklund.fi\/wp-content\/uploads\/2018\/03\/ota295_foto_0616-768x499.jpg 768w, https:\/\/www.lassebacklund.fi\/wp-content\/uploads\/2018\/03\/ota295_foto_0616-1024x666.jpg 1024w\" sizes=\"auto, (max-width: 1189px) 100vw, 1189px\" \/><figcaption id=\"caption-attachment-7796\" class=\"wp-caption-text\">Viktor Lillsj\u00f6 p\u00e5 hemg\u00e5rden i Stormyron.<\/figcaption><\/figure>\n<figure id=\"attachment_7797\" aria-describedby=\"caption-attachment-7797\" style=\"width: 1200px\" class=\"wp-caption aligncenter\"><img loading=\"lazy\" decoding=\"async\" class=\"size-full wp-image-7797\" src=\"http:\/\/www.lassebacklund.fi\/wp-content\/uploads\/2018\/03\/ota295_foto_0617.jpg\" alt=\"Programmet p\u00e5 s\u00f6dra folkskolans 75-\u00e5rs fest 1954 bestod bland annat av musik med P\u00e4rus orkester, historik av Selim Bj\u00f6rses, s\u00e5ng av kantor Otto Lillhannus och b\u00f6n av b\u00e5de Lind\u00e9n och Lindholm.\" width=\"1200\" height=\"811\" srcset=\"https:\/\/www.lassebacklund.fi\/wp-content\/uploads\/2018\/03\/ota295_foto_0617.jpg 1200w, https:\/\/www.lassebacklund.fi\/wp-content\/uploads\/2018\/03\/ota295_foto_0617-300x203.jpg 300w, https:\/\/www.lassebacklund.fi\/wp-content\/uploads\/2018\/03\/ota295_foto_0617-768x519.jpg 768w, https:\/\/www.lassebacklund.fi\/wp-content\/uploads\/2018\/03\/ota295_foto_0617-1024x692.jpg 1024w\" sizes=\"auto, (max-width: 1200px) 100vw, 1200px\" \/><figcaption id=\"caption-attachment-7797\" class=\"wp-caption-text\">Programmet p\u00e5 s\u00f6dra folkskolans 75-\u00e5rs fest 1954 bestod bland annat av musik med P\u00e4rus orkester, historik av Selim Bj\u00f6rses, s\u00e5ng av kantor Otto Lillhannus och b\u00f6n av b\u00e5de Lind\u00e9n och Lindholm.<\/figcaption><\/figure>\n<figure id=\"attachment_7799\" aria-describedby=\"caption-attachment-7799\" style=\"width: 1179px\" class=\"wp-caption aligncenter\"><img loading=\"lazy\" decoding=\"async\" class=\"size-full wp-image-7799\" src=\"http:\/\/www.lassebacklund.fi\/wp-content\/uploads\/2018\/03\/ota295_foto_0619.jpg\" alt=\"Jakob af H\u00e4llstr\u00f6m deklamerar och s\u00e5ngk\u00f6ren st\u00e5r uppst\u00e4lld f\u00f6r en s\u00e5ng.\" width=\"1179\" height=\"750\" srcset=\"https:\/\/www.lassebacklund.fi\/wp-content\/uploads\/2018\/03\/ota295_foto_0619.jpg 1179w, https:\/\/www.lassebacklund.fi\/wp-content\/uploads\/2018\/03\/ota295_foto_0619-300x191.jpg 300w, https:\/\/www.lassebacklund.fi\/wp-content\/uploads\/2018\/03\/ota295_foto_0619-768x489.jpg 768w, https:\/\/www.lassebacklund.fi\/wp-content\/uploads\/2018\/03\/ota295_foto_0619-1024x651.jpg 1024w\" sizes=\"auto, (max-width: 1179px) 100vw, 1179px\" \/><figcaption id=\"caption-attachment-7799\" class=\"wp-caption-text\">Jakob af H\u00e4llstr\u00f6m deklamerar och s\u00e5ngk\u00f6ren st\u00e5r uppst\u00e4lld f\u00f6r en s\u00e5ng.<\/figcaption><\/figure>\n<p>Mera foton av Selim Bj\u00f6rses hittar du genom att klicka<a href=\"https:\/\/www.lassebacklund.fi\/?page_id=7813\"><span style=\"color: #000080;\"><strong> H\u00c4R!<\/strong><\/span><\/a><\/p>\n","protected":false},"excerpt":{"rendered":"<p>H\u00e4r n\u00e5gra av Selim Bj\u00f6rses\u00b4 fotografier tagna \u00e5ren 1953 och 1954. Eric Stens har identifierat personerna och skrivit de flesta texter. Fotografierna \u00e4r fr\u00e5n Svenska Litteraturs\u00e4llskapets arkiv i Vasa. Mera foton av Selim Bj\u00f6rses hittar du genom att klicka H\u00c4R!<\/p>\n","protected":false},"author":1,"featured_media":0,"parent":4555,"menu_order":1953,"comment_status":"closed","ping_status":"closed","template":"","meta":{"footnotes":""},"class_list":["post-7800","page","type-page","status-publish","hentry"],"_links":{"self":[{"href":"https:\/\/www.lassebacklund.fi\/index.php?rest_route=\/wp\/v2\/pages\/7800","targetHints":{"allow":["GET"]}}],"collection":[{"href":"https:\/\/www.lassebacklund.fi\/index.php?rest_route=\/wp\/v2\/pages"}],"about":[{"href":"https:\/\/www.lassebacklund.fi\/index.php?rest_route=\/wp\/v2\/types\/page"}],"author":[{"embeddable":true,"href":"https:\/\/www.lassebacklund.fi\/index.php?rest_route=\/wp\/v2\/users\/1"}],"replies":[{"embeddable":true,"href":"https:\/\/www.lassebacklund.fi\/index.php?rest_route=%2Fwp%2Fv2%2Fcomments&post=7800"}],"version-history":[{"count":3,"href":"https:\/\/www.lassebacklund.fi\/index.php?rest_route=\/wp\/v2\/pages\/7800\/revisions"}],"predecessor-version":[{"id":22776,"href":"https:\/\/www.lassebacklund.fi\/index.php?rest_route=\/wp\/v2\/pages\/7800\/revisions\/22776"}],"up":[{"embeddable":true,"href":"https:\/\/www.lassebacklund.fi\/index.php?rest_route=\/wp\/v2\/pages\/4555"}],"wp:attachment":[{"href":"https:\/\/www.lassebacklund.fi\/index.php?rest_route=%2Fwp%2Fv2%2Fmedia&parent=7800"}],"curies":[{"name":"wp","href":"https:\/\/api.w.org\/{rel}","templated":true}]}}