{"id":7759,"date":"2018-03-12T21:32:48","date_gmt":"2018-03-12T20:32:48","guid":{"rendered":"http:\/\/www.lassebacklund.fi\/?page_id=7759"},"modified":"2018-03-12T21:32:48","modified_gmt":"2018-03-12T20:32:48","slug":"lappfjard-skyddskar-i-frihetskriget","status":"publish","type":"page","link":"https:\/\/www.lassebacklund.fi\/?page_id=7759","title":{"rendered":"Lappfj\u00e4rd skyddsk\u00e5r i frihetskriget."},"content":{"rendered":"<p><span style=\"color: #000080;\">Denna artikel som publicerade i tidskriften &#8221;Svenska skyddsk\u00e5risten&#8221; den 16 februari 1922 \u00e4r signerad &#8221;-s&#8221; som torde vara folkskoll\u00e4raren Selim Bj\u00f6rses:<\/span><\/p>\n<p>Under v\u00e5ren 1917 bildades de f\u00f6rsta av v\u00e5ra skyddsk\u00e5rer. Samma \u00e5r den 25 maj sammankallades ett medborgarm\u00f6te \u00e5 ungdomshemmet i Lappfj\u00e4rd by f\u00f6r behandling av viktiga politiska fr\u00e5gor bl. a. om bildandet av en brandk\u00e5r p\u00e5 orten.<\/p>\n<p>Samtliga m\u00f6tesdeltagare f\u00f6rstodo, vad saken g\u00e4llde och besl\u00f6to att kalla organisationen skyddsk\u00e5r. Detta som bevis p\u00e5 med vilken h\u00e4nf\u00f6relse folkets flertal fr\u00e5n b\u00f6rjan omfattade sj\u00e4lvst\u00e4ndighetsid\u00e9n, och den d\u00e4rur framsprungna skyddsk\u00e5rsr\u00f6relsen. Nu tillsattes ocks\u00e5 en organisationskommitt\u00e9 best\u00e5ende av kommunalr\u00e5det Johan Starcke, studeranden Emil Ingves, bonden Emil Knus och ingenj\u00f6ren Nils Molander.<\/p>\n<p>Vid ett f\u00f6ljande medborgarm\u00f6te den 3 juni uttalades, att \u00bbFinland b\u00f6r bliva en sj\u00e4lvst\u00e4ndig stat med internationella garantier\u00bb. Dessutom besl\u00f6ts det, att icke mera \u00e5tlyda order om tv\u00e5ngsrekvisitioner. Den 11 juni sammankallades \u00e5 kyrkobyns ungdomshem ett medborgarm\u00f6te, vilket valde stud. Emil Ingves, bonden Erik Anders \u00c5djers och veterin\u00e4r Lennart Laurell att officiellt handhava den h\u00f6gsta ledningen av skyddsk\u00e5ren. K\u00e5ren organiserades nu, men n\u00e5gra egentliga milit\u00e4ra \u00f6vningar kunde man ej h\u00e5lla, emedan en stark kavalleriavdelning var f\u00f6rlagd i Lappfj\u00e4rd by. Och dessa ryssar upptr\u00e4dde dessutom synnerligen sj\u00e4lvsv\u00e5ldigt.<\/p>\n<p>F\u00f6r att skaffa vapen \u00e5t skyddsk\u00e5ren st\u00e4llde sig dess ledare i f\u00f6rbindelse med personer, som tillh\u00f6rt det forna Voima f\u00f6rbundet, men erh\u00f6ll man underr\u00e4ttelse om, att lager av Grafton- eller Peter-gev\u00e4r icke mera funnos. Ehuru man ej lyckades l\u00f6sa bev\u00e4pningsfr\u00e5gan, fortsatte man dock energiskt med k\u00e5rens organisation.<\/p>\n<p>Ju l\u00e4ngre tiden led, dess mera uppretad blev befolkningen p\u00e5 ryssarna, vilka upptr\u00e4dde allt fr\u00e4ckare och sj\u00e4lvsv\u00e5ldigare. Till deras k\u00e4nnedom hade \u00e4ven kommit, att n\u00e5gon vid medborgarm\u00f6tet den 25 maj gjort antydningar om \u00bbdynamit\u00bb och \u00bbspr\u00e4ngning i luften\u00bb. Detta f\u00f6ranledde dem att vid ett p\u00e5g\u00e5ende ungdomsm\u00f6te f\u00f6retaga kroppsvisitation av samtliga n\u00e4rvarande. Men skyddsk\u00e5rsr\u00f6relsen st\u00e4rktes endast h\u00e4rigenom. Ryssarna blevo efter det passerade f\u00f6rsiktigare och r\u00e4dda.<\/p>\n<p>Ocks\u00e5 i Lappfj\u00e4rd hade vid revolutionens utbrott bildats en socialistf\u00f6rening p\u00e5 initiativ av sadelmakaren Otto \u00d6str\u00f6m, som fr\u00e5n S:t Petersburg inh\u00e4mtat sina v\u00e4rldsf\u00f6rb\u00e4ttrande l\u00e4ror. Ett 40-tal av de s\u00e4msta elementen i byn ansl\u00f6to sig till denna f\u00f6rening, vars medlemmar gjorde gemensam sak med ryssarna. H\u00e4rigenom blev st\u00f6rre f\u00f6rsiktighet av n\u00f6den i skyddsk\u00e5rsarbetet.<\/p>\n<p>Under h\u00f6sten 1917 klarnade det f\u00f6r var och en, att det f\u00f6rr eller senare skulle komma till \u00f6ppen brytning mellan den f\u00f6rvildade ryska milit\u00e4ren och landet frihets\u00e4lskande och laglydiga befolkning. Ryssarna betraktades vid denna tid i \u00d6sterbotten som orsaken till oredan och lagl\u00f6sheten i landet.<\/p>\n<p>Under h\u00f6sten v\u00e4nde man sig till olika h\u00e5ll f\u00f6r att anskaffa vapen \u00e5t k\u00e5ren. Alla avstr\u00e4ngningar voro dock f\u00f6rg\u00e4ves. Endast 7 st. Graftongev\u00e4r och n\u00e5gra hundra patroner lyckades man ink\u00f6pa av privata personer. F\u00f6r ordningens uppr\u00e4tth\u00e5llande beviljades i september ett kommunalt underst\u00f6d p\u00e5 5,000 mk. De n\u00e4mnda gev\u00e4ren ink\u00f6ptes f\u00f6r dessa medel. K\u00e5rens ledning stod dessutom i f\u00f6rbindelse med ledarna f\u00f6r vapenimporten till Vasa med omnejd, (bl. a. V. Granlund). D\u00e5 den r\u00f6da storstrejken utbr\u00f6t i november tillsattes en hemlig stab och f\u00f6r att giva skyddsk\u00e5ren sken av laglig institution besl\u00f6t staben f\u00f6resl\u00e5 ortens kronol\u00e4nsman till chef f\u00f6r k\u00e5ren. P\u00e5 ett skyddsk\u00e5rsm\u00f6te den 6 nov. valdes d\u00e4rf\u00f6r denne till ledare. Om detta m\u00f6te fingo ryssarna vetskap genom de r\u00f6da i byn, men de v\u00e5gade ej av fruktan f\u00f6r motst\u00e5nd infinna sig dit. Emellertid f\u00e4ngslades l\u00e4nsman Nordlund samma kv\u00e4ll och litet senare under natten polisk. \u00c5djers. Som f\u00e4ngelse anv\u00e4ndes \u00bbsocialisthuset\u00bb \u00e5 Kladdbacken. Samma natt besattes telefoncentralen av de r\u00f6da och n\u00e5gra privata samtal till\u00e4tos icke.<\/p>\n<p>Men skyddsk\u00e5rens ledare voro ej heller overksamma denna natt. Man besl\u00f6t att f\u00f6ljande morgon uppb\u00e5da allt manskap i trakten f\u00f6r att befria l\u00e4nsmannen och polisen samt \u00e5terst\u00e4lla ordningen. Det r\u00e4ckte ej l\u00e4nge innan skyddsk\u00e5ren ungef\u00e4r 200 man stark var f\u00f6rsamlad \u00e5 ungdomshemmet. H\u00e4r fanns d\u00e5 en brokig skara, best\u00e5ende av gamla gubbar och unga gossar. Vapen, s\u00e5dana som kn\u00f6lp\u00e5kar, knivar och n\u00e5gra revolvrar skulle begagnas mot de r\u00f6da och ryssarna. Motst\u00e5ndarna f\u00f6llo till f\u00f6ga och frig\u00e5vo sina f\u00e5ngar. Ganska r\u00e4dda och snopna drogo de r\u00f6da sig \u00e4ven fr\u00e5n telefoncentralen.<\/p>\n<p>Vid ett stabsm\u00f6le den 8 nov. avsade sig kronol\u00e4nsman Nordlund chefskapet. Studeranden E. Ingves fick sedan detta sv\u00e5ra uppdrag under den kritiska tid som var och f\u00f6ljde. Att organisera skyddsk\u00e5rsavdelningar i utbyarna gavs i uppdrag \u00e5t intresserade personer f\u00f6r saken, i Dagsmark \u00e5t stud. Torsten Wadstr\u00f6m, i H\u00e4rkmeri bonden Axel Grannas samt i M\u00f6rtmark handl. Henrik Nurmela. Dessa personer b\u00f6rjade med iver organisationsarbetet i utbyarna och i medlet av november m\u00e5nad var Lappfj\u00e4rd skyddsk\u00e5r organiserad. Dess numer\u00e4r uppgick d\u00e5 till 225 man. D\u00e5 man ej trots k\u00e5rchefens ivriga bem\u00f6danden fick vapen fr\u00e5n Vasa, besl\u00f6t man skaffa s\u00e5dana p\u00e5 n\u00e4rmare h\u00e5ll. Detta skedde hos en snickare i Lappfj\u00e4rd kyrkoby. F\u00f6r k\u00e5rens r\u00e4kning gjorde denne ett st\u00f6rre parti tr\u00e4gev\u00e4r. K\u00e5ren indelades nu i fem avdelningar med var sin chef. P\u00e5 norra sidan: folkskol\u00e4raren Selim Knus och mj\u00f6lnaren Aron Engelholm. P\u00e5 s\u00f6dra sidan: bondesonen Erland Ingves, bonden Emil Knus och byggm\u00e4staren Otto Ivars. S\u00e5som instrukt\u00f6rer tj\u00e4nstgjorde personer, som varit i den forna finl\u00e4ndska milit\u00e4ren. Nu exercerades bakom t\u00e4ckta f\u00f6nster s\u00e5 att framstugogolven sviktade, n\u00e4r kommandoorden lj\u00f6do (ibland p\u00e5 ryska). Ibland kunde ocks\u00e5 ryssarna f\u00e5 se n\u00e5got av tr\u00e4bajonetten.<\/p>\n<p>Under julen kom j\u00e4garen Paavo Talvela (Str\u00f6msten) till Lappfj\u00e4rd. Han \u00f6vertog den milit\u00e4ra ledningen och entusiasmen tilltog. Under hans ledning f\u00f6ranstaltades \u00e4ven \u00f6vningar i det fria. F\u00f6r att skaffa k\u00e5ren dugliga ledare s\u00e4ndes till V\u00f6r\u00e5 krigsskola f\u00f6ljande personer: k\u00e5rchefen Emil Ingves, bonden Emil Knus, bondesonen Emil Mattfolk, bondesonen Johan Ojala, bonden, Erik Anders Sundholm, bondesonen Evert Grannas och stud. Gustav Appel. Dessa personer deltogo med V\u00f6r\u00e5gardet i dess strider vid Ylistaro och Ule\u00e5borg. I sistn\u00e4mnda stad stupade Knus, Sundholm, Ojala och s\u00e5g\u00e4garen John Eriksson, som deltog i striden med Vasa skyddsk\u00e5r. Stud. Ingves var med om striderna vid Laihela och Kristinestad samt avv\u00e4pningen av ryssarna i Lillkyro. Den 29 januari reste 19 man p\u00e5 order av j\u00e4garen Talvela till Sideby skyddsk\u00e5rs hj\u00e4lp. Vid framkomsten hade emellertid allt blivit klart, och erh\u00f6ll Lappfj\u00e4rd skyddsk\u00e5r d\u00e4rifr\u00e5n sina f\u00f6rsta milit\u00e4rgev\u00e4r (19 st.). En sv\u00e5rare n\u00f6t var Kristinestad att kn\u00e4cka. D\u00e4r fanns en kavalleriavdelning p\u00e5 200 man samt 80 r\u00f6dgardister, som voro bev\u00e4pnade av ryssarna. Emedan ryssarna i Kristinestad icke g\u00e5vo sig, efter det ultimatum blivit dem tills\u00e4nt, intogo omnejdens skyddsk\u00e5rer staden med vapenmakt. Den 30 januari p\u00e5 kv\u00e4llen l\u00e5g Tj\u00f6ck skyddsk\u00e5r f\u00f6rsamlad i Tj\u00f6ck. Lappfj\u00e4rds skyddsk\u00e5r f\u00f6rst\u00e4rkt med ett 75-tal skyddsk\u00e5rister fr\u00e5n Sideby, Stora och B\u00f6tom l\u00e5g i Lappfj\u00e4rd. Det var nu meningen att g\u00e5 till anfall. Emellertid erh\u00f6lls order att inv\u00e4nta. j\u00e4garkapten Heiskanen, som med en avdelning av V\u00f6r\u00e5-gardet, kom till f\u00f6rst\u00e4rkning. Onsdag kv\u00e4ll vid 10-tiden sammankallades Lappfj\u00e4rds skyddsk\u00e5r genom klockringning i kyrkklockorna. Under natten marscherade k\u00e5ren 200 man stark med en stor lejonfana i spetsen till L\u00e5hlby. I sagda by f\u00f6renade sig ytterligare med k\u00e5ren en pluton fr\u00e5n N\u00e4rpes skyddsk\u00e5r samt skyddsk\u00e5rister fr\u00e5n B\u00f6tom, Stor\u00e5 och Sideby. Hela styrkan uppgick h\u00e4r till 325 man. Truppen stod under j\u00e4gar Talvelas bef\u00e4l. 125 man hade milit\u00e4rgev\u00e4r, 50 man hagelgev\u00e4r eller revolvrar, medan resten var obev\u00e4pnad. Kl. 7 om morgonen satte sig de i Tj\u00f6ck och Lappfj\u00e4rd f\u00f6rsamlade styrkorna i r\u00f6relse mot Kristinestad.<\/p>\n<p>Huvudstyrkan under Talvelas bef\u00e4l f\u00f6rst\u00e4rkt med ett maskingev\u00e4r fr\u00e5n V\u00f6r\u00e5-gardet t\u00e5gade l\u00e4ngs stora landsv\u00e4gen till Kristinestad. En avdelning p\u00e5 50 man s\u00e4ndes s\u00f6derut till Pantolins under bef\u00e4l av polisk. Gustav \u00c5djers. L\u00e4ngs Batteriv\u00e4gen, som i H\u00f6g\u00e5sbacken l\u00f6per till v\u00e4nster ungef\u00e4r 1,000 m. fr\u00e5n havsstranden, bildade Lappfj\u00e4rd skyddsk\u00e5r skytteked. Str\u00f6msten tog sj\u00e4lv ledningen \u00f6ver h\u00f6gra flygeln och stud. Ingves \u00f6ver v\u00e4nstra. Ryssarna \u00f6ppnade eld mot de styrkor, som kommo fr\u00e5n Tj\u00f6ck \u00f6ver Norrfj\u00e4rden och en halv timme senare begynte kanonerna spela mot h\u00f6gra flygeln av Lappfj\u00e4rd k\u00e5ren. V\u00e4nstra flygeln ungef\u00e4r 50 man stark, intog eldst\u00e4llning bakom en g\u00e4rdesg\u00e5rd i flanken p\u00e5 batterierna. Efter en tre timmars blodig strid hissade ryssarna vit flagg. Ungef\u00e4r h\u00e4lften av den trupp som deltog striderna vid batterierna, var lappfj\u00e4rdbor.<\/p>\n<p>Under frihetskriget deltogo fr\u00e5n Lappfj\u00e4rd i striderna p\u00e5 den vita fronten inalles 309 man, 137 frivilliga och 172 uppb\u00e5dade. De 18 lappfj\u00e4rdbor, som stupade p\u00e5 olika fronter, skola f\u00f6r folket i denna trakt f\u00f6r alla tider visa att Lappfj\u00e4rd skyddsk\u00e5r gjorde sin plikt, n\u00e4r det g\u00e4llde all r\u00e4dda fosterlandet fr\u00e5n kommunismens kaos.<\/p>\n","protected":false},"excerpt":{"rendered":"<p>Denna artikel som publicerade i tidskriften &#8221;Svenska skyddsk\u00e5risten&#8221; den 16 februari 1922 \u00e4r signerad &#8221;-s&#8221; som torde vara folkskoll\u00e4raren Selim Bj\u00f6rses: Under v\u00e5ren 1917 bildades de f\u00f6rsta av v\u00e5ra skyddsk\u00e5rer. Samma \u00e5r den 25 maj sammankallades ett medborgarm\u00f6te \u00e5 ungdomshemmet <a class=\"more-link\" href=\"https:\/\/www.lassebacklund.fi\/?page_id=7759\">Forts\u00e4tt l\u00e4sa <span class=\"screen-reader-text\">  Lappfj\u00e4rd skyddsk\u00e5r i frihetskriget.<\/span><span class=\"meta-nav\">&rarr;<\/span><\/a><\/p>\n","protected":false},"author":1,"featured_media":0,"parent":3747,"menu_order":0,"comment_status":"closed","ping_status":"closed","template":"","meta":{"footnotes":""},"class_list":["post-7759","page","type-page","status-publish","hentry"],"_links":{"self":[{"href":"https:\/\/www.lassebacklund.fi\/index.php?rest_route=\/wp\/v2\/pages\/7759","targetHints":{"allow":["GET"]}}],"collection":[{"href":"https:\/\/www.lassebacklund.fi\/index.php?rest_route=\/wp\/v2\/pages"}],"about":[{"href":"https:\/\/www.lassebacklund.fi\/index.php?rest_route=\/wp\/v2\/types\/page"}],"author":[{"embeddable":true,"href":"https:\/\/www.lassebacklund.fi\/index.php?rest_route=\/wp\/v2\/users\/1"}],"replies":[{"embeddable":true,"href":"https:\/\/www.lassebacklund.fi\/index.php?rest_route=%2Fwp%2Fv2%2Fcomments&post=7759"}],"version-history":[{"count":1,"href":"https:\/\/www.lassebacklund.fi\/index.php?rest_route=\/wp\/v2\/pages\/7759\/revisions"}],"predecessor-version":[{"id":7760,"href":"https:\/\/www.lassebacklund.fi\/index.php?rest_route=\/wp\/v2\/pages\/7759\/revisions\/7760"}],"up":[{"embeddable":true,"href":"https:\/\/www.lassebacklund.fi\/index.php?rest_route=\/wp\/v2\/pages\/3747"}],"wp:attachment":[{"href":"https:\/\/www.lassebacklund.fi\/index.php?rest_route=%2Fwp%2Fv2%2Fmedia&parent=7759"}],"curies":[{"name":"wp","href":"https:\/\/api.w.org\/{rel}","templated":true}]}}