{"id":7707,"date":"2018-03-06T16:34:32","date_gmt":"2018-03-06T15:34:32","guid":{"rendered":"http:\/\/www.lassebacklund.fi\/?page_id=7707"},"modified":"2020-03-31T15:18:00","modified_gmt":"2020-03-31T12:18:00","slug":"lisa-moras-stenen-pa-byasen","status":"publish","type":"page","link":"https:\/\/www.lassebacklund.fi\/?page_id=7707","title":{"rendered":"Lisa-Moras stenen p\u00e5 By\u00e5sen."},"content":{"rendered":"<p><span style=\"color: #000080;\">Nedtecknat av Lasse Backlund 2014, uppdaterades i mars 2018.<\/span><\/p>\n<p>P\u00e5 grund av sitt l\u00e4ge mellan tv\u00e5 stormakter har Finland under g\u00e5ngna tider ofta varit sk\u00e5deplats f\u00f6r krig och h\u00e4rjningar. Sedan urminnes tider har svensk-finska trupper f\u00e5tt sl\u00e5ss mot ryska angripare. Fienden har alltid kommit fr\u00e5n \u00f6ster s\u00e5 d\u00e4rf\u00f6r har v\u00e5r landsdel ofta p\u00e5 grund av sitt l\u00e4ge l\u00e4ngst v\u00e4sterut, blivit f\u00f6rskonat fr\u00e5n fiendens h\u00e4rjningar.<\/p>\n<p>Enda stora undantaget \u00e4r tiden mellan 1713-1721 d\u00e5 ryska trupper besatte s\u00e5 gott som hela Finland och tsaren Peter den store gav order om att \u00d6sterbottens skall sk\u00f6vlas och f\u00f6rst\u00f6ras. Tsar Peter var r\u00e4dd att trupper fr\u00e5n Sverige skulle landstiga i \u00d6sterbotten och d\u00e4rf\u00f6r fanns det orsak att f\u00f6ra bort eller d\u00f6da ortsbefolkningen och br\u00e4nna och plundra allt de kom \u00f6ver. Den svenska kungen Karl XII var p\u00e5 flykt undan ryssarna nere i Europa och visste knappt vad som var p\u00e5 g\u00e5ng upp i norr. En stor del av den \u00f6sterbottniska befolkningen hade nog f\u00f6re ockupationen flytt till Sverige med b\u00e5tar men det r\u00e4knas allm\u00e4nt med att \u00f6ver 4\u00a0000 personer fr\u00e5n \u00d6sterbotten bortf\u00f6rdes i f\u00e5ngenskap till Ryssland. Den h\u00e4r perioden i Det stora nordiska kriget kallas f\u00f6r Stora ofreden och befolkningen i Finland fick verkligen lida sv\u00e5rt.<\/p>\n<p>Hur l\u00e4get var i Dagsmark \u00e4r sv\u00e5rt att s\u00e4ga men det \u00e4r helt klart att befolkningen ocks\u00e5 h\u00e4r led av ryssarnas ockupation. Precis som i andra byar flydde folk till de stora skogarna f\u00f6r att d\u00e4r s\u00f6ka skydd undan de ryska milit\u00e4rerna som styrde \u00f6ver landet i de svenska myndigheternas fr\u00e5nvaro.<\/p>\n<figure id=\"attachment_7701\" aria-describedby=\"caption-attachment-7701\" style=\"width: 1386px\" class=\"wp-caption aligncenter\"><img loading=\"lazy\" decoding=\"async\" class=\"size-full wp-image-7701\" src=\"http:\/\/www.lassebacklund.fi\/wp-content\/uploads\/2018\/03\/1.jpg\" alt=\"Lisa-Mors sten fotograferad fr\u00e5n s\u00f6der och h\u00e4r har den legat sedan de stora ismassorna f\u00f6rt den med sig under den senaste istiden som slutade f\u00f6r 10 000 \u00e5r sedan.\" width=\"1386\" height=\"1039\" srcset=\"https:\/\/www.lassebacklund.fi\/wp-content\/uploads\/2018\/03\/1.jpg 1386w, https:\/\/www.lassebacklund.fi\/wp-content\/uploads\/2018\/03\/1-300x225.jpg 300w, https:\/\/www.lassebacklund.fi\/wp-content\/uploads\/2018\/03\/1-768x576.jpg 768w, https:\/\/www.lassebacklund.fi\/wp-content\/uploads\/2018\/03\/1-1024x768.jpg 1024w\" sizes=\"auto, (max-width: 1386px) 100vw, 1386px\" \/><figcaption id=\"caption-attachment-7701\" class=\"wp-caption-text\">Lisa-Mors sten fotograferad fr\u00e5n s\u00f6der och h\u00e4r har den legat sedan de stora ismassorna f\u00f6rt den med sig under den senaste istiden som slutade f\u00f6r 10 000 \u00e5r sedan.<\/figcaption><\/figure>\n<p>En som tog sin tillflykt till skogen var Lisa-Mor och hon b\u00f6rjade bo under en j\u00e4ttestor sten uppe p\u00e5 By\u00e5sen, endast n\u00e5gra hundra meter fr\u00e5n Dagsmark. Enda uppgifter som finns om henne \u00e4r att hon hette Lisa och s\u00e4kerligen hade hon barn eftersom hon kallades f\u00f6r Lisa-Mor. Det stora flyttblocket var format s\u00e5 att det i den norra \u00e4ndan fanns en urholkning som var s\u00e5 pass stor att hon fick rum att bo d\u00e4runder. Enligt s\u00e4gnen och folkprat skulle hon ha vistats d\u00e4r uppe p\u00e5 By\u00e5sen i flera \u00e5r, hon skulle till och med haft en ko med sig. Hur livet tedde sig f\u00f6r Lisa-Mor kan vi bara ana oss till men enkelt kunde det inte ha varit, \u00e5tminstone inte vintertid.<\/p>\n<p>Minnet av Lisa-Mor lever kvar \u00e4nnu i v\u00e5ra dagar och stenen heter f\u00f6ljaktligen Lisa-Moras stenen.<\/p>\n<figure id=\"attachment_7702\" aria-describedby=\"caption-attachment-7702\" style=\"width: 1386px\" class=\"wp-caption aligncenter\"><img loading=\"lazy\" decoding=\"async\" class=\"size-full wp-image-7702\" src=\"http:\/\/www.lassebacklund.fi\/wp-content\/uploads\/2018\/03\/2.jpg\" alt=\"H\u00e4r stenen fotograferad fr\u00e5n norr och det syns tydligt hur stenen kilats s\u00f6nder och delar av den f\u00f6rts bort. Till h\u00f6ger p\u00e5 bilden syns motionssp\u00e5ret som g\u00e5r v\u00e4ldigt n\u00e4ra stenen. Det \u00e4r inte riktigt l\u00e4tt att kl\u00e4ttra upp p\u00e5 den \u00f6ver tv\u00e5 meter h\u00f6ga stenen och \u00e5tminstone f\u00f6r byns pojkar har det r\u00e4knats som ett mandomsprov att p\u00e5 egen hand komma upp p\u00e5 den.\" width=\"1386\" height=\"1039\" srcset=\"https:\/\/www.lassebacklund.fi\/wp-content\/uploads\/2018\/03\/2.jpg 1386w, https:\/\/www.lassebacklund.fi\/wp-content\/uploads\/2018\/03\/2-300x225.jpg 300w, https:\/\/www.lassebacklund.fi\/wp-content\/uploads\/2018\/03\/2-768x576.jpg 768w, https:\/\/www.lassebacklund.fi\/wp-content\/uploads\/2018\/03\/2-1024x768.jpg 1024w\" sizes=\"auto, (max-width: 1386px) 100vw, 1386px\" \/><figcaption id=\"caption-attachment-7702\" class=\"wp-caption-text\">H\u00e4r stenen fotograferad fr\u00e5n norr och det syns tydligt hur stenen kilats s\u00f6nder och delar av den f\u00f6rts bort. Till h\u00f6ger p\u00e5 bilden syns motionssp\u00e5ret som g\u00e5r v\u00e4ldigt n\u00e4ra stenen. Det \u00e4r inte riktigt l\u00e4tt att kl\u00e4ttra upp p\u00e5 den \u00f6ver tv\u00e5 meter h\u00f6ga stenen och \u00e5tminstone f\u00f6r byns pojkar har det r\u00e4knats som ett mandomsprov att p\u00e5 egen hand komma upp p\u00e5 den.<\/figcaption><\/figure>\n<p>I b\u00f6rjan p\u00e5 1900-talet blev den stora stenen s\u00f6nderkilad och en del av den blev forslad ner till \u00e5n d\u00e4r den anv\u00e4ndes f\u00f6r byggandet av en damm. Men det som blev kvar \u00e4r \u00e4nd\u00e5 helt tillr\u00e4ckligt f\u00f6r de bes\u00f6kare som regelbundet bes\u00f6ker platsen. Hela omr\u00e5det runt stenen \u00e4r mycket natursk\u00f6nt och vackert, v\u00e4l v\u00e4rt ett bes\u00f6k. Barn fr\u00e5n skolan och daghemmet har varje \u00e5r bes\u00f6kt st\u00e4llet som ligger precis bredvid den upplysta motionsslingan som b\u00f6rjar och slutar vid Majbo.<\/p>\n<p>Barnen i Dagsmark har ofta anv\u00e4nt omr\u00e5det p\u00e5 By\u00e5sen som lekplats, fr\u00e4mst d\u00e5 Br\u00e4nnlandet som \u00e4r ett kullerstensomr\u00e5de och s\u00e5 Lisa-Moras sten. Ingmar Roseng\u00e5rd som v\u00e4xte upp n\u00e4ra By\u00e5sen vet ber\u00e4tta hur han och hans kamrater till och med byggde en k\u00e5ta ovanp\u00e5 stenen.<\/p>\n<figure id=\"attachment_7706\" aria-describedby=\"caption-attachment-7706\" style=\"width: 635px\" class=\"wp-caption aligncenter\"><img loading=\"lazy\" decoding=\"async\" class=\"size-full wp-image-7706\" src=\"http:\/\/www.lassebacklund.fi\/wp-content\/uploads\/2018\/03\/Lisamorsstenutf\u00e4rd-med-text.jpg\" alt=\"P\u00e5 fotografiet som Inga-Lill bidragit med s\u00e5 ser vi att sm\u00e5skolans elever var p\u00e5 utflykt till Lisa-Mors stora sten. Helge Lund har ber\u00e4ttat att den tiden han gick i sm\u00e5skolan fick han vara v\u00e4gvisare \u00e5t de andra barnen eftersom han bodde i n\u00e4rheten. \" width=\"635\" height=\"414\" srcset=\"https:\/\/www.lassebacklund.fi\/wp-content\/uploads\/2018\/03\/Lisamorsstenutf\u00e4rd-med-text.jpg 635w, https:\/\/www.lassebacklund.fi\/wp-content\/uploads\/2018\/03\/Lisamorsstenutf\u00e4rd-med-text-300x196.jpg 300w\" sizes=\"auto, (max-width: 635px) 100vw, 635px\" \/><figcaption id=\"caption-attachment-7706\" class=\"wp-caption-text\">P\u00e5 fotografiet som Inga-Lill bidragit med s\u00e5 ser vi att sm\u00e5skolans elever var p\u00e5 utflykt till Lisa-Mors stora sten. Helge Lund har ber\u00e4ttat att den tiden han gick i sm\u00e5skolan fick han vara v\u00e4gvisare \u00e5t de andra barnen eftersom han bodde i n\u00e4rheten.<\/figcaption><\/figure>\n<p class=\"Wp-Normal-P\">Den hornseptett som bildades 1904 i Dagsmark brukade i b\u00f6rjan av seklet ge gratiskonserter i n\u00e4rheten av Lisa-Moras steinin.<\/p>\n<p>En orsak till att den h\u00e4r stenen \u00e4r s\u00e5 k\u00e4nd och popul\u00e4r som utflyktsm\u00e5l \u00e4r att den \u00e4r s\u00e5 gott som det enda stora flyttblocket som istiden f\u00f6rt med sig. Dagsmark \u00e4r k\u00e4nt som en stenfattig by, till exempel alla uppodlade \u00e5krar \u00e4r i dag s\u00e5 gott som stenfria. N\u00e4r \u00e5krar t\u00e4ckdikas brukar dikarna ibland r\u00e5ka p\u00e5 n\u00e5gon sten och d\u00e5 sk\u00e4mtas det om att det \u00e4r n\u00e5gon som gr\u00e4vt ner den.<\/p>\n<figure id=\"attachment_7703\" aria-describedby=\"caption-attachment-7703\" style=\"width: 1126px\" class=\"wp-caption aligncenter\"><img loading=\"lazy\" decoding=\"async\" class=\"size-full wp-image-7703\" src=\"http:\/\/www.lassebacklund.fi\/wp-content\/uploads\/2018\/03\/3.jpg\" alt=\"Det \u00e4r klart att denna 2-\u00e5ring inte sj\u00e4lv kl\u00e4ttrat upp p\u00e5 stenen men han \u00e4r lika stolt i alla fall.\" width=\"1126\" height=\"1502\" srcset=\"https:\/\/www.lassebacklund.fi\/wp-content\/uploads\/2018\/03\/3.jpg 1126w, https:\/\/www.lassebacklund.fi\/wp-content\/uploads\/2018\/03\/3-225x300.jpg 225w, https:\/\/www.lassebacklund.fi\/wp-content\/uploads\/2018\/03\/3-768x1024.jpg 768w\" sizes=\"auto, (max-width: 1126px) 100vw, 1126px\" \/><figcaption id=\"caption-attachment-7703\" class=\"wp-caption-text\">Det \u00e4r klart att denna 2-\u00e5ring inte sj\u00e4lv kl\u00e4ttrat upp p\u00e5 stenen men han \u00e4r lika stolt i alla fall.<\/figcaption><\/figure>\n<p>Sm\u00e5 barn tycker att Lisa-Mors sten \u00e4r ofantligt stor men n\u00e4r de blir vuxna minskar den betydligt i storlek. \u00c5tminstone f\u00f6r Bertel Forslin var det just s\u00e5, i sin historik om Dagsmark skrev han till och med att stenen inte mera finns till:<\/p>\n<p><span style=\"color: #000080;\"><em>\u201dStort b\u00e4ttre \u00e4r det ej heller p\u00e5 Br\u00e4nnlandet som \u00e4r en rullstens\u00e5s. En j\u00e4tte s\u00e4ges f\u00f6rr i v\u00e4rlden ha sl\u00e4ngt dit Lisa-moras-storstenen. Den har f\u00e5tt sitt namn av Lisamor, som under 1808-\u00e5rs ofred bodde d\u00e4r med sin ko. Stenen var sev\u00e4rd, och till den brukade man g\u00f6ra utf\u00e4rder. Den finns dock ej l\u00e4ngre kvar.\u201d<\/em><\/span><\/p>\n<p>Jag tror nog ocks\u00e5 att Bertel hade misstagit sig p\u00e5 tidpunkten d\u00e5 Lisa-Mor bodde under stenen, f\u00f6r det var just under stora ofreden som folket flydde till skogs. Visserligen blev hela Finland ockuperat av ryssarna ocks\u00e5 under 1808-1809 \u00e5rs krig men befolkningen skonades p\u00e5 ett helt annat s\u00e4tt \u00e4n under Stora ofreden.<\/p>\n<figure id=\"attachment_10278\" aria-describedby=\"caption-attachment-10278\" style=\"width: 2016px\" class=\"wp-caption aligncenter\"><img loading=\"lazy\" decoding=\"async\" class=\"size-full wp-image-10278\" src=\"http:\/\/www.lassebacklund.fi\/wp-content\/uploads\/2018\/10\/Lisa-Moras-storsteinin-f\u00f6r-hemsidan5.jpg\" alt=\"\" width=\"2016\" height=\"1512\" srcset=\"https:\/\/www.lassebacklund.fi\/wp-content\/uploads\/2018\/10\/Lisa-Moras-storsteinin-f\u00f6r-hemsidan5.jpg 2016w, https:\/\/www.lassebacklund.fi\/wp-content\/uploads\/2018\/10\/Lisa-Moras-storsteinin-f\u00f6r-hemsidan5-300x225.jpg 300w, https:\/\/www.lassebacklund.fi\/wp-content\/uploads\/2018\/10\/Lisa-Moras-storsteinin-f\u00f6r-hemsidan5-768x576.jpg 768w, https:\/\/www.lassebacklund.fi\/wp-content\/uploads\/2018\/10\/Lisa-Moras-storsteinin-f\u00f6r-hemsidan5-1024x768.jpg 1024w\" sizes=\"auto, (max-width: 2016px) 100vw, 2016px\" \/><figcaption id=\"caption-attachment-10278\" class=\"wp-caption-text\">Efter kalavverkning h\u00f6sten 2018 vid &#8221;Lisa-Moras storsteinin&#8221;, s\u00e5 ser den betydligt st\u00f6rre ut \u00e4n f\u00f6rut.<\/figcaption><\/figure>\n<figure id=\"attachment_7704\" aria-describedby=\"caption-attachment-7704\" style=\"width: 1386px\" class=\"wp-caption aligncenter\"><img loading=\"lazy\" decoding=\"async\" class=\"size-full wp-image-7704\" src=\"http:\/\/www.lassebacklund.fi\/wp-content\/uploads\/2018\/03\/4.jpg\" alt=\"F\u00f6r att v\u00e5rda minnet av Lisa-Mor har en v\u00e4g blivit uppkallad efter henne. Den urgamla v\u00e4gen som b\u00f6rjar i centrum av Dagsmark och g\u00e5r vidare till Storliden leder en bes\u00f6kare v\u00e4ldigt n\u00e4ra stenen. I bakgrunden till v\u00e4nster skymtar f\u00f6reningshuset Majbo.\" width=\"1386\" height=\"1039\" srcset=\"https:\/\/www.lassebacklund.fi\/wp-content\/uploads\/2018\/03\/4.jpg 1386w, https:\/\/www.lassebacklund.fi\/wp-content\/uploads\/2018\/03\/4-300x225.jpg 300w, https:\/\/www.lassebacklund.fi\/wp-content\/uploads\/2018\/03\/4-768x576.jpg 768w, https:\/\/www.lassebacklund.fi\/wp-content\/uploads\/2018\/03\/4-1024x768.jpg 1024w\" sizes=\"auto, (max-width: 1386px) 100vw, 1386px\" \/><figcaption id=\"caption-attachment-7704\" class=\"wp-caption-text\">F\u00f6r att v\u00e5rda minnet av Lisa-Mor har en v\u00e4g blivit uppkallad efter henne. Den urgamla v\u00e4gen som b\u00f6rjar i centrum av Dagsmark och g\u00e5r vidare till Storliden leder en bes\u00f6kare v\u00e4ldigt n\u00e4ra stenen. I bakgrunden till v\u00e4nster skymtar f\u00f6reningshuset Majbo.<\/figcaption><\/figure>\n<figure id=\"attachment_13404\" aria-describedby=\"caption-attachment-13404\" style=\"width: 2304px\" class=\"wp-caption alignnone\"><img loading=\"lazy\" decoding=\"async\" class=\"size-full wp-image-13404\" src=\"http:\/\/www.lassebacklund.fi\/wp-content\/uploads\/2019\/08\/Stenen-2019-1.jpg\" alt=\"\" width=\"2304\" height=\"1704\" srcset=\"https:\/\/www.lassebacklund.fi\/wp-content\/uploads\/2019\/08\/Stenen-2019-1.jpg 2304w, https:\/\/www.lassebacklund.fi\/wp-content\/uploads\/2019\/08\/Stenen-2019-1-300x222.jpg 300w, https:\/\/www.lassebacklund.fi\/wp-content\/uploads\/2019\/08\/Stenen-2019-1-768x568.jpg 768w, https:\/\/www.lassebacklund.fi\/wp-content\/uploads\/2019\/08\/Stenen-2019-1-1024x757.jpg 1024w\" sizes=\"auto, (max-width: 2304px) 100vw, 2304px\" \/><figcaption id=\"caption-attachment-13404\" class=\"wp-caption-text\">Efter att skogen runt stenen kalh\u00f6ggs vintern 2019 s\u00e5 framtr\u00e4der stenen mycket b\u00e4ttre och \u00e4r nu synlig p\u00e5 l\u00e5ngt h\u00e5ll. Fotot fr\u00e5n augusti 2019.<\/figcaption><\/figure>\n<figure id=\"attachment_13405\" aria-describedby=\"caption-attachment-13405\" style=\"width: 2304px\" class=\"wp-caption alignnone\"><img loading=\"lazy\" decoding=\"async\" class=\"size-full wp-image-13405\" src=\"http:\/\/www.lassebacklund.fi\/wp-content\/uploads\/2019\/08\/Stenen-2019-2.jpg\" alt=\"\" width=\"2304\" height=\"1704\" srcset=\"https:\/\/www.lassebacklund.fi\/wp-content\/uploads\/2019\/08\/Stenen-2019-2.jpg 2304w, https:\/\/www.lassebacklund.fi\/wp-content\/uploads\/2019\/08\/Stenen-2019-2-300x222.jpg 300w, https:\/\/www.lassebacklund.fi\/wp-content\/uploads\/2019\/08\/Stenen-2019-2-768x568.jpg 768w, https:\/\/www.lassebacklund.fi\/wp-content\/uploads\/2019\/08\/Stenen-2019-2-1024x757.jpg 1024w\" sizes=\"auto, (max-width: 2304px) 100vw, 2304px\" \/><figcaption id=\"caption-attachment-13405\" class=\"wp-caption-text\">Helt ensam har den st\u00e5tt p\u00e5 By\u00e5sen, allt sedan isarna f\u00f6rde den med sig f\u00f6r 10 000 \u00e5r sedan. Fotot fr\u00e5n augusti 2019.<\/figcaption><\/figure>\n<figure id=\"attachment_15844\" aria-describedby=\"caption-attachment-15844\" style=\"width: 1440px\" class=\"wp-caption alignnone\"><img loading=\"lazy\" decoding=\"async\" class=\"size-full wp-image-15844\" src=\"http:\/\/www.lassebacklund.fi\/wp-content\/uploads\/2020\/03\/Jouni-p\u00e5-Kurtas-b\u00e4nk-i-mars-2020.jpg\" alt=\"\" width=\"1440\" height=\"810\" srcset=\"https:\/\/www.lassebacklund.fi\/wp-content\/uploads\/2020\/03\/Jouni-p\u00e5-Kurtas-b\u00e4nk-i-mars-2020.jpg 1440w, https:\/\/www.lassebacklund.fi\/wp-content\/uploads\/2020\/03\/Jouni-p\u00e5-Kurtas-b\u00e4nk-i-mars-2020-300x169.jpg 300w, https:\/\/www.lassebacklund.fi\/wp-content\/uploads\/2020\/03\/Jouni-p\u00e5-Kurtas-b\u00e4nk-i-mars-2020-1024x576.jpg 1024w, https:\/\/www.lassebacklund.fi\/wp-content\/uploads\/2020\/03\/Jouni-p\u00e5-Kurtas-b\u00e4nk-i-mars-2020-768x432.jpg 768w\" sizes=\"auto, (max-width: 1440px) 100vw, 1440px\" \/><figcaption id=\"caption-attachment-15844\" class=\"wp-caption-text\">I mars 2020 tillverkade Kurt Vikfors en b\u00e4nk av en transportpall och s\u00e5 hittade han ett passligt bord som han hade tillverkat n\u00e5got g\u00e5ng. Med Jouni Malinens hj\u00e4lp placerade han b\u00e4nken och bordet p\u00e5 stenens solsida och h\u00e4r visar Jouni hur b\u00e4nken kan anv\u00e4ndas. Kurt Vikfors fotograferade.<\/figcaption><\/figure>\n<h3><strong>Historien om ett postkort.<\/strong><\/h3>\n<p>Jag har hela tiden f\u00f6rs\u00f6kt h\u00e5lla historikerna p\u00e5 min hemsida s\u00e5 rena som m\u00f6jligt. Inga snuskigheter eller osakligheter till\u00e5ts men f\u00f6ljande ber\u00e4ttelse ur verkliga livet g\u00e5r bokstavligen under b\u00e4ltet, s\u00e5 om du som inte gillar s\u00e5dana kan du sluta l\u00e4sa nu.<\/p>\n<p><em>\u201dN\u00e5gon g\u00e5ng p\u00e5 1990-talet d\u00e5 jag k\u00f6rde runt i \u00d6sterbotten och s\u00e5lde v\u00e5ra postkort till butiker och bokhandlare s\u00e5 bes\u00f6kte jag en dag en bra kund i Kvevlax. Aff\u00e4rerna gjordes upp med k\u00f6pmannens fru som s\u00e5 m\u00e5nga g\u00e5nger f\u00f6rr. N\u00e4r vi g\u00e5tt igenom och granskat vad som fattades och beh\u00f6vde kompletteras i kortst\u00e4llningen, s\u00e5 ber\u00e4ttade hon att flera av deras kunder fr\u00e5gat efter vykort fr\u00e5n Kvevlax. S\u00e5dana hade de aldrig haft men hon hade lovat att se om det \u00e4r m\u00f6jligt att vi skulle l\u00e5ta trycka upp s\u00e5dana \u00e5t dom.<\/em><\/p>\n<p><em>Jag svarade att det \u00e4r fullt m\u00f6jligt och jag r\u00e4knade ut ett passligt pris p\u00e5 en passlig m\u00e4ngd. Men sedan sade hon att hon inte hade n\u00e5gra id\u00e9er alls om vilket motiv det skulle vara p\u00e5 kortet. Hon beklagade till och med att Kvevlax var mycket fattigt p\u00e5 passliga motiv f\u00f6r ett s\u00e4ljande vykort. Ut\u00f6ver kyrkan fanns det ingenting, sa hon.<\/em><\/p>\n<p><em>I bilen r\u00e5kade jag ha ett av de postkort som tryckts \u00e5r 1986 med motiv fr\u00e5n Dagsmark och det h\u00e4r visade jag f\u00f6r henne.<\/em><\/p>\n<figure id=\"attachment_7705\" aria-describedby=\"caption-attachment-7705\" style=\"width: 1270px\" class=\"wp-caption aligncenter\"><img loading=\"lazy\" decoding=\"async\" class=\"size-full wp-image-7705\" src=\"http:\/\/www.lassebacklund.fi\/wp-content\/uploads\/2018\/03\/5.jpg\" alt=\"H\u00e4r vykortet fr\u00e5n Dagsmark. Foto: John Hammarberg. Tryckt p\u00e5 Painotalo Varteva i Vasa.\" width=\"1270\" height=\"876\" srcset=\"https:\/\/www.lassebacklund.fi\/wp-content\/uploads\/2018\/03\/5.jpg 1270w, https:\/\/www.lassebacklund.fi\/wp-content\/uploads\/2018\/03\/5-300x207.jpg 300w, https:\/\/www.lassebacklund.fi\/wp-content\/uploads\/2018\/03\/5-768x530.jpg 768w, https:\/\/www.lassebacklund.fi\/wp-content\/uploads\/2018\/03\/5-1024x706.jpg 1024w\" sizes=\"auto, (max-width: 1270px) 100vw, 1270px\" \/><figcaption id=\"caption-attachment-7705\" class=\"wp-caption-text\">H\u00e4r vykortet fr\u00e5n Dagsmark. Foto: John Hammarberg. Tryckt p\u00e5 Painotalo Varteva i Vasa.<\/figcaption><\/figure>\n<p><em>Precis som jag, s\u00e5 tyckte hon att kortet var mycket vackert designat eftersom det fanns flera bilder p\u00e5 samma kort. Jag ber\u00e4ttade att ocks\u00e5 Dagsmark var fattigt p\u00e5 motiv men med bra fantasi skall vi nog tillsammans lyckas g\u00f6ra ett vackert vykort ocks\u00e5 fr\u00e5n Kvevlax.<\/em><\/p>\n<p><em>Hon tittade p\u00e5 Dagsmark-kortet och s\u00e5g folkskolan, den gamla bybutiken och bilden fr\u00e5n Lappfj\u00e4rds \u00e5. Men sedan n\u00e4r hon s\u00e5g bilden med Lisa-Moras sten s\u00e5 blev hon fundersam. En sten p\u00e5 ett vykort! N\u00e5, det passade nog inte i Kvevlax f\u00f6r d\u00e4r fanns det massor med verkligt stora stenar. Jag ber\u00e4ttade snabbt och kort historien om Lisa-Mor och att det h\u00e4r faktiskt \u00e4r den enda stora stenen som vi har i Dagsmark.<\/em><\/p>\n<p><em>-Va, sade hon, har ni bara en sten i Dagsmark?<\/em><\/p>\n<p><em>-Hmm, svarade jag, det st\u00e4mmer nog.<\/em><\/p>\n<p><em>-Verkligen, sade hon eftert\u00e4nksamt. Jag har nog f\u00f6rst\u00e5tt att det skall vara tv\u00e5!\u201d<\/em><\/p>\n","protected":false},"excerpt":{"rendered":"<p>Nedtecknat av Lasse Backlund 2014, uppdaterades i mars 2018. P\u00e5 grund av sitt l\u00e4ge mellan tv\u00e5 stormakter har Finland under g\u00e5ngna tider ofta varit sk\u00e5deplats f\u00f6r krig och h\u00e4rjningar. Sedan urminnes tider har svensk-finska trupper f\u00e5tt sl\u00e5ss mot ryska angripare. <a class=\"more-link\" href=\"https:\/\/www.lassebacklund.fi\/?page_id=7707\">Forts\u00e4tt l\u00e4sa <span class=\"screen-reader-text\">  Lisa-Moras stenen p\u00e5 By\u00e5sen.<\/span><span class=\"meta-nav\">&rarr;<\/span><\/a><\/p>\n","protected":false},"author":1,"featured_media":0,"parent":17,"menu_order":14,"comment_status":"closed","ping_status":"closed","template":"","meta":{"footnotes":""},"class_list":["post-7707","page","type-page","status-publish","hentry"],"_links":{"self":[{"href":"https:\/\/www.lassebacklund.fi\/index.php?rest_route=\/wp\/v2\/pages\/7707","targetHints":{"allow":["GET"]}}],"collection":[{"href":"https:\/\/www.lassebacklund.fi\/index.php?rest_route=\/wp\/v2\/pages"}],"about":[{"href":"https:\/\/www.lassebacklund.fi\/index.php?rest_route=\/wp\/v2\/types\/page"}],"author":[{"embeddable":true,"href":"https:\/\/www.lassebacklund.fi\/index.php?rest_route=\/wp\/v2\/users\/1"}],"replies":[{"embeddable":true,"href":"https:\/\/www.lassebacklund.fi\/index.php?rest_route=%2Fwp%2Fv2%2Fcomments&post=7707"}],"version-history":[{"count":9,"href":"https:\/\/www.lassebacklund.fi\/index.php?rest_route=\/wp\/v2\/pages\/7707\/revisions"}],"predecessor-version":[{"id":15845,"href":"https:\/\/www.lassebacklund.fi\/index.php?rest_route=\/wp\/v2\/pages\/7707\/revisions\/15845"}],"up":[{"embeddable":true,"href":"https:\/\/www.lassebacklund.fi\/index.php?rest_route=\/wp\/v2\/pages\/17"}],"wp:attachment":[{"href":"https:\/\/www.lassebacklund.fi\/index.php?rest_route=%2Fwp%2Fv2%2Fmedia&parent=7707"}],"curies":[{"name":"wp","href":"https:\/\/api.w.org\/{rel}","templated":true}]}}