{"id":7665,"date":"2018-03-01T22:50:24","date_gmt":"2018-03-01T21:50:24","guid":{"rendered":"http:\/\/www.lassebacklund.fi\/?page_id=7665"},"modified":"2025-03-25T20:08:38","modified_gmt":"2025-03-25T18:08:38","slug":"tidningsartiklar-om-branden-vid-storfors-sag","status":"publish","type":"page","link":"https:\/\/www.lassebacklund.fi\/?page_id=7665","title":{"rendered":"Tidningsartiklar om branden vid Storfors s\u00e5g."},"content":{"rendered":"<p><span style=\"color: #000080;\">Syd-\u00d6sterbotten 13.8.1924:<\/span><\/p>\n<h5><strong>\u00a0<\/strong><strong>STORFORS S\u00c5G J\u00c4MTE MANG\u00c5RD NEDBRUNNEN.<\/strong><\/h5>\n<p>I s\u00f6ndags kl. 11-tiden iakttogs att eld utbrutit i Storfors s\u00e5g. Medels telefon och kl\u00e4mtning i kyrkklockorna gjordes alarm om olyckan, men d\u00e5 manskap och sprutor anl\u00e4nde till brandplatsen kunde knappast n\u00e5got g\u00f6ras f\u00f6r sl\u00e4ckningen. Till f\u00f6ljd av den r\u00e5dande starka bl\u00e5sten hade elden spritt sig mycket hastigt. Hettan var inom kort s\u00e5 stor. att l\u00f6vtr\u00e4den, som funnos mellan s\u00e5gen och mang\u00e5rden, fattade eld, varefter \u00e4ven denna ant\u00e4ndes och nedbrann till grunden. S\u00e5gen har sedan en tid varit stillast\u00e5ende. I mang\u00e5rden har ingen heller bott. Utom s\u00e5gen, mang\u00e5rden och ett magasin nedbrann \u00e4ven ett till 20,000 mk uppskattat upplag halvrena br\u00e4der som var of\u00f6rs\u00e4krat och tillh\u00f6rde tr\u00e4varuhandlanden Johannes Lindahl. S\u00e5gen j\u00e4mte byggnaderna var f\u00f6rs\u00e4krad i f\u00f6rs\u00e4kringsanstalten Sampo i \u00c5bo f\u00f6r i det n\u00e4rmaste 500,000 mk. Huru elden uppst\u00e5tt \u00e4r tillsvidare outrett. Polisunders\u00f6kning h\u00f6lls genast p\u00e5 s\u00f6ndagen, men framkom d\u00e4rvid ingenting av vikt, varf\u00f6r rykten om att n\u00e5gon skulle h\u00f6rt en explosion omedelbart f\u00f6re branden s\u00e5lunda saknar varje grund.<\/p>\n<p>&nbsp;<\/p>\n<p><span style=\"color: #000080;\">Syd-\u00d6sterbotten 16.8.1924:<\/span><\/p>\n<h5><strong>ELDSV\u00c5DAN VID STORFORS.<\/strong><\/h5>\n<p><strong>En gosse, som lekt med t\u00e4ndstickor, v\u00e5llade branden.<\/strong><\/p>\n<p>Genom fortsatt polisunders\u00f6kning har det numera kommit i dagen, att den f\u00f6r\u00f6dande branden \u00e5 Storfors s\u00e5g i s\u00f6ndags, v\u00e5llats av en 12-\u00e5rig gosse, som praktiserat sig in i s\u00e5gen och d\u00e4r roat sig med att skjuta raketter med t\u00e4ndstickor och s\u00e4ger han sig d\u00e4rvid f\u00f6rlorat en brinnande t\u00e4ndsticka. Han hade d\u00e5 blivit r\u00e4dd och sprungit bort utan att n\u00e4mna om saken f\u00f6r n\u00e5gon och v\u00e5gade, sedan s\u00e5gen brunnit, till en b\u00f6rjan icke ens g\u00e5 hem. Vid f\u00f6rsta polisf\u00f6rh\u00f6ret f\u00f6rs\u00f6kte han avleda misstankarna genom att duka upp en historia om, att han tidigare p\u00e5 s\u00f6ndagen sett tv\u00e5 ok\u00e4nda karlar g\u00e5 \u00f6ver s\u00e5gdammen. Senare, d\u00e5 han erk\u00e4nde verkliga f\u00f6rh\u00e5llandet, \u00e5tertog han ber\u00e4ttelsen om de tv\u00e5 karlarna. Gossen ifr\u00e5ga \u00e4r g\u00e5rdsfarihandlanden Karl Oskar Tr\u00e4skviks son Axel. Hans hem ligger i n\u00e4rheten av den brunna s\u00e5gen.<\/p>\n<p>V\u00e5r notis om branden i senaste nummer var s\u00e5 tillvida ofullst\u00e4ndig, att det icke n\u00e4mndes om att en p\u00e5 l\u00e4ngre avst\u00e5nd fr\u00e5n s\u00e5gen bel\u00e4gen byggnad, inneh\u00e5llande byk- och badstuga m. m,, blev r\u00e4ddad. Den var brandf\u00f6rs\u00e4krad till 20.000 mk. Den brunna boningsbyggnaden, som bestod av tv\u00e5 v\u00e5ningar, var brandf\u00f6rs\u00e4krad till 100,000 mk och sj\u00e4lva s\u00e5gbyggnaden till 135,000 mk. Turbinerna, som m\u00e5h\u00e4nda \u00e4ro s\u00e5 gott som oskadade, voro upptagna till 50,000 mk. Maskinerna i s\u00e5gen, som var f\u00f6rsedd med tv\u00e5 ramar och hyvelmaskiner, voro f\u00f6rs\u00e4krade till 250,000 mk. Hela f\u00f6rs\u00e4kringsbeloppet vari \u00e4ven torde ing\u00e5tt n\u00e5got upplagrat virke, uppg\u00e5r till 643,000 mk.<\/p>\n<p><span style=\"color: #000080;\">Syd-\u00d6sterbotten 30.8.1924:<\/span><\/p>\n<h5><strong>Branden i Storfors.<\/strong><\/h5>\n<p>Fr\u00e5gan om den elektriska kraften p\u00e5 orten har genom Storfors brand hamnat i en \u00e5terv\u00e4ndsgr\u00e4nd. Genom de f\u00f6rh\u00e5llanden som d\u00e4rigenom uppst\u00e5tt har tanken v\u00e4ckts att erh\u00e5lla kraft fr\u00e5n Rosenlewska stora anl\u00e4ggningen i Bj\u00f6rneborg, F\u00f6rdelat p\u00e5 de mellanliggande kommunerna bleve kostnaderna ej skr\u00e4mmande f\u00f6r upps\u00e4ttning av ledningar, underh\u00e5ll m. m., d\u00e5 sj\u00e4lva kraften stiger till c.a en mark kilowatt fr\u00e5n kraftstationen. Denna tanke t\u00e5l att beaktas s\u00e5 mycket mera som den belysning vilken erh\u00e5lles fr\u00e5n P\u00e4rusfors A. B. \u00e4r b\u00e5de dyr och otillfredsst\u00e4llande och det s\u00e4tt, som sagda bolag nu enligt h\u00f6rs\u00e4gen \u00e4gnar tillgripa f\u00f6r erh\u00e5llande av kraft v\u00e4ckt allm\u00e4n f\u00f6rbittring.<\/p>\n<p><span style=\"color: #000080;\">Den 2 september inf\u00f6rde Kristiinan Sanomat denna artikel p\u00e5 finska och tidningen undrade vad denna \u201df\u00f6rbittring\u201d riktigt berodde p\u00e5.<\/span><\/p>\n<p><span style=\"color: #000080;\">Kristiinan Sanomat 12.8.1924:<\/span><\/p>\n<h5><strong>Suuri tulipalo Lapv\u00e4\u00e4rtiss\u00e4.<\/strong><\/h5>\n<p><strong>Storforsin sahalaitos asuin- ja muine rakennuksineen sek\u00e4 lautavarastoineen palanut.<\/strong><\/p>\n<p>Viime sunnuntai aamuna klo 11 ajoissa syttyi Lapv\u00e4\u00e4rtiss\u00e4 Ab. Storfors Oy:n sahalaitos palamaan ja paloi lyhyess\u00e4 ajassa perustuksiaan my\u00f6ten poroksi. Sahaan kuului paitsi sahalaitosrakennusta my\u00f6skin pienempi s\u00e4hk\u00f6laitos ja h\u00f6yl\u00e4yskoneet y.m. sek\u00e4 tilava asuinrakennus ulkohuoneineen ja vajoineen. N\u00e4m\u00e4 kaikki tuhoutuivat palossa maan tasalle, vain sahalaitoksen raamin sementtiset tukipylv\u00e4\u00e4t j\u00e4iv\u00e4t riippuvine rautaosineen t\u00f6rr\u00f6tt\u00e4m\u00e4\u00e4n. Niinik\u00e4\u00e4n paloi sahalla olleet n. 10,000 kappaletta puoli-puhtaita lautoja sek\u00e4 huomattava er\u00e4 h\u00f6yl\u00e4ttyj\u00e4 lautoja ja lankkuja. Vain muutamia kymmeni\u00e4 syli\u00e4 ripoja, jotka olivat pinottuina huomattavan kauas rakennuksista ja pienempi puusepp\u00e4vaja pelastuivat.<\/p>\n<p>Palon aikana vallinnut tuuli kiihdytti paloa nopeasti ja heitteli palavasta saharakennuksesta kek\u00e4leit\u00e4 toisiin rakennuksiin, joten sammutusyritykset j\u00e4iv\u00e4t tuloksettomiksi. Eri rakennuksessa olleissa sahapuruissa ja hiilloksissa kyti tuli viel\u00e4 illalla kymmenisen tienoissa puhjeten tavantakaa ilmiliekkeihin.<\/p>\n<p>Mill\u00e4 tavoin palo on saanut alkunsa j\u00e4\u00e4nee tarkemmin selvitt\u00e4m\u00e4tt\u00e4. Sahassa ei nimitt\u00e4in ole oltu varsinaisessa ty\u00f6ss\u00e4 pitemp\u00e4\u00e4n aikaan eik\u00e4 sen asuinrakennuksessakaan ole muutamiin aikoihin asunut ket\u00e4\u00e4n. Luultavaa on, ett\u00e4 jotkut sunnuntaitutkijat ovat k\u00e4yneet rakennuksessa ja t\u00e4ll\u00f6in ehk\u00e4 huomaamattaan tipauttaneet palavan tulitikun rakennukseen. On my\u00f6skin kerrottu, ett\u00e4 rakenuuksesta olisi kuulunut jonkunlainen r\u00e4j\u00e4hdys, jonka j\u00e4lkeen tuli oli alkanut levit\u00e4. Mink\u00e4 verran n\u00e4iss\u00e4 on per\u00e4\u00e4, selvinnee my\u00f6hemmin.<\/p>\n<p>Palaneet rakennukset olivat vakuutettu turkulaisessa vakuutusyhti\u00f6 Sammossa 673,000 markasta, josta pelastuneen rakennuksen osalle tulee 20,000 markkaa, I<\/p>\n<p>Mik\u00e4li meille on ilmoitettu, oli laitos nimitt\u00e4in p\u00e4\u00e4tetty myyd\u00e4 hra V. Nylundille Dagsmarkista 250,000 markan hinnasta ja kauppakirjakin t\u00e4st\u00e4 jo osittain allekirjoitettukin. V\u00e4liin sattunut tulipalo lienee kuitenkin seisauttanut kauppapuuhat.<\/p>\n<p>Edell\u00e4mainittu Ab. Storforsin Oy:n sahalaitos on monille Lapv\u00e4\u00e4rtin talollisille ollut kohtalokas surunlapsi. Laitos perustettiin nimitt\u00e4in jokunen vuosi sitten melko ajanmukaiseksi ja olivat siin\u00e4 suurimpina osakkaina useat Lapv\u00e4\u00e4rtin talolliset. Siit\u00e4 oli tarkoitus saada Sampo jauhamaan rahaa omista ja toisten metsist\u00e4, joita ostettiin aina l\u00e4hipit\u00e4jist\u00e4kin. Laitos menestyi kuitenkin huononlaisesti ja joutui se vararikon partaalle. Kun kymmeniset talonpojat olivat menneet huomattaviin yhteistakauksiin osuuksiansa mukaan, ottivat n\u00e4m\u00e4 liikkeen hoiviinsa ja joutuivat n\u00e4in muodoin maksamaan takaussitoumuksiaan, jotka vaihtelivat miest\u00e4 kohti 20:st\u00e4 100,000 markkaan. T\u00e4st\u00e4 huolimatta ei liikett\u00e4 voitu jatkaa, vaan oli se lopultakin luovutettava vararikkoon.<\/p>\n<p>T\u00e4ll\u00e4 ajalla on sitten laitoksesta myyty erilaisia tavaravarastoja ja itse laitostakin tarjottu eri otteisiin halukkaille, mutta n\u00e4ihin asti tuloksetta. Nyt kuitenkin oli, kuten jo edell\u00e4 on mainittu, hra Nylundin kanssa p\u00e4\u00e4st\u00e4 kaupasta sopimukseen hinnalla, joka ei luullaksemme vastannut nelj\u00e4nnest\u00e4k\u00e4\u00e4n laitoksen arvosta.<\/p>\n<p>Laitos on perustettu kokonaan vesivoiman varaan ja nousee sen voimam\u00e4\u00e4r\u00e4 nykyisill\u00e4 turbineilla v\u00e4himm\u00e4nkin veden aikana 125 hevosvoimaan.<\/p>\n<p>Poliisikuulustelu palon johdosta pidettiin eilen iltap\u00e4iv\u00e4ll\u00e4. Kuulustelussa ei kuitenkaan k\u00e4ynyt selville mist\u00e4 palo oli saanut alkunsa enempi kuin muitakaan erikoisemmin mainittavampia seikkoja.<\/p>\n<p><span style=\"color: #000080;\">Kristiinan Sanomat 19.8.1924:<\/span><\/p>\n<h5><strong>Ab Storforsin sahalaitoksen palo.<\/strong><\/h5>\n<p><strong>Palo aiheutunut poikasen tulitikkuraketista.<\/strong><\/p>\n<p>Toissa sunnuntaina Lapv\u00e4\u00e4rtiss\u00e4 olevan Ab Storforsin sahanpalon syist\u00e4 on jatkuvissa kuulusteuissa k\u00e4ynyt selville, ett\u00e4\u00e5alo on saanut alkunsa er\u00e4\u00e4n 12-vuotisen pojan tulitikkuleikittelyst\u00e4. Laitoksen l\u00e4hell\u00e4 asuvan Karl Tr\u00e4skvikin poikanen oli mennyt toverinsa kanssa sahalaitokseen jag laskenut t\u00e4\u00e4ll\u00e4 tulitikkuraketteja, jolloin er\u00e4s palava tikku oli poikaselta kadonnut. Aikaisemmin oli poikanen keksinyt jutun parista mieshenkil\u00f6ist\u00e4, josta mekin liikkeell\u00e4 olleen jutun mukaan kerroimme.<\/p>\n<p><strong>Palovahingot arvioitu n. 350,000 mk.<\/strong><\/p>\n<p>Viime maanantaina toimitettiin palopaikalla palon tuottamat vahingot. Saamamme tiedon mukaan on vahingot arvioitu n. 350,000 markaksi.<\/p>\n<p><strong>Kenelle laitos nykyisin kuuluu?<\/strong><\/p>\n<p>Kuten palon yhteydess\u00e4 kerroimme oli laitos jonkunlaisen valmistavan kauppakirjan perusteella myyty ehdollisesti hra v. Nylundille Lapv\u00e4\u00e4rtist\u00e4 250 tuh. markan hinnasta. Kun laitoksen kiinnitykset nousevat 310,000 markkaan oli kolmannen kiinnitysvastuun siirto j\u00e4\u00e4nyt harkinnan varaan ja asianomaisen kiinnityksen haltijan hyv\u00e4ksytt\u00e4v\u00e4ksi my\u00f6hemmin, jonka j\u00e4lkeen vasta kauppa olisi ollut lopullinen. Nyt kuuluu kuitenkin ilmenneen erimielisyytt\u00e4 laitoksen nykyisest\u00e4 omistusoikeudesta, sill\u00e4 ostajan puolelta pidet\u00e4\u00e4n nyt kaupan olleen sitovan ja myyj\u00e4t taas puolestaan katsovat olleen keskener\u00e4isen, joten kumpikin puoli mielest\u00e4\u00e4n on nykyisin laitoksen haltija. Mik\u00e4li kertojamme arveli, joutunee laitoksen omistusoikeuskysymys oikeudellisen selvittelyn alaiseksi.<\/p>\n<p><span style=\"color: #000080;\">Kristiian Sanomat 28.11.1924:<\/span><\/p>\n<h5><strong>Kaupunkimme s\u00e4hk\u00f6n heikkous. Mist\u00e4 se johtuu?<\/strong><\/h5>\n<p><strong>\u00a0<\/strong><\/p>\n<p>Kaupungissamme on viime vuorokausina aiheutunut vakavaa valittelua s\u00e4hk\u00f6valon heikkoudesta, joka on aiheuttanut hankaluuksia paitsi muussa my\u00f6skin erilaisten t\u00f6iden suorituksessa.<\/p>\n<p>T\u00e4st\u00e4 nykyisen virtaheikkouden syist\u00e4 on valaistuksestamme huolehtivan s\u00e4hk\u00f6yhti\u00f6n johtaja antanut meille seuraavan selityksen:<\/p>\n<p>Huono s\u00e4hk\u00f6valo Kristiinassa, Lapv\u00e4\u00e4rtiss\u00e4 ja Tiukassia johtuu, kuten useimmat jo tiet\u00e4v\u00e4tkin siit\u00e4, ett\u00e4 Storforsin saha t\u00e4m\u00e4n vuoden elokuussa paloi. Ab. P\u00e4rus-Forsin apuasemana on kolmen viime vuoden aikana ollut Storfors ja hankkiakseen riitt\u00e4v\u00e4sti voimaa oli P\u00e4rus-Fors juuri v\u00e4h\u00e4\u00e4 ennen paloa ostanut mainitun kosken, mutta tulipalo tuhosi kokonaan senkin s\u00e4hk\u00f6laitoksen. Palon j\u00e4lkeen taasen ei Storfors Ab tahtonut tunnustaa kaupan p\u00e4tevyytt\u00e4 vaan koetti kiellolla ja muulla saada sit\u00e4 kumotuksi. Kaiken t\u00e4m\u00e4n seurauksena on ollut, ett\u00e4 uudelleenrakentaminen ei ole voinut tapahtua yht\u00e4 nopeasti kuin siin\u00e4 tapauksessa, ett\u00e4 kaikki olisi sanut k\u00e4yd\u00e4 tasaista latuaan. Niiden vaikeuksien seurauksista, joita P\u00e4rus-Fors\u2019illa on ollut ja viel\u00e4kin on kestett\u00e4v\u00e4n\u00e4\u00e4n, joutuu nyt yleis\u00f6kin k\u00e4rsim\u00e4\u00e4n, ja kest\u00e4nee viel\u00e4 pari viikkoa ennenkuin Stor-Forsin s\u00e4hk\u00f6laitos valmistuu ja s\u00e4hk\u00f6valo voi toimia tyydytt\u00e4v\u00e4sti.<\/p>\n","protected":false},"excerpt":{"rendered":"<p>Syd-\u00d6sterbotten 13.8.1924: \u00a0STORFORS S\u00c5G J\u00c4MTE MANG\u00c5RD NEDBRUNNEN. I s\u00f6ndags kl. 11-tiden iakttogs att eld utbrutit i Storfors s\u00e5g. Medels telefon och kl\u00e4mtning i kyrkklockorna gjordes alarm om olyckan, men d\u00e5 manskap och sprutor anl\u00e4nde till brandplatsen kunde knappast n\u00e5got g\u00f6ras <a class=\"more-link\" href=\"https:\/\/www.lassebacklund.fi\/?page_id=7665\">Forts\u00e4tt l\u00e4sa <span class=\"screen-reader-text\">  Tidningsartiklar om branden vid Storfors s\u00e5g.<\/span><span class=\"meta-nav\">&rarr;<\/span><\/a><\/p>\n","protected":false},"author":1,"featured_media":0,"parent":1761,"menu_order":0,"comment_status":"closed","ping_status":"closed","template":"","meta":{"footnotes":""},"class_list":["post-7665","page","type-page","status-publish","hentry"],"_links":{"self":[{"href":"https:\/\/www.lassebacklund.fi\/index.php?rest_route=\/wp\/v2\/pages\/7665","targetHints":{"allow":["GET"]}}],"collection":[{"href":"https:\/\/www.lassebacklund.fi\/index.php?rest_route=\/wp\/v2\/pages"}],"about":[{"href":"https:\/\/www.lassebacklund.fi\/index.php?rest_route=\/wp\/v2\/types\/page"}],"author":[{"embeddable":true,"href":"https:\/\/www.lassebacklund.fi\/index.php?rest_route=\/wp\/v2\/users\/1"}],"replies":[{"embeddable":true,"href":"https:\/\/www.lassebacklund.fi\/index.php?rest_route=%2Fwp%2Fv2%2Fcomments&post=7665"}],"version-history":[{"count":5,"href":"https:\/\/www.lassebacklund.fi\/index.php?rest_route=\/wp\/v2\/pages\/7665\/revisions"}],"predecessor-version":[{"id":23848,"href":"https:\/\/www.lassebacklund.fi\/index.php?rest_route=\/wp\/v2\/pages\/7665\/revisions\/23848"}],"up":[{"embeddable":true,"href":"https:\/\/www.lassebacklund.fi\/index.php?rest_route=\/wp\/v2\/pages\/1761"}],"wp:attachment":[{"href":"https:\/\/www.lassebacklund.fi\/index.php?rest_route=%2Fwp%2Fv2%2Fmedia&parent=7665"}],"curies":[{"name":"wp","href":"https:\/\/api.w.org\/{rel}","templated":true}]}}