{"id":759,"date":"2016-09-19T18:22:55","date_gmt":"2016-09-19T16:22:55","guid":{"rendered":"http:\/\/www.lassebacklund.fi\/?page_id=759"},"modified":"2025-12-20T00:26:49","modified_gmt":"2025-12-19T22:26:49","slug":"sebbins-hemman","status":"publish","type":"page","link":"https:\/\/www.lassebacklund.fi\/?page_id=759","title":{"rendered":"Sebbins hemman"},"content":{"rendered":"<p><strong><span style=\"color: #000080;\">Sammanst\u00e4llt av Inga-Lill Sandstr\u00f6m \u00e5r 2016.<\/span><\/strong><\/p>\n<p><strong>Johan Johansson Sebbas- Finne- Rosenback<\/strong> var f\u00f6dd 1817. Han var bonde och n\u00e4mndeman. Sebbin var f\u00f6rsta g\u00e5ngen gift med <strong>Anna Eriksdotter B\u00e5sk<\/strong> (1820-1866) och hade med henne barnen Maria Sofia f. 1842, gift med Henrik Johan Henriksson Rosenback f.1841 (\u00c5sinas Hindrik), Edla Karolina f. 1846 gift med Josef Johansson Berg f. 1839 och Christina f.1851 gift till Josef Henrik Joh.son L\u00e5ng f.1847 d.1894. Sebbins andra hustrun hette <strong>Matilda Abrahamsdotter Waxlax<\/strong> f. 1838 i Korsholm, d\u00f6d i Dagsmark 1927. De hade dottern Matilda Aurora f. 1870 gift med Viktor R\u00f6nnqvist, sonen Johannes f. 1875, folkskoll\u00e4rare som flyttade till N\u00e4rpes 1898 och dottern Johanna f. 1879.<\/p>\n<p><strong>\u00c5r 1839, den 22 mars<\/strong> erh\u00f6ll Sebbin fastebrev p\u00e5 hemmanet som utgjorde f\u00f6rst 1\/8 dels mantal av Finne eller Rosenback nr. 3.<\/p>\n<p><strong>\u00c5r 1869, 6 mars<\/strong> s\u00e5lde Sebbin 1\/3 del eller 1\/24 mantal av hemmanet \u00e5t m\u00e5gen <strong>Josef Johansson Berg, senare- Rosenback och dottern Edla Maria Rosenback<\/strong> mot utbetalning av sytning till honom och hans hustru, \u00e4ven skall dottern Edlas m\u00f6dernearv som han \u00e4r dem skyldig f\u00f6rsvinna vid k\u00f6pet och dessutom skall de betala 400 mark, finskt mynt. En torpl\u00e4genhet undantages fr\u00e5n hela \u00e5ttondelen. De skall bo i en gemensam \u00e5byggnad och m\u00e5gen Berg och Edla f\u00e5r \u00f6stra \u00e4ndan av byggningen, stuga, f\u00f6rstuga och kamrar samt andra hus enligt Sebbins best\u00e4mmelser. De skall tillsammans ansvara f\u00f6r g\u00e4stgiveri och \u00e4ven gemensamt njuta av de fri- och r\u00e4ttigheter som Herr guvern\u00f6ren i l\u00e4net tillerk\u00e4nt detta hemman p\u00e5 5 \u00e5r. &#8221;Inga delar av denna avhandling f\u00e5r utan min dotter Edlas samtycke avyttras&#8221;, best\u00e4mde Sebbin. Hemmansdelen v\u00e4rderades med sytning och m\u00f6dernearv till 1000 mark. Edla och Berg erh\u00f6ll fastebrev 21.12.1870. Edla och Berg hade 5 barn.<\/p>\n<p><strong>\u00c5r 1881<\/strong> for Josef Berg- Rosenback till Amerika och deras hemmansdel 1\/24 mantal och d\u00e4r\u00e5 lydande \u00e5byggnad s\u00e5ldes 14.10.1881 \u00e5t <strong>Josef Eriksson<\/strong> f. 1851 p\u00e5 Klemets och hustrun <strong>Anna Kajsa Josefsdotter f. Rosenback<\/strong> \u00e5r 1853. K\u00f6pesumman var 3.000 mark + sytning \u00e5t Johan \u201dSebbin\u201d Johansson Rosenback enligt dennes kontrakt. V\u00e4rderades i r\u00e4tten till 3.200 mark. Anna Kajsa Josefsdotter var dotter till Sebbins bror torparen Josef Johansson Rosenback f. 1827 och allts\u00e5 kusin till Edla Maria som s\u00e5lde hemmanet. (Anna Kajsas mor, \u00e4nkan Kajsa Eriksdotter B\u00e5sk f. 1820 f\u00f6relystes i okt. 1867 med bonden, \u00e4nklingen Josef Mattsson L\u00e5ng eller Blomkvist). Det var troligen k\u00f6paren av denna hemmansdel, Josef Eriksson f\u00f6dd Klemets som Skomakas Selma kallar <strong>Sebas-Josip<\/strong>. Denna l\u00e4genhet hade namnet Rosenqvist 3:3 och Josef Eriksson erh\u00f6ll fastebrev 9.12.1885. Vid storskiftet blev han \u00e5lagd att flytta hela tomten med \u00e5byggnader men hemmanet s\u00e5ldes 22.2.1910 av honom och hans d\u00f6ttrar Adelina (gift med Johan Viktor L\u00e5ngkvist) och Selma \u00e5t <strong>Alfred och Adelina Nordberg<\/strong> f\u00f6r 6.600 mark och livstidssytning. Dessa flyttade d\u00e5 <a href=\"https:\/\/www.lassebacklund.fi\/?page_id=10074\">g\u00e5rden till Palon<\/a>.<\/p>\n<h3><strong>Sebbins \u00e4nka Matilda Rosenback tar \u00f6ver 1883<\/strong><\/h3>\n<p><strong>\u00c5r 1883, den 8 april<\/strong> avled bonden och f\u00f6rre n\u00e4mndemannen Johan \u201dSebbin\u201d Rosenback. Han \u00f6verlevdes av \u00e4nkan Matilda Abrahamsdotter f. 1838 och minder\u00e5riga barnen Matilda Aurora, Johannes och Johanna samt d\u00f6ttrarna fr\u00e5n f\u00f6rsta \u00e4ktenskapet: Maria Sofia f. 1842 gift med Henrik Johan Henriksson Rosenback f. 1841 (\u00c5sinas Hindrik) , Edla Maria f. 1846 gift med Josef Johansson Berg och Christina f. 1851 (gift med Josef Henrik Joh.Henriksson L\u00e5ng f. 1847). M\u00f6jligtvis \u00e4r det denna Christina som Skomakas-Selma kallar Lillk\u00e5rk-Kristin och som bodde i en stuga ovanf\u00f6r Lillk\u00e5rk lillstugon.<\/p>\n<p>Av bouppteckningen efter Sebbin 22.10.1883 framg\u00e5r att han enskilt f\u00f6rv\u00e4rvat sitt \u00e4gande hemman 1\/12 dels mantal av Rosenback samt att han skrivit ett testamente 18.9.1878, vilket bevakats vid 1883 \u00e5rs h\u00f6stting \u00a7 31. Sebbin hade bl.a. f\u00f6rordnat att hemmanet skulle tillfalla hans son Johannes och hans dotter Aurora samt att deras moder Matilda \u00e4gde f\u00f6r deras del f\u00f6rvalta hemmanet samt om hemmanet f\u00f6rs\u00e5ldes skulle hon \u00e5tnjuta i testamentet n\u00e4rmare best\u00e4md sytning. (Dottern Johanna var ju \u00e4nnu inte f\u00f6dd d\u00e5 testamentet uppgjordes). I bouppteckningen hade denna hemmansdel v\u00e4rderats till 1.500 mark och \u00f6vriga egendom till 500 mark 25 penni och avkortningen i boet uppgick till 2.994 mark 69 penni. Josef Gustafsson Lillkull f\u00f6rordnades till f\u00f6rmyndare f\u00f6r de omyndiga barnen vid 1885 \u00e5rs vinterting \u00a7 186. Josef Gustafsson Lillkull var kusin till Sebbins omyndiga barn eftersom hans mor Maja Lena Johansdotter var syster till Sebbin.<\/p>\n<h3><strong>Viktor Valentin F\u00f6rn\u00e4s tar \u00f6ver 1885<\/strong><\/h3>\n<p><strong>\u00c5r 1885, den 7 april<\/strong> h\u00f6lls frivillig auktion f\u00f6r att f\u00f6rs\u00e4lja till mest bjudande bonden Johan \u201dSebbin\u201d Rosenbacks arvingar tillh\u00f6riga 1\/12 mantal av Rosenback skattehemman. Fr\u00e5n ber\u00f6rda hemmansdel skulle utges livstidsytning till \u00e4nkan Matilda Abrahamsdotter enligt s\u00e4rskild uppr\u00e4ttad skrift.<\/p>\n<p>Ett st\u00f6rre antal &#8221;spikulanter&#8221; hade infunnit sig till auktionen. <strong>Viktor Valentin Johansson F\u00f6rn\u00e4s<\/strong> stannade vid h\u00f6gsta anbudet, 5.300 mark, vilket betalades genom skuldsedel. F\u00f6rs\u00e4ljningen underst\u00e4lldes h\u00e4radsr\u00e4ttens pr\u00f6vning p.g.a. av de omyndiga barnen. De n\u00e4rmaste f\u00e4derne fr\u00e4nderna l\u00e4mnade sitt samtycke till f\u00f6rs\u00e4ljningen.<\/p>\n<p>Vid h\u00f6sttinget 28.11.1885 \u00a7 45 erh\u00f6ll bonden Viktor Valentin Johansson F\u00f6rn\u00e4s 1 uppbudet p\u00e5 1\/12 mantal Rosenback f\u00f6r sig och sin hustru Maria Adelina Karlsdotter. Matilda Abrahamsdotter Rosenback anh\u00f6ll vid samma ting 1.12 \u00a7 30 om laga inteckning i Viktor Valentin Johansson Rosenbacks och hustrun Maria Adelina Joh.dotters gemensamt \u00e4gande 1\/12 mantal till s\u00e4kerhet f\u00f6r sytningsf\u00f6rm\u00e5ner som kontraktet av 13.4.1885 best\u00e4mde. Fastebrev p\u00e5 l\u00e4genheten fick Viktor Valentin 21.12.1886.<\/p>\n<h3><strong>&#8221;M\u00e5g J\u00e5ssas&#8221; Viktor H\u00e4ggblom och Viktor Str\u00f6mberg tar \u00f6ver 1889<\/strong><\/h3>\n<p><strong>\u00c5r 1889, i november<\/strong>, allts\u00e5 efter fyra \u00e5r s\u00e5lde Viktor Valentin F\u00f6rn\u00e4s-Rosenback hemmanet om 1\/12 mantal. H\u00e4lften eller 1\/24 del s\u00e5lde han \u00e5t <strong>Viktor H\u00e4ggblom<\/strong> (M\u00e5g-Jossas). I detta k\u00f6p ingick inte n\u00e5gon boningsbyggnad. Men enligt detta k\u00f6pebrev verkar det som att han uppf\u00f6rt en boningsbyggnad p\u00e5 tomten som tillh\u00f6r detta hemman. Eller har han bott i ena delen av Sebbins g\u00e5rd? Eller har Sebbins \u00e4nka med de tre minder\u00e5riga barnen fortsatt att bo d\u00e4r? Enligt sytn.kontraktet skulle hon ju nog ha lilla boningsbyggningen \u00e5 g\u00e5rden till sytningsstuga men h\u00e4r finns lite oklarheter.<\/p>\n<p><strong>\u00c5r 1889, den 27 mars<\/strong> uppgjordes ett arrendekontrakt p\u00e5 50 \u00e5r om nyttjor\u00e4tt till jord av Rosenback 1\/12 mantal f\u00f6r <strong>Lanthandlanden Viktor Ulfves<\/strong>. Arrendegivare var Viktor Valentin Rosenback och hustru Maria Adelina Karlsdotter. Detta markomr\u00e5de var ju fr\u00e5n det Sebbins hemman som Viktor Valentin k\u00f6pte p\u00e5 auktion. Omr\u00e5det var v\u00e4stra delen av den s.k. Tomthagen: i norr till allm\u00e4nna landsv\u00e4gen med en bredd av 13 famnar, i s\u00f6der till L\u00e5ng hemmans r\u00e5 med en l\u00e4ngd av 28 famnar och bredd d\u00e4rst\u00e4des 7 famnar. Arrendesumman var 130 mark samt \u00e5rligen ett dagsverke till hemmansinnehavaren. Inteckning till f\u00f6rnyelse av s\u00e4kerhet f\u00f6r nyttjor\u00e4tten gjordes 15.11.1889. Den intecknade hemmansdelen uppgavs d\u00e5 tillh\u00f6ra b\u00f6nderna Viktor Eliasson och Viktor Johansson Rosenback. Viktor Ulfves k\u00f6pte d\u00e5 en g\u00e5rd i Tresk\u00e4ndan av &#8221;Kanganpe Hindrik&#8221; som Laibergas Matt hade byggt i tiderna och han byggde upp den p\u00e5 arrendetomten och <a href=\"https:\/\/www.lassebacklund.fi\/?page_id=592\">startade en lanthandel d\u00e4r<\/a>.<\/p>\n<p>Andra halvan av hemmanet, ocks\u00e5 1\/24 del s\u00e5lde Viktor Valentin F\u00f6rn\u00e4s ungef\u00e4r samtidigt \u00e5t Viktor Josefsson Str\u00f6mberg f. 1859 och hustru Anna Sofia Eriksdotter L\u00e5ng f. 1861. Viktor Str\u00f6mberg var bror till bl.a Erland B\u00e5sk (Kia-as Erland) och Josef Str\u00f6mberg (far \u00e5t bl.a. Erik Anders Broberg). Hustrun Anna Sofia var syster till K\u00e5rk Erik J\u00e5han i Palon. I denna f\u00f6rs\u00e4ljning ingick troligen \u00e4ven alla \u00e5byggnader.<\/p>\n<h3><strong>Josef Henrik Korsb\u00e4ck tar \u00f6ver 1895<\/strong><\/h3>\n<p>Viktor och Anna Str\u00f6mberg bodde ungef\u00e4r fem \u00e5r p\u00e5 hemmanet men s\u00e5lde det 25.9.1895 och flyttade till L\u00e5ng hemman, ungef\u00e4r d\u00e4r <a href=\"https:\/\/www.lassebacklund.fi\/?page_id=22801\">Ragnar och Ellen Skogman byggde sin g\u00e5rd<\/a>. K\u00f6pare av Rosenback 1\/24 mantal denna g\u00e5ng var <strong>Josef Henrik, Josef Andersson Korsb\u00e4ck<\/strong> f. 1869 och hustru Hilma Sofia Mattsdotter f. 1873 i Sideby. De hade en son Frans Viktor f. 25.6 1895 i Korsb\u00e4ck. De erh\u00f6ll 1 uppbudet 5 maj 1896 \u00a7 43. Redan f\u00f6ljande \u00e5r, 1897 for denne Josef Henrik Korsb\u00e4ck till Amerika. Han s\u00e4nde d\u00e5 hem fullmakt fr\u00e5n Iron Mountain daterad 18.10.1897. &#8221; <em>Fullmakt f\u00f6r min fader Josef Andersson Korsb\u00e4ck att f\u00f6rs\u00e4lja min fastighet och kreatur och mitt egande Rosenback skattehemman<\/em>&#8221;. Vittnens namn p\u00e5 fullmakten \u00e4r: Josef Gustafsson L\u00e5ng, Henrik Josefsson Storkull och Viktor Jon Henriksson Lillkull.<\/p>\n<h3><strong>&#8221;Eljasas Viktor&#8221; tar \u00f6ver 1897<\/strong><\/h3>\n<p><strong>\u00c5r 1897, den 15 novembe<\/strong>r s\u00e5lde Josef Henrik Korsb\u00e4ck hemmanet \u00e5t <strong>Viktor &#8221;Eljasas Viktor&#8221; Eliasson B\u00e5sk<\/strong>\u00a0och hustru <strong>Edla Maria<\/strong> <strong>Reinholdsdotter<\/strong> (R\u00e4jnholtsd\u00e5tter). Viktor hade kommit fr\u00e5n Korsn\u00e4s och blev torpare p\u00e5 Korsb\u00e4ck hemman men flyttade till Sebasbackan d\u00e5 han k\u00f6pte hemmanet d\u00e4r. K\u00f6peskillingen utgjorde 4 400 mark + \u00e5rlig sytning \u00e5t bonde\u00e4nkan Matilda Abrahamsdotter enligt kontrakt av 7.4.1885.Matilda kunde som gammal innehavare av detta &#8221;himman&#8221; undanta n\u00e5gra gamla lindor vilka \u00e4ven omn\u00e4mnes i n\u00e4mnda sytningskontrakt. &#8221; K\u00f6paren f\u00e5r fr\u00e5n denna dag tilltr\u00e4da hemmanet med allt som d\u00e4rtill h\u00f6r b\u00e5de hus, skog och mark samt bekomma alla dagsverken&#8221;. K\u00f6pebrevet \u00e4r undertecknat av Josef Henriks far Josef Andersson Korsb\u00e4ck och hustrun Hilma Sofia Mattsdotter. Redan 3 dagar senare, den 18.11.1897 \u00a7 26 erh\u00f6ll Viktor Eliasson och Edla Maria Reinholdsdotter 1 klanderfria uppbudet p\u00e5 1\/24 mantal Rosenback nr. 3.<\/p>\n<p>Viktor Eliasson och Edla Maria hade fyra barn:<\/p>\n<h6>1). Josef Henrik (1883-1994).<\/h6>\n<h6>2). Josef &#8221;Eljasas Josip&#8221; Henrik (1885-1969) som \u00e5r 1905 gift sig med Hilma Alvina Storkull (1886-1959).<\/h6>\n<h6>3). Amanda &#8221;Eljasas Manda&#8221; (1888-1959) som gifte sig med Viktor Sten (1880-1974) i Korsb\u00e4ck, f\u00f6r\u00e4ldrar \u00e5t bl.a. Gerda Ahlberg.<\/h6>\n<h6>4). Jolanda (1904-1988) som \u00e5r 1924 gifte sig parcell\u00e4garsonen Selim Norrvik (1900-1985).<\/h6>\n<p>&nbsp;<\/p>\n<p>I utredningen om M\u00e5g-J\u00e5ssas ser vi att &#8221;Eljasas Viktor&#8221;\u00a0 Korsb\u00e4ck, senare Rosenback \u00e5r 1903 k\u00f6pte en del till eller 1\/48 del av Rosenback hemman av sin kusin Viktor Johan Fredriksson H\u00e4ggblom.<\/p>\n<h3><strong>Henrik Agn\u00e4s och Henrik Bj\u00f6rklund tar \u00f6ver 1908<\/strong><\/h3>\n<p><strong>\u00c5r 1908, den 20 februari<\/strong> s\u00e5lde &#8221;Eljasas Viktor&#8221; sitt hemman p\u00e5 1\/24 mtl och han flyttade efter det till Finng\u00e4rdst\u00e5 i Lappfj\u00e4rd. Halva hemmanet p\u00e5 1\/48 mtl s\u00e5lde han \u00e5t grannen Henrik och Wilhelmina Agn\u00e4s f\u00f6r 3 500 mark, plus sytningen \u00e5t gamla \u00e4garen Matilda Rosenback. Den andra halva p\u00e5 1\/48 mtl s\u00e5lde han \u00e5t den andra grannen &#8221;Lid Hindrik&#8221; Bj\u00f6rklund f\u00f6r samma k\u00f6pesumma.<\/p>\n","protected":false},"excerpt":{"rendered":"<p>Sammanst\u00e4llt av Inga-Lill Sandstr\u00f6m \u00e5r 2016. Johan Johansson Sebbas- Finne- Rosenback var f\u00f6dd 1817. Han var bonde och n\u00e4mndeman. Sebbin var f\u00f6rsta g\u00e5ngen gift med Anna Eriksdotter B\u00e5sk (1820-1866) och hade med henne barnen Maria Sofia f. 1842, gift med <a class=\"more-link\" href=\"https:\/\/www.lassebacklund.fi\/?page_id=759\">Forts\u00e4tt l\u00e4sa <span class=\"screen-reader-text\">  Sebbins hemman<\/span><span class=\"meta-nav\">&rarr;<\/span><\/a><\/p>\n","protected":false},"author":1,"featured_media":0,"parent":750,"menu_order":2,"comment_status":"closed","ping_status":"closed","template":"","meta":{"footnotes":""},"class_list":["post-759","page","type-page","status-publish","hentry"],"_links":{"self":[{"href":"https:\/\/www.lassebacklund.fi\/index.php?rest_route=\/wp\/v2\/pages\/759","targetHints":{"allow":["GET"]}}],"collection":[{"href":"https:\/\/www.lassebacklund.fi\/index.php?rest_route=\/wp\/v2\/pages"}],"about":[{"href":"https:\/\/www.lassebacklund.fi\/index.php?rest_route=\/wp\/v2\/types\/page"}],"author":[{"embeddable":true,"href":"https:\/\/www.lassebacklund.fi\/index.php?rest_route=\/wp\/v2\/users\/1"}],"replies":[{"embeddable":true,"href":"https:\/\/www.lassebacklund.fi\/index.php?rest_route=%2Fwp%2Fv2%2Fcomments&post=759"}],"version-history":[{"count":8,"href":"https:\/\/www.lassebacklund.fi\/index.php?rest_route=\/wp\/v2\/pages\/759\/revisions"}],"predecessor-version":[{"id":12433,"href":"https:\/\/www.lassebacklund.fi\/index.php?rest_route=\/wp\/v2\/pages\/759\/revisions\/12433"}],"up":[{"embeddable":true,"href":"https:\/\/www.lassebacklund.fi\/index.php?rest_route=\/wp\/v2\/pages\/750"}],"wp:attachment":[{"href":"https:\/\/www.lassebacklund.fi\/index.php?rest_route=%2Fwp%2Fv2%2Fmedia&parent=759"}],"curies":[{"name":"wp","href":"https:\/\/api.w.org\/{rel}","templated":true}]}}