{"id":7551,"date":"2018-02-15T17:51:26","date_gmt":"2018-02-15T16:51:26","guid":{"rendered":"http:\/\/www.lassebacklund.fi\/?page_id=7551"},"modified":"2020-09-17T20:58:01","modified_gmt":"2020-09-17T17:58:01","slug":"wadstrom-som-vaccinator-i-tjock","status":"publish","type":"page","link":"https:\/\/www.lassebacklund.fi\/?page_id=7551","title":{"rendered":"Wadstr\u00f6m som vaccinat\u00f6r i Tj\u00f6ck."},"content":{"rendered":"<p><span style=\"font-family: 'Helvetica','sans-serif';\"><span style=\"color: #000000; font-size: medium;\">Utdrag ur protokollet f\u00f6rdt vid utlyst kommunalst\u00e4mma inom Kristinestads landsf\u00f6rsamling \u00e5 Hints Hemman \u00e5 Tj\u00f6ck by den 27 Februari 1891.<\/span><\/span><\/p>\n<p><span style=\"font-family: 'Helvetica','sans-serif';\"><span style=\"color: #000000; font-size: medium;\">Till vaccinat\u00f6r i v\u00e5r kommun i st\u00e4llet f\u00f6r aflidne fru Strandberg, som h\u00e4r f\u00f6rinnan haft samma befattning valdes vid detta tillf\u00e4lle Folkskoll\u00e4raren J. J. Wadstr\u00f6m i Dagsmark, hvilken f\u00f6r befattningen erh\u00e5ller i \u00e5rlig afl\u00f6ning af kommunen trettion (30) mark jemte kommunens till kommande bidrag af statsv\u00e4rkets anslag till vaccinat\u00f6rens afl\u00f6ning, befattningen vidtager genast d\u00e5 detta val vunnit laga kraft \u00f6fver vederb\u00f6randes utl\u00e5tande och godk\u00e4nnandet erh\u00e5llits.<\/span><\/span><\/p>\n<p><span style=\"font-family: 'Helvetica','sans-serif';\"><span style=\"color: #000000; font-size: medium;\">Ort och tid f\u00f6rut skrifven.<\/span><\/span><\/p>\n<p><span style=\"font-family: 'Helvetica','sans-serif';\"><span style=\"color: #000000; font-size: medium;\">P\u00e5 kommunalst\u00e4mman v\u00e4gnar<\/span><\/span><\/p>\n<p><span style=\"font-family: 'Helvetica','sans-serif';\"><span style=\"color: #000000; font-size: medium;\">Josef Henrik Eriks, Karl Viktor Stormals, Karl Viktor Mickelsson Stormals. Karl \u00c4bbol<\/span><\/span><\/p>\n<p><span style=\"font-family: 'Helvetica','sans-serif';\"><span style=\"color: #000000; font-size: medium;\">Utdragets riktighet bestyrker<\/span><\/span><\/p>\n<p><span style=\"font-family: 'Helvetica','sans-serif';\"><span style=\"color: #000000; font-size: medium;\">Erlandt, Pellfolk<\/span><\/span><\/p>\n<figure id=\"attachment_7383\" aria-describedby=\"caption-attachment-7383\" style=\"width: 568px\" class=\"wp-caption aligncenter\"><img loading=\"lazy\" decoding=\"async\" class=\"size-full wp-image-7383\" src=\"http:\/\/www.lassebacklund.fi\/wp-content\/uploads\/2018\/02\/Wadstr\u00f6ms-ringklocka.jpg\" alt=\"Folkskoll\u00e4raren hade m\u00e5nga uppgifter i tiderna och Wadstr\u00f6m till och med vaccinerade barnen i Dagsmark mot smittkoppor. Vanligtvis var barnen r\u00e4dda f\u00f6r sprutan och f\u00f6r att blanda bort dom, s\u00e5 anv\u00e4nda Wadstr\u00f6m denna ringklocka. Genom att sl\u00e5 p\u00e5 knappen fick klockan en verkligt fin klang som lj\u00f6d l\u00e4nge och d\u00e5 passade Wadstr\u00f6m p\u00e5 med sprutan.\" width=\"568\" height=\"915\" srcset=\"https:\/\/www.lassebacklund.fi\/wp-content\/uploads\/2018\/02\/Wadstr\u00f6ms-ringklocka.jpg 568w, https:\/\/www.lassebacklund.fi\/wp-content\/uploads\/2018\/02\/Wadstr\u00f6ms-ringklocka-186x300.jpg 186w\" sizes=\"auto, (max-width: 568px) 100vw, 568px\" \/><figcaption id=\"caption-attachment-7383\" class=\"wp-caption-text\">Folkskoll\u00e4raren hade m\u00e5nga uppgifter i tiderna och Wadstr\u00f6m till och med vaccinerade barnen i Tj\u00f6ck mot smittkoppor. Vanligtvis var barnen r\u00e4dda f\u00f6r sprutan och f\u00f6r att blanda bort dom, s\u00e5 anv\u00e4nda Wadstr\u00f6m denna ringklocka. Genom att sl\u00e5 p\u00e5 knappen fick klockan en verkligt fin klang som lj\u00f6d l\u00e4nge och d\u00e5 passade Wadstr\u00f6m p\u00e5 med sprutan.<\/figcaption><\/figure>\n<figure id=\"attachment_7556\" aria-describedby=\"caption-attachment-7556\" style=\"width: 1369px\" class=\"wp-caption aligncenter\"><img loading=\"lazy\" decoding=\"async\" class=\"wp-image-7556 size-full\" src=\"http:\/\/www.lassebacklund.fi\/wp-content\/uploads\/2018\/02\/Wadstr\u00f6m-vald-till-vaccinat\u00f6r-i-Tj\u00f6ck-web.jpg\" alt=\"Wadstr\u00f6m vald till vaccinat\u00f6r i Tj\u00f6ck web\" width=\"1369\" height=\"1633\" srcset=\"https:\/\/www.lassebacklund.fi\/wp-content\/uploads\/2018\/02\/Wadstr\u00f6m-vald-till-vaccinat\u00f6r-i-Tj\u00f6ck-web.jpg 1369w, https:\/\/www.lassebacklund.fi\/wp-content\/uploads\/2018\/02\/Wadstr\u00f6m-vald-till-vaccinat\u00f6r-i-Tj\u00f6ck-web-252x300.jpg 252w, https:\/\/www.lassebacklund.fi\/wp-content\/uploads\/2018\/02\/Wadstr\u00f6m-vald-till-vaccinat\u00f6r-i-Tj\u00f6ck-web-768x916.jpg 768w, https:\/\/www.lassebacklund.fi\/wp-content\/uploads\/2018\/02\/Wadstr\u00f6m-vald-till-vaccinat\u00f6r-i-Tj\u00f6ck-web-858x1024.jpg 858w\" sizes=\"auto, (max-width: 1369px) 100vw, 1369px\" \/><figcaption id=\"caption-attachment-7556\" class=\"wp-caption-text\">L\u00e4rare Wadstr\u00f6ms barnbarn Johan Wadstr\u00f6m, som bor i Vasa, har donerat detta utdrag till SLS:s arkiv i Vasa.<\/figcaption><\/figure>\n<figure id=\"attachment_17718\" aria-describedby=\"caption-attachment-17718\" style=\"width: 423px\" class=\"wp-caption alignnone\"><img loading=\"lazy\" decoding=\"async\" class=\"size-full wp-image-17718\" src=\"https:\/\/www.lassebacklund.fi\/wp-content\/uploads\/2020\/09\/19030613-Wadstrom-vaccinerar-i-hela-kommunen.jpg\" alt=\"\" width=\"423\" height=\"679\" srcset=\"https:\/\/www.lassebacklund.fi\/wp-content\/uploads\/2020\/09\/19030613-Wadstrom-vaccinerar-i-hela-kommunen.jpg 423w, https:\/\/www.lassebacklund.fi\/wp-content\/uploads\/2020\/09\/19030613-Wadstrom-vaccinerar-i-hela-kommunen-187x300.jpg 187w\" sizes=\"auto, (max-width: 423px) 100vw, 423px\" \/><figcaption id=\"caption-attachment-17718\" class=\"wp-caption-text\">Folkskoll\u00e4rarens l\u00e5ga l\u00f6n beh\u00f6vde drygas ut och vad d\u00e5 b\u00e4ttre \u00e4n att sommarjobba som vaccinat\u00f6r. Det var just det som l\u00e4rare Wadstr\u00f6m gjorde och i Syd-\u00d6sterbotten 13.6.1903 annonserade han om vilka st\u00e4llen han skulle bes\u00f6ka. I Dagsmark gjorde han det p\u00e5 folkskolan d\u00e4r han sj\u00e4lv bodde och i Korsb\u00e4ck hos Josef Josefsson, allts\u00e5 i den g\u00e5rd d\u00e4r Elgot och Ragni Nyg\u00e5rd bodde.<\/figcaption><\/figure>\n","protected":false},"excerpt":{"rendered":"<p>Utdrag ur protokollet f\u00f6rdt vid utlyst kommunalst\u00e4mma inom Kristinestads landsf\u00f6rsamling \u00e5 Hints Hemman \u00e5 Tj\u00f6ck by den 27 Februari 1891. Till vaccinat\u00f6r i v\u00e5r kommun i st\u00e4llet f\u00f6r aflidne fru Strandberg, som h\u00e4r f\u00f6rinnan haft samma befattning valdes vid detta <a class=\"more-link\" href=\"https:\/\/www.lassebacklund.fi\/?page_id=7551\">Forts\u00e4tt l\u00e4sa <span class=\"screen-reader-text\">  Wadstr\u00f6m som vaccinat\u00f6r i Tj\u00f6ck.<\/span><span class=\"meta-nav\">&rarr;<\/span><\/a><\/p>\n","protected":false},"author":1,"featured_media":0,"parent":781,"menu_order":0,"comment_status":"closed","ping_status":"closed","template":"","meta":{"footnotes":""},"class_list":["post-7551","page","type-page","status-publish","hentry"],"_links":{"self":[{"href":"https:\/\/www.lassebacklund.fi\/index.php?rest_route=\/wp\/v2\/pages\/7551","targetHints":{"allow":["GET"]}}],"collection":[{"href":"https:\/\/www.lassebacklund.fi\/index.php?rest_route=\/wp\/v2\/pages"}],"about":[{"href":"https:\/\/www.lassebacklund.fi\/index.php?rest_route=\/wp\/v2\/types\/page"}],"author":[{"embeddable":true,"href":"https:\/\/www.lassebacklund.fi\/index.php?rest_route=\/wp\/v2\/users\/1"}],"replies":[{"embeddable":true,"href":"https:\/\/www.lassebacklund.fi\/index.php?rest_route=%2Fwp%2Fv2%2Fcomments&post=7551"}],"version-history":[{"count":6,"href":"https:\/\/www.lassebacklund.fi\/index.php?rest_route=\/wp\/v2\/pages\/7551\/revisions"}],"predecessor-version":[{"id":17719,"href":"https:\/\/www.lassebacklund.fi\/index.php?rest_route=\/wp\/v2\/pages\/7551\/revisions\/17719"}],"up":[{"embeddable":true,"href":"https:\/\/www.lassebacklund.fi\/index.php?rest_route=\/wp\/v2\/pages\/781"}],"wp:attachment":[{"href":"https:\/\/www.lassebacklund.fi\/index.php?rest_route=%2Fwp%2Fv2%2Fmedia&parent=7551"}],"curies":[{"name":"wp","href":"https:\/\/api.w.org\/{rel}","templated":true}]}}