{"id":7537,"date":"2018-02-15T16:59:59","date_gmt":"2018-02-15T15:59:59","guid":{"rendered":"http:\/\/www.lassebacklund.fi\/?page_id=7537"},"modified":"2018-02-15T17:15:23","modified_gmt":"2018-02-15T16:15:23","slug":"lyrkoherdens-intyg-at-wadstrom","status":"publish","type":"page","link":"https:\/\/www.lassebacklund.fi\/?page_id=7537","title":{"rendered":"Kyrkoherdens intyg \u00e5t Wadstr\u00f6m."},"content":{"rendered":"<p><span style=\"font-family: 'Helvetica','sans-serif';\"><span style=\"color: #000000; font-size: medium;\">Folkskoll\u00e4raren Johan Jakob Wadstr\u00f6m, som f\u00f6dd 4 september 1861, sedan den 26 juni 1882 innehaft l\u00e4rartj\u00e4nsten vid Dagsmark bys h\u00f6gre folkskola h\u00e4rst\u00e4des, har s\u00e5 inom som utom skolan \u00e5dagalagt ett gott och stadgat uppf\u00f6rande samt med utm\u00e4rkt nit och skicklighet \u00e4ven som med god framg\u00e5ng sk\u00f6tt sin l\u00e4rarverksamhet, varf\u00f6r bel\u00e5tenheten med denna verksamhet varit stor, icke blott hos Dagsmarks byam\u00e4n utan ock hos pr\u00e4sterskapet h\u00e4rst\u00e4des, d\u00e5 det i skriftskolan visat sig att eleverna fr\u00e5n ovann\u00e4mnda folkskola i allm\u00e4nhet \u00e4gt en b\u00e4ttre l\u00e4skunnighet, uppfattningsf\u00f6rm\u00e5ga och insikt i kristendomsl\u00e4ran \u00e4n eleverna fr\u00e5n moderf\u00f6rsamlingens andra folkskolor, hvilket p\u00e5 beg\u00e4ran intygas.<\/span><\/span><\/p>\n<p><span style=\"font-family: 'Helvetica','sans-serif';\"><span style=\"color: #000000; font-size: medium;\">Lappfj\u00e4rd den 10 september 1887.<\/span><\/span><\/p>\n<p><span style=\"font-family: 'Helvetica','sans-serif';\"><span style=\"color: #000000; font-size: medium;\">O.A. Hannelius, t.f. kyrkoherde, vice pastor<\/span><\/span><\/p>\n<figure id=\"attachment_7541\" aria-describedby=\"caption-attachment-7541\" style=\"width: 1204px\" class=\"wp-caption aligncenter\"><img loading=\"lazy\" decoding=\"async\" class=\"wp-image-7541 size-full\" src=\"http:\/\/www.lassebacklund.fi\/wp-content\/uploads\/2018\/02\/Hannelius-intyg-\u00e5t-Wadstr\u00f6m-om-goda-elever-fr\u00e5n-Dagsmark.jpg\" alt=\"Hannelius intyg \u00e5t Wadstr\u00f6m om goda elever fr\u00e5n Dagsmark\" width=\"1204\" height=\"1754\" srcset=\"https:\/\/www.lassebacklund.fi\/wp-content\/uploads\/2018\/02\/Hannelius-intyg-\u00e5t-Wadstr\u00f6m-om-goda-elever-fr\u00e5n-Dagsmark.jpg 1204w, https:\/\/www.lassebacklund.fi\/wp-content\/uploads\/2018\/02\/Hannelius-intyg-\u00e5t-Wadstr\u00f6m-om-goda-elever-fr\u00e5n-Dagsmark-206x300.jpg 206w, https:\/\/www.lassebacklund.fi\/wp-content\/uploads\/2018\/02\/Hannelius-intyg-\u00e5t-Wadstr\u00f6m-om-goda-elever-fr\u00e5n-Dagsmark-768x1119.jpg 768w, https:\/\/www.lassebacklund.fi\/wp-content\/uploads\/2018\/02\/Hannelius-intyg-\u00e5t-Wadstr\u00f6m-om-goda-elever-fr\u00e5n-Dagsmark-703x1024.jpg 703w\" sizes=\"auto, (max-width: 1204px) 100vw, 1204px\" \/><figcaption id=\"caption-attachment-7541\" class=\"wp-caption-text\">Intyget \u00e5t l\u00e4rare Wadstr\u00f6m har donerats till SLS:s arkiv i Vasa.<\/figcaption><\/figure>\n","protected":false},"excerpt":{"rendered":"<p>Folkskoll\u00e4raren Johan Jakob Wadstr\u00f6m, som f\u00f6dd 4 september 1861, sedan den 26 juni 1882 innehaft l\u00e4rartj\u00e4nsten vid Dagsmark bys h\u00f6gre folkskola h\u00e4rst\u00e4des, har s\u00e5 inom som utom skolan \u00e5dagalagt ett gott och stadgat uppf\u00f6rande samt med utm\u00e4rkt nit och skicklighet <a class=\"more-link\" href=\"https:\/\/www.lassebacklund.fi\/?page_id=7537\">Forts\u00e4tt l\u00e4sa <span class=\"screen-reader-text\">  Kyrkoherdens intyg \u00e5t Wadstr\u00f6m.<\/span><span class=\"meta-nav\">&rarr;<\/span><\/a><\/p>\n","protected":false},"author":1,"featured_media":0,"parent":781,"menu_order":0,"comment_status":"closed","ping_status":"closed","template":"","meta":{"footnotes":""},"class_list":["post-7537","page","type-page","status-publish","hentry"],"_links":{"self":[{"href":"https:\/\/www.lassebacklund.fi\/index.php?rest_route=\/wp\/v2\/pages\/7537","targetHints":{"allow":["GET"]}}],"collection":[{"href":"https:\/\/www.lassebacklund.fi\/index.php?rest_route=\/wp\/v2\/pages"}],"about":[{"href":"https:\/\/www.lassebacklund.fi\/index.php?rest_route=\/wp\/v2\/types\/page"}],"author":[{"embeddable":true,"href":"https:\/\/www.lassebacklund.fi\/index.php?rest_route=\/wp\/v2\/users\/1"}],"replies":[{"embeddable":true,"href":"https:\/\/www.lassebacklund.fi\/index.php?rest_route=%2Fwp%2Fv2%2Fcomments&post=7537"}],"version-history":[{"count":5,"href":"https:\/\/www.lassebacklund.fi\/index.php?rest_route=\/wp\/v2\/pages\/7537\/revisions"}],"predecessor-version":[{"id":7544,"href":"https:\/\/www.lassebacklund.fi\/index.php?rest_route=\/wp\/v2\/pages\/7537\/revisions\/7544"}],"up":[{"embeddable":true,"href":"https:\/\/www.lassebacklund.fi\/index.php?rest_route=\/wp\/v2\/pages\/781"}],"wp:attachment":[{"href":"https:\/\/www.lassebacklund.fi\/index.php?rest_route=%2Fwp%2Fv2%2Fmedia&parent=7537"}],"curies":[{"name":"wp","href":"https:\/\/api.w.org\/{rel}","templated":true}]}}