{"id":75,"date":"2016-07-13T14:27:48","date_gmt":"2016-07-13T12:27:48","guid":{"rendered":"http:\/\/www.lassebacklund.fi\/wp\/?page_id=75"},"modified":"2026-04-14T20:32:16","modified_gmt":"2026-04-14T17:32:16","slug":"korsbackvagen","status":"publish","type":"page","link":"https:\/\/www.lassebacklund.fi\/?page_id=75","title":{"rendered":"Korsb\u00e4ckv\u00e4gen"},"content":{"rendered":"<p><span class=\"Normal-C\">Korsb\u00e4ckv\u00e4gen som b\u00f6rjar &#8221;tenn f\u00f6 Westeras&#8221; i Dagsmark g\u00e5r \u00f6ver Berg\u00e5sen till Korsb\u00e4ck och slutar &#8221;f\u00f6&nbsp; G\u00e5sens elder Holmbergas&#8221;. Fram till \u00e5rsskiftet 1961-1962 var den en byv\u00e4g som del\u00e4garna sk\u00f6tte men d\u00e5 tog staten \u00f6ver den och den b\u00f6rjade d\u00e5 kallas bygdev\u00e4g. Korsb\u00e4ckv\u00e4gen \u00e4r ungef\u00e4r 6 km l\u00e5ng och i Dagsmark kallas v\u00e4gen &#8221;Treskvejin&#8221; medan korsb\u00e4ckborna ocks\u00e5 brukar s\u00e4ga &#8221;Bym\u00e5sst\u00e5&#8221;. Om du vill l\u00e4sa mera om g\u00e5rdarna l\u00e4ngs med v\u00e4gen s\u00e5 skall du klicka p\u00e5 \u00f6nskat husnummer nedan.<\/span><\/p>\n<h6><a class=\"fasc-button fasc-size-medium fasc-type-glossy fasc-rounded-medium\" style=\"background-color: #33809e; color: #ffffff;\" href=\"http:\/\/www.lassebacklund.fi\/?page_id=15030\">3 Eklund Viktors<\/a><\/h6>\n<h6><a class=\"fasc-button fasc-size-medium fasc-type-glossy fasc-rounded-medium\" style=\"background-color: #33809e; color: #ffffff;\" href=\"http:\/\/www.lassebacklund.fi\/?page_id=887\">4 Westeras boden<\/a><\/h6>\n<h6><a class=\"fasc-button fasc-size-medium fasc-type-glossy fasc-rounded-medium\" style=\"background-color: #33809e; color: #ffffff;\" href=\"http:\/\/www.lassebacklund.fi\/?page_id=906\">6 Myll\u00e4ris g\u00e5rd<\/a><\/h6>\n<h6>&nbsp;<\/h6>\n<h6><a class=\"fasc-button fasc-size-medium fasc-type-glossy fasc-rounded-medium\" style=\"background-color: #33809e; color: #ffffff;\" href=\"http:\/\/www.lassebacklund.fi\/?page_id=980\">28 Viktor Lillkulls g\u00e5rd<\/a><\/h6>\n<h6><a class=\"fasc-button fasc-size-medium fasc-type-glossy fasc-rounded-medium\" style=\"background-color: #33809e; color: #ffffff;\" href=\"http:\/\/www.lassebacklund.fi\/?page_id=1066\">29 Storkull Evert och Selmas<\/a><\/h6>\n<h6><a class=\"fasc-button fasc-size-medium fasc-type-glossy fasc-rounded-medium\" style=\"background-color: #33809e; color: #ffffff;\" href=\"http:\/\/www.lassebacklund.fi\/?page_id=1112\">38 L\u00f6fgrens<\/a><\/h6>\n<h6><a class=\"fasc-button fasc-size-medium fasc-type-glossy fasc-rounded-medium\" style=\"background-color: #33809e; color: #ffffff;\" href=\"http:\/\/www.lassebacklund.fi\/?page_id=1079\">40 Ahlbergs<\/a><\/h6>\n<h6><a class=\"fasc-button fasc-size-medium fasc-type-glossy fasc-rounded-medium\" style=\"background-color: #33809e; color: #ffffff;\" href=\"https:\/\/www.lassebacklund.fi\/?page_id=17870\">55 Hammarbergs och Ulfves<\/a><\/h6>\n<h6><a class=\"fasc-button fasc-size-medium fasc-type-glossy fasc-rounded-medium\" style=\"background-color: #33809e; color: #ffffff;\" href=\"https:\/\/www.lassebacklund.fi\/?page_id=1037\">64 Isakas Manda Hosiojas stuga<\/a><\/h6>\n<h6><a class=\"fasc-button fasc-size-medium fasc-type-glossy fasc-rounded-medium\" style=\"background-color: #33809e; color: #ffffff;\" href=\"http:\/\/www.lassebacklund.fi\/?page_id=1133\">70 Martti och Anna-Liisa Malinen<\/a><\/h6>\n<h6><a class=\"fasc-button fasc-size-medium fasc-type-glossy fasc-rounded-medium\" style=\"background-color: #33809e; color: #ffffff;\" href=\"https:\/\/www.lassebacklund.fi\/?page_id=24837\">306 Sj\u00f6holm Karl Erikas<\/a><\/h6>\n<h6><a class=\"fasc-button fasc-size-medium fasc-type-glossy fasc-rounded-medium\" style=\"background-color: #33809e; color: #ffffff;\" href=\"https:\/\/www.lassebacklund.fi\/?page_id=932\">378 K\u00e5rk Antas eller Nyg\u00e5rdas<\/a><\/h6>\n<h6><a class=\"fasc-button fasc-size-medium fasc-type-glossy fasc-rounded-medium\" style=\"background-color: #33809e; color: #ffffff;\" href=\"https:\/\/www.lassebacklund.fi\/?page_id=5755\">416 Nyg\u00e5rds Frans g\u00e5rd<\/a><\/h6>\n<h6><a class=\"fasc-button fasc-size-medium fasc-type-glossy fasc-rounded-medium\" style=\"background-color: #33809e; color: #ffffff;\" href=\"https:\/\/www.lassebacklund.fi\/?page_id=25795\">483 Korsb\u00e4ck Idas g\u00e5rd<\/a><\/h6>\n<h6><a class=\"fasc-button fasc-size-medium fasc-type-glossy fasc-rounded-medium\" style=\"background-color: #33809e; color: #ffffff;\" href=\"https:\/\/www.lassebacklund.fi\/?page_id=13598\">534 Sten Viktoras<\/a><\/h6>\n<h6><a class=\"fasc-button fasc-size-medium fasc-type-glossy fasc-rounded-medium\" style=\"background-color: #33809e; color: #ffffff;\" href=\"https:\/\/www.lassebacklund.fi\/?page_id=13877\">542 Sten Eskils<\/a><\/h6>\n<h6><a class=\"fasc-button fasc-size-medium fasc-type-glossy fasc-rounded-medium\" style=\"background-color: #33809e; color: #ffffff;\" href=\"https:\/\/www.lassebacklund.fi\/?page_id=25063\">604 Stenlundas<\/a><\/h6>\n<h6>&nbsp;<\/h6>\n","protected":false},"excerpt":{"rendered":"<p>Korsb\u00e4ckv\u00e4gen som b\u00f6rjar &#8221;tenn f\u00f6 Westeras&#8221; i Dagsmark g\u00e5r \u00f6ver Berg\u00e5sen till Korsb\u00e4ck och slutar &#8221;f\u00f6&nbsp; G\u00e5sens elder Holmbergas&#8221;. Fram till \u00e5rsskiftet 1961-1962 var den en byv\u00e4g som del\u00e4garna sk\u00f6tte men d\u00e5 tog staten \u00f6ver den och den b\u00f6rjade d\u00e5 <a class=\"more-link\" href=\"https:\/\/www.lassebacklund.fi\/?page_id=75\">Forts\u00e4tt l\u00e4sa <span class=\"screen-reader-text\">  Korsb\u00e4ckv\u00e4gen<\/span><span class=\"meta-nav\">&rarr;<\/span><\/a><\/p>\n","protected":false},"author":1,"featured_media":0,"parent":51,"menu_order":4,"comment_status":"closed","ping_status":"closed","template":"","meta":{"footnotes":""},"class_list":["post-75","page","type-page","status-publish","hentry"],"_links":{"self":[{"href":"https:\/\/www.lassebacklund.fi\/index.php?rest_route=\/wp\/v2\/pages\/75","targetHints":{"allow":["GET"]}}],"collection":[{"href":"https:\/\/www.lassebacklund.fi\/index.php?rest_route=\/wp\/v2\/pages"}],"about":[{"href":"https:\/\/www.lassebacklund.fi\/index.php?rest_route=\/wp\/v2\/types\/page"}],"author":[{"embeddable":true,"href":"https:\/\/www.lassebacklund.fi\/index.php?rest_route=\/wp\/v2\/users\/1"}],"replies":[{"embeddable":true,"href":"https:\/\/www.lassebacklund.fi\/index.php?rest_route=%2Fwp%2Fv2%2Fcomments&post=75"}],"version-history":[{"count":45,"href":"https:\/\/www.lassebacklund.fi\/index.php?rest_route=\/wp\/v2\/pages\/75\/revisions"}],"predecessor-version":[{"id":25802,"href":"https:\/\/www.lassebacklund.fi\/index.php?rest_route=\/wp\/v2\/pages\/75\/revisions\/25802"}],"up":[{"embeddable":true,"href":"https:\/\/www.lassebacklund.fi\/index.php?rest_route=\/wp\/v2\/pages\/51"}],"wp:attachment":[{"href":"https:\/\/www.lassebacklund.fi\/index.php?rest_route=%2Fwp%2Fv2%2Fmedia&parent=75"}],"curies":[{"name":"wp","href":"https:\/\/api.w.org\/{rel}","templated":true}]}}