{"id":7480,"date":"2018-02-12T20:24:56","date_gmt":"2018-02-12T19:24:56","guid":{"rendered":"http:\/\/www.lassebacklund.fi\/?page_id=7480"},"modified":"2024-04-25T10:15:11","modified_gmt":"2024-04-25T07:15:11","slug":"selims-foton-fran-aren-1950-1951","status":"publish","type":"page","link":"https:\/\/www.lassebacklund.fi\/?page_id=7480","title":{"rendered":"Selims foton fr\u00e5n \u00e5ren 1951-1952."},"content":{"rendered":"<p>H\u00e4r n\u00e5gra av folkskoll\u00e4raren Selim Bj\u00f6rses\u00b4 fotografier, som han tog mellan \u00e5ren 1951-52. Eric Stens har identifierat personerna och skrivit de flesta texter. Fotografierna \u00e4r fr\u00e5n Svenska Litteraturs\u00e4llskapets arkiv i Vasa.<\/p>\n<figure id=\"attachment_7486\" aria-describedby=\"caption-attachment-7486\" style=\"width: 1200px\" class=\"wp-caption aligncenter\"><img loading=\"lazy\" decoding=\"async\" class=\"size-full wp-image-7486\" src=\"http:\/\/www.lassebacklund.fi\/wp-content\/uploads\/2018\/02\/ota295_foto_0611.jpg\" alt=\"Brita Bj\u00f6rses i Lappfj\u00e4rdsdr\u00e4kten vid Runebergs stuga 1951.\" width=\"1200\" height=\"810\" srcset=\"https:\/\/www.lassebacklund.fi\/wp-content\/uploads\/2018\/02\/ota295_foto_0611.jpg 1200w, https:\/\/www.lassebacklund.fi\/wp-content\/uploads\/2018\/02\/ota295_foto_0611-300x203.jpg 300w, https:\/\/www.lassebacklund.fi\/wp-content\/uploads\/2018\/02\/ota295_foto_0611-768x518.jpg 768w, https:\/\/www.lassebacklund.fi\/wp-content\/uploads\/2018\/02\/ota295_foto_0611-1024x691.jpg 1024w\" sizes=\"auto, (max-width: 1200px) 100vw, 1200px\" \/><figcaption id=\"caption-attachment-7486\" class=\"wp-caption-text\">Brita Bj\u00f6rses i Lappfj\u00e4rdsdr\u00e4kten vid Runebergs stuga 1951.<\/figcaption><\/figure>\n<figure id=\"attachment_7485\" aria-describedby=\"caption-attachment-7485\" style=\"width: 1200px\" class=\"wp-caption aligncenter\"><img loading=\"lazy\" decoding=\"async\" class=\"size-full wp-image-7485\" src=\"http:\/\/www.lassebacklund.fi\/wp-content\/uploads\/2018\/02\/ota295_foto_0610.jpg\" alt=\"Uppvaktning vid krigargravarna p\u00e5 de stupades dag 1951 med kyrkoherden Rafael Lindholm. L\u00e4ngst till v\u00e4nster st\u00e5r Kurt Holm, vars far Elis stupade i kriget och i mitten st\u00e5r Brita Bj\u00f6rses vars far Artur ocks\u00e5 stupade i kriget.\" width=\"1200\" height=\"808\" srcset=\"https:\/\/www.lassebacklund.fi\/wp-content\/uploads\/2018\/02\/ota295_foto_0610.jpg 1200w, https:\/\/www.lassebacklund.fi\/wp-content\/uploads\/2018\/02\/ota295_foto_0610-300x202.jpg 300w, https:\/\/www.lassebacklund.fi\/wp-content\/uploads\/2018\/02\/ota295_foto_0610-768x517.jpg 768w, https:\/\/www.lassebacklund.fi\/wp-content\/uploads\/2018\/02\/ota295_foto_0610-1024x689.jpg 1024w\" sizes=\"auto, (max-width: 1200px) 100vw, 1200px\" \/><figcaption id=\"caption-attachment-7485\" class=\"wp-caption-text\">Uppvaktning vid krigargravarna p\u00e5 de stupades dag 1951 med kyrkoherden Rafael Lindholm. L\u00e4ngst till v\u00e4nster st\u00e5r Kurt Holm, vars far Elis stupade i kriget och i mitten st\u00e5r Brita Bj\u00f6rses vars far Artur ocks\u00e5 stupade i kriget.<\/figcaption><\/figure>\n<figure id=\"attachment_7484\" aria-describedby=\"caption-attachment-7484\" style=\"width: 1196px\" class=\"wp-caption aligncenter\"><img loading=\"lazy\" decoding=\"async\" class=\"size-full wp-image-7484\" src=\"http:\/\/www.lassebacklund.fi\/wp-content\/uploads\/2018\/02\/ota295_foto_0609.jpg\" alt=\"Syd\u00f6sterbottens Andelsmejeri p\u00e5 Knusbackan \u00e5r 1951. Det nya t.h. ostk\u00e4llare med kontor ovanp\u00e5. Sj\u00e4lva mejeribyggnadens nybygge till v\u00e4nster \u00e4r just p\u00e5b\u00f6rjad.\" width=\"1196\" height=\"580\" srcset=\"https:\/\/www.lassebacklund.fi\/wp-content\/uploads\/2018\/02\/ota295_foto_0609.jpg 1196w, https:\/\/www.lassebacklund.fi\/wp-content\/uploads\/2018\/02\/ota295_foto_0609-300x145.jpg 300w, https:\/\/www.lassebacklund.fi\/wp-content\/uploads\/2018\/02\/ota295_foto_0609-768x372.jpg 768w, https:\/\/www.lassebacklund.fi\/wp-content\/uploads\/2018\/02\/ota295_foto_0609-1024x497.jpg 1024w\" sizes=\"auto, (max-width: 1196px) 100vw, 1196px\" \/><figcaption id=\"caption-attachment-7484\" class=\"wp-caption-text\">Syd\u00f6sterbottens Andelsmejeri p\u00e5 Knusbackan \u00e5r 1951. Det nya t.h. ostk\u00e4llare med kontor ovanp\u00e5. Sj\u00e4lva mejeribyggnadens nybygge till v\u00e4nster \u00e4r just p\u00e5b\u00f6rjad.<\/figcaption><\/figure>\n<figure id=\"attachment_7483\" aria-describedby=\"caption-attachment-7483\" style=\"width: 1200px\" class=\"wp-caption aligncenter\"><img loading=\"lazy\" decoding=\"async\" class=\"size-full wp-image-7483\" src=\"http:\/\/www.lassebacklund.fi\/wp-content\/uploads\/2018\/02\/ota295_foto_0608.jpg\" alt=\"Flickor i Lappfj\u00e4rdsdr\u00e4kt p\u00e5 bes\u00f6k p\u00e5 Brages friluftsmuseum i Vasa, fr\u00e5n v\u00e4nster Ruth Hinders, Brita Bj\u00f6rses, Gunnel Lillg\u00e4ls och Greta Stenkull.\" width=\"1200\" height=\"807\" srcset=\"https:\/\/www.lassebacklund.fi\/wp-content\/uploads\/2018\/02\/ota295_foto_0608.jpg 1200w, https:\/\/www.lassebacklund.fi\/wp-content\/uploads\/2018\/02\/ota295_foto_0608-300x202.jpg 300w, https:\/\/www.lassebacklund.fi\/wp-content\/uploads\/2018\/02\/ota295_foto_0608-768x516.jpg 768w, https:\/\/www.lassebacklund.fi\/wp-content\/uploads\/2018\/02\/ota295_foto_0608-1024x689.jpg 1024w\" sizes=\"auto, (max-width: 1200px) 100vw, 1200px\" \/><figcaption id=\"caption-attachment-7483\" class=\"wp-caption-text\">Flickor i Lappfj\u00e4rdsdr\u00e4kt p\u00e5 bes\u00f6k p\u00e5 Brages friluftsmuseum i Vasa, fr\u00e5n v\u00e4nster Ruth Hinders, Brita Bj\u00f6rses, Gunnel Lillg\u00e4ls och Greta Stenkull.<\/figcaption><\/figure>\n<figure id=\"attachment_7473\" aria-describedby=\"caption-attachment-7473\" style=\"width: 983px\" class=\"wp-caption aligncenter\"><img loading=\"lazy\" decoding=\"async\" class=\"size-full wp-image-7473\" src=\"http:\/\/www.lassebacklund.fi\/wp-content\/uploads\/2018\/02\/Storhannus-i-kyrkan.jpg\" alt=\"Torsten Storhannus och Linnea Lindedahl p\u00e5 v\u00e4g in i kyrkan 2 juli 1952.\" width=\"983\" height=\"558\" srcset=\"https:\/\/www.lassebacklund.fi\/wp-content\/uploads\/2018\/02\/Storhannus-i-kyrkan.jpg 983w, https:\/\/www.lassebacklund.fi\/wp-content\/uploads\/2018\/02\/Storhannus-i-kyrkan-300x170.jpg 300w, https:\/\/www.lassebacklund.fi\/wp-content\/uploads\/2018\/02\/Storhannus-i-kyrkan-768x436.jpg 768w\" sizes=\"auto, (max-width: 983px) 100vw, 983px\" \/><figcaption id=\"caption-attachment-7473\" class=\"wp-caption-text\">Torsten Storhannus och\u00a0Karin Lindedahl p\u00e5 v\u00e4g in i kyrkan 2 juli 1952. Den lilla pojken som h\u00e5ller i brudsl\u00f6jan\u00a0\u00e4r Hans Ingvesg\u00e5rd och flickan bredvid \u00e4r Dorthe Klemets. P\u00e4llh\u00e5llarna d\u00e4r bakom\u00a0ser ut att vara Edgar Storhannus och Mikael Bj\u00f6rses.<\/figcaption><\/figure>\n<figure id=\"attachment_7475\" aria-describedby=\"caption-attachment-7475\" style=\"width: 978px\" class=\"wp-caption aligncenter\"><img loading=\"lazy\" decoding=\"async\" class=\"size-full wp-image-7475\" src=\"http:\/\/www.lassebacklund.fi\/wp-content\/uploads\/2018\/02\/Gullmes-p\u00e5-br\u00f6llop.jpg\" alt=\"H\u00e4r sitter Otto Gullmes, bosatt i Amerika och ber\u00e4ttar historier f\u00f6r de intresserade, p\u00e5 Torsten och Karin Storhannus br\u00f6llop 1952.\" width=\"978\" height=\"616\" srcset=\"https:\/\/www.lassebacklund.fi\/wp-content\/uploads\/2018\/02\/Gullmes-p\u00e5-br\u00f6llop.jpg 978w, https:\/\/www.lassebacklund.fi\/wp-content\/uploads\/2018\/02\/Gullmes-p\u00e5-br\u00f6llop-300x189.jpg 300w, https:\/\/www.lassebacklund.fi\/wp-content\/uploads\/2018\/02\/Gullmes-p\u00e5-br\u00f6llop-768x484.jpg 768w\" sizes=\"auto, (max-width: 978px) 100vw, 978px\" \/><figcaption id=\"caption-attachment-7475\" class=\"wp-caption-text\">H\u00e4r sitter Otto Gullmes, bosatt i Amerika och ber\u00e4ttar historier f\u00f6r de intresserade, p\u00e5 Torsten och Karin Storhannus br\u00f6llop 1952.<\/figcaption><\/figure>\n<p>Mera foton av Selim Bj\u00f6rses hittar du genom att klicka<a href=\"https:\/\/www.lassebacklund.fi\/?page_id=7800\"><span style=\"color: #000080;\"><strong> H\u00c4R!<\/strong><\/span><\/a><\/p>\n","protected":false},"excerpt":{"rendered":"<p>H\u00e4r n\u00e5gra av folkskoll\u00e4raren Selim Bj\u00f6rses\u00b4 fotografier, som han tog mellan \u00e5ren 1951-52. Eric Stens har identifierat personerna och skrivit de flesta texter. Fotografierna \u00e4r fr\u00e5n Svenska Litteraturs\u00e4llskapets arkiv i Vasa. Mera foton av Selim Bj\u00f6rses hittar du genom att <a class=\"more-link\" href=\"https:\/\/www.lassebacklund.fi\/?page_id=7480\">Forts\u00e4tt l\u00e4sa <span class=\"screen-reader-text\">  Selims foton fr\u00e5n \u00e5ren 1951-1952.<\/span><span class=\"meta-nav\">&rarr;<\/span><\/a><\/p>\n","protected":false},"author":1,"featured_media":0,"parent":4555,"menu_order":1950,"comment_status":"closed","ping_status":"closed","template":"","meta":{"footnotes":""},"class_list":["post-7480","page","type-page","status-publish","hentry"],"_links":{"self":[{"href":"https:\/\/www.lassebacklund.fi\/index.php?rest_route=\/wp\/v2\/pages\/7480","targetHints":{"allow":["GET"]}}],"collection":[{"href":"https:\/\/www.lassebacklund.fi\/index.php?rest_route=\/wp\/v2\/pages"}],"about":[{"href":"https:\/\/www.lassebacklund.fi\/index.php?rest_route=\/wp\/v2\/types\/page"}],"author":[{"embeddable":true,"href":"https:\/\/www.lassebacklund.fi\/index.php?rest_route=\/wp\/v2\/users\/1"}],"replies":[{"embeddable":true,"href":"https:\/\/www.lassebacklund.fi\/index.php?rest_route=%2Fwp%2Fv2%2Fcomments&post=7480"}],"version-history":[{"count":9,"href":"https:\/\/www.lassebacklund.fi\/index.php?rest_route=\/wp\/v2\/pages\/7480\/revisions"}],"predecessor-version":[{"id":22775,"href":"https:\/\/www.lassebacklund.fi\/index.php?rest_route=\/wp\/v2\/pages\/7480\/revisions\/22775"}],"up":[{"embeddable":true,"href":"https:\/\/www.lassebacklund.fi\/index.php?rest_route=\/wp\/v2\/pages\/4555"}],"wp:attachment":[{"href":"https:\/\/www.lassebacklund.fi\/index.php?rest_route=%2Fwp%2Fv2%2Fmedia&parent=7480"}],"curies":[{"name":"wp","href":"https:\/\/api.w.org\/{rel}","templated":true}]}}