{"id":7337,"date":"2018-02-05T21:02:36","date_gmt":"2018-02-05T20:02:36","guid":{"rendered":"http:\/\/www.lassebacklund.fi\/?page_id=7337"},"modified":"2018-02-05T21:02:36","modified_gmt":"2018-02-05T20:02:36","slug":"tal-som-holls-vid-wadstroms-begravning","status":"publish","type":"page","link":"https:\/\/www.lassebacklund.fi\/?page_id=7337","title":{"rendered":"Tal som h\u00f6lls vid Wadstr\u00f6ms begravning."},"content":{"rendered":"<p><span style=\"color: #000080; font-family: 'Helvetica','sans-serif';\"><span style=\"font-size: medium;\">Detta tal h\u00f6ll J. J. Wadstr\u00f6ms sv\u00e5ger vid begravningen i Lappfj\u00e4rds kyrka:<\/span><\/span><\/p>\n<p><span style=\"font-family: 'Helvetica','sans-serif';\"><span style=\"color: #000000; font-size: medium;\">Vi ha haft den o\u00e4ndligt sorgliga plikten att ledsaga v\u00e4nnen Joh. Jakob Wadstr\u00f6ms kallnade stoft till den sista vilan. Den tr\u00f6tte vandraren p\u00e5 livets stig har nedlagt vandringsstaven efter v\u00e4l fullbordat v\u00e4rv och l\u00e4mnat allm\u00e4n saknad efter sig. Om dig kan i sanning skriftens ord s\u00e4gas: Du gode och trogne tj\u00e4nare, i ringa ting har du varit trogen, g\u00e5 in i din Herres gl\u00e4dje. Ditt livsverk, skoll\u00e4rarens ringa akt, har dock ej varit av ringa betydelse. Med nit, skicklighet och framg\u00e5ng utf\u00f6rde du ditt viktiga arbete f\u00f6r de unga sl\u00e4ktens daning till goda och nyttiga medborgare, ty du inverkade p\u00e5 den icke allenast med ord, utan genom ett gott f\u00f6red\u00f6me och en exemplarisk vandel.<\/span><\/span><\/p>\n<p><span style=\"font-family: 'Helvetica','sans-serif';\"><span style=\"color: #000000; font-size: medium;\">Dina egna st\u00e5 nu bittert s\u00f6rjande vid din grift och t\u00e4nka med stor saknad p\u00e5 dig ty de minnas dig som en god fader och en \u00f6m make.<\/span><\/span><\/p>\n<p><span style=\"font-family: 'Helvetica','sans-serif';\"><span style=\"color: #000000; font-size: medium;\">Vi s\u00e4nkte nu J. J. Wadstr\u00f6ms stoft i den tysta graven. M\u00e5tte han vila djupt i fosterjordens sk\u00f6te i n\u00e4rheten av tempelmuren under de susande granarnas skugga, vilka han sj\u00e4lv har planterat. Men d\u00e4rmed \u00e4r ej allt slut. Hans f\u00f6rklarade ande har frigjord fr\u00e5n jordens grus svingat sig upp till de ljusa h\u00f6jder, d\u00e4r Herren Gud sj\u00e4lv bor. Detta var hans s\u00e4kra tro i livet och fr\u00e5n ordet tro, g\u00e5r hoppets bro till Gud i himmelen.<\/span><\/span><\/p>\n<p><span style=\"font-family: 'Helvetica','sans-serif';\"><span style=\"color: #000000; font-size: medium;\">Gr\u00e5ten d\u00e4rf\u00f6r icke, ni hans barn. S\u00f6rj d\u00e4rf\u00f6r ej, du hans k\u00e4ra maka, som troget st\u00e5tt vid hans sida i med- och motg\u00e5ng och delat ljuvt och lett med honom och utf\u00f6rt ett enast\u00e5ende k\u00e4rleksverk \u2013 utan hoppen och tron p\u00e5 ett lyckligt \u00e5terseende med den k\u00e4re, p\u00e5 andra sidan graven. <\/span><\/span><\/p>\n<p><span style=\"font-family: 'Helvetica','sans-serif';\"><span style=\"color: #000000; font-size: medium;\">Farv\u00e4l, sv\u00e5ger och v\u00e4n!<\/span><\/span><\/p>\n","protected":false},"excerpt":{"rendered":"<p>Detta tal h\u00f6ll J. J. Wadstr\u00f6ms sv\u00e5ger vid begravningen i Lappfj\u00e4rds kyrka: Vi ha haft den o\u00e4ndligt sorgliga plikten att ledsaga v\u00e4nnen Joh. Jakob Wadstr\u00f6ms kallnade stoft till den sista vilan. Den tr\u00f6tte vandraren p\u00e5 livets stig har nedlagt vandringsstaven <a class=\"more-link\" href=\"https:\/\/www.lassebacklund.fi\/?page_id=7337\">Forts\u00e4tt l\u00e4sa <span class=\"screen-reader-text\">  Tal som h\u00f6lls vid Wadstr\u00f6ms begravning.<\/span><span class=\"meta-nav\">&rarr;<\/span><\/a><\/p>\n","protected":false},"author":1,"featured_media":0,"parent":781,"menu_order":0,"comment_status":"closed","ping_status":"closed","template":"","meta":{"footnotes":""},"class_list":["post-7337","page","type-page","status-publish","hentry"],"_links":{"self":[{"href":"https:\/\/www.lassebacklund.fi\/index.php?rest_route=\/wp\/v2\/pages\/7337","targetHints":{"allow":["GET"]}}],"collection":[{"href":"https:\/\/www.lassebacklund.fi\/index.php?rest_route=\/wp\/v2\/pages"}],"about":[{"href":"https:\/\/www.lassebacklund.fi\/index.php?rest_route=\/wp\/v2\/types\/page"}],"author":[{"embeddable":true,"href":"https:\/\/www.lassebacklund.fi\/index.php?rest_route=\/wp\/v2\/users\/1"}],"replies":[{"embeddable":true,"href":"https:\/\/www.lassebacklund.fi\/index.php?rest_route=%2Fwp%2Fv2%2Fcomments&post=7337"}],"version-history":[{"count":1,"href":"https:\/\/www.lassebacklund.fi\/index.php?rest_route=\/wp\/v2\/pages\/7337\/revisions"}],"predecessor-version":[{"id":7338,"href":"https:\/\/www.lassebacklund.fi\/index.php?rest_route=\/wp\/v2\/pages\/7337\/revisions\/7338"}],"up":[{"embeddable":true,"href":"https:\/\/www.lassebacklund.fi\/index.php?rest_route=\/wp\/v2\/pages\/781"}],"wp:attachment":[{"href":"https:\/\/www.lassebacklund.fi\/index.php?rest_route=%2Fwp%2Fv2%2Fmedia&parent=7337"}],"curies":[{"name":"wp","href":"https:\/\/api.w.org\/{rel}","templated":true}]}}