{"id":7310,"date":"2018-02-02T14:02:30","date_gmt":"2018-02-02T13:02:30","guid":{"rendered":"http:\/\/www.lassebacklund.fi\/?page_id=7310"},"modified":"2018-02-02T14:02:30","modified_gmt":"2018-02-02T13:02:30","slug":"drabbningen-i-kristinestad-den-31-januari","status":"publish","type":"page","link":"https:\/\/www.lassebacklund.fi\/?page_id=7310","title":{"rendered":"Drabbningen i Kristinestad den 31 januari."},"content":{"rendered":"<p><span style=\"color: #000080;\">Denna text \u00e4r kopierad ur boken \u201dBefrielsekriget i \u00d6sterbotten i midvintertid 1918\u201d, tryckt p\u00e5 Fram i Vasa 1918:<\/span><\/p>\n<p>P\u00e5 tisdagen och onsdagen voro parlament\u00e4rer f\u00f6r att underhandla med ryssarna om utl\u00e4mnande av vapen. Natten mot torsdagen besvarade soldaterna, troligen p\u00e5verkade av r\u00f6dbandisterna, skyddsk\u00e5rernas anh\u00e5llan med att de \u00f6nskade krig. \u00c4nnu p\u00e5 torsdag morgon, innan drabbningen b\u00f6rjade, hade skyddsk\u00e5rerna per telefon s\u00f6kt f\u00f6rm\u00e5 ryssarna att giva sig, men utan resultat.<\/p>\n<p>S\u00e5 br\u00f6t striden ut p\u00e5 torsdagen den 31 jan, kl. n\u00e5got \u00f6ver halv 9 f.m. Enligt fleres samst\u00e4mmiga uppgifter skola de f\u00f6rsta skotten ha lossats av r\u00f6dbandister fr\u00e5n r\u00e5dhustornet, d\u00e5 de fingo syn p\u00e5 skyddsk\u00e5risterna. Omedelbart efter dessa signalskott f\u00f6ljde salvor fr\u00e5n trakten av kas\u00e4rnen i Lehtinens g\u00e5rd. Skyddsk\u00e5rerna besvarade och togo sig fram \u00f6ver isen p\u00e5 Norrfj\u00e4rden.<\/p>\n<p>J\u00e4garkeden skred s\u00e5 sm\u00e5ningom fram till staden. Ryssarna l\u00e4mnade de platser de intagit dels i och vid kas\u00e4rnerna i norrstaden, vilka p\u00e5 flera st\u00e4llen genomsk\u00f6tos, dels uppe i r\u00e5dhustornet och gamla kyrkans klockstapel och begynte retirera till batteriet bakom packhuset, dit de r\u00f6dgardister, som icke fallit i gatustriden, \u00e4ven s\u00e4llade sig. S\u00e5 inom n\u00e5got mer \u00e4n en timme var staden rensad fr\u00e5n fiender.<\/p>\n<p>Omkring batteriet, som numera angreps \u00e4ven fr\u00e5n Varvsbacken, utspann sig en het strid. Slutligen klockan n\u00e5got f\u00f6re 11 hissades fr\u00e5n batteriet vit flagg till tecken att man gav sig. Skyddsk\u00e5ren rusade d\u00e5 fram men mottogs \u00e4nnu av skott fr\u00e5n r\u00f6dgardister, varav en del uppeh\u00f6ll sig i f.d. B\u00e5ges bryggeribyggnad och s\u00e5lunda m\u00e5ste man ha sett den vita flaggan. Under den f\u00f6rvirring, som nu uppstod, s\u00e5rades n\u00e5gra skyddsk\u00e5rister och stupade tv\u00e5 s\u00e5dana fr\u00e5n Tj\u00f6ck.<\/p>\n<p>Under striden avlossade ryssarna omkring 25 kanonskott, utan att dessa gjorde n\u00e5gon skada.<\/p>\n<p>Soldater och r\u00f6dgardister som \u00f6verlevde striden, avv\u00e4pnades och f\u00f6rdes f\u00e5ngna till staden. Inom kort h\u00e4mtades \u00e4ven de soldater, som tagit sin tillflykt till Stadsskatan. I striden deltog enligt uppgift omkring 1,000 skyddsk\u00e5rister men snart infann sig \u00e4ven reserven, s\u00e5 att antalet av de i staden efter striderna f\u00f6rsamlade skyddsk\u00e5risterna torde ha uppg\u00e5tt till 1,500 man. Bland dessa syntes skyddsk\u00e5rer fr\u00e5n alla staden omgivande kommuner. K\u00e4rntrupperna utgjordes dock av de s.k. \u201dv\u00f6r\u00e5gossarna\u201d.<\/p>\n<p>Striden avl\u00f6pte ej utan f\u00f6rluster. P\u00e5 skyddsk\u00e5risternas sida stupade fyra och s\u00e5rades ett tiotal. Av soldaterna och r\u00f6dgardisterna torde ett par tiotal ha fallit och omkring lika m\u00e5nga s\u00e5rats.<\/p>\n<p>I skyddsk\u00e5risternas h\u00e4nder f\u00f6ll ett rikt krigsbyte, best\u00e5ende av 6 f\u00e4ltkanoner och 2 bel\u00e4gringskanoner, j\u00e4mte r\u00e4tt mycket till dem h\u00f6rande ammunition och betydande m\u00e4ngder spr\u00e4ng\u00e4mnen. \u00c4ven milit\u00e4rens handvapen j\u00e4mte ammunition och ridh\u00e4star blevo segrarnas byte.<\/p>\n","protected":false},"excerpt":{"rendered":"<p>Denna text \u00e4r kopierad ur boken \u201dBefrielsekriget i \u00d6sterbotten i midvintertid 1918\u201d, tryckt p\u00e5 Fram i Vasa 1918: P\u00e5 tisdagen och onsdagen voro parlament\u00e4rer f\u00f6r att underhandla med ryssarna om utl\u00e4mnande av vapen. Natten mot torsdagen besvarade soldaterna, troligen p\u00e5verkade <a class=\"more-link\" href=\"https:\/\/www.lassebacklund.fi\/?page_id=7310\">Forts\u00e4tt l\u00e4sa <span class=\"screen-reader-text\">  Drabbningen i Kristinestad den 31 januari.<\/span><span class=\"meta-nav\">&rarr;<\/span><\/a><\/p>\n","protected":false},"author":1,"featured_media":0,"parent":3747,"menu_order":0,"comment_status":"closed","ping_status":"closed","template":"","meta":{"footnotes":""},"class_list":["post-7310","page","type-page","status-publish","hentry"],"_links":{"self":[{"href":"https:\/\/www.lassebacklund.fi\/index.php?rest_route=\/wp\/v2\/pages\/7310","targetHints":{"allow":["GET"]}}],"collection":[{"href":"https:\/\/www.lassebacklund.fi\/index.php?rest_route=\/wp\/v2\/pages"}],"about":[{"href":"https:\/\/www.lassebacklund.fi\/index.php?rest_route=\/wp\/v2\/types\/page"}],"author":[{"embeddable":true,"href":"https:\/\/www.lassebacklund.fi\/index.php?rest_route=\/wp\/v2\/users\/1"}],"replies":[{"embeddable":true,"href":"https:\/\/www.lassebacklund.fi\/index.php?rest_route=%2Fwp%2Fv2%2Fcomments&post=7310"}],"version-history":[{"count":1,"href":"https:\/\/www.lassebacklund.fi\/index.php?rest_route=\/wp\/v2\/pages\/7310\/revisions"}],"predecessor-version":[{"id":7311,"href":"https:\/\/www.lassebacklund.fi\/index.php?rest_route=\/wp\/v2\/pages\/7310\/revisions\/7311"}],"up":[{"embeddable":true,"href":"https:\/\/www.lassebacklund.fi\/index.php?rest_route=\/wp\/v2\/pages\/3747"}],"wp:attachment":[{"href":"https:\/\/www.lassebacklund.fi\/index.php?rest_route=%2Fwp%2Fv2%2Fmedia&parent=7310"}],"curies":[{"name":"wp","href":"https:\/\/api.w.org\/{rel}","templated":true}]}}