{"id":7174,"date":"2018-01-02T17:17:29","date_gmt":"2018-01-02T16:17:29","guid":{"rendered":"http:\/\/www.lassebacklund.fi\/?page_id=7174"},"modified":"2025-11-20T18:01:20","modified_gmt":"2025-11-20T16:01:20","slug":"mag-jossas-gard-och-slakt","status":"publish","type":"page","link":"https:\/\/www.lassebacklund.fi\/?page_id=7174","title":{"rendered":"M\u00e5g J\u00e5ssas g\u00e5rd och sl\u00e4kt."},"content":{"rendered":"<p><span style=\"color: #000080;\">Sammanst\u00e4llt av Inga-Lill Sandstr\u00f6m \u00e5r 2022:<\/span><\/p>\n<p><strong><span style=\"text-decoration: underline;\">Johan<\/span> Fredrik Mickelsson H\u00e4ggblom eller F\u00e4rm (1818-1896) var f\u00f6dd p\u00e5 \u00d6sterbacka hemman i \u00d6mossa men flyttade som mycket ung till Korsn\u00e4s.\u00a0 Han flyttade sedan till Sebasbackan \u00a0i Dagsmark, d\u00e5 han gifte sig med Anna Kajsa Johansdotter Finne (f.1816). Han blev m\u00e5g p\u00e5 Anna Kajsas hemman och fick d\u00e4rf\u00f6r smeknamnet \u201dM\u00e5g J\u00e5ss\u201d.<\/strong><\/p>\n<figure id=\"attachment_835\" aria-describedby=\"caption-attachment-835\" style=\"width: 866px\" class=\"wp-caption alignnone\"><img loading=\"lazy\" decoding=\"async\" class=\"wp-image-835 size-full\" src=\"https:\/\/www.lassebacklund.fi\/wp-content\/uploads\/2016\/09\/1-18.jpg\" alt=\"\" width=\"866\" height=\"552\" srcset=\"https:\/\/www.lassebacklund.fi\/wp-content\/uploads\/2016\/09\/1-18.jpg 866w, https:\/\/www.lassebacklund.fi\/wp-content\/uploads\/2016\/09\/1-18-300x191.jpg 300w, https:\/\/www.lassebacklund.fi\/wp-content\/uploads\/2016\/09\/1-18-768x490.jpg 768w\" sizes=\"auto, (max-width: 866px) 100vw, 866px\" \/><figcaption id=\"caption-attachment-835\" class=\"wp-caption-text\">S\u00e5 h\u00e4r s\u00e5g den g\u00e5rd ut som byggdes p\u00e5 1790-talet och som revs i slutet av 1940-talet, d\u00e5 <a href=\"https:\/\/www.lassebacklund.fi\/?page_id=860\">Emil och Mildrid Kl\u00e5vus<\/a> byggde den g\u00e5rd som fortfarande st\u00e5r kvar.<\/figcaption><\/figure>\n<p>Denna g\u00e5rd byggdes troligen p\u00e5 1790-talet av bonden <strong>Erik Andersson Thomasfolk f. 1755 i Tj\u00f6ck och hans hustru Anna Johansdotter Lillkull f. 1757.<\/strong> De hade gift sig 1783 och de \u00f6vertog Henrik Mattsson Finnes hemman om 5\/24 dels mantal i b\u00f6rjan av 1790-talet. Eftersom detta par byggde sitt hus norr om byns d\u00e5varande centrum p\u00e5 By\u00e5sen, s\u00e5 b\u00f6rjade g\u00e5rden kallas &#8221;\u00c5sinas&#8221;.<\/p>\n<h5><strong>S\u00f6nerna Johan och Anders tar \u00f6ver hemmanet \u00e5r 1817.<\/strong><\/h5>\n<p>Efter Erik Anderssons d\u00f6d 1810 f\u00f6restod \u00e4nkan Anna Johansdotter hemmanet till \u00e5r 1817, d\u00e5 s\u00f6nerna Johan Eriksson f. 1784 och Anders Eriksson f. 1785 gemensamt tog \u00f6ver hemmanet. \u00c5r 1829 delades hemmanet mellan dem s\u00e5 att vardera brodern fick 5\/48 dels mantal av Finne hemman.\u00a0 Johan Eriksson var sexman i byn och var gift med Maria Mattsdotter Klemes f. 1790 och de bodde i den h\u00e4r hemg\u00e5rden. Brodern Anders Eriksson byggde sin g\u00e5rd en bit l\u00e4ngre v\u00e4sterut och den g\u00e5rden b\u00f6rjade kallas Antas. Deras syster Maria Eriksdotter f. 1890 var gift med bonden Johan Henriksson Finne f. 1792 och bodde p\u00e5 andra sidan landsv\u00e4gen. Hon var mor \u00e5t Johan Johansson Finne eller Sebbas f. 1817, som b\u00f6rjade kallas Sebbin.<\/p>\n<h5><strong>Johans son Johan Henrik tar \u00f6ver hemmanet \u00e5r 1844, medan dottern Anna Kajsa och m\u00e5gen fick ett torp.<\/strong><\/h5>\n<p>\u00c5r 1844, d\u00e5 Johan Eriksson var 60 \u00e5r gammal, skrev han \u00f6ver sitt \u00e4gande Finne 5\/48 dels mantal skattehemman till sin \u00e4ldsta son Johan Henrik Johansson f. 1820. Samtidigt utf\u00e4ste han en torpl\u00e4genhet f\u00f6r sin dotter Anna Kajsa f. 1816 och sin m\u00e5g Johan Fredrik Mickelsson F\u00e4rm (1818-1896). Johan Fredrik var f\u00f6dd i \u00d6mossa men familjen flyttade 1819 till Korsn\u00e4s. \u00c5r 1836 flyttade dr\u00e4ngen Johan Mickelsson F\u00e4rm fr\u00e5n Korsn\u00e4s och han gifte sig \u00e5r 1842 med bondedottern Anna Kajsa Johansdotter Finne i Dagsmark. F\u00f6ljaktligen b\u00f6rjar han d\u00e5 kallas \u201dM\u00e5g J\u00e5ss\u201d.<\/p>\n<p>Enligt torpkontraktet skall Anna Kajsa och Johan Fredrik ha till boningshus just det hus som redan \u00e4r uppbyggt och halva rian som \u00e4r byggd p\u00e5 \u00e5sen. Johan \u201dM\u00e5g J\u00e5ss\u201d Mickelsson F\u00e4rm eller Finne undertecknar kontraktet med orden &#8221;Med f\u00f6reg\u00e5ende k\u00e4ra sv\u00e4rfars goda villkor finder jag mig till alla delar n\u00f6jd&#8221;.<\/p>\n<h5><strong>Johan Henrik bygger en ny g\u00e5rd i Likvagnsj\u00e4\u00e4lon.<\/strong><\/h5>\n<p>Anna Kajsas bror, Johan Henrik Johansson Rosenback eller Finne f. 1820 hade gift sig 1840 med bondedottern Anna Greta Larsdotter \u00c4bb f. 1819 i Lappfj\u00e4rd. Det var de som blev b\u00f6nder p\u00e5 hemmanet och byggde troligen en ny g\u00e5rd 100 meter \u00f6sterut fr\u00e5n hemg\u00e5rden i den s.k Likvagnsj\u00e4\u00e4lon mittemot folkskolan. Bonden Johan Henrik Rosenback dog redan 1852 och \u00e4nkan Anna Greta Larsdotter f\u00f6restod hemmanet \u00e4nda till \u00e5r 1869, d\u00e5 hon s\u00e5lde halva hemmanet eller 5\/96 dels mantal till \u00e4ldsta sonen Johan <u>Henrik<\/u> Johan Henriksson Rosenback f. 1841, som kallades \u201d\u00c5sinas Hindrik\u201d.<\/p>\n<p>Eftersom den gamla g\u00e5rden vid By\u00e5sv\u00e4gen b\u00f6rjade kallas M\u00e5g J\u00e5ssas, s\u00e5 var det s\u00e4kert d\u00e4r som Johan Mickelsson och hustrun Anna Kajsa bodde. Deras son Viktor f. 1860 bodde ocks\u00e5 i g\u00e5rden med sin familj. Han var gift med Vilhelmina Karlsdotter L\u00e5ng f. 1859 och de hade 8 barn. M\u00e5g J\u00e5ss som hade erh\u00e5llit sin torpl\u00e4genhet 1844 hade innehaft den i 45 \u00e5rs tid och han s\u00e5lde den i november 1889 till bonden Johan Henrik Johansson Rosenback, allts\u00e5 \u201d\u00c5sinas Hindrik\u201d f\u00f6r en k\u00f6pesumma stor ettusen sjuttiofem (1075) mark. Fr\u00e5n k\u00f6pet undantog han alla hus och 1\/4 lott i Storsj\u00f6 tr\u00e4sk, vilka han beh\u00f6ll f\u00f6r egen del.<\/p>\n<h5><strong>M\u00e5g J\u00e5ssas son Viktor k\u00f6per ett hemman p\u00e5 Sebasbackan \u00e5r 1889.<\/strong><\/h5>\n<p>Samma m\u00e5nad 1889 k\u00f6pte M\u00e5g J\u00e5ssas son Viktor ett hemman om 1\/24 dels mantal av Rosenback skattehemman Nr.3 i Dagsmark by. Detta hemman k\u00f6pte han av Viktor Valentin Johansson Rosenback f. F\u00f6rn\u00e4s. Denne i sin tur hade k\u00f6pt hemmanet 1\/12 mantal av Rosenback p\u00e5 auktionen efter \u201dSebbin\u201d (Johan Johansson Rosenback) och s\u00e4ljer nu h\u00e4lften till torparen Viktor Johansson Rosenback och hans hustru Vilhelmina f\u00f6r 2825 mark i gull. I k\u00f6pet ing\u00e5r inga vidare hus \u00e4n den riebyggnad, som p\u00e5 Storsveden befinnes samt h\u00e4lften av \u00e4ngsladorna. \u00c4ven f\u00e5r k\u00f6paren ingen del i tomten d\u00e4r hemmanets \u00e5byggnad nu \u00e4r uppf\u00f6rd. K\u00f6paren skall \u00e4ven ansvara f\u00f6r h\u00e4lften av den sytning som tillkommer sytnings\u00e4nkan Matilda Abrahamsdotter enl. sytn.kontrakt av den 13 april 1885 (Sebbins \u00e4nka). Viktor Johansson Rosenback eller H\u00e4ggblom erh\u00f6ll 1 uppbudet p\u00e5 detta hemman vid 1890 \u00e5rs lagtima vinterting, \u00a7 9.<\/p>\n<p>\u201dM\u00e5g J\u00e5ss\u201d dog 1896 d\u00e5 han var 78 \u00e5r gammal. Hans hustru Anna-Kajsa blev 84 \u00e5r och dog i november \u00e5r 1900. Sonen Viktors hustru Vilhelmina dog i barns\u00e4ng \u00e5r 1901 vid 41 \u00e5rs \u00e5lder. M\u00e5g J\u00e5ssas son Viktor blev d\u00e5 ensam med 8 barn varav den \u00e4ldsta var 17 \u00e5r och den yngsta Hulda Olivia var en vecka gammal.<\/p>\n<h5><strong>&#8221;M\u00e5g J\u00e5ssas Viktor&#8221; s\u00e4ljer sitt hemman i delar \u00e5r 1903.<\/strong><\/h5>\n<p>Ett par \u00e5r efter hustruns d\u00f6d s\u00e5lde Viktor sitt hemman 1\/24 dels mantal av Rosenback. I augusti 1903 s\u00e5lde han halva hemmanet 1\/48 del till &#8221;Skaftong Josip \u00e5 Lina&#8221;, allts\u00e5 Josef Henrik Gustafsson H\u00e4ggblom och hans hustru Karolina samt Johan Erland Reinholdsson Lindqvist och hustru Maria Amanda. H\u00e4lften till vardera hjonelaget f\u00f6r 2000 mark samt \u00bc sytning till Matilda Abrahamsdotter Rosenback. Inga tomt\u00e5byggnader ing\u00e5r i k\u00f6pet. Vid storskiftet fick Josef H\u00e4ggblom och Erland Lindqvist sina hemman v\u00e4l samlade i Korsb\u00e4ck p\u00e5 S\u00e5gkvarnbackan.<\/p>\n<p><strong>\u00c5r 1903 i oktober<\/strong> s\u00e5lde Viktor Johansson Rosenback \u2013 H\u00e4ggblom eller F\u00e4rm andra halvan av hemmanet 1\/48 del f\u00f6r sina 8 barn i moderarv bekommet f\u00f6r 2000 mark samt barnens del i \u00e5byggnaderna (\u00bd) f\u00f6r 700 mark samt sin egen del i byggnaderna (\u00bd) f\u00f6r 700 mark. Tillsammans 3400 mark samt sytning fr\u00e5n denna hemmansdel \u00e5t Matilda Rosenback. K\u00f6pare av denna hemmansdel \u00e4r Viktors kusin Viktor Eliasson Rosenback (Eljasas Viktor) och hans hustru Edla Maria Reinholdsdotter. Viktor var son till Elias F\u00e4rm, som var f\u00f6dd \u00e5r 1820 i Korsn\u00e4s och den h\u00e4r Elias var allts\u00e5 bror till &#8221;M\u00e5g J\u00e5ss&#8221;. Det s\u00e4gs att de h\u00e4r br\u00f6derna F\u00e4rm hade kommit g\u00e5ende fr\u00e5n Korsn\u00e4s som tiggarpojkar till Korsb\u00e4ck hemman d\u00e4r Elias f\u00f6rst blev inhysing och sedan torpare och bodde i en liten stuga p\u00e5 Korsb\u00e4ckv\u00e4gen 574, i en \u00e5ker nedanf\u00f6r Stenbloms g\u00e5rd. Den h\u00e4r \u00e5kern kallades sedan &#8221;F\u00e4rminas J\u00e4\u00e4lon&#8221;. Viktors bror Johan gifte sig till Sebasbackan, d\u00e4r han blev torpare och kallades &#8221;M\u00e5g J\u00e5ss&#8221;.<\/p>\n<p>I Agn\u00e4s Henriks k\u00f6p ingick jord, skog, h\u00e4gnader och \u00e4ngslador samt \u00e5byggnader. S\u00e4ljaren f\u00f6rbeh\u00f6ll sig r\u00e4tt att med sin familj bebo g\u00e5rden hyresfritt till 1 maj 1904. Viktor H\u00e4ggblom flyttade till Lappfj\u00e4rd efter det han s\u00e5lt sin g\u00e5rd och sitt hemman i Dagsmark.<\/p>\n<h5><strong>&#8221;Eljasas Viktor&#8221; s\u00e5lde g\u00e5rden och hemmanet \u00e5t &#8221;Agnis Hindrik \u00e5 Mina&#8221; \u00e5r 1906.<\/strong><\/h5>\n<p><strong>\u00c5r 1906, den 10 oktober<\/strong>, allts\u00e5 tre \u00e5r efter det Viktor Eliasson k\u00f6pt M\u00e5g J\u00e5ssas gamla g\u00e5rd s\u00e5lde han den och hemmanet p\u00e5 1\/48 dels mtl vidare \u00e5t bonden Henrik Karlsson Agn\u00e4s och dennes hustru Wilhelmina Henriksdotter. I k\u00f6pet ingick jord, skog, h\u00e4gnader och \u00e4ngslador samt bostadsbyggnad, f\u00e4hus och stallsbyggnader. K\u00f6pesumman var 3500 mark plus sytning till sytnings\u00e4nkan Matilda Rosenback. enligt kontrakt av den 13 april 1885.<\/p>\n","protected":false},"excerpt":{"rendered":"<p>Sammanst\u00e4llt av Inga-Lill Sandstr\u00f6m \u00e5r 2022: Johan Fredrik Mickelsson H\u00e4ggblom eller F\u00e4rm (1818-1896) var f\u00f6dd p\u00e5 \u00d6sterbacka hemman i \u00d6mossa men flyttade som mycket ung till Korsn\u00e4s.\u00a0 Han flyttade sedan till Sebasbackan \u00a0i Dagsmark, d\u00e5 han gifte sig med Anna <a class=\"more-link\" href=\"https:\/\/www.lassebacklund.fi\/?page_id=7174\">Forts\u00e4tt l\u00e4sa <span class=\"screen-reader-text\">  M\u00e5g J\u00e5ssas g\u00e5rd och sl\u00e4kt.<\/span><span class=\"meta-nav\">&rarr;<\/span><\/a><\/p>\n","protected":false},"author":1,"featured_media":0,"parent":860,"menu_order":0,"comment_status":"closed","ping_status":"closed","template":"","meta":{"footnotes":""},"class_list":["post-7174","page","type-page","status-publish","hentry"],"_links":{"self":[{"href":"https:\/\/www.lassebacklund.fi\/index.php?rest_route=\/wp\/v2\/pages\/7174","targetHints":{"allow":["GET"]}}],"collection":[{"href":"https:\/\/www.lassebacklund.fi\/index.php?rest_route=\/wp\/v2\/pages"}],"about":[{"href":"https:\/\/www.lassebacklund.fi\/index.php?rest_route=\/wp\/v2\/types\/page"}],"author":[{"embeddable":true,"href":"https:\/\/www.lassebacklund.fi\/index.php?rest_route=\/wp\/v2\/users\/1"}],"replies":[{"embeddable":true,"href":"https:\/\/www.lassebacklund.fi\/index.php?rest_route=%2Fwp%2Fv2%2Fcomments&post=7174"}],"version-history":[{"count":15,"href":"https:\/\/www.lassebacklund.fi\/index.php?rest_route=\/wp\/v2\/pages\/7174\/revisions"}],"predecessor-version":[{"id":25028,"href":"https:\/\/www.lassebacklund.fi\/index.php?rest_route=\/wp\/v2\/pages\/7174\/revisions\/25028"}],"up":[{"embeddable":true,"href":"https:\/\/www.lassebacklund.fi\/index.php?rest_route=\/wp\/v2\/pages\/860"}],"wp:attachment":[{"href":"https:\/\/www.lassebacklund.fi\/index.php?rest_route=%2Fwp%2Fv2%2Fmedia&parent=7174"}],"curies":[{"name":"wp","href":"https:\/\/api.w.org\/{rel}","templated":true}]}}