{"id":7168,"date":"2018-01-02T16:54:39","date_gmt":"2018-01-02T15:54:39","guid":{"rendered":"http:\/\/www.lassebacklund.fi\/?page_id=7168"},"modified":"2022-09-01T22:10:16","modified_gmt":"2022-09-01T19:10:16","slug":"sebbins-efterkommande","status":"publish","type":"page","link":"https:\/\/www.lassebacklund.fi\/?page_id=7168","title":{"rendered":"Sebbins efterkommande."},"content":{"rendered":"<p>N\u00e4mndemannen och bonden p\u00e5 1\/12 mtl av Finne hemman i Dagsmark Johan, Johansson Finne som \u00e5r 1855 bytte namn till Rosenback var f\u00f6dd i maj 1817. Rosenback hemman l\u00e5g p\u00e5 Sebasbackan och s\u00e4kerligen var det d\u00e4rf\u00f6r han fick smeknamnet Sebbin.<\/p>\n<p>Om du vill se vad som h\u00e4nde med Sebbinas Rosenback hemman, s\u00e5 klicka <a href=\"http:\/\/www.lassebacklund.fi\/?page_id=7170\"><span style=\"text-decoration: underline;\"><span style=\"color: #000080;\"><strong>H\u00c4R!<\/strong><\/span><\/span><\/a><\/p>\n<p><img loading=\"lazy\" decoding=\"async\" class=\"size-full wp-image-7167 aligncenter\" src=\"http:\/\/www.lassebacklund.fi\/wp-content\/uploads\/2018\/01\/Sebbins-foto.jpg\" alt=\"Sebbins foto\" width=\"425\" height=\"516\" srcset=\"https:\/\/www.lassebacklund.fi\/wp-content\/uploads\/2018\/01\/Sebbins-foto.jpg 425w, https:\/\/www.lassebacklund.fi\/wp-content\/uploads\/2018\/01\/Sebbins-foto-247x300.jpg 247w\" sizes=\"auto, (max-width: 425px) 100vw, 425px\" \/><\/p>\n<h4><span style=\"text-decoration: underline;\"><strong>Sebbin gift f\u00f6rsta g\u00e5ngen.<\/strong><\/span><\/h4>\n<p>Sebbin gifte sig f\u00f6rsta g\u00e5ngen \u00e5r 1838 med bonddottern Anna Eriksdotter B\u00e5sk (1820-1866) och med henne fick han 4 barn:<\/p>\n<ol>\n<li><strong><u> Anna Greta<\/u><\/strong> (1840-1842)<\/li>\n<li><strong><u> Maja Sofia<\/u><\/strong> (1842-1920) som \u00e5r 1862 gifte sig med \u201d\u00c5sinas Hindrik\u201d, allts\u00e5 Johan Henrik Finne (1841-1926). De bodde i Likvagnsj\u00e4\u00e4lon mittemot nuvarande skolbyggnad och de fick flera barn:<\/li>\n<\/ol>\n<p>a). Johan Henrik (1862-1940), han vistades i Amerika under \u00e5ren 1883 till 1927 men dog i Perus hos sin systerdotter Skol-Hulda Lindell, ogift och barnl\u00f6s.<\/p>\n<p>b).Viktor August (1867-1951) som kallades <a href=\"https:\/\/www.lassebacklund.fi\/?page_id=9891\">\u201d\u00c5sinas Viktor\u201d.<\/a> Han gifte sig \u00e5r 1889 med Edla Maria, Johan Henriksdotter B\u00e5sk (1869-1941) och de fick 2 barn som b\u00e5da dog unga. De bodde i en g\u00e5rd i Likvagnsj\u00e4\u00e4lon men blev vid storskiftet utflyttad till \u00c5backan, d\u00e4r Viklundas bor idag. Viktor s\u00e5lde sedan denna g\u00e5rd \u00e5t Anselm Viklund fr\u00e5n Kol\u00e4ngen och han flyttade sj\u00e4lv ner till den <a href=\"https:\/\/www.lassebacklund.fi\/?page_id=3082\">g\u00e5rd som Roseng\u00e5rds bor i<\/a>.<\/p>\n<p>c). Maria Sofia (1869-1870)<\/p>\n<p>d). Vendla Maria (1871-1913) som \u00e5r 1896 gifte sig med Erland Henriksson Lillkull (1877-1901) och flyttade till <a href=\"https:\/\/www.lassebacklund.fi\/?page_id=11866\">Lindells gamla g\u00e5rd.<\/a> Med Erland fick hon dottern Hulda som blev l\u00e4rarinna i Perus. \u00c5r 1903 gifte Vendla Maria om sig med \u201dKonstonas Kalle\u201d, allts\u00e5 Karl Viktor Lindell (1876-1941) och de fick s\u00f6nerna Artur Lindell (1904-1952) och Valter (1905-1972). \u00c5ret efter att Vendla Maria dog \u00e5r 1913, s\u00e5 gifte Karl Viktor om sig med Vendla Marias moster, som ocks\u00e5 hette Vendla Maria (1864-1929). Denna andra Vendla Maria var dotter till Sebbins dotter Edla Karolina Rosenback (1846-1928) som var gift med Josef Berg fr\u00e5n Uttermossa (1839-1898).<\/p>\n<p>e). Edla Karolina (1875-1878)<\/p>\n<p>f). Erland (1877-1948) som \u00e5r 1902 gifte sig med Maria Josefina \u201dFina\u201d Lillvik, som var adoptivdotter och bodde vid Mellan\u00e5. De bodde i Likvagnsj\u00e4\u00e4lon men blev vid storskiftet utflyttade till \u00c5backan och deras g\u00e5rd \u00f6vertogs sedan av Nils och Helvi Klemets och st\u00e5r fortfarande kvar.<\/p>\n<p>g). Valentin (1881-1952) som \u00e5r 1909 gifte sig med Selma Rosenlund fr\u00e5n Skomakas (1889-1978). De bodde i Likvagnsj\u00e4\u00e4lon men blev vid storskiftet utflyttade till \u00c5backan och deras g\u00e5rd \u00f6vertogs sedan av sonen Eskil och Ines Rosenback. G\u00e5rden revs sedan ner och markerna \u00e4gs nu av familjen Viklund.<\/p>\n<p>h). Amanda (1884-1933) som \u00e5r 1919 gifte sig med \u00e4nklingen Viktor L\u00e5ngqvist (1880-1953). Hon flyttade till Lillk\u00e5rk g\u00e5rden vid Lisamorsv\u00e4gen och fick sonen Gunnar L\u00e5ngqvist (1919-1961).<\/p>\n<ol start=\"3\">\n<li><strong><u> Edla Karolina<\/u><\/strong> (1846-1928) som gifte sig med Josef Johansson Berg, senare Rosenback (1839-1898) fr\u00e5n Uttermossa. De fick 6 barn:<\/li>\n<\/ol>\n<p>a). Vendla Maria (1864-1929) som \u00e5r 1914 gifte sig med \u201dKonstonas Kalle\u201d Karl Viktor Lindell. Barnl\u00f6s.<\/p>\n<p>b). Josef Henrik f. 1868, som for till Amerika 1886 och blev d\u00f6df\u00f6rklarad p\u00e5 tinget i Lappfj\u00e4rd \u00e5r 1929. Ogift och barnl\u00f6s.<\/p>\n<p>c). Adelina f.1871. Hon flyttade 1890 till Tammela, 1895 till Kristinestad d\u00e4r hon var handarbetsl\u00e4rarinna i M\u00f6rtmark folkskola 1897-1898. 1898 flyttade hon till Gamlakarleby, omn\u00e4mnd som barnmorska. Fr\u00e5n 1900-1905 hade hon en bokhandel i Nykarleby och \u00e5r 1905 gifte hon sig med Fridolf Wickstr\u00f6m och flyttade till Borg\u00e5.<\/p>\n<p>d). Frans Viktor (1874-1882)<\/p>\n<p>e). Emilia Vilhelmina (1878-1925) som \u00e5r 1903 gift sig med bonden Henrik Eriksson Forsb\u00e4ck p\u00e5 Hinders hemman i Lappfj\u00e4rd. Familjen flyttade till Amerika \u00e5r1911. De fick en dotter Signe Irene, f\u00f6dd i Iron Mountain i Amerika 1912, seminarist och flyttade till Borg\u00e5 \u00e5r 1933.<\/p>\n<p>f). Valentin (1881-1914) flyttade till Amerika \u00e5r 1899, ogift och barnl\u00f6s.<\/p>\n<p>&nbsp;<\/p>\n<ol start=\"4\">\n<li><strong><u> Christina<\/u><\/strong> (1851-1910) gift f\u00f6rsta g\u00e5ngen 1879 med bonden Josef Henrik, Josef Henriksson L\u00e5ng (1847-1894), gift andra g\u00e5ngen med sytningsmannen Johan Henrik, Andersson Lillg\u00e4ls (1843-1930. Hon fick totalt 7 barn men som alla dog f\u00f6re henne.<\/li>\n<\/ol>\n<p><strong>\u00a0<\/strong><\/p>\n<h4><span style=\"text-decoration: underline;\"><strong>Sebbin gift andra g\u00e5ngen.<\/strong><\/span><\/h4>\n<p>Sebbins f\u00f6rsta hustru dog \u00e5r 1866 och f\u00f6ljande \u00e5r gifte han om sig med Mathilda Waxlax fr\u00e5n Korsholm eller Mustasaari som det hette den tiden. Mathilda var f\u00f6dd \u00e5r 1838 och med Sebbin fick hon 4 barn:<\/p>\n<ol start=\"5\">\n<li><strong><u> <\/u><u>Hilda <\/u><\/strong>(1869-1869)<\/li>\n<\/ol>\n<p>&nbsp;<\/p>\n<ol start=\"6\">\n<li><strong><u> Mathilda Aurora <\/u><\/strong>(1870-1940) gift med <a href=\"https:\/\/www.lassebacklund.fi\/?page_id=11629\">Viktor R\u00f6nnkvist, f\u00f6dd Klemets<\/a> (1858-1944). \u201dRora och Roras-Viktor\u201d fick flera barn som alla dog unga. B\u00f6nder p\u00e5 R\u00f6nnkvist hemman i Klemets\u00e4ndan.<\/li>\n<\/ol>\n<p>&nbsp;<\/p>\n<ol start=\"7\">\n<li><strong><u> Johan eller <a href=\"https:\/\/www.lassebacklund.fi\/?page_id=6643\">Johannes <\/a><\/u><\/strong>(1875-1938), utbildad folkskoll\u00e4rare, verkade som l\u00e4rare i M\u00f6rtmark folkskola under 1897-98, blev sedan f\u00f6rs\u00e4kringsinspekt\u00f6r, gift 1904 med Tekla Sofia Hasselblatt (1879-1956) fr\u00e5n Kristinestad, de fick 4 barn:<\/li>\n<\/ol>\n<p>a). Johan Fjalar f\u00f6dd 1906 i N\u00e4rpes, d\u00f6d ogift 1927.<\/p>\n<p>b). Saga Mildred f.1908 i N\u00e4rpes, gift med Holger Blomqvist fr\u00e5n V\u00f6r\u00e5, flyttade 1934 till Eken\u00e4s<\/p>\n<p>c). Inga, f 1909 i Kristinestad, flyttade ogift till Helsingfors \u00e5r 1931<\/p>\n<p>d). Lars Vilhelm, f. 1917 i Kristinestad, till sj\u00f6ss och sedan till Amerika, d\u00f6d 2012 i Florida. (Vill du l\u00e4sa mera om Lars Rosenback, s\u00e5 klicka <a href=\"https:\/\/www.lassebacklund.fi\/?page_id=21870\"><strong><span style=\"text-decoration: underline;\"><span style=\"color: #000080; text-decoration: underline;\">H\u00c4R!)<\/span><\/span><\/strong><\/a><\/p>\n<p>&nbsp;<\/p>\n<ol start=\"8\">\n<li><strong><u> Johanna<\/u><\/strong> (Hanna) f. 1879, flyttade till Ing\u00e5 och sedan troligen till Nykarleby d\u00e4r hon blev kosth\u00e5llerska p\u00e5 seminariet d\u00e4r.<\/li>\n<\/ol>\n","protected":false},"excerpt":{"rendered":"<p>N\u00e4mndemannen och bonden p\u00e5 1\/12 mtl av Finne hemman i Dagsmark Johan, Johansson Finne som \u00e5r 1855 bytte namn till Rosenback var f\u00f6dd i maj 1817. Rosenback hemman l\u00e5g p\u00e5 Sebasbackan och s\u00e4kerligen var det d\u00e4rf\u00f6r han fick smeknamnet Sebbin. <a class=\"more-link\" href=\"https:\/\/www.lassebacklund.fi\/?page_id=7168\">Forts\u00e4tt l\u00e4sa <span class=\"screen-reader-text\">  Sebbins efterkommande.<\/span><span class=\"meta-nav\">&rarr;<\/span><\/a><\/p>\n","protected":false},"author":1,"featured_media":0,"parent":21,"menu_order":0,"comment_status":"closed","ping_status":"closed","template":"","meta":{"footnotes":""},"class_list":["post-7168","page","type-page","status-publish","hentry"],"_links":{"self":[{"href":"https:\/\/www.lassebacklund.fi\/index.php?rest_route=\/wp\/v2\/pages\/7168","targetHints":{"allow":["GET"]}}],"collection":[{"href":"https:\/\/www.lassebacklund.fi\/index.php?rest_route=\/wp\/v2\/pages"}],"about":[{"href":"https:\/\/www.lassebacklund.fi\/index.php?rest_route=\/wp\/v2\/types\/page"}],"author":[{"embeddable":true,"href":"https:\/\/www.lassebacklund.fi\/index.php?rest_route=\/wp\/v2\/users\/1"}],"replies":[{"embeddable":true,"href":"https:\/\/www.lassebacklund.fi\/index.php?rest_route=%2Fwp%2Fv2%2Fcomments&post=7168"}],"version-history":[{"count":6,"href":"https:\/\/www.lassebacklund.fi\/index.php?rest_route=\/wp\/v2\/pages\/7168\/revisions"}],"predecessor-version":[{"id":7172,"href":"https:\/\/www.lassebacklund.fi\/index.php?rest_route=\/wp\/v2\/pages\/7168\/revisions\/7172"}],"up":[{"embeddable":true,"href":"https:\/\/www.lassebacklund.fi\/index.php?rest_route=\/wp\/v2\/pages\/21"}],"wp:attachment":[{"href":"https:\/\/www.lassebacklund.fi\/index.php?rest_route=%2Fwp%2Fv2%2Fmedia&parent=7168"}],"curies":[{"name":"wp","href":"https:\/\/api.w.org\/{rel}","templated":true}]}}